{"id":2555,"date":"2017-12-30T21:03:39","date_gmt":"2017-12-30T21:03:39","guid":{"rendered":"http:\/\/biblian.is\/biblian\/matteusargu_spjall-9-kafli\/"},"modified":"2019-08-26T22:35:32","modified_gmt":"2019-08-26T22:35:32","slug":"matteusargudspjall-9-kafli","status":"publish","type":"page","link":"https:\/\/biblian.is\/biblian\/matteusargudspjall-9-kafli\/","title":{"rendered":"Matteusargu\u00f0spjall 9. kafli"},"content":{"rendered":"<h3 class=\"millifyrirsogn_2007\"> Syndir fyrirgefnar<\/h3>\n<p><a name=\"1\"><span class=\"versanumer_2007\">1<\/span><\/a> \u00de\u00e1 st\u00e9 Jes\u00fas \u00ed b\u00e1t og h\u00e9lt yfir um og kom til borgar sinnar.<span class=\"nedan_mal\" title=\" \u00de.e. Kaperna\u00fam, sbr. Matt 4.13.\">[<\/span> <a name=\"2\"><span class=\"versanumer_2007\">2<\/span><\/a> \u00dear f\u00e6ra menn honum lama mann sem l\u00e1 \u00ed rekkju. \u00deegar Jes\u00fas s\u00e1 tr\u00fa \u00feeirra sag\u00f0i hann vi\u00f0 lama manninn: \u201eVertu hughraustur, barni\u00f0 mitt, syndir \u00fe\u00ednar eru fyrirgefnar.\u201c <br \/> <a name=\"3\"><span class=\"versanumer_2007\">3<\/span><\/a> Nokkrir fr\u00e6\u00f0imenn hugsu\u00f0u \u00fe\u00e1 me\u00f0 sj\u00e1lfum s\u00e9r: \u201eHann gu\u00f0lastar!\u201c <br \/> <a name=\"4\"><span class=\"versanumer_2007\">4<\/span><\/a> En Jes\u00fas \u00feekkti hugsanir \u00feeirra og sag\u00f0i: \u201eHv\u00ed hugsi\u00f0 \u00fei\u00f0 illt \u00ed hj\u00f6rtum ykkar? <a name=\"5\"><span class=\"versanumer_2007\">5<\/span><\/a> Hvort er au\u00f0veldara a\u00f0 segja: Syndir \u00fe\u00ednar eru fyrirgefnar, e\u00f0a: Statt upp og gakk? <a name=\"6\"><span class=\"versanumer_2007\">6<\/span><\/a> &#8222;En til \u00feess a\u00f0 \u00fei\u00f0 viti\u00f0 a\u00f0 Mannssonurinn hefur vald \u00e1 j\u00f6r\u00f0u a\u00f0 fyrirgefa syndir \u00fe\u00e1 segi \u00e9g \u00fe\u00e9r,\u201c &#8211; og n\u00fa talar hann vi\u00f0 lama manninn: \u201eStatt upp, tak rekkju \u00fe\u00edna og far heim til \u00fe\u00edn!\u201c <br \/> <a name=\"7\"><span class=\"versanumer_2007\">7<\/span><\/a> Og hann st\u00f3\u00f0 upp og f\u00f3r heim til s\u00edn. <a name=\"8\"><span class=\"versanumer_2007\">8<\/span><\/a> En f\u00f3lki\u00f0, sem horf\u00f0i \u00e1 \u00feetta, var\u00f0 \u00f3ttaslegi\u00f0 og lofa\u00f0i Gu\u00f0 sem gefi\u00f0 haf\u00f0i m\u00f6nnum sl\u00edkt vald. <\/p>\n<h3 class=\"millifyrirsogn_2007\">K\u00f6llun Matteusar<\/h3>\n<p><a name=\"9\"><span class=\"versanumer_2007\">9<\/span><\/a> \u00de\u00e1 er hann gekk \u00fea\u00f0an s\u00e1 hann mann sitja hj\u00e1 tollb\u00fa\u00f0inni, Matteus a\u00f0 nafni, og hann segir vi\u00f0 hann: \u201eFylg \u00fe\u00fa m\u00e9r!\u201c <br \/>Og hann st\u00f3\u00f0 upp og fylgdi honum. <br \/> <a name=\"10\"><span class=\"versanumer_2007\">10<\/span><\/a> N\u00fa bar svo vi\u00f0 er Jes\u00fas sat a\u00f0 bor\u00f0i<span class=\"nedan_mal\" title=\" Or\u00f0r\u00e9tt: l\u00e1 til bor\u00f0s. \u00c1 h\u00e1t\u00ed\u00f0um og \u00ed veislum l\u00e1gu menn vi\u00f0 m\u00e1lt\u00ed\u00f0ir me\u00f0al Gy\u00f0inga eins og si\u00f0ur var hj\u00e1 Grikkjum og R\u00f3mverjum.\">[<\/span> \u00ed h\u00fasi hans a\u00f0 margir tollheimtumenn og bersyndugir komu og settust \u00fear me\u00f0 honum og l\u00e6risveinum hans. <a name=\"11\"><span class=\"versanumer_2007\">11<\/span><\/a> \u00deegar far\u00edsear s\u00e1u \u00fea\u00f0 s\u00f6g\u00f0u \u00feeir vi\u00f0 l\u00e6risveinana: \u201eHvers vegna etur meistari ykkar me\u00f0 tollheimtum\u00f6nnum og bersyndugum?\u201c <br \/> <a name=\"12\"><span class=\"versanumer_2007\">12<\/span><\/a> Jes\u00fas heyr\u00f0i \u00feetta og sag\u00f0i: \u201eEkki \u00feurfa heilbrig\u00f0ir l\u00e6knis vi\u00f0 heldur \u00feeir sem sj\u00fakir eru. <a name=\"13\"><span class=\"versanumer_2007\">13<\/span><\/a> Fari\u00f0 og nemi\u00f0 hva\u00f0 \u00feetta merkir: Miskunnsemi vil \u00e9g, ekki f\u00f3rnir. \u00c9g er ekki kominn til a\u00f0 kalla r\u00e9ttl\u00e1ta heldur syndara.\u201c<\/p>\n<h3 class=\"millifyrirsogn_2007\">Um f\u00f6stu<\/h3>\n<p><a name=\"14\"><span class=\"versanumer_2007\">14<\/span><\/a> \u00de\u00e1 koma til Jes\u00fa l\u00e6risveinar J\u00f3hannesar og segja: \u201eHv\u00ed f\u00f6stum vi\u00f0 og far\u00edsear en \u00fe\u00ednir l\u00e6risveinar fasta ekki?\u201c <br \/> <a name=\"15\"><span class=\"versanumer_2007\">15<\/span><\/a> Jes\u00fas svara\u00f0i \u00feeim: \u201eHvort geta br\u00fa\u00f0kaupsgestir veri\u00f0 hryggir me\u00f0an br\u00fa\u00f0guminn er hj\u00e1 \u00feeim? En koma munu \u00feeir dagar er br\u00fa\u00f0guminn ver\u00f0ur fr\u00e1 \u00feeim tekinn. \u00de\u00e1 munu \u00feeir fasta. <br \/> <a name=\"16\"><span class=\"versanumer_2007\">16<\/span><\/a> Enginn l\u00e6tur b\u00f3t af \u00f3\u00fe\u00e6f\u00f0um d\u00fak \u00e1 gamalt fat \u00fev\u00ed \u00fe\u00e1 r\u00edfur b\u00f3tin \u00fat fr\u00e1 s\u00e9r og ver\u00f0ur af verri rifa. <a name=\"17\"><span class=\"versanumer_2007\">17<\/span><\/a> Ekki l\u00e1ta menn heldur n\u00fdtt v\u00edn \u00e1 gamla belgi \u00fev\u00ed \u00fe\u00e1 springa belgirnir og v\u00edni\u00f0 fer ni\u00f0ur en belgirnir \u00f3n\u00fdtast. Menn l\u00e1ta n\u00fdtt v\u00edn \u00e1 n\u00fdja belgi og var\u00f0veitist \u00fe\u00e1 hvort tveggja.\u201c <\/p>\n<h3 class=\"millifyrirsogn_2007\">Tr\u00fain bjargar<\/h3>\n<p><a name=\"18\"><span class=\"versanumer_2007\">18<\/span><\/a> Me\u00f0an Jes\u00fas m\u00e6lti \u00feetta vi\u00f0 \u00fe\u00e1 kom forst\u00f6\u00f0uma\u00f0ur einn, laut honum og sag\u00f0i: \u201eD\u00f3ttir m\u00edn var a\u00f0 skilja vi\u00f0, kom og legg h\u00f6nd \u00fe\u00edna yfir hana, \u00fe\u00e1 mun h\u00fan lifna.\u201c <br \/> <a name=\"19\"><span class=\"versanumer_2007\">19<\/span><\/a> Jes\u00fas st\u00f3\u00f0 upp og f\u00f3r me\u00f0 honum og l\u00e6risveinar hans. <br \/> <a name=\"20\"><span class=\"versanumer_2007\">20<\/span><\/a> Kona, sem haf\u00f0i haft bl\u00f3\u00f0l\u00e1t \u00ed t\u00f3lf \u00e1r, kom \u00fe\u00e1 a\u00f0 baki Jes\u00fa og snart fald kl\u00e6\u00f0a hans. <a name=\"21\"><span class=\"versanumer_2007\">21<\/span><\/a> H\u00fan hugsa\u00f0i me\u00f0 s\u00e9r: \u201eEf \u00e9g f\u00e6 a\u00f0eins snert kl\u00e6\u00f0i hans mun \u00e9g heil ver\u00f0a.\u201c <br \/> <a name=\"22\"><span class=\"versanumer_2007\">22<\/span><\/a> Jes\u00fas sneri s\u00e9r vi\u00f0 og er hann s\u00e1 hana sag\u00f0i hann: \u201eVertu hughraust, d\u00f3ttir, tr\u00fa \u00fe\u00edn hefur bjarga\u00f0 \u00fe\u00e9r.\u201c Og konan var\u00f0 heil fr\u00e1 \u00feeirri stundu. <br \/> <a name=\"23\"><span class=\"versanumer_2007\">23<\/span><\/a> \u00deegar Jes\u00fas kom a\u00f0 h\u00fasi forst\u00f6\u00f0umannsins og s\u00e1 p\u00edpuleikara og f\u00f3lki\u00f0 \u00ed uppn\u00e1mi <a name=\"24\"><span class=\"versanumer_2007\">24<\/span><\/a> sag\u00f0i hann: \u201eFari\u00f0 burt! St\u00falkan er ekki d\u00e1in, h\u00fan sefur.\u201c En \u00feeir hl\u00f3gu a\u00f0 honum. <a name=\"25\"><span class=\"versanumer_2007\">25<\/span><\/a> \u00deegar f\u00f3lki\u00f0 haf\u00f0i veri\u00f0 l\u00e1ti\u00f0 fara gekk hann inn og t\u00f3k h\u00f6nd hennar og reis \u00fe\u00e1 st\u00falkan upp. <a name=\"26\"><span class=\"versanumer_2007\">26<\/span><\/a> Og \u00feessi t\u00ed\u00f0indi b\u00e1rust um allt h\u00e9ra\u00f0i\u00f0. <\/p>\n<h3 class=\"millifyrirsogn_2007\">Tveir blindir<\/h3>\n<p><a name=\"27\"><span class=\"versanumer_2007\">27<\/span><\/a> \u00de\u00e1 er Jes\u00fas h\u00e9lt \u00fea\u00f0an f\u00f3ru tveir blindir menn eftir honum og k\u00f6llu\u00f0u: \u201eMiskunna \u00fe\u00fa okkur, sonur Dav\u00ed\u00f0s.\u201c <br \/> <a name=\"28\"><span class=\"versanumer_2007\">28<\/span><\/a> \u00deegar hann kom heim gengu blindu mennirnir til hans. Jes\u00fas spyr \u00fe\u00e1: \u201eTr\u00fai\u00f0 \u00fei\u00f0 a\u00f0 \u00e9g geti gert \u00feetta?\u201c <br \/>\u00deeir s\u00f6g\u00f0u: \u201eJ\u00e1, Drottinn.\u201c <br \/> <a name=\"29\"><span class=\"versanumer_2007\">29<\/span><\/a> \u00de\u00e1 snart hann augu \u00feeirra og m\u00e6lti: \u201eVer\u00f0i ykkur a\u00f0 tr\u00fa ykkar.\u201c <a name=\"30\"><span class=\"versanumer_2007\">30<\/span><\/a> Og augu \u00feeirra lukust upp. Jes\u00fas lag\u00f0i r\u00edkt \u00e1 vi\u00f0 \u00fe\u00e1 og sag\u00f0i: \u201eG\u00e6ti\u00f0 \u00feess a\u00f0 enginn f\u00e1i a\u00f0 vita \u00feetta.\u201c <br \/> <a name=\"31\"><span class=\"versanumer_2007\">31<\/span><\/a> En \u00feeir f\u00f3ru og v\u00ed\u00f0fr\u00e6g\u00f0u hann \u00ed \u00f6llu \u00fev\u00ed h\u00e9ra\u00f0i. <\/p>\n<h3 class=\"millifyrirsogn_2007\">M\u00e1llaus ma\u00f0ur<\/h3>\n<p><a name=\"32\"><span class=\"versanumer_2007\">32<\/span><\/a> \u00deegar \u00feeir voru a\u00f0 fara var komi\u00f0 til Jes\u00fa me\u00f0 m\u00e1llausan mann, haldinn illum anda. <a name=\"33\"><span class=\"versanumer_2007\">33<\/span><\/a> Og er illi andinn var \u00fat rekinn t\u00f3k m\u00e1lleysinginn a\u00f0 m\u00e6la. Mannfj\u00f6ldinn undra\u00f0ist og sag\u00f0i: \u201eAldrei hefur \u00fev\u00edl\u00edkt s\u00e9st \u00ed \u00cdsrael.\u201c <br \/> <a name=\"34\"><span class=\"versanumer_2007\">34<\/span><\/a> En far\u00edsearnir s\u00f6g\u00f0u: \u201eMe\u00f0 fulltingi h\u00f6f\u00f0ingja illra anda rekur hann \u00fat illu andana.\u201c <\/p>\n<h3 class=\"millifyrirsogn_2007\">Uppskeran mikil<\/h3>\n<p><a name=\"35\"><span class=\"versanumer_2007\">35<\/span><\/a> Jes\u00fas f\u00f3r n\u00fa um allar borgir og \u00feorp og kenndi \u00ed samkundum \u00feeirra. Hann flutti fagna\u00f0arerindi\u00f0 um r\u00edki\u00f0 og l\u00e6kna\u00f0i hvers kyns sj\u00fakd\u00f3m og veikindi. <a name=\"36\"><span class=\"versanumer_2007\">36<\/span><\/a> En er Jes\u00fas s\u00e1 mannfj\u00f6ldann kenndi hann \u00ed brj\u00f3sti um hann \u00fev\u00ed menn voru hrj\u00e1\u00f0ir og umkomulausir eins og sau\u00f0ir er engan hir\u00f0i hafa. <a name=\"37\"><span class=\"versanumer_2007\">37<\/span><\/a> \u00de\u00e1 sag\u00f0i hann vi\u00f0 l\u00e6risveina s\u00edna: \u201eUppskeran er mikil en verkamenn f\u00e1ir. <a name=\"38\"><span class=\"versanumer_2007\">38<\/span><\/a> Bi\u00f0ji\u00f0 \u00fev\u00ed Drottin uppskerunnar a\u00f0 senda verkamenn til uppskeru sinnar.\u201c <\/p>\n","protected":false},"excerpt":{"rendered":"<p>Syndir fyrirgefnar 1 \u00de\u00e1 st\u00e9 Jes\u00fas \u00ed b\u00e1t og h\u00e9lt yfir um og kom til borgar sinnar.[ 2 \u00dear f\u00e6ra menn honum lama mann sem l\u00e1 \u00ed rekkju. \u00deegar Jes\u00fas s\u00e1 tr\u00fa \u00feeirra sag\u00f0i hann vi\u00f0 lama manninn: \u201eVertu hughraustur, barni\u00f0 mitt, syndir \u00fe\u00ednar eru fyrirgefnar.\u201c 3 Nokkrir fr\u00e6\u00f0imenn hugsu\u00f0u \u00fe\u00e1 me\u00f0 sj\u00e1lfum s\u00e9r: \u201eHann gu\u00f0lastar!\u201c 4 En Jes\u00fas \u00feekkti hugsanir \u00feeirra og sag\u00f0i: \u201eHv\u00ed hugsi\u00f0 \u00fei\u00f0 illt \u00ed hj\u00f6rtum ykkar? 5 Hvort er au\u00f0veldara a\u00f0 segja: Syndir \u00fe\u00ednar eru fyrirgefnar, e\u00f0a: Statt upp og gakk? 6 &#8222;En til \u00feess a\u00f0 \u00fei\u00f0 viti\u00f0 a\u00f0 Mannssonurinn hefur vald \u00e1 j\u00f6r\u00f0u a\u00f0 <a href=\"https:\/\/biblian.is\/biblian\/matteusargudspjall-9-kafli\/\"> [&#8230;]<\/a><\/p>\n","protected":false},"author":1,"featured_media":0,"parent":0,"menu_order":0,"comment_status":"open","ping_status":"open","template":"bibliukaflar_NT.php","meta":{"footnotes":""},"class_list":["post-2555","page","type-page","status-publish","hentry"],"_links":{"self":[{"href":"https:\/\/biblian.is\/biblian\/wp-json\/wp\/v2\/pages\/2555","targetHints":{"allow":["GET"]}}],"collection":[{"href":"https:\/\/biblian.is\/biblian\/wp-json\/wp\/v2\/pages"}],"about":[{"href":"https:\/\/biblian.is\/biblian\/wp-json\/wp\/v2\/types\/page"}],"author":[{"embeddable":true,"href":"https:\/\/biblian.is\/biblian\/wp-json\/wp\/v2\/users\/1"}],"replies":[{"embeddable":true,"href":"https:\/\/biblian.is\/biblian\/wp-json\/wp\/v2\/comments?post=2555"}],"version-history":[{"count":0,"href":"https:\/\/biblian.is\/biblian\/wp-json\/wp\/v2\/pages\/2555\/revisions"}],"wp:attachment":[{"href":"https:\/\/biblian.is\/biblian\/wp-json\/wp\/v2\/media?parent=2555"}],"curies":[{"name":"wp","href":"https:\/\/api.w.org\/{rel}","templated":true}]}}