{"id":2554,"date":"2017-12-30T21:03:39","date_gmt":"2017-12-30T21:03:39","guid":{"rendered":"http:\/\/biblian.is\/biblian\/matteusargu_spjall-8-kafli\/"},"modified":"2019-08-26T22:35:32","modified_gmt":"2019-08-26T22:35:32","slug":"matteusargudspjall-8-kafli","status":"publish","type":"page","link":"https:\/\/biblian.is\/biblian\/matteusargudspjall-8-kafli\/","title":{"rendered":"Matteusargu\u00f0spjall 8. kafli"},"content":{"rendered":"<h3 class=\"millifyrirsogn_2007\"> Ver\u00f0 \u00fe\u00fa hreinn<\/h3>\n<p><a name=\"1\"><span class=\"versanumer_2007\">1<\/span><\/a> N\u00fa gekk Jes\u00fas ni\u00f0ur af fjallinu og fylgdi honum mikill mannfj\u00f6ldi. <a name=\"2\"><span class=\"versanumer_2007\">2<\/span><\/a> \u00de\u00e1 kom til hans l\u00edk\u00fer\u00e1r ma\u00f0ur, laut honum og sag\u00f0i: \u201eDrottinn, ef \u00fe\u00fa vilt getur \u00fe\u00fa hreinsa\u00f0 mig.\u201c<span class=\"nedan_mal\" title=\" L\u00edk\u00fer\u00e1ir e\u00f0a holdsveikir menn voru \u00fatiloka\u00f0ir fr\u00e1 mannlegu samf\u00e9lagi og \u00f6llu helgihaldi \u00ed musterinu og samkundum vegna sj\u00fakd\u00f3ms s\u00edns.\">[<\/span> <br \/> <a name=\"3\"><span class=\"versanumer_2007\">3<\/span><\/a> Jes\u00fas r\u00e9tti \u00fat h\u00f6ndina, snart hann og m\u00e6lti: \u201e\u00c9g vil, ver\u00f0 \u00fe\u00fa hreinn!\u201c Jafnskj\u00f3tt var\u00f0 hann hreinn af l\u00edk\u00fer\u00e1nni. <a name=\"4\"><span class=\"versanumer_2007\">4<\/span><\/a> Jes\u00fas sag\u00f0i vi\u00f0 hann: \u201eG\u00e6t \u00feess a\u00f0 segja \u00feetta engum en far \u00fe\u00fa, s\u00fdn \u00feig prestinum og f\u00e6r\u00f0u \u00fe\u00e1 f\u00f3rn sem M\u00f3se bau\u00f0, \u00feeim til vitnisbur\u00f0ar.\u201c <\/p>\n<h3 class=\"millifyrirsogn_2007\">Sem \u00fe\u00fa tr\u00fair<\/h3>\n<p><a name=\"5\"><span class=\"versanumer_2007\">5<\/span><\/a> \u00deegar Jes\u00fas kom til Kaperna\u00fam gekk til hans hundra\u00f0sh\u00f6f\u00f0ingi og ba\u00f0 hann: <a name=\"6\"><span class=\"versanumer_2007\">6<\/span><\/a> \u201eDrottinn, sveinn minn liggur heima lami, mj\u00f6g \u00feungt haldinn.\u201c <br \/> <a name=\"7\"><span class=\"versanumer_2007\">7<\/span><\/a> Jes\u00fas sag\u00f0i: \u201e\u00c9g kem og l\u00e6kna hann.\u201c <br \/> <a name=\"8\"><span class=\"versanumer_2007\">8<\/span><\/a> \u00de\u00e1 sag\u00f0i hundra\u00f0sh\u00f6f\u00f0inginn: \u201eDrottinn, \u00e9g er ekki ver\u00f0ur \u00feess a\u00f0 \u00fe\u00fa gangir inn undir \u00feak mitt. M\u00e6l \u00fe\u00fa a\u00f0eins eitt or\u00f0 og mun sveinn minn heill ver\u00f0a. <a name=\"9\"><span class=\"versanumer_2007\">9<\/span><\/a> \u00dev\u00ed a\u00f0 sj\u00e1lfur er \u00e9g ma\u00f0ur sem ver\u00f0 a\u00f0 l\u00fata valdi og r\u00e6\u00f0 yfir herm\u00f6nnum og \u00e9g segi vi\u00f0 einn: Far \u00fe\u00fa, og hann fer, og vi\u00f0 annan: Kom \u00fe\u00fa, og hann kemur, og vi\u00f0 \u00fej\u00f3n minn: Ger \u00feetta, og hann gerir \u00fea\u00f0.\u201c <br \/> <a name=\"10\"><span class=\"versanumer_2007\">10<\/span><\/a> \u00deegar Jes\u00fas heyr\u00f0i \u00feetta undra\u00f0ist hann og m\u00e6lti vi\u00f0 \u00feau sem fylgdu honum: \u201eSannlega segi \u00e9g ykkur, \u00fev\u00edl\u00edka tr\u00fa hef \u00e9g ekki fundi\u00f0 hj\u00e1 neinum \u00ed \u00cdsrael. <a name=\"11\"><span class=\"versanumer_2007\">11<\/span><\/a> En \u00e9g segi ykkur: Margir munu koma fr\u00e1 austri og vestri og sitja til bor\u00f0s me\u00f0 Abraham, \u00cdsak og Jakob \u00ed himnar\u00edki <a name=\"12\"><span class=\"versanumer_2007\">12<\/span><\/a> en b\u00f6rn r\u00edkisins munu \u00fat rekin \u00ed ystu myrkur. \u00dear ver\u00f0ur gr\u00e1tur og gn\u00edstran tanna.\u201c <a name=\"13\"><span class=\"versanumer_2007\">13<\/span><\/a> \u00de\u00e1 sag\u00f0i Jes\u00fas vi\u00f0 hundra\u00f0sh\u00f6f\u00f0ingjann: \u201eFar \u00fe\u00fa, ver\u00f0i \u00fe\u00e9r sem \u00fe\u00fa tr\u00fair.\u201c <br \/>Og sveinninn var\u00f0 heill \u00e1 \u00feeirri stundu. <\/p>\n<h3 class=\"millifyrirsogn_2007\">Jes\u00fas l\u00e6knar<\/h3>\n<p><a name=\"14\"><span class=\"versanumer_2007\">14<\/span><\/a> Jes\u00fas kom \u00ed h\u00fas P\u00e9turs og s\u00e1 a\u00f0 tengdam\u00f3\u00f0ir hans l\u00e1 me\u00f0 s\u00f3tthita. <a name=\"15\"><span class=\"versanumer_2007\">15<\/span><\/a> Hann snart h\u00f6nd hennar og s\u00f3tthitinn f\u00f3r \u00far henni. H\u00fan reis \u00e1 f\u00e6tur og gekk honum fyrir beina. <br \/> <a name=\"16\"><span class=\"versanumer_2007\">16<\/span><\/a> \u00deegar kv\u00f6ld var komi\u00f0 f\u00e6r\u00f0u menn til hans marga er haldnir voru illum \u00f6ndum. Illu andana rak hann \u00fat me\u00f0 or\u00f0i einu og alla \u00fe\u00e1 er sj\u00fakir voru l\u00e6kna\u00f0i hann. <a name=\"17\"><span class=\"versanumer_2007\">17<\/span><\/a> Or\u00f0 Jesaja sp\u00e1manns \u00e1ttu a\u00f0 r\u00e6tast: \u201eHann t\u00f3k \u00e1 sig mein vor og bar sj\u00fakd\u00f3ma vora.\u201c <\/p>\n<h3 class=\"millifyrirsogn_2007\">Fylg \u00fe\u00fa m\u00e9r<\/h3>\n<p><a name=\"18\"><span class=\"versanumer_2007\">18<\/span><\/a> En \u00feegar Jes\u00fas s\u00e1 mikinn mannfj\u00f6lda kringum sig bau\u00f0 hann l\u00e6risveinunum a\u00f0 fara me\u00f0 sig yfir vatni\u00f0. <a name=\"19\"><span class=\"versanumer_2007\">19<\/span><\/a> \u00de\u00e1 kom fr\u00e6\u00f0ima\u00f0ur einn til hans og sag\u00f0i: \u201eMeistari, \u00e9g vil fylgja \u00fe\u00e9r hvert sem \u00fe\u00fa fer\u00f0.\u201c <br \/> <a name=\"20\"><span class=\"versanumer_2007\">20<\/span><\/a> Jes\u00fas sag\u00f0i vi\u00f0 hann: \u201eRefar eiga greni og fuglar himins hrei\u00f0ur en Mannssonurinn \u00e1 hvergi h\u00f6f\u00f0i s\u00ednu a\u00f0 a\u00f0 halla.\u201c <br \/> <a name=\"21\"><span class=\"versanumer_2007\">21<\/span><\/a> Annar, \u00far h\u00f3pi l\u00e6risveinanna, sag\u00f0i vi\u00f0 hann: \u201eDrottinn, leyf m\u00e9r fyrst a\u00f0 fara og jar\u00f0a f\u00f6\u00f0ur minn.\u201c <br \/> <a name=\"22\"><span class=\"versanumer_2007\">22<\/span><\/a> Jes\u00fas svarar honum: \u201eFylg \u00fe\u00fa m\u00e9r en l\u00e1t hina dau\u00f0u jar\u00f0a s\u00edna dau\u00f0u.\u201c <\/p>\n<h3 class=\"millifyrirsogn_2007\">\u00cd stormi<\/h3>\n<p><a name=\"23\"><span class=\"versanumer_2007\">23<\/span><\/a> N\u00fa f\u00f3r Jes\u00fas \u00ed b\u00e1tinn og l\u00e6risveinar hans fylgdu honum. <a name=\"24\"><span class=\"versanumer_2007\">24<\/span><\/a> \u00de\u00e1 ger\u00f0i svo miki\u00f0 ve\u00f0ur \u00e1 vatninu a\u00f0 bylgjurnar gengu yfir b\u00e1tinn. En Jes\u00fas svaf. <a name=\"25\"><span class=\"versanumer_2007\">25<\/span><\/a> \u00deeir fara til, vekja hann og segja: \u201eDrottinn, bjarga okkur, vi\u00f0 f\u00f6rumst.\u201c <br \/> <a name=\"26\"><span class=\"versanumer_2007\">26<\/span><\/a> Hann sag\u00f0i vi\u00f0 \u00fe\u00e1: \u201eHv\u00ed eru\u00f0 \u00fei\u00f0 hr\u00e6ddir, \u00fei\u00f0 tr\u00falitlir?\u201c S\u00ed\u00f0an reis hann upp, hasta\u00f0i \u00e1 vindinn og vatni\u00f0 og var\u00f0 stillilogn. <br \/> <a name=\"27\"><span class=\"versanumer_2007\">27<\/span><\/a> Mennirnir undru\u00f0ust og s\u00f6g\u00f0u: \u201eHv\u00edl\u00edkur ma\u00f0ur er \u00feetta? Jafnvel vindar og vatn hl\u00fd\u00f0a honum.\u201c <\/p>\n<h3 class=\"millifyrirsogn_2007\">\u00cd bygg\u00f0 Gadarena<\/h3>\n<p><a name=\"28\"><span class=\"versanumer_2007\">28<\/span><\/a> \u00deegar Jes\u00fas kom yfir um, \u00ed bygg\u00f0 Gadarena, komu \u00e1 m\u00f3ti honum fr\u00e1 gr\u00f6funum tveir menn haldnir illum \u00f6ndum, svo sk\u00e6\u00f0ir a\u00f0 enginn m\u00e1tti \u00feann veg fara. <a name=\"29\"><span class=\"versanumer_2007\">29<\/span><\/a> \u00deeir \u00e6pa: \u201eHva\u00f0 vilt \u00fe\u00fa okkur, sonur Gu\u00f0s? Komstu hinga\u00f0 a\u00f0 kvelja okkur fyrir t\u00edmann?\u201c <br \/> <a name=\"30\"><span class=\"versanumer_2007\">30<\/span><\/a> En langt fr\u00e1 \u00feeim var mikil sv\u00ednahj\u00f6r\u00f0 \u00e1 beit. <a name=\"31\"><span class=\"versanumer_2007\">31<\/span><\/a> Illu andarnir b\u00e1\u00f0u hann og s\u00f6g\u00f0u: \u201eEf \u00fe\u00fa rekur okkur \u00fat sendu okkur \u00fe\u00e1 \u00ed sv\u00ednahj\u00f6r\u00f0ina.\u201c <br \/> <a name=\"32\"><span class=\"versanumer_2007\">32<\/span><\/a> Hann sag\u00f0i: \u201eFari\u00f0!\u201c \u00dat f\u00f3ru \u00feeir og \u00ed sv\u00ednin og \u00f6ll hj\u00f6r\u00f0in ruddist fram af br\u00f6ttum \u00e1rbakkanum \u00ed vatni\u00f0 og t\u00fdndist \u00fear. <br \/> <a name=\"33\"><span class=\"versanumer_2007\">33<\/span><\/a> En hir\u00f0arnir fl\u00fd\u00f0u, komu til borgarinnar og s\u00f6g\u00f0u \u00f6ll t\u00ed\u00f0indin, l\u00edka fr\u00e1 m\u00f6nnunum sem haldnir voru illum \u00f6ndum. <a name=\"34\"><span class=\"versanumer_2007\">34<\/span><\/a> Og allir borgarmenn f\u00f3ru \u00fat til m\u00f3ts vi\u00f0 Jes\u00fa og \u00feegar \u00feeir s\u00e1u hann b\u00e1\u00f0u \u00feeir hann a\u00f0 fara burt \u00far h\u00e9ru\u00f0um \u00feeirra.<\/p>\n","protected":false},"excerpt":{"rendered":"<p>Ver\u00f0 \u00fe\u00fa hreinn 1 N\u00fa gekk Jes\u00fas ni\u00f0ur af fjallinu og fylgdi honum mikill mannfj\u00f6ldi. 2 \u00de\u00e1 kom til hans l\u00edk\u00fer\u00e1r ma\u00f0ur, laut honum og sag\u00f0i: \u201eDrottinn, ef \u00fe\u00fa vilt getur \u00fe\u00fa hreinsa\u00f0 mig.\u201c[ 3 Jes\u00fas r\u00e9tti \u00fat h\u00f6ndina, snart hann og m\u00e6lti: \u201e\u00c9g vil, ver\u00f0 \u00fe\u00fa hreinn!\u201c Jafnskj\u00f3tt var\u00f0 hann hreinn af l\u00edk\u00fer\u00e1nni. 4 Jes\u00fas sag\u00f0i vi\u00f0 hann: \u201eG\u00e6t \u00feess a\u00f0 segja \u00feetta engum en far \u00fe\u00fa, s\u00fdn \u00feig prestinum og f\u00e6r\u00f0u \u00fe\u00e1 f\u00f3rn sem M\u00f3se bau\u00f0, \u00feeim til vitnisbur\u00f0ar.\u201c Sem \u00fe\u00fa tr\u00fair 5 \u00deegar Jes\u00fas kom til Kaperna\u00fam gekk til hans hundra\u00f0sh\u00f6f\u00f0ingi og ba\u00f0 hann: 6 \u201eDrottinn, sveinn <a href=\"https:\/\/biblian.is\/biblian\/matteusargudspjall-8-kafli\/\"> [&#8230;]<\/a><\/p>\n","protected":false},"author":1,"featured_media":0,"parent":0,"menu_order":0,"comment_status":"open","ping_status":"open","template":"bibliukaflar_NT.php","meta":{"footnotes":""},"class_list":["post-2554","page","type-page","status-publish","hentry"],"_links":{"self":[{"href":"https:\/\/biblian.is\/biblian\/wp-json\/wp\/v2\/pages\/2554","targetHints":{"allow":["GET"]}}],"collection":[{"href":"https:\/\/biblian.is\/biblian\/wp-json\/wp\/v2\/pages"}],"about":[{"href":"https:\/\/biblian.is\/biblian\/wp-json\/wp\/v2\/types\/page"}],"author":[{"embeddable":true,"href":"https:\/\/biblian.is\/biblian\/wp-json\/wp\/v2\/users\/1"}],"replies":[{"embeddable":true,"href":"https:\/\/biblian.is\/biblian\/wp-json\/wp\/v2\/comments?post=2554"}],"version-history":[{"count":0,"href":"https:\/\/biblian.is\/biblian\/wp-json\/wp\/v2\/pages\/2554\/revisions"}],"wp:attachment":[{"href":"https:\/\/biblian.is\/biblian\/wp-json\/wp\/v2\/media?parent=2554"}],"curies":[{"name":"wp","href":"https:\/\/api.w.org\/{rel}","templated":true}]}}