{"id":2553,"date":"2017-12-30T21:03:39","date_gmt":"2017-12-30T21:03:39","guid":{"rendered":"http:\/\/biblian.is\/biblian\/matteusargu_spjall-7-kafli\/"},"modified":"2021-01-04T17:36:36","modified_gmt":"2021-01-04T17:36:36","slug":"matteusargudspjall-7-kafli","status":"publish","type":"page","link":"https:\/\/biblian.is\/biblian\/matteusargudspjall-7-kafli\/","title":{"rendered":"Matteusargu\u00f0spjall 7. kafli"},"content":{"rendered":"<h3 class=\"millifyrirsogn_2007\">D\u00e6mi\u00f0 ekki<\/h3>\n<p><a name=\"1\"><\/a><span class=\"versanumer_2007\">1<\/span> D\u00e6mi\u00f0 ekki svo a\u00f0 \u00fe\u00e9r ver\u00f0i\u00f0 ekki d\u00e6md. <a name=\"2\"><\/a><span class=\"versanumer_2007\">2<\/span> \u00dev\u00ed a\u00f0 me\u00f0 \u00feeim d\u00f3mi, sem \u00fe\u00e9r d\u00e6mi\u00f0, munu\u00f0 \u00fe\u00e9r d\u00e6md ver\u00f0a og me\u00f0 \u00feeim m\u00e6li, sem \u00fe\u00e9r m\u00e6li\u00f0, mun y\u00f0ur m\u00e6lt ver\u00f0a. <a name=\"3\"><\/a><span class=\"versanumer_2007\">3<\/span> Hv\u00ed s\u00e9r \u00fe\u00fa fl\u00edsina \u00ed auga br\u00f3\u00f0ur \u00fe\u00edns en tekur ekki eftir bj\u00e1lkanum \u00ed auga \u00fe\u00ednu? <a name=\"4\"><\/a><span class=\"versanumer_2007\">4<\/span> E\u00f0a hvernig f\u00e6r \u00fe\u00fa sagt vi\u00f0 br\u00f3\u00f0ur \u00feinn: L\u00e1t mig draga fl\u00edsina \u00far auga \u00fe\u00e9r? Og \u00fe\u00f3 er bj\u00e1lki \u00ed auga \u00fe\u00ednu. <a name=\"5\"><\/a><span class=\"versanumer_2007\">5<\/span> Hr\u00e6snari, drag fyrst bj\u00e1lkann \u00far auga \u00fe\u00e9r og \u00fe\u00e1 s\u00e9r\u00f0u gl\u00f6ggt til a\u00f0 draga fl\u00edsina \u00far auga br\u00f3\u00f0ur \u00fe\u00edns.<br \/>\n<a name=\"6\"><\/a><span class=\"versanumer_2007\">6<\/span> Gefi\u00f0 ekki hundum \u00fea\u00f0 sem heilagt er og kasti\u00f0 eigi perlum y\u00f0ar fyrir sv\u00edn. \u00deau mundu tro\u00f0a \u00fe\u00e6r undir f\u00f3tum og \u00feeir sn\u00faa s\u00e9r vi\u00f0 og r\u00edfa y\u00f0ur \u00ed sig.<\/p>\n<h3 class=\"millifyrirsogn_2007\">Bi\u00f0ji\u00f0, leiti\u00f0<\/h3>\n<p><a name=\"7\"><\/a><span class=\"versanumer_2007\">7<\/span> Bi\u00f0ji\u00f0 og y\u00f0ur mun gefast, leiti\u00f0 og \u00fe\u00e9r munu\u00f0 finna, kn\u00fdi\u00f0 \u00e1 og fyrir y\u00f0ur mun upp loki\u00f0 ver\u00f0a. <a name=\"8\"><\/a><span class=\"versanumer_2007\">8<\/span> \u00dev\u00ed a\u00f0 hver s\u00e1 \u00f6\u00f0last sem bi\u00f0ur, s\u00e1 finnur sem leitar, og fyrir \u00feeim sem \u00e1 kn\u00fdr mun upp loki\u00f0 ver\u00f0a. <a name=\"9\"><\/a><span class=\"versanumer_2007\">9<\/span> E\u00f0a hver er s\u00e1 ma\u00f0ur me\u00f0al y\u00f0ar sem gefur barni s\u00ednu<span class=\"nedan_mal\" title=\" Or\u00f0r\u00e9tt: syni s\u00ednum.\">[<\/span> stein er \u00fea\u00f0 bi\u00f0ur um brau\u00f0? <a name=\"10\"><\/a><span class=\"versanumer_2007\">10<\/span> E\u00f0a h\u00f6ggorm \u00feegar \u00fea\u00f0 bi\u00f0ur um fisk? <a name=\"11\"><\/a><span class=\"versanumer_2007\">11<\/span> Fyrst \u00fe\u00e9r sem eru\u00f0 vond hafi\u00f0 vit \u00e1 a\u00f0 gefa b\u00f6rnum y\u00f0ar g\u00f3\u00f0ar gjafir, hve miklu fremur mun \u00fe\u00e1 fa\u00f0ir y\u00f0ar \u00e1 himnum gefa \u00feeim g\u00f3\u00f0ar gjafir sem bi\u00f0ja hann?<br \/>\n<a name=\"12\"><\/a><span class=\"versanumer_2007\">12<\/span> Allt sem \u00fe\u00e9r vilji\u00f0 a\u00f0 a\u00f0rir menn geri y\u00f0ur, \u00fea\u00f0 skulu\u00f0 \u00fe\u00e9r og \u00feeim gera. \u00dev\u00ed a\u00f0 \u00feetta er l\u00f6gm\u00e1li\u00f0 og sp\u00e1mennirnir.<\/p>\n<h3 class=\"millifyrirsogn_2007\">\u00der\u00f6ngt hli\u00f0<\/h3>\n<p><a name=\"13\"><\/a><span class=\"versanumer_2007\">13<\/span> Gangi\u00f0 inn um \u00fer\u00f6nga hli\u00f0i\u00f0. \u00dev\u00ed a\u00f0 v\u00edtt er hli\u00f0i\u00f0 og vegurinn brei\u00f0ur sem liggur til gl\u00f6tunar og margir \u00feeir sem \u00fear fara inn. <a name=\"14\"><\/a><span class=\"versanumer_2007\">14<\/span> Hve \u00fer\u00f6ngt er \u00fea\u00f0 hli\u00f0 og mj\u00f3r s\u00e1 vegur er liggur til l\u00edfsins og f\u00e1ir \u00feeir sem finna hann.<\/p>\n<h3 class=\"millifyrirsogn_2007\">Af \u00e1v\u00f6xtum \u00feeirra<\/h3>\n<p><a name=\"15\"><\/a><span class=\"versanumer_2007\">15<\/span> Varist falssp\u00e1menn. \u00deeir koma til y\u00f0ar \u00ed sau\u00f0akl\u00e6\u00f0um en innra eru \u00feeir gr\u00e1\u00f0ugir vargar. <a name=\"16\"><\/a><span class=\"versanumer_2007\">16<\/span> Af \u00e1v\u00f6xtum \u00feeirra skulu\u00f0 \u00fe\u00e9r \u00feekkja \u00fe\u00e1. Hvort lesa menn v\u00ednber af \u00feyrnum e\u00f0a f\u00edkjur af \u00feistlum? <a name=\"17\"><\/a><span class=\"versanumer_2007\">17<\/span> \u00deannig ber s\u00e9rhvert gott tr\u00e9 g\u00f3\u00f0a \u00e1v\u00f6xtu en sl\u00e6mt tr\u00e9 vonda. <a name=\"18\"><\/a><span class=\"versanumer_2007\">18<\/span> Gott tr\u00e9 getur ekki bori\u00f0 vonda \u00e1v\u00f6xtu, ekki heldur sl\u00e6mt tr\u00e9 g\u00f3\u00f0a \u00e1v\u00f6xtu. <a name=\"19\"><\/a><span class=\"versanumer_2007\">19<\/span> Hvert \u00fea\u00f0 tr\u00e9, sem ber ekki g\u00f3\u00f0an \u00e1v\u00f6xt, ver\u00f0ur upp h\u00f6ggvi\u00f0 og \u00fev\u00ed \u00ed eld kasta\u00f0. <a name=\"20\"><\/a><span class=\"versanumer_2007\">20<\/span> Af \u00e1v\u00f6xtum \u00feeirra skulu\u00f0 \u00fe\u00e9r \u00fev\u00ed \u00feekkja \u00fe\u00e1.<\/p>\n<h3 class=\"millifyrirsogn_2007\">\u00c1 bjargi<\/h3>\n<p><a name=\"21\"><\/a><span class=\"versanumer_2007\">21<\/span> Ekki mun hver s\u00e1 sem segir vi\u00f0 mig: Drottinn, Drottinn, ganga inn \u00ed himnar\u00edki heldur s\u00e1 einn er gerir vilja f\u00f6\u00f0ur m\u00edns sem er \u00e1 himnum.<br \/>\n<a name=\"22\"><\/a><span class=\"versanumer_2007\">22<\/span> Margir munu segja vi\u00f0 mig \u00e1 \u00feeim degi: Drottinn, Drottinn, h\u00f6fum v\u00e9r ekki \u00ed \u00fe\u00ednu nafni flutt or\u00f0 Gu\u00f0s, reki\u00f0 \u00fat illa anda og gert m\u00f6rg kraftaverk? <a name=\"23\"><\/a><span class=\"versanumer_2007\">23<\/span> \u00de\u00e1 mun \u00e9g votta \u00feetta: Aldrei \u00feekkti \u00e9g y\u00f0ur. Fari\u00f0 fr\u00e1 m\u00e9r, illgj\u00f6r\u00f0amenn.<br \/>\n<a name=\"24\"><\/a><span class=\"versanumer_2007\">24<\/span> Hver sem heyrir \u00feessi or\u00f0 m\u00edn og breytir eftir \u00feeim, s\u00e1 er l\u00edkur hyggnum manni er bygg\u00f0i h\u00fas sitt \u00e1 bjargi. <a name=\"25\"><\/a><span class=\"versanumer_2007\">25<\/span> N\u00fa skall \u00e1 steypiregn, vatni\u00f0 fl\u00e6ddi, stormar bl\u00e9su og buldu \u00e1 \u00fev\u00ed h\u00fasi en \u00fea\u00f0 f\u00e9ll eigi \u00fev\u00ed \u00fea\u00f0 var grundvalla\u00f0 \u00e1 bjargi.<br \/>\n<a name=\"26\"><\/a><span class=\"versanumer_2007\">26<\/span> En hver sem heyrir \u00feessi or\u00f0 m\u00edn og breytir ekki eftir \u00feeim, s\u00e1 er l\u00edkur heimskum manni er bygg\u00f0i h\u00fas sitt \u00e1 sandi. <a name=\"27\"><\/a><span class=\"versanumer_2007\">27<\/span> Steypiregn skall \u00e1, vatni\u00f0 fl\u00e6ddi, stormar bl\u00e9su og buldu \u00e1 \u00fev\u00ed h\u00fasi. \u00dea\u00f0 f\u00e9ll og fall \u00feess var miki\u00f0.\u201c<br \/>\n<a name=\"28\"><\/a><span class=\"versanumer_2007\">28<\/span> \u00deegar Jes\u00fas haf\u00f0i loki\u00f0 \u00feessari r\u00e6\u00f0u var\u00f0 mannfj\u00f6ldinn dj\u00fapt snortinn af or\u00f0um hans <a name=\"29\"><\/a><span class=\"versanumer_2007\">29<\/span> \u00fev\u00ed a\u00f0 hann kenndi eins og s\u00e1 er vald hefur og ekki eins og fr\u00e6\u00f0imenn \u00feeirra.<\/p>\n","protected":false},"excerpt":{"rendered":"<p>D\u00e6mi\u00f0 ekki 1 D\u00e6mi\u00f0 ekki svo a\u00f0 \u00fe\u00e9r ver\u00f0i\u00f0 ekki d\u00e6md. 2 \u00dev\u00ed a\u00f0 me\u00f0 \u00feeim d\u00f3mi, sem \u00fe\u00e9r d\u00e6mi\u00f0, munu\u00f0 \u00fe\u00e9r d\u00e6md ver\u00f0a og me\u00f0 \u00feeim m\u00e6li, sem \u00fe\u00e9r m\u00e6li\u00f0, mun y\u00f0ur m\u00e6lt ver\u00f0a. 3 Hv\u00ed s\u00e9r \u00fe\u00fa fl\u00edsina \u00ed auga br\u00f3\u00f0ur \u00fe\u00edns en tekur ekki eftir bj\u00e1lkanum \u00ed auga \u00fe\u00ednu? 4 E\u00f0a hvernig f\u00e6r \u00fe\u00fa sagt vi\u00f0 br\u00f3\u00f0ur \u00feinn: L\u00e1t mig draga fl\u00edsina \u00far auga \u00fe\u00e9r? Og \u00fe\u00f3 er bj\u00e1lki \u00ed auga \u00fe\u00ednu. 5 Hr\u00e6snari, drag fyrst bj\u00e1lkann \u00far auga \u00fe\u00e9r og \u00fe\u00e1 s\u00e9r\u00f0u gl\u00f6ggt til a\u00f0 draga fl\u00edsina \u00far auga br\u00f3\u00f0ur \u00fe\u00edns. 6 Gefi\u00f0 ekki hundum \u00fea\u00f0 <a href=\"https:\/\/biblian.is\/biblian\/matteusargudspjall-7-kafli\/\"> [&#8230;]<\/a><\/p>\n","protected":false},"author":1,"featured_media":0,"parent":0,"menu_order":0,"comment_status":"open","ping_status":"open","template":"bibliukaflar_NT.php","meta":{"footnotes":""},"class_list":["post-2553","page","type-page","status-publish","hentry"],"_links":{"self":[{"href":"https:\/\/biblian.is\/biblian\/wp-json\/wp\/v2\/pages\/2553","targetHints":{"allow":["GET"]}}],"collection":[{"href":"https:\/\/biblian.is\/biblian\/wp-json\/wp\/v2\/pages"}],"about":[{"href":"https:\/\/biblian.is\/biblian\/wp-json\/wp\/v2\/types\/page"}],"author":[{"embeddable":true,"href":"https:\/\/biblian.is\/biblian\/wp-json\/wp\/v2\/users\/1"}],"replies":[{"embeddable":true,"href":"https:\/\/biblian.is\/biblian\/wp-json\/wp\/v2\/comments?post=2553"}],"version-history":[{"count":0,"href":"https:\/\/biblian.is\/biblian\/wp-json\/wp\/v2\/pages\/2553\/revisions"}],"wp:attachment":[{"href":"https:\/\/biblian.is\/biblian\/wp-json\/wp\/v2\/media?parent=2553"}],"curies":[{"name":"wp","href":"https:\/\/api.w.org\/{rel}","templated":true}]}}