{"id":2550,"date":"2017-12-30T21:03:39","date_gmt":"2017-12-30T21:03:39","guid":{"rendered":"http:\/\/biblian.is\/biblian\/matteusargu_spjall-4-kafli\/"},"modified":"2019-08-26T22:35:31","modified_gmt":"2019-08-26T22:35:31","slug":"matteusargudspjall-4-kafli","status":"publish","type":"page","link":"https:\/\/biblian.is\/biblian\/matteusargudspjall-4-kafli\/","title":{"rendered":"Matteusargu\u00f0spjall 4. kafli"},"content":{"rendered":"<h3 class=\"millifyrirsogn_2007\"> Jes\u00fa freista\u00f0<\/h3>\n<p><a name=\"1\"><span class=\"versanumer_2007\">1<\/span><\/a> \u00de\u00e1 leiddi andinn Jes\u00fa \u00fat \u00ed \u00f3bygg\u00f0ina til \u00feess a\u00f0 dj\u00f6fullinn g\u00e6ti freista\u00f0 hans. <a name=\"2\"><span class=\"versanumer_2007\">2<\/span><\/a> \u00dear fasta\u00f0i Jes\u00fas fj\u00f6rut\u00edu daga og fj\u00f6rut\u00edu n\u00e6tur og var \u00fe\u00e1 or\u00f0inn hungra\u00f0ur. <a name=\"3\"><span class=\"versanumer_2007\">3<\/span><\/a> \u00de\u00e1 kom dj\u00f6fullinn og sag\u00f0i vi\u00f0 hann: \u201eEf \u00fe\u00fa ert sonur Gu\u00f0s \u00fe\u00e1 bj\u00f3\u00f0 \u00fe\u00fa a\u00f0 steinar \u00feessir ver\u00f0i a\u00f0 brau\u00f0um.\u201c <br \/> <a name=\"4\"><span class=\"versanumer_2007\">4<\/span><\/a> Jes\u00fas svara\u00f0i: \u201eRita\u00f0 er: Eigi lifir ma\u00f0urinn \u00e1 einu saman brau\u00f0i heldur \u00e1 hverju \u00fev\u00ed or\u00f0i sem fram gengur af Gu\u00f0s munni.\u201c <br \/> <a name=\"5\"><span class=\"versanumer_2007\">5<\/span><\/a> \u00de\u00e1 tekur dj\u00f6fullinn Jes\u00fa me\u00f0 s\u00e9r \u00ed borgina helgu, setur hann \u00e1 br\u00fan musterisins <a name=\"6\"><span class=\"versanumer_2007\">6<\/span><\/a> og segir vi\u00f0 hann: \u201eEf \u00fe\u00fa ert sonur Gu\u00f0s \u00fe\u00e1 kasta \u00fe\u00e9r ofan \u00fev\u00ed a\u00f0 rita\u00f0 er: <br \/> <span class=\"ljodatexti\"> Hann mun fela \u00feig englum s\u00ednum <br \/>og \u00feeir munu bera \u00feig \u00e1 h\u00f6ndum s\u00e9r <br \/>a\u00f0 \u00fe\u00fa steytir ekki f\u00f3t \u00feinn vi\u00f0 steini.\u201c <\/span> <br \/> <a name=\"7\"><span class=\"versanumer_2007\">7<\/span><\/a> Jes\u00fas svara\u00f0i honum: \u201eAftur er rita\u00f0: \u00de\u00fa skalt ekki freista Drottins, Gu\u00f0s \u00fe\u00edns.\u201c<br \/> <a name=\"8\"><span class=\"versanumer_2007\">8<\/span><\/a> Enn tekur dj\u00f6fullinn hann me\u00f0 s\u00e9r upp \u00e1 ofurh\u00e1tt fjall, s\u00fdnir honum \u00f6ll r\u00edki heims og d\u00fdr\u00f0 \u00feeirra <a name=\"9\"><span class=\"versanumer_2007\">9<\/span><\/a> og segir: \u201eAllt \u00feetta mun \u00e9g gefa \u00fe\u00e9r ef \u00fe\u00fa fellur fram og tilbi\u00f0ur mig.\u201c <br \/> <a name=\"10\"><span class=\"versanumer_2007\">10<\/span><\/a> En Jes\u00fas sag\u00f0i vi\u00f0 hann: \u201eV\u00edk brott, Satan! Rita\u00f0 er: Drottin, Gu\u00f0 \u00feinn, skalt \u00fe\u00fa tilbi\u00f0ja og \u00fej\u00f3na honum einum.\u201c <br \/> <a name=\"11\"><span class=\"versanumer_2007\">11<\/span><\/a> \u00de\u00e1 f\u00f3r dj\u00f6fullinn fr\u00e1 Jes\u00fa. Og englar komu og \u00fej\u00f3nu\u00f0u honum. <\/p>\n<h3 class=\"millifyrirsogn_2007\">Lj\u00f3s upp runni\u00f0<\/h3>\n<p><a name=\"12\"><span class=\"versanumer_2007\">12<\/span><\/a> \u00deegar Jes\u00fas heyr\u00f0i a\u00f0 J\u00f3hannes hef\u00f0i veri\u00f0 tekinn h\u00f6ndum h\u00e9lt hann til Gal\u00edleu. <a name=\"13\"><span class=\"versanumer_2007\">13<\/span><\/a> Hann f\u00f3r fr\u00e1 Nasaret og settist a\u00f0 \u00ed Kaperna\u00fam vi\u00f0 vatni\u00f0 \u00ed bygg\u00f0um Seb\u00falons og Naftal\u00ed. <a name=\"14\"><span class=\"versanumer_2007\">14<\/span><\/a> \u00deannig r\u00e6ttist \u00fea\u00f0 sem Jesaja sp\u00e1ma\u00f0ur m\u00e6lti: <br \/> <span class=\"ljodatexti\"> <a name=\"15\"><span class=\"versanumer_ljod\">15<\/span><\/a>Seb\u00falonsland og Naftal\u00edland vi\u00f0 vatni\u00f0, <br \/>landi\u00f0 handan J\u00f3rdanar, Gal\u00edlea hei\u00f0ingjanna. <span class=\"nedan_mal\" title=\" E\u00f0a: \u00fej\u00f3\u00f0anna.\">[<\/span> <br \/> <\/span> <span class=\"ljodatexti\"> <a name=\"16\"><span class=\"versanumer_ljod\">16<\/span><\/a>S\u00fa \u00fej\u00f3\u00f0 sem \u00ed myrkri gengur s\u00e9r miki\u00f0 lj\u00f3s. <br \/>Yfir \u00feau sem b\u00faa \u00ed skuggalandi dau\u00f0ans sk\u00edn lj\u00f3s. <\/span> <br \/> <a name=\"17\"><span class=\"versanumer_2007\">17<\/span><\/a> Upp fr\u00e1 \u00feessu tekur Jes\u00fas a\u00f0 pr\u00e9dika og segja: \u201eTaki\u00f0 sinnaskiptum, himnar\u00edki er \u00ed n\u00e1nd.\u201c <\/p>\n<h3 class=\"millifyrirsogn_2007\">Fylgi\u00f0 m\u00e9r<\/h3>\n<p><a name=\"18\"><span class=\"versanumer_2007\">18<\/span><\/a> Jes\u00fas gekk me\u00f0 fram Gal\u00edleuvatni og s\u00e1 tvo br\u00e6\u00f0ur, S\u00edmon, sem kalla\u00f0ur var P\u00e9tur, og Andr\u00e9s, br\u00f3\u00f0ur hans, vera a\u00f0 kasta neti \u00ed vatni\u00f0 en \u00feeir voru fiskimenn. <a name=\"19\"><span class=\"versanumer_2007\">19<\/span><\/a> Hann sag\u00f0i vi\u00f0 \u00fe\u00e1: \u201eKomi\u00f0 og fylgi\u00f0 m\u00e9r og mun \u00e9g l\u00e1ta ykkur menn vei\u00f0a.\u201c <a name=\"20\"><span class=\"versanumer_2007\">20<\/span><\/a> Og \u00feegar \u00ed sta\u00f0 yfirg\u00e1fu \u00feeir netin og fylgdu honum. <br \/> <a name=\"21\"><span class=\"versanumer_2007\">21<\/span><\/a> Hann gekk \u00e1fram \u00fea\u00f0an og s\u00e1 tvo a\u00f0ra br\u00e6\u00f0ur, Jakob Sebedeusson og J\u00f3hannes, br\u00f3\u00f0ur hans. \u00deeir voru \u00ed b\u00e1tnum me\u00f0 Sebedeusi, f\u00f6\u00f0ur s\u00ednum, a\u00f0 b\u00faa net s\u00edn. Jes\u00fas kvaddi \u00fe\u00e1 til fylgdar vi\u00f0 sig <a name=\"22\"><span class=\"versanumer_2007\">22<\/span><\/a> og \u00feeir yfirg\u00e1fu jafnskj\u00f3tt b\u00e1tinn og f\u00f6\u00f0ur sinn og fylgdu honum. <\/p>\n<h3 class=\"millifyrirsogn_2007\">\u00cd Gal\u00edleu<\/h3>\n<p><a name=\"23\"><span class=\"versanumer_2007\">23<\/span><\/a> Jes\u00fas f\u00f3r n\u00fa um alla Gal\u00edleu, kenndi \u00ed samkundum \u00feeirra, pr\u00e9dika\u00f0i fagna\u00f0arerindi\u00f0 um r\u00edki\u00f0 og l\u00e6kna\u00f0i hvers kyns sj\u00fakd\u00f3m og veikindi me\u00f0al f\u00f3lksins. <a name=\"24\"><span class=\"versanumer_2007\">24<\/span><\/a> Or\u00f0st\u00edr hans barst um allt S\u00fdrland og menn f\u00e6r\u00f0u til hans alla sem \u00fej\u00e1\u00f0ust af \u00fdmsum sj\u00fakd\u00f3mum og kv\u00f6lum, voru haldnir illum \u00f6ndum, tunglsj\u00faka menn og lama. Og hann l\u00e6kna\u00f0i \u00fe\u00e1. <br \/> <a name=\"25\"><span class=\"versanumer_2007\">25<\/span><\/a> Mikill mannfj\u00f6ldi fylgdi honum \u00far Gal\u00edleu, Dekap\u00f3lis, Jer\u00fasalem, J\u00fadeu og landinu handan J\u00f3rdanar. <\/p>\n","protected":false},"excerpt":{"rendered":"<p>Jes\u00fa freista\u00f0 1 \u00de\u00e1 leiddi andinn Jes\u00fa \u00fat \u00ed \u00f3bygg\u00f0ina til \u00feess a\u00f0 dj\u00f6fullinn g\u00e6ti freista\u00f0 hans. 2 \u00dear fasta\u00f0i Jes\u00fas fj\u00f6rut\u00edu daga og fj\u00f6rut\u00edu n\u00e6tur og var \u00fe\u00e1 or\u00f0inn hungra\u00f0ur. 3 \u00de\u00e1 kom dj\u00f6fullinn og sag\u00f0i vi\u00f0 hann: \u201eEf \u00fe\u00fa ert sonur Gu\u00f0s \u00fe\u00e1 bj\u00f3\u00f0 \u00fe\u00fa a\u00f0 steinar \u00feessir ver\u00f0i a\u00f0 brau\u00f0um.\u201c 4 Jes\u00fas svara\u00f0i: \u201eRita\u00f0 er: Eigi lifir ma\u00f0urinn \u00e1 einu saman brau\u00f0i heldur \u00e1 hverju \u00fev\u00ed or\u00f0i sem fram gengur af Gu\u00f0s munni.\u201c 5 \u00de\u00e1 tekur dj\u00f6fullinn Jes\u00fa me\u00f0 s\u00e9r \u00ed borgina helgu, setur hann \u00e1 br\u00fan musterisins 6 og segir vi\u00f0 hann: \u201eEf \u00fe\u00fa ert sonur <a href=\"https:\/\/biblian.is\/biblian\/matteusargudspjall-4-kafli\/\"> [&#8230;]<\/a><\/p>\n","protected":false},"author":1,"featured_media":0,"parent":0,"menu_order":0,"comment_status":"open","ping_status":"open","template":"bibliukaflar_NT.php","meta":{"footnotes":""},"class_list":["post-2550","page","type-page","status-publish","hentry"],"_links":{"self":[{"href":"https:\/\/biblian.is\/biblian\/wp-json\/wp\/v2\/pages\/2550","targetHints":{"allow":["GET"]}}],"collection":[{"href":"https:\/\/biblian.is\/biblian\/wp-json\/wp\/v2\/pages"}],"about":[{"href":"https:\/\/biblian.is\/biblian\/wp-json\/wp\/v2\/types\/page"}],"author":[{"embeddable":true,"href":"https:\/\/biblian.is\/biblian\/wp-json\/wp\/v2\/users\/1"}],"replies":[{"embeddable":true,"href":"https:\/\/biblian.is\/biblian\/wp-json\/wp\/v2\/comments?post=2550"}],"version-history":[{"count":0,"href":"https:\/\/biblian.is\/biblian\/wp-json\/wp\/v2\/pages\/2550\/revisions"}],"wp:attachment":[{"href":"https:\/\/biblian.is\/biblian\/wp-json\/wp\/v2\/media?parent=2550"}],"curies":[{"name":"wp","href":"https:\/\/api.w.org\/{rel}","templated":true}]}}