{"id":2549,"date":"2017-12-30T21:03:39","date_gmt":"2017-12-30T21:03:39","guid":{"rendered":"http:\/\/biblian.is\/biblian\/matteusargu_spjall-3-kafli\/"},"modified":"2019-08-26T22:35:31","modified_gmt":"2019-08-26T22:35:31","slug":"matteusargudspjall-3-kafli","status":"publish","type":"page","link":"https:\/\/biblian.is\/biblian\/matteusargudspjall-3-kafli\/","title":{"rendered":"Matteusargu\u00f0spjall 3. kafli"},"content":{"rendered":"<h3 class=\"millifyrirsogn_2007\"> J\u00f3hannes sk\u00edrari<\/h3>\n<p><a name=\"1\"><span class=\"versanumer_2007\">1<\/span><\/a> \u00c1 \u00feeim d\u00f6gum kemur J\u00f3hannes sk\u00edrari fram og pr\u00e9dikar \u00ed \u00f3bygg\u00f0um J\u00fadeu <a name=\"2\"><span class=\"versanumer_2007\">2<\/span><\/a> me\u00f0 \u00feessum or\u00f0um: \u201eTaki\u00f0 sinnaskiptum, himnar\u00edki er \u00ed n\u00e1nd.\u201c <a name=\"3\"><span class=\"versanumer_2007\">3<\/span><\/a> N\u00fa r\u00e6ttist \u00fea\u00f0 sem Jesaja sp\u00e1ma\u00f0ur segir: <br \/> <span class=\"ljodatexti\"> R\u00f6dd hr\u00f3panda \u00ed ey\u00f0im\u00f6rk: <br \/>Grei\u00f0i\u00f0 veg Drottins, <br \/>geri\u00f0 beinar brautir hans. <\/span> <br \/> <a name=\"4\"><span class=\"versanumer_2007\">4<\/span><\/a> J\u00f3hannes bar kl\u00e6\u00f0i \u00far \u00falfaldah\u00e1ri og le\u00f0urbelti um lendar s\u00e9r og haf\u00f0i til matar engisprettur og villihunang. <a name=\"5\"><span class=\"versanumer_2007\">5<\/span><\/a> Menn streymdu til hans fr\u00e1 Jer\u00fasalem, allri J\u00fadeu og J\u00f3rdanbygg\u00f0, <a name=\"6\"><span class=\"versanumer_2007\">6<\/span><\/a> l\u00e9tu hann sk\u00edra sig \u00ed \u00e1nni J\u00f3rdan og j\u00e1tu\u00f0u syndir s\u00ednar. <br \/> <a name=\"7\"><span class=\"versanumer_2007\">7<\/span><\/a> \u00deegar J\u00f3hannes s\u00e1 a\u00f0 margir far\u00edsear og sadd\u00fakear komu til sk\u00edrnar sag\u00f0i hann vi\u00f0 \u00fe\u00e1: \u201e\u00dei\u00f0 n\u00f6\u00f0rukyn, hver kenndi ykkur a\u00f0 fl\u00fdja komandi rei\u00f0i? <a name=\"8\"><span class=\"versanumer_2007\">8<\/span><\/a> S\u00fdni\u00f0 \u00ed verki a\u00f0 \u00fei\u00f0 hafi\u00f0 teki\u00f0 sinnaskiptum! <a name=\"9\"><span class=\"versanumer_2007\">9<\/span><\/a> L\u00e1ti\u00f0 ykkur ekki til hugar koma a\u00f0 \u00fei\u00f0 geti\u00f0 sagt me\u00f0 sj\u00e1lfum ykkur: Vi\u00f0 eigum Abraham a\u00f0 f\u00f6\u00f0ur. \u00c9g segi ykkur a\u00f0 Gu\u00f0 getur vaki\u00f0 Abraham b\u00f6rn af steinum \u00feessum. <a name=\"10\"><span class=\"versanumer_2007\">10<\/span><\/a> \u00d6xin er \u00feegar l\u00f6g\u00f0 a\u00f0 r\u00f3tum trj\u00e1nna og hvert \u00fea\u00f0 tr\u00e9, sem ber ekki g\u00f3\u00f0an \u00e1v\u00f6xt, ver\u00f0ur upp h\u00f6ggvi\u00f0 og \u00fev\u00ed \u00ed eld kasta\u00f0. <a name=\"11\"><span class=\"versanumer_2007\">11<\/span><\/a> \u00c9g sk\u00edri ykkur me\u00f0 vatni til \u00feess a\u00f0 \u00fei\u00f0 taki\u00f0 sinnaskiptum en s\u00e1 sem kemur eftir mig er m\u00e9r m\u00e1ttugri og er \u00e9g ekki ver\u00f0ur a\u00f0 bera sk\u00f3 hans. Hann mun sk\u00edra ykkur me\u00f0 heil\u00f6gum anda og eldi. <a name=\"12\"><span class=\"versanumer_2007\">12<\/span><\/a> Hann er me\u00f0 varpsk\u00f3fluna \u00ed hendi s\u00e9r og mun gj\u00f6rhreinsa l\u00e1fa sinn og safna hveiti s\u00ednu \u00ed hl\u00f6\u00f0u en hismi\u00f0 mun hann brenna \u00ed \u00f3sl\u00f6kkvanda eldi.\u201c <\/p>\n<h3 class=\"millifyrirsogn_2007\">Jes\u00fas sk\u00edr\u00f0ur<\/h3>\n<p><a name=\"13\"><span class=\"versanumer_2007\">13<\/span><\/a> \u00de\u00e1 kom Jes\u00fas fr\u00e1 Gal\u00edleu a\u00f0 J\u00f3rdan til J\u00f3hannesar a\u00f0 taka sk\u00edrn hj\u00e1 honum. <a name=\"14\"><span class=\"versanumer_2007\">14<\/span><\/a> J\u00f3hannes vildi varna honum \u00feess og sag\u00f0i: \u201eM\u00e9r er \u00fe\u00f6rf a\u00f0 sk\u00edrast af \u00fe\u00e9r og \u00fe\u00fa kemur til m\u00edn!\u201c <br \/> <a name=\"15\"><span class=\"versanumer_2007\">15<\/span><\/a> Jes\u00fas svara\u00f0i honum: \u201eL\u00e1t \u00fea\u00f0 n\u00fa eftir. \u00deannig ber okkur a\u00f0 fulln\u00e6gja \u00f6llu r\u00e9ttl\u00e6ti.\u201c Og J\u00f3hannes l\u00e9t \u00fea\u00f0 eftir honum. <br \/> <a name=\"16\"><span class=\"versanumer_2007\">16<\/span><\/a> En \u00feegar Jes\u00fas haf\u00f0i veri\u00f0 sk\u00edr\u00f0ur st\u00e9 hann jafnskj\u00f3tt upp \u00far vatninu. Og \u00fe\u00e1 opnu\u00f0ust himnarnir og hann s\u00e1 anda Gu\u00f0s st\u00edga ni\u00f0ur eins og d\u00fafu og koma yfir sig. <a name=\"17\"><span class=\"versanumer_2007\">17<\/span><\/a> Og r\u00f6dd kom af himnum: \u201e\u00deessi er minn elska\u00f0i sonur sem \u00e9g hef vel\u00fe\u00f3knun \u00e1.\u201c <\/p>\n","protected":false},"excerpt":{"rendered":"<p>J\u00f3hannes sk\u00edrari 1 \u00c1 \u00feeim d\u00f6gum kemur J\u00f3hannes sk\u00edrari fram og pr\u00e9dikar \u00ed \u00f3bygg\u00f0um J\u00fadeu 2 me\u00f0 \u00feessum or\u00f0um: \u201eTaki\u00f0 sinnaskiptum, himnar\u00edki er \u00ed n\u00e1nd.\u201c 3 N\u00fa r\u00e6ttist \u00fea\u00f0 sem Jesaja sp\u00e1ma\u00f0ur segir: R\u00f6dd hr\u00f3panda \u00ed ey\u00f0im\u00f6rk: Grei\u00f0i\u00f0 veg Drottins, geri\u00f0 beinar brautir hans. 4 J\u00f3hannes bar kl\u00e6\u00f0i \u00far \u00falfaldah\u00e1ri og le\u00f0urbelti um lendar s\u00e9r og haf\u00f0i til matar engisprettur og villihunang. 5 Menn streymdu til hans fr\u00e1 Jer\u00fasalem, allri J\u00fadeu og J\u00f3rdanbygg\u00f0, 6 l\u00e9tu hann sk\u00edra sig \u00ed \u00e1nni J\u00f3rdan og j\u00e1tu\u00f0u syndir s\u00ednar. 7 \u00deegar J\u00f3hannes s\u00e1 a\u00f0 margir far\u00edsear og sadd\u00fakear komu til sk\u00edrnar sag\u00f0i hann vi\u00f0 <a href=\"https:\/\/biblian.is\/biblian\/matteusargudspjall-3-kafli\/\"> [&#8230;]<\/a><\/p>\n","protected":false},"author":1,"featured_media":0,"parent":0,"menu_order":0,"comment_status":"open","ping_status":"open","template":"bibliukaflar_NT.php","meta":{"footnotes":""},"class_list":["post-2549","page","type-page","status-publish","hentry"],"_links":{"self":[{"href":"https:\/\/biblian.is\/biblian\/wp-json\/wp\/v2\/pages\/2549","targetHints":{"allow":["GET"]}}],"collection":[{"href":"https:\/\/biblian.is\/biblian\/wp-json\/wp\/v2\/pages"}],"about":[{"href":"https:\/\/biblian.is\/biblian\/wp-json\/wp\/v2\/types\/page"}],"author":[{"embeddable":true,"href":"https:\/\/biblian.is\/biblian\/wp-json\/wp\/v2\/users\/1"}],"replies":[{"embeddable":true,"href":"https:\/\/biblian.is\/biblian\/wp-json\/wp\/v2\/comments?post=2549"}],"version-history":[{"count":0,"href":"https:\/\/biblian.is\/biblian\/wp-json\/wp\/v2\/pages\/2549\/revisions"}],"wp:attachment":[{"href":"https:\/\/biblian.is\/biblian\/wp-json\/wp\/v2\/media?parent=2549"}],"curies":[{"name":"wp","href":"https:\/\/api.w.org\/{rel}","templated":true}]}}