{"id":2548,"date":"2017-12-30T21:03:39","date_gmt":"2017-12-30T21:03:39","guid":{"rendered":"http:\/\/biblian.is\/biblian\/matteusargu_spjall-2-kafli\/"},"modified":"2019-08-26T22:35:28","modified_gmt":"2019-08-26T22:35:28","slug":"matteusargudspjall-2-kafli","status":"publish","type":"page","link":"https:\/\/biblian.is\/biblian\/matteusargudspjall-2-kafli\/","title":{"rendered":"Matteusargu\u00f0spjall 2. kafli"},"content":{"rendered":"<h3 class=\"millifyrirsogn_2007\"> Koma vitringa<\/h3>\n<p><a name=\"1\"><span class=\"versanumer_2007\">1<\/span><\/a> \u00deegar Jes\u00fas var f\u00e6ddur \u00ed Betlehem \u00ed J\u00fadeu \u00e1 d\u00f6gum Her\u00f3desar konungs komu vitringar fr\u00e1 Austurl\u00f6ndum til Jer\u00fasalem <a name=\"2\"><span class=\"versanumer_2007\">2<\/span><\/a> og s\u00f6g\u00f0u: \u201eHvar er hinn n\u00fdf\u00e6ddi konungur Gy\u00f0inga? Vi\u00f0 s\u00e1um stj\u00f6rnu hans renna upp og erum komnir a\u00f0 veita honum lotningu.\u201c <br \/> <a name=\"3\"><span class=\"versanumer_2007\">3<\/span><\/a> \u00deegar Her\u00f3des heyr\u00f0i \u00feetta var\u00f0 hann skelka\u00f0ur og \u00f6ll Jer\u00fasalem me\u00f0 honum. <a name=\"4\"><span class=\"versanumer_2007\">4<\/span><\/a> Og hann stefndi saman \u00f6llum \u00e6\u00f0stu prestum og fr\u00e6\u00f0im\u00f6nnum og spur\u00f0i \u00fe\u00e1: \u201eHvar \u00e1 Kristur a\u00f0 f\u00e6\u00f0ast?\u201c <br \/> <a name=\"5\"><span class=\"versanumer_2007\">5<\/span><\/a> \u00deeir sv\u00f6ru\u00f0u honum: \u201e\u00cd Betlehem \u00ed J\u00fadeu. En \u00feannig er rita\u00f0 hj\u00e1 sp\u00e1manninum: <br \/> <span class=\"ljodatexti\"> <a name=\"6\"><span class=\"versanumer_ljod\">6<\/span><\/a>\u00de\u00fa Betlehem, \u00ed landi J\u00fada, <br \/>ekki ert \u00fe\u00fa s\u00edst me\u00f0al hef\u00f0arborga J\u00fada. <br \/>\u00dev\u00ed a\u00f0 h\u00f6f\u00f0ingi mun fr\u00e1 \u00fe\u00e9r koma <br \/>sem ver\u00f0ur hir\u00f0ir l\u00fd\u00f0s m\u00edns, \u00cdsraels.\u201c <\/span> <br \/> <a name=\"7\"><span class=\"versanumer_2007\">7<\/span><\/a> \u00de\u00e1 kalla\u00f0i Her\u00f3des vitringana til s\u00edn \u00e1 laun og gr\u00f3fst eftir \u00fev\u00ed hj\u00e1 \u00feeim hven\u00e6r stjarnan hef\u00f0i birst. <a name=\"8\"><span class=\"versanumer_2007\">8<\/span><\/a> Hann sendi \u00fe\u00e1 s\u00ed\u00f0an til Betlehem og sag\u00f0i: \u201eFari\u00f0 og spyrjist vandlega fyrir um barni\u00f0 og er \u00fei\u00f0 finni\u00f0 \u00fea\u00f0 l\u00e1ti\u00f0 mig vita til \u00feess a\u00f0 \u00e9g geti einnig komi\u00f0 og veitt \u00fev\u00ed lotningu.\u201c <br \/> <a name=\"9\"><span class=\"versanumer_2007\">9<\/span><\/a> \u00deeir hl\u00fdddu \u00e1 konung og f\u00f3ru. Og stjarnan, sem \u00feeir s\u00e1u austur \u00fear, f\u00f3r fyrir \u00feeim uns hana bar \u00fear yfir sem barni\u00f0 var. <a name=\"10\"><span class=\"versanumer_2007\">10<\/span><\/a> \u00deegar \u00feeir s\u00e1u stj\u00f6rnuna gl\u00f6ddust \u00feeir harla mj\u00f6g, <a name=\"11\"><span class=\"versanumer_2007\">11<\/span><\/a> \u00feeir gengu inn \u00ed h\u00fasi\u00f0 og s\u00e1u barni\u00f0 og Mar\u00edu, m\u00f3\u00f0ur \u00feess, f\u00e9llu fram og veittu \u00fev\u00ed lotningu. S\u00ed\u00f0an luku \u00feeir upp fj\u00e1rhirslum s\u00ednum og f\u00e6r\u00f0u \u00fev\u00ed gjafir, gull, reykelsi og myrru. <br \/> <a name=\"12\"><span class=\"versanumer_2007\">12<\/span><\/a> En \u00fear sem \u00feeir fengu bendingu \u00ed draumi a\u00f0 sn\u00faa ekki aftur til Her\u00f3desar f\u00f3ru \u00feeir a\u00f0ra lei\u00f0 heim \u00ed land sitt. <\/p>\n<h3 class=\"millifyrirsogn_2007\">Til Egyptalands<\/h3>\n<p><a name=\"13\"><span class=\"versanumer_2007\">13<\/span><\/a> \u00deegar vitringarnir voru farnir \u00fe\u00e1 vitrast engill Drottins J\u00f3sef \u00ed draumi og segir: \u201eR\u00eds upp, tak barni\u00f0 og m\u00f3\u00f0ur \u00feess og fl\u00fd til Egyptalands. \u00dear skaltu vera uns \u00e9g segi \u00fe\u00e9r \u00fev\u00ed a\u00f0 Her\u00f3des mun leita barnsins til a\u00f0 fyrirfara \u00fev\u00ed.\u201c <br \/> <a name=\"14\"><span class=\"versanumer_2007\">14<\/span><\/a> J\u00f3sef vakna\u00f0i, t\u00f3k barni\u00f0 og m\u00f3\u00f0ur \u00feess um n\u00f3ttina og f\u00f3r til Egyptalands. <a name=\"15\"><span class=\"versanumer_2007\">15<\/span><\/a> \u00dear dv\u00f6ldust \u00feau \u00feanga\u00f0 til Her\u00f3des var allur. \u00dea\u00f0 \u00e1tti a\u00f0 r\u00e6tast sem Drottinn l\u00e9t sp\u00e1manninn segja: \u201eFr\u00e1 Egyptalandi kalla\u00f0i \u00e9g son minn.\u201c <br \/> <a name=\"16\"><span class=\"versanumer_2007\">16<\/span><\/a> \u00de\u00e1 s\u00e1 Her\u00f3des a\u00f0 vitringarnir h\u00f6f\u00f0u gabba\u00f0 hann og var\u00f0 afar rei\u00f0ur, sendi menn og l\u00e9t myr\u00f0a \u00f6ll sveinb\u00f6rn \u00ed Betlehem og n\u00e1grenni hennar, tv\u00e6vetur og yngri en \u00fea\u00f0 svara\u00f0i \u00feeim t\u00edma er hann haf\u00f0i komist a\u00f0 hj\u00e1 vitringunum. <br \/> <a name=\"17\"><span class=\"versanumer_2007\">17<\/span><\/a> N\u00fa r\u00e6ttist \u00fea\u00f0 sem Jerem\u00eda sp\u00e1ma\u00f0ur haf\u00f0i sagt fyrir um: <br \/> <span class=\"ljodatexti\"> <a name=\"18\"><span class=\"versanumer_ljod\">18<\/span><\/a>R\u00f6dd heyrist \u00ed Rama, <br \/>harmakvein, beiskur gr\u00e1tur. <br \/>Rakel gr\u00e6tur b\u00f6rnin s\u00edn,<br \/>h\u00fan vill ekki huggast l\u00e1ta, <br \/>\u00fev\u00ed a\u00f0 \u00feau eru ekki framar l\u00edfs. <\/span> <\/p>\n<h3 class=\"millifyrirsogn_2007\">Heim aftur<\/h3>\n<p><a name=\"19\"><span class=\"versanumer_2007\">19<\/span><\/a> \u00deegar Her\u00f3des var d\u00e1inn \u00fe\u00e1 vitrast engill Drottins J\u00f3sef \u00ed draumi \u00ed Egyptalandi <a name=\"20\"><span class=\"versanumer_2007\">20<\/span><\/a> og segir: \u201eR\u00eds upp, tak barni\u00f0 og m\u00f3\u00f0ur \u00feess og far til \u00cdsraelslands. N\u00fa eru \u00feeir d\u00e1nir sem s\u00e1tu um l\u00edf barnsins.\u201c <a name=\"21\"><span class=\"versanumer_2007\">21<\/span><\/a> J\u00f3sef t\u00f3k sig upp og f\u00f3r til \u00cdsraelslands me\u00f0 barni\u00f0 og m\u00f3\u00f0ur \u00feess. <br \/> <a name=\"22\"><span class=\"versanumer_2007\">22<\/span><\/a> En \u00fe\u00e1 er hann heyr\u00f0i a\u00f0 Arkel\u00e1s r\u00e9\u00f0 r\u00edkjum \u00ed J\u00fadeu \u00ed sta\u00f0 Her\u00f3desar, f\u00f6\u00f0ur s\u00edns, \u00f3tta\u00f0ist hann a\u00f0 fara \u00feanga\u00f0 og h\u00e9lt til Gal\u00edleubygg\u00f0a eftir bendingu \u00ed draumi. <a name=\"23\"><span class=\"versanumer_2007\">23<\/span><\/a> \u00dear settist hann a\u00f0 \u00ed borg sem heitir Nasaret en \u00fea\u00f0 \u00e1tti a\u00f0 r\u00e6tast sem sp\u00e1mennirnir s\u00f6g\u00f0u fyrir um: \u201eNasarei skal hann kallast.\u201c <\/p>\n","protected":false},"excerpt":{"rendered":"<p>Koma vitringa 1 \u00deegar Jes\u00fas var f\u00e6ddur \u00ed Betlehem \u00ed J\u00fadeu \u00e1 d\u00f6gum Her\u00f3desar konungs komu vitringar fr\u00e1 Austurl\u00f6ndum til Jer\u00fasalem 2 og s\u00f6g\u00f0u: \u201eHvar er hinn n\u00fdf\u00e6ddi konungur Gy\u00f0inga? Vi\u00f0 s\u00e1um stj\u00f6rnu hans renna upp og erum komnir a\u00f0 veita honum lotningu.\u201c 3 \u00deegar Her\u00f3des heyr\u00f0i \u00feetta var\u00f0 hann skelka\u00f0ur og \u00f6ll Jer\u00fasalem me\u00f0 honum. 4 Og hann stefndi saman \u00f6llum \u00e6\u00f0stu prestum og fr\u00e6\u00f0im\u00f6nnum og spur\u00f0i \u00fe\u00e1: \u201eHvar \u00e1 Kristur a\u00f0 f\u00e6\u00f0ast?\u201c 5 \u00deeir sv\u00f6ru\u00f0u honum: \u201e\u00cd Betlehem \u00ed J\u00fadeu. En \u00feannig er rita\u00f0 hj\u00e1 sp\u00e1manninum: 6\u00de\u00fa Betlehem, \u00ed landi J\u00fada, ekki ert \u00fe\u00fa s\u00edst me\u00f0al hef\u00f0arborga J\u00fada. <a href=\"https:\/\/biblian.is\/biblian\/matteusargudspjall-2-kafli\/\"> [&#8230;]<\/a><\/p>\n","protected":false},"author":1,"featured_media":0,"parent":0,"menu_order":0,"comment_status":"open","ping_status":"open","template":"bibliukaflar_NT.php","meta":{"footnotes":""},"class_list":["post-2548","page","type-page","status-publish","hentry"],"_links":{"self":[{"href":"https:\/\/biblian.is\/biblian\/wp-json\/wp\/v2\/pages\/2548","targetHints":{"allow":["GET"]}}],"collection":[{"href":"https:\/\/biblian.is\/biblian\/wp-json\/wp\/v2\/pages"}],"about":[{"href":"https:\/\/biblian.is\/biblian\/wp-json\/wp\/v2\/types\/page"}],"author":[{"embeddable":true,"href":"https:\/\/biblian.is\/biblian\/wp-json\/wp\/v2\/users\/1"}],"replies":[{"embeddable":true,"href":"https:\/\/biblian.is\/biblian\/wp-json\/wp\/v2\/comments?post=2548"}],"version-history":[{"count":0,"href":"https:\/\/biblian.is\/biblian\/wp-json\/wp\/v2\/pages\/2548\/revisions"}],"wp:attachment":[{"href":"https:\/\/biblian.is\/biblian\/wp-json\/wp\/v2\/media?parent=2548"}],"curies":[{"name":"wp","href":"https:\/\/api.w.org\/{rel}","templated":true}]}}