{"id":2547,"date":"2017-12-30T21:03:39","date_gmt":"2017-12-30T21:03:39","guid":{"rendered":"http:\/\/biblian.is\/biblian\/matteusargu_spjall-1-kafli\/"},"modified":"2019-08-31T08:25:32","modified_gmt":"2019-08-31T08:25:32","slug":"matteusargudspjall-1-kafli","status":"publish","type":"page","link":"https:\/\/biblian.is\/biblian\/matteusargudspjall-1-kafli\/","title":{"rendered":"Matteusargu\u00f0spjall 1. kafli"},"content":{"rendered":"<h3 class=\"millifyrirsogn_2007\">\u00c6ttartala<\/h3>\n<p><a name=\"1\"><\/a><span class=\"versanumer_2007\">1<\/span> \u00c6ttartala Jes\u00fa Krists, sonar Dav\u00ed\u00f0s, sonar Abrahams. <a name=\"2\"><\/a><span class=\"versanumer_2007\">2<\/span> Abraham gat \u00cdsak, \u00cdsak gat Jakob, Jakob gat J\u00fada og br\u00e6\u00f0ur hans. <a name=\"3\"><\/a><span class=\"versanumer_2007\">3<\/span> J\u00fada gat Peres og Sara vi\u00f0 Tamar, Peres gat Esrom, Esrom gat Ram, <a name=\"4\"><\/a><span class=\"versanumer_2007\">4<\/span> Ram gat Amm\u00ednadab, Amm\u00ednadab gat Nakson, Nakson gat Salmon, <a name=\"5\"><\/a><span class=\"versanumer_2007\">5<\/span> Salmon gat B\u00f3as vi\u00f0 Rahab og B\u00f3as gat \u00d3be\u00f0 vi\u00f0 Rut. \u00d3be\u00f0 gat \u00cdsa\u00ed <a name=\"6\"><\/a><span class=\"versanumer_2007\">6<\/span> og \u00cdsa\u00ed gat Dav\u00ed\u00f0 konung.<br \/>\nDav\u00ed\u00f0 gat Sal\u00f3mon vi\u00f0 konu \u00dar\u00eda, <a name=\"7\"><\/a><span class=\"versanumer_2007\">7<\/span> Sal\u00f3mon gat R\u00f3b\u00f3am, R\u00f3b\u00f3am gat Ab\u00eda, Ab\u00eda gat Asaf, <a name=\"8\"><\/a><span class=\"versanumer_2007\">8<\/span> Asaf gat J\u00f3safat, J\u00f3safat gat J\u00f3ram, J\u00f3ram gat \u00dass\u00eda, <a name=\"9\"><\/a><span class=\"versanumer_2007\">9<\/span> \u00dass\u00eda gat J\u00f3tam, J\u00f3tam gat Akas, Akas gat Esek\u00eda, <a name=\"10\"><\/a><span class=\"versanumer_2007\">10<\/span> Esek\u00eda gat Manasse, Manasse gat Amos, Amos gat J\u00f3s\u00eda. <a name=\"11\"><\/a><span class=\"versanumer_2007\">11<\/span> J\u00f3s\u00eda gat Jekonja og br\u00e6\u00f0ur hans \u00e1 t\u00edma \u00fatleg\u00f0arinnar \u00ed Bab\u00fdlon.<br \/>\n<a name=\"12\"><\/a><span class=\"versanumer_2007\">12<\/span> Eftir \u00fatleg\u00f0ina \u00ed Bab\u00fdlon gat Jekonja Sealt\u00edel, Sealt\u00edel gat Ser\u00fababel, <a name=\"13\"><\/a><span class=\"versanumer_2007\">13<\/span> Ser\u00fababel gat Ab\u00ed\u00fad, Ab\u00ed\u00fad gat Eljak\u00edm, Eljak\u00edm gat As\u00f3r, <a name=\"14\"><\/a><span class=\"versanumer_2007\">14<\/span> As\u00f3r gat Sad\u00f3k, Sad\u00f3k gat Ak\u00edm, Ak\u00edm gat El\u00ed\u00fad, <a name=\"15\"><\/a><span class=\"versanumer_2007\">15<\/span> El\u00ed\u00fad gat Eleasar, Eleasar gat Mattan, Mattan gat Jakob <a name=\"16\"><\/a><span class=\"versanumer_2007\">16<\/span> og Jakob gat J\u00f3sef, mann Mar\u00edu, en h\u00fan \u00f3l Jes\u00fa sem kallast Kristur.<br \/>\n<a name=\"17\"><\/a><span class=\"versanumer_2007\">17<\/span> \u00deannig eru alls fj\u00f3rt\u00e1n \u00e6ttli\u00f0ir fr\u00e1 Abraham til Dav\u00ed\u00f0s, fj\u00f3rt\u00e1n \u00e6ttli\u00f0ir fr\u00e1 Dav\u00ed\u00f0 fram a\u00f0 \u00fatleg\u00f0inni \u00ed Bab\u00fdlon og fj\u00f3rt\u00e1n \u00e6ttli\u00f0ir fr\u00e1 \u00fatleg\u00f0inni til Krists.<\/p>\n<h3 class=\"millifyrirsogn_2007\">F\u00e6\u00f0ing Jes\u00fa<\/h3>\n<p><a name=\"18\"><\/a><span class=\"versanumer_2007\">18<\/span> F\u00e6\u00f0ing Jes\u00fa Krists var\u00f0 \u00e1 \u00feennan h\u00e1tt: Mar\u00eda, m\u00f3\u00f0ir hans, var f\u00f6stnu\u00f0 J\u00f3sef. En \u00e1\u00f0ur en \u00feau komu saman reyndist h\u00fan \u00feungu\u00f0 af heil\u00f6gum anda. <a name=\"19\"><\/a><span class=\"versanumer_2007\">19<\/span> J\u00f3sef, festarma\u00f0ur hennar, sem var valmenni,<span class=\"nedan_mal\" title=\" Or\u00f0r\u00e9tt: r\u00e9ttl\u00e1tur.\">[<\/span> vildi ekki gera henni opinbera minnkun og hug\u00f0ist skilja vi\u00f0 hana \u00ed kyrr\u00feey. <a name=\"20\"><\/a><span class=\"versanumer_2007\">20<\/span> Hann haf\u00f0i r\u00e1\u00f0i\u00f0 \u00feetta me\u00f0 s\u00e9r en \u00fe\u00e1 vitra\u00f0ist honum engill Drottins \u00ed draumi og sag\u00f0i: \u201eJ\u00f3sef, sonur Dav\u00ed\u00f0s, \u00f3ttast \u00fe\u00fa ekki a\u00f0 taka til \u00fe\u00edn Mar\u00edu, heitkonu \u00fe\u00edna. Barni\u00f0, sem h\u00fan gengur me\u00f0, er af heil\u00f6gum anda. <a name=\"21\"><\/a><span class=\"versanumer_2007\">21<\/span> H\u00fan mun son ala og hann skaltu l\u00e1ta heita Jes\u00fa \u00fev\u00ed a\u00f0 hann mun frelsa l\u00fd\u00f0 sinn fr\u00e1 syndum hans.\u201c<br \/>\n<a name=\"22\"><\/a><span class=\"versanumer_2007\">22<\/span> Allt var\u00f0 \u00feetta til \u00feess a\u00f0 r\u00e6tast skyldi \u00fea\u00f0 sem Drottinn l\u00e9t sp\u00e1manninn bo\u00f0a: <a name=\"23\"><\/a><span class=\"versanumer_2007\">23<\/span> \u201eSj\u00e1, yngism\u00e6r mun \u00feungu\u00f0 ver\u00f0a og f\u00e6\u00f0a son og l\u00e6tur hann heita Imman\u00fael,\u201c \u00fea\u00f0 \u00fe\u00fd\u00f0ir: Gu\u00f0 me\u00f0 oss.<br \/>\n<a name=\"24\"><\/a><span class=\"versanumer_2007\">24<\/span> \u00deegar J\u00f3sef vakna\u00f0i ger\u00f0i hann eins og engill Drottins haf\u00f0i bo\u00f0i\u00f0 honum og t\u00f3k konu s\u00edna til s\u00edn. <a name=\"25\"><\/a><span class=\"versanumer_2007\">25<\/span> Hann kenndi hennar ekki fyrr en h\u00fan haf\u00f0i ali\u00f0 son. Og hann gaf honum nafni\u00f0 JES\u00daS.<\/p>\n","protected":false},"excerpt":{"rendered":"<p>\u00c6ttartala 1 \u00c6ttartala Jes\u00fa Krists, sonar Dav\u00ed\u00f0s, sonar Abrahams. 2 Abraham gat \u00cdsak, \u00cdsak gat Jakob, Jakob gat J\u00fada og br\u00e6\u00f0ur hans. 3 J\u00fada gat Peres og Sara vi\u00f0 Tamar, Peres gat Esrom, Esrom gat Ram, 4 Ram gat Amm\u00ednadab, Amm\u00ednadab gat Nakson, Nakson gat Salmon, 5 Salmon gat B\u00f3as vi\u00f0 Rahab og B\u00f3as gat \u00d3be\u00f0 vi\u00f0 Rut. \u00d3be\u00f0 gat \u00cdsa\u00ed 6 og \u00cdsa\u00ed gat Dav\u00ed\u00f0 konung. Dav\u00ed\u00f0 gat Sal\u00f3mon vi\u00f0 konu \u00dar\u00eda, 7 Sal\u00f3mon gat R\u00f3b\u00f3am, R\u00f3b\u00f3am gat Ab\u00eda, Ab\u00eda gat Asaf, 8 Asaf gat J\u00f3safat, J\u00f3safat gat J\u00f3ram, J\u00f3ram gat \u00dass\u00eda, 9 \u00dass\u00eda gat J\u00f3tam, J\u00f3tam gat Akas, <a href=\"https:\/\/biblian.is\/biblian\/matteusargudspjall-1-kafli\/\"> [&#8230;]<\/a><\/p>\n","protected":false},"author":1,"featured_media":0,"parent":0,"menu_order":0,"comment_status":"open","ping_status":"open","template":"bibliukaflar_NT.php","meta":{"footnotes":""},"class_list":["post-2547","page","type-page","status-publish","hentry"],"_links":{"self":[{"href":"https:\/\/biblian.is\/biblian\/wp-json\/wp\/v2\/pages\/2547","targetHints":{"allow":["GET"]}}],"collection":[{"href":"https:\/\/biblian.is\/biblian\/wp-json\/wp\/v2\/pages"}],"about":[{"href":"https:\/\/biblian.is\/biblian\/wp-json\/wp\/v2\/types\/page"}],"author":[{"embeddable":true,"href":"https:\/\/biblian.is\/biblian\/wp-json\/wp\/v2\/users\/1"}],"replies":[{"embeddable":true,"href":"https:\/\/biblian.is\/biblian\/wp-json\/wp\/v2\/comments?post=2547"}],"version-history":[{"count":0,"href":"https:\/\/biblian.is\/biblian\/wp-json\/wp\/v2\/pages\/2547\/revisions"}],"wp:attachment":[{"href":"https:\/\/biblian.is\/biblian\/wp-json\/wp\/v2\/media?parent=2547"}],"curies":[{"name":"wp","href":"https:\/\/api.w.org\/{rel}","templated":true}]}}