{"id":2546,"date":"2017-12-30T21:03:39","date_gmt":"2017-12-30T21:03:39","guid":{"rendered":"http:\/\/biblian.is\/biblian\/malak%c2%92-3-kafli\/"},"modified":"2024-03-19T16:27:19","modified_gmt":"2024-03-19T16:27:19","slug":"malaki-3-kafli","status":"publish","type":"page","link":"https:\/\/biblian.is\/biblian\/malaki-3-kafli\/","title":{"rendered":"Malak\u00ed 3. kafli"},"content":{"rendered":"<p><a name=\"1\"><span class=\"versanumer_2007\">1<\/span><\/a> Sj\u00e1, \u00e9g sendi sendibo\u00f0a minn, hann \u00e1 a\u00f0 ry\u00f0ja m\u00e9r braut. Drottinn, sem \u00fei\u00f0 leiti\u00f0, kemur skyndilega til musteris s\u00edns og bo\u00f0beri s\u00e1ttm\u00e1lans, sem \u00fei\u00f0 \u00fer\u00e1i\u00f0, hann kemur, segir Drottinn hersveitanna. <br \/> <a name=\"2\"><span class=\"versanumer_2007\">2<\/span><\/a> Hver getur afbori\u00f0 daginn \u00feegar hann kemur, hver f\u00e6r sta\u00f0ist \u00feegar hann birtist? Hann er eins og eldur \u00ed br\u00e6\u00f0sluofni, eins og l\u00fatur sem bleikir \u00fevott. <a name=\"3\"><span class=\"versanumer_2007\">3<\/span><\/a> Hann sest til a\u00f0 br\u00e6\u00f0a silfri\u00f0 og hreinsa \u00fea\u00f0, hann hreinsar syni Lev\u00ed, hann gerir \u00fe\u00e1 sem hreint silfur og sk\u00edragull. \u00de\u00e1 munu \u00feeir f\u00e6ra Drottni f\u00f3rnargjafir \u00e1 r\u00e9ttan h\u00e1tt. <a name=\"4\"><span class=\"versanumer_2007\">4<\/span><\/a> \u00de\u00e1 ver\u00f0a f\u00f3rnir J\u00fadamanna og Jer\u00fasalemb\u00faa \u00fe\u00f3knanlegar eins og for\u00f0um daga og \u00e1 l\u00f6ngu li\u00f0num \u00e1rum. <br \/> <a name=\"5\"><span class=\"versanumer_2007\">5<\/span><\/a> \u00c9g mun koma til ykkar og halda d\u00f3m\u00feing. \u00c9g kem br\u00e1tt og vitna gegn galdram\u00f6nnum, h\u00f3rk\u00f6rlum og meins\u00e6rism\u00f6nnum, gegn \u00f6llum sem halda launum fyrir daglaunam\u00f6nnum, k\u00faga ekkjur og muna\u00f0arleysingja og \u00fejaka a\u00f0komumenn og \u00f3ttast mig ekki, segir Drottinn hersveitanna. <a name=\"6\"><span class=\"versanumer_2007\">6<\/span><\/a> \u00dev\u00ed a\u00f0 \u00e9g, Drottinn, er ekki breyttur og \u00fei\u00f0 ekki h\u00e6ttir a\u00f0 vera synir Jakobs. <a name=\"7\"><span class=\"versanumer_2007\">7<\/span><\/a> Allt fr\u00e1 d\u00f6gum forfe\u00f0ra ykkar hafi\u00f0 \u00fei\u00f0 viki\u00f0 fr\u00e1 l\u00f6gum m\u00ednum, \u00fei\u00f0 h\u00e9ldu\u00f0 \u00feau ekki. Sn\u00fai\u00f0 aftur til m\u00edn, \u00fe\u00e1 sn\u00fd \u00e9g aftur til ykkar, segir Drottinn hersveitanna. <br \/>En \u00fei\u00f0 spyrji\u00f0: \u201eHvernig getum vi\u00f0 sn\u00fai\u00f0 aftur?\u201c Getur ma\u00f0urinn pretta\u00f0 Gu\u00f0? Samt sv\u00edki\u00f0 \u00fei\u00f0 mig. <a name=\"8\"><span class=\"versanumer_2007\">8<\/span><\/a> En \u00fei\u00f0 spyrji\u00f0: \u201eMe\u00f0 hverju h\u00f6fum vi\u00f0 sviki\u00f0 \u00feig?\u201c Me\u00f0 t\u00edundum og afgj\u00f6ldum. <a name=\"9\"><span class=\"versanumer_2007\">9<\/span><\/a> B\u00f6lvun hv\u00edlir \u00e1 ykkur \u00fev\u00ed a\u00f0 \u00fei\u00f0 sv\u00edki\u00f0 mig, \u00fej\u00f3\u00f0in \u00f6ll. <a name=\"10\"><span class=\"versanumer_2007\">10<\/span><\/a> F\u00e6ri\u00f0 t\u00edundina alla \u00ed for\u00f0ab\u00fari\u00f0 svo a\u00f0 matf\u00f6ng s\u00e9u til \u00ed h\u00fasi m\u00ednu. Reyni\u00f0 mig me\u00f0 \u00feessu, segir Drottinn hersveitanna, og sj\u00e1i\u00f0 hvort \u00e9g l\u00fdk ekki upp fl\u00f3\u00f0g\u00e1ttum himins og helli yfir ykkur \u00f3\u00ferj\u00f3tandi blessun. <a name=\"11\"><span class=\"versanumer_2007\">11<\/span><\/a> \u00c9g mun reka burt \u00e1tvarginn fyrir ykkur svo a\u00f0 hann ey\u00f0i ekki afrakstri jar\u00f0ar og v\u00ednuppskeran breg\u00f0ist ekki \u00ed landinu, segir Drottinn hersveitanna. <a name=\"12\"><span class=\"versanumer_2007\">12<\/span><\/a> \u00de\u00e1 munu allar a\u00f0rar \u00fej\u00f3\u00f0ir telja ykkur s\u00e6la \u00fev\u00ed a\u00f0 \u00fei\u00f0 eigi\u00f0 d\u00fdrindis land, segir Drottinn hersveitanna.<\/p>\n<h3 class=\"millifyrirsogn_2007\">Dagur r\u00e9ttl\u00e6tisins<\/h3>\n<p><a name=\"13\"><span class=\"versanumer_2007\">13<\/span><\/a> \u00dei\u00f0 fari\u00f0 h\u00f6r\u00f0um or\u00f0um um mig, segir Drottinn. \u00dei\u00f0 spyrji\u00f0: \u201eHva\u00f0 h\u00f6fum vi\u00f0 sagt um \u00feig?\u201c <a name=\"14\"><span class=\"versanumer_2007\">14<\/span><\/a> \u00dei\u00f0 segi\u00f0: \u201e\u00dea\u00f0 er til einskis a\u00f0 \u00fej\u00f3na Gu\u00f0i. Hva\u00f0a \u00e1vinning h\u00f6fum vi\u00f0 af a\u00f0 hl\u00fd\u00f0a bo\u00f0um hans og ganga \u00ed sorgarkl\u00e6\u00f0um frammi fyrir Drottni hersveitanna? <a name=\"15\"><span class=\"versanumer_2007\">15<\/span><\/a> Vi\u00f0 teljum hrokagikkina s\u00e6la, \u00f3gu\u00f0legum vegnar vel. \u00deeir freista Gu\u00f0s en sleppa vi\u00f0 hegningu.\u201c <br \/> <a name=\"16\"><span class=\"versanumer_2007\">16<\/span><\/a> Um \u00feetta t\u00f6lu\u00f0u \u00feeir hver vi\u00f0 annan, sem \u00f3ttu\u00f0ust Drottin, og Drottinn hl\u00fdddi \u00e1 me\u00f0 athygli. Frammi fyrir honum var skrifu\u00f0 b\u00f3k til a\u00f0 minna \u00e1 alla sem \u00f3ttast Drottin og vir\u00f0a nafn hans.<br \/> <a name=\"17\"><span class=\"versanumer_2007\">17<\/span><\/a> \u00deeir skulu ver\u00f0a m\u00edn eign, segir Drottinn hersveitanna, \u00e1 \u00feeim degi sem \u00e9g hefst handa. \u00c9g mun v\u00e6gja \u00feeim eins og ma\u00f0ur v\u00e6gir syni s\u00ednum sem \u00fej\u00f3nar honum. <a name=\"18\"><span class=\"versanumer_2007\">18<\/span><\/a> \u00de\u00e1 munu\u00f0 \u00fei\u00f0 enn einu sinni sj\u00e1 muninn \u00e1 r\u00e9ttl\u00e1tum og rangl\u00e1tum, \u00e1 \u00feeim sem \u00fej\u00f3na Gu\u00f0i og \u00feeim sem \u00fej\u00f3na honum ekki. <br \/> <a name=\"19\"><span class=\"versanumer_2007\">19<\/span><\/a> Sj\u00e1, dagurinn kemur, logandi sem eldst\u00f3. \u00de\u00e1 ver\u00f0a allir hrokagikkir og \u00f3gu\u00f0legir a\u00f0 h\u00e1lmi og dagurinn sem kemur mun kveikja \u00ed \u00feeim, segir Drottinn hersveitanna, svo a\u00f0 hvorki ver\u00f0ur eftir af \u00feeim r\u00f3t n\u00e9 grein. <a name=\"20\"><span class=\"versanumer_2007\">20<\/span><\/a> En s\u00f3l r\u00e9ttl\u00e6tisins mun r\u00edsa yfir ykkur, sem vir\u00f0i\u00f0 nafn mitt, og v\u00e6ngir hennar f\u00e6ra l\u00e6kningu. \u00de\u00e1 munu\u00f0 \u00fei\u00f0 koma \u00fat, st\u00f6kkva eins og k\u00e1lfar sem hleypt er \u00far fj\u00f3si. <a name=\"21\"><span class=\"versanumer_2007\">21<\/span><\/a> \u00dei\u00f0 munu\u00f0 tra\u00f0ka \u00f3gu\u00f0lega ni\u00f0ur svo a\u00f0 \u00feeir ver\u00f0a a\u00f0 ryki undir iljum ykkar daginn sem \u00e9g hefst handa, segir Drottinn hersveitanna. <\/p>\n<h3 class=\"millifyrirsogn_2007\">Endurkoma El\u00eda sp\u00e1manns<\/h3>\n<p><a name=\"22\"><span class=\"versanumer_2007\">22<\/span><\/a> Hafi\u00f0 l\u00f6gm\u00e1l M\u00f3se, \u00fej\u00f3ns m\u00edns, hugfast. Vegna alls \u00cdsraels f\u00e9kk \u00e9g honum \u00fea\u00f0 \u00e1 H\u00f3reb, me\u00f0 bo\u00f0um \u00feess og \u00e1kv\u00e6\u00f0um. <a name=\"23\"><span class=\"versanumer_2007\">23<\/span><\/a> Sj\u00e1, \u00e9g sendi El\u00eda sp\u00e1mann til ykkar \u00e1\u00f0ur en hinn mikli og \u00f3gurlegi dagur Drottins kemur. <a name=\"24\"><span class=\"versanumer_2007\">24<\/span><\/a> Hann mun s\u00e6tta fe\u00f0ur vi\u00f0 syni og syni vi\u00f0 fe\u00f0ur svo a\u00f0 \u00e9g ver\u00f0i ekki a\u00f0 helga landi\u00f0 banni \u00feegar \u00e9g kem.<\/p>\n","protected":false},"excerpt":{"rendered":"<p>1 Sj\u00e1, \u00e9g sendi sendibo\u00f0a minn, hann \u00e1 a\u00f0 ry\u00f0ja m\u00e9r braut. Drottinn, sem \u00fei\u00f0 leiti\u00f0, kemur skyndilega til musteris s\u00edns og bo\u00f0beri s\u00e1ttm\u00e1lans, sem \u00fei\u00f0 \u00fer\u00e1i\u00f0, hann kemur, segir Drottinn hersveitanna. 2 Hver getur afbori\u00f0 daginn \u00feegar hann kemur, hver f\u00e6r sta\u00f0ist \u00feegar hann birtist? Hann er eins og eldur \u00ed br\u00e6\u00f0sluofni, eins og l\u00fatur sem bleikir \u00fevott. 3 Hann sest til a\u00f0 br\u00e6\u00f0a silfri\u00f0 og hreinsa \u00fea\u00f0, hann hreinsar syni Lev\u00ed, hann gerir \u00fe\u00e1 sem hreint silfur og sk\u00edragull. \u00de\u00e1 munu \u00feeir f\u00e6ra Drottni f\u00f3rnargjafir \u00e1 r\u00e9ttan h\u00e1tt. 4 \u00de\u00e1 ver\u00f0a f\u00f3rnir J\u00fadamanna og Jer\u00fasalemb\u00faa \u00fe\u00f3knanlegar eins og <a href=\"https:\/\/biblian.is\/biblian\/malaki-3-kafli\/\"> [&#8230;]<\/a><\/p>\n","protected":false},"author":1,"featured_media":0,"parent":0,"menu_order":0,"comment_status":"open","ping_status":"closed","template":"bibliukaflar_NT.php","meta":{"footnotes":""},"class_list":["post-2546","page","type-page","status-publish","hentry"],"_links":{"self":[{"href":"https:\/\/biblian.is\/biblian\/wp-json\/wp\/v2\/pages\/2546","targetHints":{"allow":["GET"]}}],"collection":[{"href":"https:\/\/biblian.is\/biblian\/wp-json\/wp\/v2\/pages"}],"about":[{"href":"https:\/\/biblian.is\/biblian\/wp-json\/wp\/v2\/types\/page"}],"author":[{"embeddable":true,"href":"https:\/\/biblian.is\/biblian\/wp-json\/wp\/v2\/users\/1"}],"replies":[{"embeddable":true,"href":"https:\/\/biblian.is\/biblian\/wp-json\/wp\/v2\/comments?post=2546"}],"version-history":[{"count":0,"href":"https:\/\/biblian.is\/biblian\/wp-json\/wp\/v2\/pages\/2546\/revisions"}],"wp:attachment":[{"href":"https:\/\/biblian.is\/biblian\/wp-json\/wp\/v2\/media?parent=2546"}],"curies":[{"name":"wp","href":"https:\/\/api.w.org\/{rel}","templated":true}]}}