{"id":2544,"date":"2017-12-30T21:03:39","date_gmt":"2017-12-30T21:03:39","guid":{"rendered":"http:\/\/biblian.is\/biblian\/malak%c2%92-1-kafli\/"},"modified":"2024-03-19T16:27:19","modified_gmt":"2024-03-19T16:27:19","slug":"malaki-1-kafli","status":"publish","type":"page","link":"https:\/\/biblian.is\/biblian\/malaki-1-kafli\/","title":{"rendered":"Malak\u00ed 1. kafli"},"content":{"rendered":"<p><a name=\"1\"><span class=\"versanumer_2007\">1<\/span><\/a> Sp\u00e1d\u00f3mur fr\u00e1 Gu\u00f0i. Or\u00f0 Drottins til \u00cdsraels fyrir munn Malak\u00ed.<\/p>\n<h3 class=\"millifyrirsogn_2007\">Gu\u00f0 elskar \u00cdsrael<\/h3>\n<p><a name=\"2\"><span class=\"versanumer_2007\">2<\/span><\/a> \u00c9g elska ykkur, segir Drottinn. En \u00fei\u00f0 spyrji\u00f0: \u201eHvernig hefur \u00fe\u00fa s\u00fdnt okkur k\u00e6rleika \u00feinn?\u201c <br \/>Er Esa\u00fa ekki br\u00f3\u00f0ir Jakobs? spyr Drottinn. <a name=\"3\"><span class=\"versanumer_2007\">3<\/span><\/a> Samt elska \u00e9g Jakob og hata Esa\u00fa. \u00c9g geri fjalllendi hans a\u00f0 au\u00f0n og f\u00e6 sjak\u00f6lum ey\u00f0imerkurinnar erf\u00f0aland hans. <a name=\"4\"><span class=\"versanumer_2007\">4<\/span><\/a> Segi Ed\u00f3m\u00edtar: \u201eVi\u00f0 h\u00f6fum or\u00f0i\u00f0 fyrir ey\u00f0ingu en vi\u00f0 munum endurreisa r\u00fastirnar,\u201c \u00fe\u00e1 segir Drottinn hersveitanna: Byggi \u00feeir mun \u00e9g ni\u00f0ur r\u00edfa uns \u00feeir ver\u00f0a kenndir vi\u00f0 land rangl\u00e6tisins og nefndir \u00fej\u00f3\u00f0in sem Drottinn er \u00e6vinlega rei\u00f0ur. <a name=\"5\"><span class=\"versanumer_2007\">5<\/span><\/a> \u00dei\u00f0 munu\u00f0 sj\u00e1 \u00fea\u00f0 me\u00f0 eigin augum og segja: \u201eDrottinn er mikill, m\u00e1ttur hans n\u00e6r langt \u00fat fyrir land \u00cdsraels.\u201c <\/p>\n<h3 class=\"millifyrirsogn_2007\">Um gu\u00f0s\u00fej\u00f3nustuna<\/h3>\n<p><a name=\"6\"><span class=\"versanumer_2007\">6<\/span><\/a> Sonur hei\u00f0rar f\u00f6\u00f0ur sinn og \u00fej\u00f3nn h\u00fasb\u00f3nda sinn. Ef \u00e9g er fa\u00f0ir, hvar er \u00fe\u00e1 vir\u00f0ingin sem m\u00e9r ber? Ef \u00e9g er h\u00fasb\u00f3ndi, hvar er \u00fe\u00e1 lotningin sem m\u00e9r ber? Svo segir Drottinn hersveitanna vi\u00f0 ykkur, prestar, sem vanvir\u00f0i\u00f0 nafn mitt. En \u00fei\u00f0 spyrji\u00f0: \u201eMe\u00f0 hverju vanvir\u00f0um vi\u00f0 nafn \u00feitt?\u201c <a name=\"7\"><span class=\"versanumer_2007\">7<\/span><\/a> \u00dei\u00f0 beri\u00f0 fram \u00f3hreina f\u00e6\u00f0u \u00e1 altari mitt og segi\u00f0: \u201eHvernig \u00f3hreinkum vi\u00f0 \u00feig?\u201c Me\u00f0 \u00fev\u00ed a\u00f0 \u00fei\u00f0 segi\u00f0: \u201eBor\u00f0 Drottins getum vi\u00f0 vanvirt.\u201c <a name=\"8\"><span class=\"versanumer_2007\">8<\/span><\/a> Ef \u00fei\u00f0 f\u00f3rni\u00f0 blindri skepnu, er \u00fea\u00f0 ekki rangt? Og \u00feegar \u00fei\u00f0 f\u00e6ri\u00f0 halta e\u00f0a sj\u00faka skepnu a\u00f0 sl\u00e1turf\u00f3rn, er \u00fea\u00f0 ekki rangt? F\u00e6r\u00f0u landstj\u00f3ra \u00fe\u00ednum sl\u00edka skepnu. \u00c6tli hann ver\u00f0i \u00fe\u00e1 \u00e1n\u00e6g\u00f0ur me\u00f0 \u00feig e\u00f0a velvilja\u00f0ur \u00fe\u00e9r? segir Drottinn hersveitanna. <a name=\"9\"><span class=\"versanumer_2007\">9<\/span><\/a> Reyni\u00f0 a\u00f0 milda Gu\u00f0 svo a\u00f0 hann ver\u00f0i okkur n\u00e1\u00f0ugur. S\u00f6kin er ykkar. Hvernig getur hann teki\u00f0 nokkrum ykkar vel? spyr Drottinn hersveitanna. <a name=\"10\"><span class=\"versanumer_2007\">10<\/span><\/a> \u00d3skandi v\u00e6ri a\u00f0 einhver ykkar loka\u00f0i musterisdyrunum svo a\u00f0 \u00fei\u00f0 kveiki\u00f0 ekki eld \u00e1 altari m\u00ednu til einskis. \u00c9g hef enga vel\u00fe\u00f3knun \u00e1 ykkur, segir Drottinn hersveitanna, og k\u00e6ri mig ekki um f\u00f3rnargj\u00f6f \u00far hendi ykkar. <a name=\"11\"><span class=\"versanumer_2007\">11<\/span><\/a> \u00dev\u00ed a\u00f0 fr\u00e1 s\u00f3laruppr\u00e1s til s\u00f3larlags er nafn mitt mikilsvirt me\u00f0al \u00fej\u00f3\u00f0anna, nafni m\u00ednu er alls sta\u00f0ar f\u00e6r\u00f0 reykelsisf\u00f3rn og hrein f\u00f3rnargj\u00f6f. \u00dev\u00ed a\u00f0 nafn mitt er miki\u00f0 me\u00f0al \u00fej\u00f3\u00f0anna, segir Drottinn hersveitanna. <a name=\"12\"><span class=\"versanumer_2007\">12<\/span><\/a> En \u00fei\u00f0 vanhelgi\u00f0 \u00fea\u00f0 me\u00f0 \u00fev\u00ed a\u00f0 segja: \u201eBor\u00f0 Drottins er \u00f3hreint og f\u00e6\u00f0una \u00e1 \u00fev\u00ed m\u00e1 vanvir\u00f0a.\u201c <a name=\"13\"><span class=\"versanumer_2007\">13<\/span><\/a> \u00dei\u00f0 segi\u00f0: \u201eL\u00edti\u00f0 \u00e1, hv\u00edl\u00edk fyrirh\u00f6fn,\u201c og \u00fei\u00f0 bl\u00e1si\u00f0 \u00ed eldinn, segir Drottinn hersveitanna. \u00dei\u00f0 beri\u00f0 stoli\u00f0, halt og s\u00fdkt fram til f\u00f3rnar. \u00c1 \u00e9g a\u00f0 gle\u00f0jast yfir \u00fev\u00edl\u00edku \u00far hendi ykkar? spyr Drottinn hersveitanna. <br \/> <a name=\"14\"><span class=\"versanumer_2007\">14<\/span><\/a> B\u00f6lva\u00f0ur s\u00e9 svikarinn sem heitir Drottni karld\u00fdri \u00far hj\u00f6r\u00f0 sinni en f\u00f3rnar Drottni s\u00ed\u00f0an gallagrip.<span class=\"nedan_mal\" title=\" \u00c1tt er vi\u00f0 skepnu sem ekki fulln\u00e6gir kr\u00f6fu l\u00f6gm\u00e1lsins um f\u00f3rnard\u00fdr. \">[<\/span> \u00dev\u00ed a\u00f0 \u00e9g er mikill konungur, segir Drottinn hersveitanna, og nafn mitt er mikilsvirt me\u00f0al \u00fej\u00f3\u00f0anna.<\/p>\n","protected":false},"excerpt":{"rendered":"<p>1 Sp\u00e1d\u00f3mur fr\u00e1 Gu\u00f0i. Or\u00f0 Drottins til \u00cdsraels fyrir munn Malak\u00ed. Gu\u00f0 elskar \u00cdsrael 2 \u00c9g elska ykkur, segir Drottinn. En \u00fei\u00f0 spyrji\u00f0: \u201eHvernig hefur \u00fe\u00fa s\u00fdnt okkur k\u00e6rleika \u00feinn?\u201c Er Esa\u00fa ekki br\u00f3\u00f0ir Jakobs? spyr Drottinn. 3 Samt elska \u00e9g Jakob og hata Esa\u00fa. \u00c9g geri fjalllendi hans a\u00f0 au\u00f0n og f\u00e6 sjak\u00f6lum ey\u00f0imerkurinnar erf\u00f0aland hans. 4 Segi Ed\u00f3m\u00edtar: \u201eVi\u00f0 h\u00f6fum or\u00f0i\u00f0 fyrir ey\u00f0ingu en vi\u00f0 munum endurreisa r\u00fastirnar,\u201c \u00fe\u00e1 segir Drottinn hersveitanna: Byggi \u00feeir mun \u00e9g ni\u00f0ur r\u00edfa uns \u00feeir ver\u00f0a kenndir vi\u00f0 land rangl\u00e6tisins og nefndir \u00fej\u00f3\u00f0in sem Drottinn er \u00e6vinlega rei\u00f0ur. 5 \u00dei\u00f0 munu\u00f0 sj\u00e1 \u00fea\u00f0 <a href=\"https:\/\/biblian.is\/biblian\/malaki-1-kafli\/\"> [&#8230;]<\/a><\/p>\n","protected":false},"author":1,"featured_media":0,"parent":0,"menu_order":0,"comment_status":"open","ping_status":"closed","template":"bibliukaflar_NT.php","meta":{"footnotes":""},"class_list":["post-2544","page","type-page","status-publish","hentry"],"_links":{"self":[{"href":"https:\/\/biblian.is\/biblian\/wp-json\/wp\/v2\/pages\/2544","targetHints":{"allow":["GET"]}}],"collection":[{"href":"https:\/\/biblian.is\/biblian\/wp-json\/wp\/v2\/pages"}],"about":[{"href":"https:\/\/biblian.is\/biblian\/wp-json\/wp\/v2\/types\/page"}],"author":[{"embeddable":true,"href":"https:\/\/biblian.is\/biblian\/wp-json\/wp\/v2\/users\/1"}],"replies":[{"embeddable":true,"href":"https:\/\/biblian.is\/biblian\/wp-json\/wp\/v2\/comments?post=2544"}],"version-history":[{"count":0,"href":"https:\/\/biblian.is\/biblian\/wp-json\/wp\/v2\/pages\/2544\/revisions"}],"wp:attachment":[{"href":"https:\/\/biblian.is\/biblian\/wp-json\/wp\/v2\/media?parent=2544"}],"curies":[{"name":"wp","href":"https:\/\/api.w.org\/{rel}","templated":true}]}}