{"id":2543,"date":"2017-12-30T21:03:39","date_gmt":"2017-12-30T21:03:39","guid":{"rendered":"http:\/\/biblian.is\/biblian\/sakar%c2%92a-14-kafli\/"},"modified":"2024-03-19T16:12:14","modified_gmt":"2024-03-19T16:12:14","slug":"sakaria-14-kafli","status":"publish","type":"page","link":"https:\/\/biblian.is\/biblian\/sakaria-14-kafli\/","title":{"rendered":"Sakar\u00eda 14. kafli"},"content":{"rendered":"<h3 class=\"millifyrirsogn_2007\"> Dagur Drottins<\/h3>\n<p><a name=\"1\"><span class=\"versanumer_2007\">1<\/span><\/a> Sj\u00e1, s\u00e1 dagur kemur fr\u00e1 Drottni a\u00f0 herfangi \u00fe\u00ednu ver\u00f0ur skipt \u00ed \u00fe\u00e9r mi\u00f0ri. <a name=\"2\"><span class=\"versanumer_2007\">2<\/span><\/a> \u00c9g mun safna \u00f6llum \u00fej\u00f3\u00f0unum til herna\u00f0ar gegn Jer\u00fasalem, borgin ver\u00f0ur tekin, h\u00fasin r\u00e6nd og konunum nau\u00f0ga\u00f0. Helmingur borgarb\u00faa ver\u00f0ur herleiddur en ekki ver\u00f0ur uppr\u00e6ttur s\u00e1 hluti \u00feeirra sem eftir ver\u00f0ur \u00ed borginni. <a name=\"3\"><span class=\"versanumer_2007\">3<\/span><\/a> \u00de\u00e1 mun Drottinn fara og berjast vi\u00f0 \u00feessar \u00fej\u00f3\u00f0ir eins og hann gerir \u00e1 orrustudegi. <a name=\"4\"><span class=\"versanumer_2007\">4<\/span><\/a> Og \u00e1 \u00feeim degi munu f\u00e6tur hans sta\u00f0n\u00e6mast \u00e1 Ol\u00edufjallinu austur af Jer\u00fasalem. Og Ol\u00edufjalli\u00f0 mun klofna \u00ed mi\u00f0ju fr\u00e1 austri til vesturs. \u00dear ver\u00f0ur firnav\u00ed\u00f0ur dalur er helmingur fjallsins f\u00e6rist \u00ed nor\u00f0ur en hinn \u00ed su\u00f0ur. <a name=\"5\"><span class=\"versanumer_2007\">5<\/span><\/a> Og \u00fei\u00f0 skulu\u00f0 fl\u00fdja \u00ed fjalldal minn, en dalurinn n\u00e6r allt til Asal, fl\u00fdja eins og \u00fei\u00f0 fl\u00fd\u00f0u\u00f0 jar\u00f0skj\u00e1lftann \u00e1 d\u00f6gum \u00dass\u00eda J\u00fadakonungs. En Drottinn, Gu\u00f0 minn, mun koma og me\u00f0 honum allir heilagir. <br \/> <a name=\"6\"><span class=\"versanumer_2007\">6<\/span><\/a> \u00c1 \u00feeim degi ver\u00f0ur hvorki hl\u00fd s\u00f3larbirta n\u00e9 svalt m\u00e1naskin, <a name=\"7\"><span class=\"versanumer_2007\">7<\/span><\/a> \u00fea\u00f0 ver\u00f0ur samfelldur dagur og \u00e1 \u00fev\u00ed kann Drottinn einn skil. Ekki dagur, ekki n\u00f3tt og jafnvel a\u00f0 kv\u00f6ldinu ver\u00f0ur bjart. <a name=\"8\"><span class=\"versanumer_2007\">8<\/span><\/a> \u00c1 \u00feeim degi mun ferskt vatn streyma fr\u00e1 Jer\u00fasalem, a\u00f0 h\u00e1lfu \u00ed austurhafi\u00f0 og a\u00f0 h\u00e1lfu \u00ed vesturhafi\u00f0, jafnt sumar sem vetur. <a name=\"9\"><span class=\"versanumer_2007\">9<\/span><\/a> Drottinn mun \u00fe\u00e1 ver\u00f0a konungur yfir ver\u00f6ldinni allri. \u00c1 \u00feeim degi mun Drottinn ver\u00f0a einn og nafn hans eitt. <br \/> <a name=\"10\"><span class=\"versanumer_2007\">10<\/span><\/a> Allt landi\u00f0 ver\u00f0ur sl\u00e9tt eins og J\u00f3rdanardalur allt fr\u00e1 Geba til Rimmon su\u00f0ur af Jer\u00fasalem, en h\u00fan mun gn\u00e6fa h\u00e1tt, \u00f3bifanleg \u00e1 sta\u00f0 s\u00ednum, fr\u00e1 Benjam\u00ednshli\u00f0i, \u00feanga\u00f0 sem fyrra hli\u00f0i\u00f0 var, allt a\u00f0 hornhli\u00f0inu og fr\u00e1 Hananelturni til konungsv\u00edn\u00fer\u00f3nna. <a name=\"11\"><span class=\"versanumer_2007\">11<\/span><\/a> Menn munu b\u00faa \u00fear og bannf\u00e6ring kemur ekki yfir hana framar. Jer\u00fasalem mun ver\u00f0a \u00f3hult. <br \/> <a name=\"12\"><span class=\"versanumer_2007\">12<\/span><\/a> Yfir allar \u00fej\u00f3\u00f0ir sem herju\u00f0u \u00e1 Jer\u00fasalem mun Drottinn senda pl\u00e1gu: Hann mun l\u00e1ta hold \u00feeirra rotna me\u00f0an \u00feeir standa enn \u00ed f\u00e6turna, augu \u00feeirra l\u00e6tur hann morkna \u00ed augnat\u00f3ttunum og tunguna visna \u00ed munni \u00feeirra. <a name=\"13\"><span class=\"versanumer_2007\">13<\/span><\/a> \u00c1 \u00feeim degi mun skelfingin hvolfast yfir \u00fe\u00e1 fr\u00e1 Drottni, \u00feeir munu \u00fer\u00edfa hver \u00ed annars h\u00f6nd og hver h\u00f6ndin ver\u00f0ur uppi \u00e1 m\u00f3ti annarri. <a name=\"14\"><span class=\"versanumer_2007\">14<\/span><\/a> Jafnvel J\u00fada mun berjast me\u00f0 gegn Jer\u00fasalem. \u00de\u00e1 ver\u00f0ur au\u00f0i grann\u00fej\u00f3\u00f0anna safna\u00f0 saman, \u00f3kj\u00f6rum af gulli, silfri og kl\u00e6\u00f0um. <a name=\"15\"><span class=\"versanumer_2007\">15<\/span><\/a> Og sama pl\u00e1gan mun einnig ganga yfir hesta, m\u00fald\u00fdr, \u00falfalda, asna og allar skepnur \u00ed \u00feeim b\u00fa\u00f0um. <br \/> <a name=\"16\"><span class=\"versanumer_2007\">16<\/span><\/a> En allir sem eftir lifa af \u00f6llum \u00fej\u00f3\u00f0um sem herja\u00f0 hafa \u00e1 Jer\u00fasalem munu \u00e1rlega fara \u00feanga\u00f0 til a\u00f0 falla fram fyrir konunginum, Drottni allsherjar, og til a\u00f0 halda laufsk\u00e1lah\u00e1t\u00ed\u00f0ina. <a name=\"17\"><span class=\"versanumer_2007\">17<\/span><\/a> En engin regnsk\u00far mun koma yfir \u00fe\u00e1 menn af kynkv\u00edslum jar\u00f0arinnar sem ekki fara upp til Jer\u00fasalem til a\u00f0 falla fram fyrir konunginum, Drottni allsherjar. <a name=\"18\"><span class=\"versanumer_2007\">18<\/span><\/a> En fari kynkv\u00edsl Egyptalands ekki \u00feanga\u00f0 mun sama pl\u00e1gan \u00fe\u00f3 ekki ganga yfir hana og Drottinn l\u00e6tur koma yfir \u00fe\u00e6r \u00fej\u00f3\u00f0ir sem ekki fara \u00feanga\u00f0 til a\u00f0 halda laufsk\u00e1lah\u00e1t\u00ed\u00f0ina. <a name=\"19\"><span class=\"versanumer_2007\">19<\/span><\/a> \u00deetta skal ver\u00f0a hegning Egypta og allra \u00feeirra \u00fej\u00f3\u00f0a sem ekki fara \u00feanga\u00f0 til a\u00f0 halda laufsk\u00e1lah\u00e1t\u00ed\u00f0ina. <br \/> <a name=\"20\"><span class=\"versanumer_2007\">20<\/span><\/a> \u00c1 \u00feeim degi ver\u00f0ur letra\u00f0 \u00e1 bj\u00f6llur hestanna: \u201eHelga\u00f0ur Drottni\u201c og katlarnir \u00ed h\u00fasi Drottins munu ver\u00f0a jafnst\u00f3rir og f\u00f3rnarsk\u00e1larnar fyrir altarinu. <a name=\"21\"><span class=\"versanumer_2007\">21<\/span><\/a> Og s\u00e9rhver ketill \u00ed Jer\u00fasalem og J\u00fada ver\u00f0ur helga\u00f0ur Drottni allsherjar og allir \u00feeir sem f\u00e6ra f\u00f3rnir munu koma og taka einhvern \u00feeirra til a\u00f0 sj\u00f3\u00f0a \u00ed. \u00c1 \u00feeim degi ver\u00f0a engir mangarar<span class=\"nedan_mal\" title=\" Or\u00f0r\u00e9tt: Kanverjar. \">[<\/span> framar \u00ed h\u00fasi Drottins allsherjar. <\/p>\n","protected":false},"excerpt":{"rendered":"<p>Dagur Drottins 1 Sj\u00e1, s\u00e1 dagur kemur fr\u00e1 Drottni a\u00f0 herfangi \u00fe\u00ednu ver\u00f0ur skipt \u00ed \u00fe\u00e9r mi\u00f0ri. 2 \u00c9g mun safna \u00f6llum \u00fej\u00f3\u00f0unum til herna\u00f0ar gegn Jer\u00fasalem, borgin ver\u00f0ur tekin, h\u00fasin r\u00e6nd og konunum nau\u00f0ga\u00f0. Helmingur borgarb\u00faa ver\u00f0ur herleiddur en ekki ver\u00f0ur uppr\u00e6ttur s\u00e1 hluti \u00feeirra sem eftir ver\u00f0ur \u00ed borginni. 3 \u00de\u00e1 mun Drottinn fara og berjast vi\u00f0 \u00feessar \u00fej\u00f3\u00f0ir eins og hann gerir \u00e1 orrustudegi. 4 Og \u00e1 \u00feeim degi munu f\u00e6tur hans sta\u00f0n\u00e6mast \u00e1 Ol\u00edufjallinu austur af Jer\u00fasalem. Og Ol\u00edufjalli\u00f0 mun klofna \u00ed mi\u00f0ju fr\u00e1 austri til vesturs. \u00dear ver\u00f0ur firnav\u00ed\u00f0ur dalur er helmingur fjallsins f\u00e6rist \u00ed <a href=\"https:\/\/biblian.is\/biblian\/sakaria-14-kafli\/\"> [&#8230;]<\/a><\/p>\n","protected":false},"author":1,"featured_media":0,"parent":0,"menu_order":0,"comment_status":"open","ping_status":"open","template":"bibliukaflar_NT.php","meta":{"footnotes":""},"class_list":["post-2543","page","type-page","status-publish","hentry"],"_links":{"self":[{"href":"https:\/\/biblian.is\/biblian\/wp-json\/wp\/v2\/pages\/2543","targetHints":{"allow":["GET"]}}],"collection":[{"href":"https:\/\/biblian.is\/biblian\/wp-json\/wp\/v2\/pages"}],"about":[{"href":"https:\/\/biblian.is\/biblian\/wp-json\/wp\/v2\/types\/page"}],"author":[{"embeddable":true,"href":"https:\/\/biblian.is\/biblian\/wp-json\/wp\/v2\/users\/1"}],"replies":[{"embeddable":true,"href":"https:\/\/biblian.is\/biblian\/wp-json\/wp\/v2\/comments?post=2543"}],"version-history":[{"count":0,"href":"https:\/\/biblian.is\/biblian\/wp-json\/wp\/v2\/pages\/2543\/revisions"}],"wp:attachment":[{"href":"https:\/\/biblian.is\/biblian\/wp-json\/wp\/v2\/media?parent=2543"}],"curies":[{"name":"wp","href":"https:\/\/api.w.org\/{rel}","templated":true}]}}