{"id":2540,"date":"2017-12-30T21:03:39","date_gmt":"2017-12-30T21:03:39","guid":{"rendered":"http:\/\/biblian.is\/biblian\/sakar%c2%92a-11-kafli\/"},"modified":"2024-03-19T16:12:13","modified_gmt":"2024-03-19T16:12:13","slug":"sakaria-11-kafli","status":"publish","type":"page","link":"https:\/\/biblian.is\/biblian\/sakaria-11-kafli\/","title":{"rendered":"Sakar\u00eda 11. kafli"},"content":{"rendered":"<p><span class=\"ljodatexti\"><a name=\"1\"><span class=\"versanumer_ljod\">1<\/span><\/a>Lj\u00fak upp hli\u00f0um \u00fe\u00ednum, L\u00edbanon, <br \/> svo a\u00f0 eldurinn geti eytt sedrustrj\u00e1m \u00fe\u00ednum. <br \/> <\/span> <span class=\"ljodatexti\"> <a name=\"2\"><span class=\"versanumer_ljod\">2<\/span><\/a>Kveina, k\u00fdprusvi\u00f0ur, <br \/>n\u00fa er sedrustr\u00e9\u00f0 falli\u00f0. <br \/>Barmi\u00f0 y\u00f0ur, eikur Basans, burtu er sk\u00f3gurinn mikli. <br \/> <\/span> <span class=\"ljodatexti\"> <a name=\"3\"><span class=\"versanumer_ljod\">3<\/span><\/a>Heyr kveinstafi smalanna. <br \/>S\u00e6md \u00feeirra er a\u00f0 engu or\u00f0in. <br \/>Heyr \u00f6skur lj\u00f3nshvolpanna. <br \/>Sk\u00f3garnir vi\u00f0 J\u00f3rdan eru gereyddir. <\/span> <\/p>\n<h3 class=\"millifyrirsogn_2007\">Tvenns konar hir\u00f0ar<\/h3>\n<p><a name=\"4\"><span class=\"versanumer_2007\">4<\/span><\/a> Svo sag\u00f0i Drottinn, Gu\u00f0 minn: \u00de\u00fa skalt g\u00e6ta sl\u00e1turfj\u00e1rins. <a name=\"5\"><span class=\"versanumer_2007\">5<\/span><\/a> Kaupendur \u00feess sl\u00e1tra \u00f3\u00e1reittir og seljendur \u00feess segja: \u201eLof s\u00e9 Drottni, \u00e9g er or\u00f0inn r\u00edkur,\u201c en hir\u00f0ar \u00feeirra v\u00e6gja f\u00e9nu ekki. <a name=\"6\"><span class=\"versanumer_2007\">6<\/span><\/a> \u00dev\u00ed a\u00f0 n\u00fa v\u00e6gi \u00e9g ekki framar \u00edb\u00faum \u00feessa lands, segir Drottinn, \u00e9g framsel mennina hvern \u00ed annars hendur og undir n\u00e1\u00f0 konungs \u00feeirra. \u00deeir munu ey\u00f0a landi\u00f0 en engan mun \u00e9g frelsa \u00far h\u00f6ndum \u00feeirra. <br \/> <a name=\"7\"><span class=\"versanumer_2007\">7<\/span><\/a> \u00de\u00e1 g\u00e6tti \u00e9g sl\u00e1turfj\u00e1rins fyrir fj\u00e1rkaupmennina. \u00c9g t\u00f3k m\u00e9r tvo stafi, kalla\u00f0i annan Hylli en hinn Sameiningu. H\u00e9lt \u00e9g s\u00ed\u00f0an \u00e1fram a\u00f0 sinna f\u00e9nu <a name=\"8\"><span class=\"versanumer_2007\">8<\/span><\/a> og ger\u00f0i \u00ferj\u00e1 hir\u00f0a \u00f3\u00fearfa \u00e1 einum m\u00e1nu\u00f0i. \u00c9g f\u00e9kk \u00f3beit \u00e1 f\u00e9nu og \u00fea\u00f0 f\u00e9kk einnig \u00f3beit \u00e1 m\u00e9r. <a name=\"9\"><span class=\"versanumer_2007\">9<\/span><\/a> Og \u00e9g sag\u00f0i: \u201e\u00c9g g\u00e6ti ykkar ekki. Deyi \u00fea\u00f0 sem deyja vill, farist \u00fea\u00f0 sem farast vill og \u00fea\u00f0 sem \u00fe\u00e1 ver\u00f0ur eftir eti hva\u00f0 annars hold.\u201c <a name=\"10\"><span class=\"versanumer_2007\">10<\/span><\/a> S\u00ed\u00f0an t\u00f3k \u00e9g staf minn Hylli og braut hann til a\u00f0 rj\u00fafa s\u00e1ttm\u00e1lann sem \u00e9g haf\u00f0i gert vi\u00f0 allar \u00fej\u00f3\u00f0ir. <a name=\"11\"><span class=\"versanumer_2007\">11<\/span><\/a> Og \u00e1 \u00feeim degi var s\u00e1ttm\u00e1linn rofinn og fj\u00e1rkaupmennirnir s\u00e1u \u00fea\u00f0 og vissu a\u00f0 \u00feetta var or\u00f0 Drottins. <a name=\"12\"><span class=\"versanumer_2007\">12<\/span><\/a> Og \u00e9g sag\u00f0i vi\u00f0 \u00fe\u00e1: \u201eS\u00e9u\u00f0 \u00fei\u00f0 \u00e1n\u00e6g\u00f0ir, grei\u00f0i\u00f0 m\u00e9r \u00fe\u00e1 laun m\u00edn en l\u00e1ti\u00f0 \u00fea\u00f0 vera a\u00f0 \u00f6\u00f0rum kosti.\u201c Og \u00feeir v\u00f3gu m\u00e9r \u00ferj\u00e1t\u00edu sikla af silfri \u00ed laun. <a name=\"13\"><span class=\"versanumer_2007\">13<\/span><\/a> En Drottinn sag\u00f0i vi\u00f0 mig: Varpa\u00f0u \u00fev\u00ed \u00ed sj\u00f3\u00f0inn, \u00feessu h\u00e1a ver\u00f0i sem \u00feeir hafa meti\u00f0 mig til. Og \u00e9g t\u00f3k silfursiklana \u00ferj\u00e1t\u00edu og varpa\u00f0i \u00feeim \u00ed sj\u00f3\u00f0inn \u00ed musteri Drottins. <br \/> <a name=\"14\"><span class=\"versanumer_2007\">14<\/span><\/a> \u00de\u00e1 braut \u00e9g hinn stafinn, Sameiningu, til \u00feess a\u00f0 rj\u00fafa br\u00e6\u00f0ralagi\u00f0 milli J\u00fada og \u00cdsraels. <a name=\"15\"><span class=\"versanumer_2007\">15<\/span><\/a> Og Drottinn sag\u00f0i vi\u00f0 mig: Taktu \u00fe\u00e9r verkf\u00e6ri sem h\u00e6fa heimskum hir\u00f0i <a name=\"16\"><span class=\"versanumer_2007\">16<\/span><\/a> \u00fev\u00ed a\u00f0 sj\u00e1lfur \u00e6tla \u00e9g a\u00f0 l\u00e1ta koma fram \u00ed landinu hir\u00f0i sem sinnir ekki \u00fev\u00ed sem t\u00fdnst hefur, leitar ekki \u00feess sem villst hefur, gr\u00e6\u00f0ir ekki \u00fea\u00f0 sem mei\u00f0st hefur, annast ekki \u00fea\u00f0 sem heilbrigt er heldur etur kj\u00f6ti\u00f0 af feitu gripunum og r\u00edfur af \u00feeim klaufirnar. <br \/> <span class=\"ljodatexti\"><a name=\"17\"><span class=\"versanumer_ljod\">17<\/span><\/a>Vei \u00feeim \u00f3n\u00fdta hir\u00f0i <br \/> sem yfirgefur hj\u00f6r\u00f0ina. <br \/>Megi sver\u00f0i\u00f0 r\u00ed\u00f0a \u00e1 handlegg hans <br \/>og h\u00e6gra auga. <br \/>Handleggur hans mun visna upp <br \/>og h\u00e6gra auga hans blindast me\u00f0 \u00f6llu. <\/span> <\/p>\n","protected":false},"excerpt":{"rendered":"<p>1Lj\u00fak upp hli\u00f0um \u00fe\u00ednum, L\u00edbanon, svo a\u00f0 eldurinn geti eytt sedrustrj\u00e1m \u00fe\u00ednum. 2Kveina, k\u00fdprusvi\u00f0ur, n\u00fa er sedrustr\u00e9\u00f0 falli\u00f0. Barmi\u00f0 y\u00f0ur, eikur Basans, burtu er sk\u00f3gurinn mikli. 3Heyr kveinstafi smalanna. S\u00e6md \u00feeirra er a\u00f0 engu or\u00f0in. Heyr \u00f6skur lj\u00f3nshvolpanna. Sk\u00f3garnir vi\u00f0 J\u00f3rdan eru gereyddir. Tvenns konar hir\u00f0ar 4 Svo sag\u00f0i Drottinn, Gu\u00f0 minn: \u00de\u00fa skalt g\u00e6ta sl\u00e1turfj\u00e1rins. 5 Kaupendur \u00feess sl\u00e1tra \u00f3\u00e1reittir og seljendur \u00feess segja: \u201eLof s\u00e9 Drottni, \u00e9g er or\u00f0inn r\u00edkur,\u201c en hir\u00f0ar \u00feeirra v\u00e6gja f\u00e9nu ekki. 6 \u00dev\u00ed a\u00f0 n\u00fa v\u00e6gi \u00e9g ekki framar \u00edb\u00faum \u00feessa lands, segir Drottinn, \u00e9g framsel mennina hvern \u00ed annars hendur og undir <a href=\"https:\/\/biblian.is\/biblian\/sakaria-11-kafli\/\"> [&#8230;]<\/a><\/p>\n","protected":false},"author":1,"featured_media":0,"parent":0,"menu_order":0,"comment_status":"open","ping_status":"open","template":"bibliukaflar_NT.php","meta":{"footnotes":""},"class_list":["post-2540","page","type-page","status-publish","hentry"],"_links":{"self":[{"href":"https:\/\/biblian.is\/biblian\/wp-json\/wp\/v2\/pages\/2540","targetHints":{"allow":["GET"]}}],"collection":[{"href":"https:\/\/biblian.is\/biblian\/wp-json\/wp\/v2\/pages"}],"about":[{"href":"https:\/\/biblian.is\/biblian\/wp-json\/wp\/v2\/types\/page"}],"author":[{"embeddable":true,"href":"https:\/\/biblian.is\/biblian\/wp-json\/wp\/v2\/users\/1"}],"replies":[{"embeddable":true,"href":"https:\/\/biblian.is\/biblian\/wp-json\/wp\/v2\/comments?post=2540"}],"version-history":[{"count":0,"href":"https:\/\/biblian.is\/biblian\/wp-json\/wp\/v2\/pages\/2540\/revisions"}],"wp:attachment":[{"href":"https:\/\/biblian.is\/biblian\/wp-json\/wp\/v2\/media?parent=2540"}],"curies":[{"name":"wp","href":"https:\/\/api.w.org\/{rel}","templated":true}]}}