{"id":2539,"date":"2017-12-30T21:03:39","date_gmt":"2017-12-30T21:03:39","guid":{"rendered":"http:\/\/biblian.is\/biblian\/sakar%c2%92a-10-kafli\/"},"modified":"2024-03-19T16:12:13","modified_gmt":"2024-03-19T16:12:13","slug":"sakaria-10-kafli","status":"publish","type":"page","link":"https:\/\/biblian.is\/biblian\/sakaria-10-kafli\/","title":{"rendered":"Sakar\u00eda 10. kafli"},"content":{"rendered":"<h3 class=\"millifyrirsogn_2007\"> Heimf\u00f6rin<\/h3>\n<p><a name=\"1\"><span class=\"versanumer_2007\">1<\/span><\/a> Bi\u00f0ji\u00f0 Drottin um regn <br \/> <span class=\"ljodatexti\"> \u00feegar regnt\u00ed\u00f0 seinkar, <br \/>Drottin, sem eldingarnar sendir, um regn og sk\u00farir. <br \/>Hann gefur m\u00f6nnum <br \/>brau\u00f0 og gr\u00f3\u00f0ur jar\u00f0ar. <br \/> <\/span> <span class=\"ljodatexti\"> <a name=\"2\"><span class=\"versanumer_ljod\">2<\/span><\/a>Or\u00f0 h\u00fasgu\u00f0anna voru \u00f3merk <br \/>og sp\u00e1sagnamennirnir s\u00e1u t\u00e1ls\u00fdnir. <br \/>Sv\u00f6r draumanna voru blekking <br \/>og huggun \u00feeirra h\u00e9g\u00f3mi. <br \/>Vegna \u00feess hafa \u00feeir villst af lei\u00f0 eins og hj\u00f6r\u00f0 <br \/>og eru \u00ed nau\u00f0um \u00fev\u00ed a\u00f0 enginn er hir\u00f0irinn. <br \/> <\/span> <span class=\"ljodatexti\"> <a name=\"3\"><span class=\"versanumer_ljod\">3<\/span><\/a>Hir\u00f0unum er \u00e9g b\u00e1lrei\u00f0ur <br \/>og forystuh\u00f6frunum mun \u00e9g refsa. <br \/>Drottinn allsherjar <br \/>ber umhyggju fyrir hj\u00f6r\u00f0 sinni, \u00e6tt J\u00fada, <br \/>og hefur gert hana a\u00f0 tignarg\u00e6\u00f0ingi s\u00ednum \u00ed str\u00ed\u00f0inu. <br \/> <\/span> <span class=\"ljodatexti\"> <a name=\"4\"><span class=\"versanumer_ljod\">4<\/span><\/a>Fr\u00e1 henni kemur hornsteinninn, fr\u00e1 henni tjaldh\u00e6llinn, <br \/>fr\u00e1 henni str\u00ed\u00f0sboginn, <br \/>fr\u00e1 henni koma allir lei\u00f0togarnir saman. <br \/> <\/span> <span class=\"ljodatexti\"> <a name=\"5\"><span class=\"versanumer_ljod\">5<\/span><\/a>\u00cd str\u00ed\u00f0inu ver\u00f0a \u00feeir \u00e1\u00feekkir \u00feeim hetjum <br \/>sem \u00f6sla for \u00e1 str\u00e6tum. <br \/>\u00deeir berjast vasklega \u00fev\u00ed a\u00f0 Drottinn er me\u00f0 \u00feeim <br \/>og gera \u00feeim minnkun sem hestunum r\u00ed\u00f0a. <br \/> <\/span> <span class=\"ljodatexti\"> <a name=\"6\"><span class=\"versanumer_ljod\">6<\/span><\/a>\u00c9g efli \u00e6tt J\u00fada <br \/>og bjarga \u00e6tt J\u00f3sefs. <br \/>\u00c9g lei\u00f0i \u00fe\u00e1 aftur heim <br \/>\u00fev\u00ed a\u00f0 \u00feeir eiga sam\u00fa\u00f0 m\u00edna. <br \/>\u00deeir skulu vera eins og \u00e9g hafi aldrei hafna\u00f0 \u00feeim. <br \/>\u00c9g er Drottinn <br \/>og \u00e9g b\u00e6nheyri \u00fe\u00e1. <br \/> <\/span> <span class=\"ljodatexti\"> <a name=\"7\"><span class=\"versanumer_ljod\">7<\/span><\/a>Efra\u00edmsmenn ver\u00f0a sem hetjur <br \/>og hjarta \u00feeirra gle\u00f0st eins og af v\u00edni. <br \/>\u00dea\u00f0 munu b\u00f6rn \u00feeirra sj\u00e1 og k\u00e6tast, <br \/>hjarta \u00feeirra mun fagna \u00ed Drottni. <br \/> <\/span> <span class=\"ljodatexti\"> <a name=\"8\"><span class=\"versanumer_ljod\">8<\/span><\/a>\u00c9g bl\u00edstra til \u00feeirra og safna \u00feeim saman <br \/>\u00fev\u00ed a\u00f0 \u00e9g veiti \u00feeim lausn, og \u00feeir munu ver\u00f0a jafnfj\u00f6lmennir <br \/>og \u00feeir voru for\u00f0um. <br \/> <\/span> <span class=\"ljodatexti\"> <a name=\"9\"><span class=\"versanumer_ljod\">9<\/span><\/a>\u00c9g dreifi \u00feeim me\u00f0al \u00fej\u00f3\u00f0anna <br \/>en \u00e1 fjarl\u00e6gum sl\u00f3\u00f0um munu \u00feeir minnast m\u00edn, <br \/>halda l\u00edfi og sn\u00faa aftur \u00e1samt b\u00f6rnum s\u00ednum. <br \/> <\/span> <span class=\"ljodatexti\"> <a name=\"10\"><span class=\"versanumer_ljod\">10<\/span><\/a>\u00c9g f\u00e6ri \u00fe\u00e1 heim aftur fr\u00e1 Egyptalandi <br \/>og safna \u00feeim saman fr\u00e1 Ass\u00fdr\u00edu. <br \/>\u00c9g lei\u00f0i \u00fe\u00e1 inn \u00ed G\u00edlea\u00f0 og L\u00edbanon <br \/>og landi\u00f0 mun ekki r\u00fama \u00fe\u00e1. <br \/> <\/span> <span class=\"ljodatexti\"> <a name=\"11\"><span class=\"versanumer_ljod\">11<\/span><\/a>En \u00ferengingar munu fara yfir hafi\u00f0 <br \/>og \u00fdfa \u00f6ldurnar. <br \/>Allir \u00e1lar N\u00edlarflj\u00f3ts munu \u00feorna. <br \/>Beyg\u00f0ur ver\u00f0ur hroki Ass\u00fdr\u00edu <br \/>og Egyptaland svipt veldissprota s\u00ednum. <br \/> <\/span> <span class=\"ljodatexti\"> <a name=\"12\"><span class=\"versanumer_ljod\">12<\/span><\/a>\u00c9g geri \u00fe\u00e1 styrka \u00ed Drottni <br \/>og \u00ed hans nafni munu \u00feeir ganga, <br \/>segir Drottinn. <\/span> <\/p>\n","protected":false},"excerpt":{"rendered":"<p>Heimf\u00f6rin 1 Bi\u00f0ji\u00f0 Drottin um regn \u00feegar regnt\u00ed\u00f0 seinkar, Drottin, sem eldingarnar sendir, um regn og sk\u00farir. Hann gefur m\u00f6nnum brau\u00f0 og gr\u00f3\u00f0ur jar\u00f0ar. 2Or\u00f0 h\u00fasgu\u00f0anna voru \u00f3merk og sp\u00e1sagnamennirnir s\u00e1u t\u00e1ls\u00fdnir. Sv\u00f6r draumanna voru blekking og huggun \u00feeirra h\u00e9g\u00f3mi. Vegna \u00feess hafa \u00feeir villst af lei\u00f0 eins og hj\u00f6r\u00f0 og eru \u00ed nau\u00f0um \u00fev\u00ed a\u00f0 enginn er hir\u00f0irinn. 3Hir\u00f0unum er \u00e9g b\u00e1lrei\u00f0ur og forystuh\u00f6frunum mun \u00e9g refsa. Drottinn allsherjar ber umhyggju fyrir hj\u00f6r\u00f0 sinni, \u00e6tt J\u00fada, og hefur gert hana a\u00f0 tignarg\u00e6\u00f0ingi s\u00ednum \u00ed str\u00ed\u00f0inu. 4Fr\u00e1 henni kemur hornsteinninn, fr\u00e1 henni tjaldh\u00e6llinn, fr\u00e1 henni str\u00ed\u00f0sboginn, fr\u00e1 henni koma allir <a href=\"https:\/\/biblian.is\/biblian\/sakaria-10-kafli\/\"> [&#8230;]<\/a><\/p>\n","protected":false},"author":1,"featured_media":0,"parent":0,"menu_order":0,"comment_status":"open","ping_status":"open","template":"bibliukaflar_NT.php","meta":{"footnotes":""},"class_list":["post-2539","page","type-page","status-publish","hentry"],"_links":{"self":[{"href":"https:\/\/biblian.is\/biblian\/wp-json\/wp\/v2\/pages\/2539","targetHints":{"allow":["GET"]}}],"collection":[{"href":"https:\/\/biblian.is\/biblian\/wp-json\/wp\/v2\/pages"}],"about":[{"href":"https:\/\/biblian.is\/biblian\/wp-json\/wp\/v2\/types\/page"}],"author":[{"embeddable":true,"href":"https:\/\/biblian.is\/biblian\/wp-json\/wp\/v2\/users\/1"}],"replies":[{"embeddable":true,"href":"https:\/\/biblian.is\/biblian\/wp-json\/wp\/v2\/comments?post=2539"}],"version-history":[{"count":0,"href":"https:\/\/biblian.is\/biblian\/wp-json\/wp\/v2\/pages\/2539\/revisions"}],"wp:attachment":[{"href":"https:\/\/biblian.is\/biblian\/wp-json\/wp\/v2\/media?parent=2539"}],"curies":[{"name":"wp","href":"https:\/\/api.w.org\/{rel}","templated":true}]}}