{"id":2538,"date":"2017-12-30T21:03:39","date_gmt":"2017-12-30T21:03:39","guid":{"rendered":"http:\/\/biblian.is\/biblian\/sakar%c2%92a-9-kafli\/"},"modified":"2024-03-19T16:12:15","modified_gmt":"2024-03-19T16:12:15","slug":"sakaria-9-kafli","status":"publish","type":"page","link":"https:\/\/biblian.is\/biblian\/sakaria-9-kafli\/","title":{"rendered":"Sakar\u00eda 9. kafli"},"content":{"rendered":"<h3 class=\"millifyrirsogn_2007\"> Gegn \u00fej\u00f3\u00f0unum<\/h3>\n<p><a name=\"1\"><span class=\"versanumer_2007\">1<\/span><\/a> Sp\u00e1d\u00f3mur. <br \/> <span class=\"ljodatexti\"> Or\u00f0 Drottins mun dveljast \u00ed Hadraklandi <br \/>og Damaskus \u00fev\u00ed a\u00f0 sj\u00f3nir allra manna hv\u00edla \u00e1 Drottni <br \/>eins og augu \u00cdsraels \u00e6tta. <br \/> <\/span> <span class=\"ljodatexti\"> <a name=\"2\"><span class=\"versanumer_ljod\">2<\/span><\/a>Einnig \u00ed Hamat, sem er \u00fear n\u00e6rri, <br \/>og \u00ed T\u00fdrus og S\u00eddon \u00fev\u00ed a\u00f0 \u00fear er gn\u00e6g\u00f0 visku.<br \/> <\/span> <span class=\"ljodatexti\"> <a name=\"3\"><span class=\"versanumer_ljod\">3<\/span><\/a>T\u00fdrus reisti s\u00e9r v\u00edgi <br \/>og hr\u00faga\u00f0i upp silfri r\u00e9tt eins og mold, <br \/>og gulli eins og for af str\u00e6tum. <br \/> <\/span> <span class=\"ljodatexti\"> <a name=\"4\"><span class=\"versanumer_ljod\">4<\/span><\/a>En Drottinn mun svipta hana eigum s\u00ednum <br \/>og varpa herstyrk hennar \u00ed hafi\u00f0 <br \/>og sj\u00e1lf mun h\u00fan ver\u00f0a eldi a\u00f0 br\u00e1\u00f0. <br \/> <\/span> <span class=\"ljodatexti\"> <a name=\"5\"><span class=\"versanumer_ljod\">5<\/span><\/a>\u00dea\u00f0 mun Askalon sj\u00e1 og \u00f3ttast <br \/>en Gasa ri\u00f0a af skelfingu <br \/>og einnig Ekron er von hennar sn\u00fdst \u00ed blyg\u00f0un. <br \/>Konungslaus ver\u00f0ur Gasa <br \/>og Askalon \u00f3bygg\u00f0, <br \/> <\/span> <span class=\"ljodatexti\"> <a name=\"6\"><span class=\"versanumer_ljod\">6<\/span><\/a>\u00fej\u00f3\u00f0ablanda mun b\u00faa \u00ed Asd\u00f3d <br \/>og \u00e9g bind enda \u00e1 yfirl\u00e6ti Filistea. <br \/> <\/span> <span class=\"ljodatexti\"> <a name=\"7\"><span class=\"versanumer_ljod\">7<\/span><\/a>\u00c9g hreinsa bl\u00f3\u00f0i\u00f0 \u00far munni \u00feeirra <br \/>og vi\u00f0urstygg\u00f0ina undan t\u00f6nnum \u00feeirra. <br \/>\u00deeir sem eftir ver\u00f0a munu \u00fe\u00e1 heyra til Gu\u00f0i vorum. <br \/>\u00deeir ver\u00f0a eins og \u00e6ttarh\u00f6f\u00f0ingjar \u00ed J\u00fada <br \/>og Ekronmenn sem \u00edb\u00faar Jeb\u00fas. <br \/> <\/span> <span class=\"ljodatexti\"> <a name=\"8\"><span class=\"versanumer_ljod\">8<\/span><\/a>\u00c9g sl\u00e6 v\u00f6rn um h\u00fas mitt <br \/>eins og gegn herli\u00f0i <br \/>sem fram hj\u00e1 fer e\u00f0a aftur sn\u00fdr. <br \/>Enginn k\u00fagari mun framar tro\u00f0a \u00fe\u00e1 f\u00f3tum<br \/>\u00fev\u00ed a\u00f0 n\u00fa hef \u00e9g sj\u00e1lfur s\u00e9\u00f0 \u00fej\u00e1ningar \u00feeirra. <\/span> <\/p>\n<h3 class=\"millifyrirsogn_2007\">Fri\u00f0arh\u00f6f\u00f0inginn<\/h3>\n<p><span class=\"ljodatexti\"> <a name=\"9\"><span class=\"versanumer_ljod\">9<\/span><\/a>Fagna mj\u00f6g, d\u00f3ttirin S\u00edon, <br \/>l\u00e1t gle\u00f0il\u00e1tum, d\u00f3ttirin Jer\u00fasalem. <br \/>Sj\u00e1, konungur \u00feinn kemur til \u00fe\u00edn. <br \/>R\u00e9ttl\u00e1tur er hann og sigurs\u00e6ll,<br \/>l\u00edtill\u00e1tur og r\u00ed\u00f0ur asna, <br \/>ungum \u00f6snufola.<br \/> <\/span> <span class=\"ljodatexti\"> <a name=\"10\"><span class=\"versanumer_ljod\">10<\/span><\/a>Hann \u00fatr\u00fdmir herv\u00f6gnum \u00far Efra\u00edm <br \/>og v\u00edghestum \u00far Jer\u00fasalem. <br \/>\u00d6llum herbogum ver\u00f0ur eytt. <br \/>Hann mun bo\u00f0a \u00fej\u00f3\u00f0unum fri\u00f0 <br \/>og r\u00edki hans mun n\u00e1 fr\u00e1 hafi til hafs <br \/>og fr\u00e1 Flj\u00f3tinu <span class=\"nedan_mal\" title=\" \u00de.e. Efrat.\">[<\/span> til endimarka jar\u00f0ar. <\/span> <\/p>\n<h3 class=\"millifyrirsogn_2007\">Frelsun bandingjanna<\/h3>\n<p><span class=\"ljodatexti\"> <a name=\"11\"><span class=\"versanumer_ljod\">11<\/span><\/a>En vegna bl\u00f3\u00f0s s\u00e1ttm\u00e1la \u00fe\u00edns <br \/>l\u00e6t \u00e9g fanga \u00fe\u00edna lausa <br \/>\u00far gryfjunni vatnslausu. <br \/> <\/span> <span class=\"ljodatexti\"> <a name=\"12\"><span class=\"versanumer_ljod\">12<\/span><\/a>Sn\u00fai\u00f0 aftur til v\u00edgisins trausta, <br \/>\u00fe\u00e9r vong\u00f3\u00f0u bandingjar. <br \/>\u00cd dag er bo\u00f0a\u00f0: <br \/>\u00c9g endurgeld \u00fe\u00e9r tv\u00f6falt. <br \/> <\/span> <span class=\"ljodatexti\"> <a name=\"13\"><span class=\"versanumer_ljod\">13<\/span><\/a>\u00c9g spenni J\u00fada eins og boga, <br \/>fylli Efra\u00edm sem \u00f6rvam\u00e6li, <br \/>vek upp syni \u00fe\u00edna, S\u00edon, <br \/>gegn Javans ni\u00f0jum <span class=\"nedan_mal\" title=\" \u00de.e. Grikkjum.\">[<\/span> <br \/>og geri \u00far \u00fe\u00e9r sver\u00f0 \u00ed garps hendi. <br \/> <\/span> <span class=\"ljodatexti\"> <a name=\"14\"><span class=\"versanumer_ljod\">14<\/span><\/a>Yfir \u00feeim birtist Drottinn, <br \/>\u00f6rvar hans flj\u00faga sem eldingar. <br \/>Drottinn Gu\u00f0 \u00feeytir horni\u00f0, <br \/>hann fer me\u00f0 fellibyljum Su\u00f0urlandsins. <br \/> <\/span> <span class=\"ljodatexti\"> <a name=\"15\"><span class=\"versanumer_ljod\">15<\/span><\/a>Drottinn allsherjar ver\u00f0ur \u00feeim skj\u00f6ldur. <br \/>\u00deeir munu sigra \u00fe\u00e1 og tro\u00f0a sl\u00f6ngvusteina \u00feeirra undir f\u00f3tum, <br \/>\u00feeir drekka og hafa h\u00e1tt sem drukknir menn, <br \/>fl\u00f3a yfir eins og f\u00f3rnarsk\u00e1lar, <br \/>dreyrastokknir sem altarishorn. <br \/> <\/span> <span class=\"ljodatexti\"> <a name=\"16\"><span class=\"versanumer_ljod\">16<\/span><\/a>\u00c1 \u00feeim degi mun Drottinn, Gu\u00f0 \u00feeirra, bjarga \u00feeim <br \/>sem hj\u00f6r\u00f0 \u00fej\u00f3\u00f0ar sinnar <br \/>\u00fev\u00ed a\u00f0 \u00feeir eru sem glitrandi kr\u00fanusteinar yfir landi hans. <br \/> <\/span> <span class=\"ljodatexti\"> <a name=\"17\"><span class=\"versanumer_ljod\">17<\/span><\/a>Hv\u00edl\u00edkt er \u00e1g\u00e6ti \u00feess, hv\u00edl\u00edk fegur\u00f0 \u00feess. <br \/>Korni\u00f0 fj\u00f6rgar \u00e6skumenn <br \/>og v\u00edni\u00f0 yngismeyjar. <\/span> <\/p>\n","protected":false},"excerpt":{"rendered":"<p>Gegn \u00fej\u00f3\u00f0unum 1 Sp\u00e1d\u00f3mur. Or\u00f0 Drottins mun dveljast \u00ed Hadraklandi og Damaskus \u00fev\u00ed a\u00f0 sj\u00f3nir allra manna hv\u00edla \u00e1 Drottni eins og augu \u00cdsraels \u00e6tta. 2Einnig \u00ed Hamat, sem er \u00fear n\u00e6rri, og \u00ed T\u00fdrus og S\u00eddon \u00fev\u00ed a\u00f0 \u00fear er gn\u00e6g\u00f0 visku. 3T\u00fdrus reisti s\u00e9r v\u00edgi og hr\u00faga\u00f0i upp silfri r\u00e9tt eins og mold, og gulli eins og for af str\u00e6tum. 4En Drottinn mun svipta hana eigum s\u00ednum og varpa herstyrk hennar \u00ed hafi\u00f0 og sj\u00e1lf mun h\u00fan ver\u00f0a eldi a\u00f0 br\u00e1\u00f0. 5\u00dea\u00f0 mun Askalon sj\u00e1 og \u00f3ttast en Gasa ri\u00f0a af skelfingu og einnig Ekron er von hennar <a href=\"https:\/\/biblian.is\/biblian\/sakaria-9-kafli\/\"> [&#8230;]<\/a><\/p>\n","protected":false},"author":1,"featured_media":0,"parent":0,"menu_order":0,"comment_status":"open","ping_status":"open","template":"bibliukaflar_NT.php","meta":{"footnotes":""},"class_list":["post-2538","page","type-page","status-publish","hentry"],"_links":{"self":[{"href":"https:\/\/biblian.is\/biblian\/wp-json\/wp\/v2\/pages\/2538","targetHints":{"allow":["GET"]}}],"collection":[{"href":"https:\/\/biblian.is\/biblian\/wp-json\/wp\/v2\/pages"}],"about":[{"href":"https:\/\/biblian.is\/biblian\/wp-json\/wp\/v2\/types\/page"}],"author":[{"embeddable":true,"href":"https:\/\/biblian.is\/biblian\/wp-json\/wp\/v2\/users\/1"}],"replies":[{"embeddable":true,"href":"https:\/\/biblian.is\/biblian\/wp-json\/wp\/v2\/comments?post=2538"}],"version-history":[{"count":0,"href":"https:\/\/biblian.is\/biblian\/wp-json\/wp\/v2\/pages\/2538\/revisions"}],"wp:attachment":[{"href":"https:\/\/biblian.is\/biblian\/wp-json\/wp\/v2\/media?parent=2538"}],"curies":[{"name":"wp","href":"https:\/\/api.w.org\/{rel}","templated":true}]}}