{"id":2536,"date":"2017-12-30T21:03:34","date_gmt":"2017-12-30T21:03:34","guid":{"rendered":"http:\/\/biblian.is\/biblian\/sakar%c2%92a-7-kafli\/"},"modified":"2024-03-19T16:12:15","modified_gmt":"2024-03-19T16:12:15","slug":"sakaria-7-kafli","status":"publish","type":"page","link":"https:\/\/biblian.is\/biblian\/sakaria-7-kafli\/","title":{"rendered":"Sakar\u00eda 7. kafli"},"content":{"rendered":"<h3 class=\"millifyrirsogn_2007\"> R\u00f6ng fasta, r\u00e9tt breytni<\/h3>\n<p><a name=\"1\"><span class=\"versanumer_2007\">1<\/span><\/a> \u00c1 fj\u00f3r\u00f0a degi hins n\u00edunda m\u00e1na\u00f0ar, kislevm\u00e1na\u00f0ar, \u00e1 fj\u00f3r\u00f0a stj\u00f3rnar\u00e1ri Dar\u00edusar konungs barst Sakar\u00eda or\u00f0 Drottins. <a name=\"2\"><span class=\"versanumer_2007\">2<\/span><\/a> \u00de\u00e1 sendu \u00feeir Betel Sareser og Regem Melek og menn hans sendibo\u00f0a til \u00feess a\u00f0 leita fulltingis Drottins <a name=\"3\"><span class=\"versanumer_2007\">3<\/span><\/a> og leggja \u00feessa fyrirspurn fyrir prestana, sem \u00fej\u00f3nu\u00f0u \u00ed h\u00fasi Drottins, og fyrir sp\u00e1mennina: \u201e\u00c1 \u00e9g einnig a\u00f0 harma og fasta \u00ed fimmta m\u00e1nu\u00f0inum eins og \u00e9g hef gert \u00ed m\u00f6rg \u00e1r?\u201c <br \/> <a name=\"4\"><span class=\"versanumer_2007\">4<\/span><\/a> \u00de\u00e1 kom or\u00f0 Drottins til m\u00edn:<br \/> <a name=\"5\"><span class=\"versanumer_2007\">5<\/span><\/a> Tala \u00fe\u00fa til allra \u00edb\u00faa landsins og prestanna og seg\u00f0u: \u00dei\u00f0 hafi\u00f0 n\u00fa fasta\u00f0 og kveina\u00f0 \u00ed fimmta og sj\u00f6unda m\u00e1nu\u00f0i \u00ed sj\u00f6t\u00edu \u00e1r, en var \u00fea\u00f0 m\u00edn vegna a\u00f0 \u00fei\u00f0 f\u00f6stu\u00f0u\u00f0? <a name=\"6\"><span class=\"versanumer_2007\">6<\/span><\/a> \u00deegar \u00fei\u00f0 eti\u00f0 og drekki\u00f0, eru\u00f0 \u00fea\u00f0 \u00fe\u00e1 ekki \u00fei\u00f0 sem eti\u00f0 og eru\u00f0 \u00fea\u00f0 ekki \u00fei\u00f0 sem drekki\u00f0? <a name=\"7\"><span class=\"versanumer_2007\">7<\/span><\/a> Eru \u00feetta ekki \u00feau or\u00f0 sem Drottinn bo\u00f0a\u00f0i fyrir munn fyrri sp\u00e1mannanna \u00feegar Jer\u00fasalem var enn bygg\u00f0 og naut fri\u00f0ar \u00e1samt borgunum umhverfis hana og Su\u00f0urlandi\u00f0 og vesturhl\u00ed\u00f0arnar voru bygg\u00f0ar?<br \/> <a name=\"8\"><span class=\"versanumer_2007\">8<\/span><\/a> Or\u00f0 Drottins kom \u00fe\u00e1 til Sakar\u00eda: <a name=\"9\"><span class=\"versanumer_2007\">9<\/span><\/a> Svo segir Drottinn allsherjar: <br \/> <span class=\"ljodatexti\"> Felli\u00f0 r\u00e9ttl\u00e1ta d\u00f3ma <br \/>og s\u00fdni\u00f0 hver \u00f6\u00f0rum miskunnsemi og sam\u00fa\u00f0. <br \/> <\/span> <span class=\"ljodatexti\"> <a name=\"10\"><span class=\"versanumer_ljod\">10<\/span><\/a>N\u00ed\u00f0ist hvorki \u00e1 ekkjum, muna\u00f0arleysingjum, <br \/>a\u00f0komum\u00f6nnum n\u00e9 f\u00e1t\u00e6klingum <br \/>og hyggi\u00f0 ekki \u00e1 ill r\u00e1\u00f0 <br \/>hver gegn \u00f6\u00f0rum \u00ed hjarta y\u00f0ar. <\/span> <br \/> <a name=\"11\"><span class=\"versanumer_2007\">11<\/span><\/a> En \u00feessu vildu \u00feeir ekki gefa gaum, sneru vi\u00f0 baki \u00ed \u00ferj\u00f3sku og tr\u00f3\u00f0u \u00ed eyru s\u00edn svo a\u00f0 \u00feeir heyr\u00f0u ekki. <a name=\"12\"><span class=\"versanumer_2007\">12<\/span><\/a> Hj\u00f6rtu s\u00edn ger\u00f0u \u00feeir h\u00f6r\u00f0 sem stein svo a\u00f0 \u00feau n\u00e1mu ekki \u00e1minningar og vi\u00f0varanir Drottins sem hann haf\u00f0i bo\u00f0a\u00f0 me\u00f0 anda s\u00ednum fyrir munn hinna fyrri sp\u00e1manna. Spratt af \u00fev\u00ed \u00f3gnarbr\u00e6\u00f0i Drottins allsherjar. <br \/> <a name=\"13\"><span class=\"versanumer_2007\">13<\/span><\/a> Hann kalla\u00f0i en \u00feeir heyr\u00f0u ekki og eins munu \u00feeir n\u00fa kalla en \u00e9g ekki heyra, sag\u00f0i Drottinn allsherjar. <a name=\"14\"><span class=\"versanumer_2007\">14<\/span><\/a> \u00c9g feykti \u00feeim me\u00f0al allra \u00feeirra \u00fej\u00f3\u00f0a sem \u00feeir h\u00f6f\u00f0u ekki \u00e1\u00f0ur kynnst. Og landi\u00f0 var\u00f0 a\u00f0 au\u00f0n eftir brottf\u00f6r \u00feeirra svo a\u00f0 \u00fear f\u00f3r enginn ma\u00f0ur um. \u00deannig sneru \u00feeir una\u00f0sreit \u00ed au\u00f0n.<\/p>\n","protected":false},"excerpt":{"rendered":"<p>R\u00f6ng fasta, r\u00e9tt breytni 1 \u00c1 fj\u00f3r\u00f0a degi hins n\u00edunda m\u00e1na\u00f0ar, kislevm\u00e1na\u00f0ar, \u00e1 fj\u00f3r\u00f0a stj\u00f3rnar\u00e1ri Dar\u00edusar konungs barst Sakar\u00eda or\u00f0 Drottins. 2 \u00de\u00e1 sendu \u00feeir Betel Sareser og Regem Melek og menn hans sendibo\u00f0a til \u00feess a\u00f0 leita fulltingis Drottins 3 og leggja \u00feessa fyrirspurn fyrir prestana, sem \u00fej\u00f3nu\u00f0u \u00ed h\u00fasi Drottins, og fyrir sp\u00e1mennina: \u201e\u00c1 \u00e9g einnig a\u00f0 harma og fasta \u00ed fimmta m\u00e1nu\u00f0inum eins og \u00e9g hef gert \u00ed m\u00f6rg \u00e1r?\u201c 4 \u00de\u00e1 kom or\u00f0 Drottins til m\u00edn: 5 Tala \u00fe\u00fa til allra \u00edb\u00faa landsins og prestanna og seg\u00f0u: \u00dei\u00f0 hafi\u00f0 n\u00fa fasta\u00f0 og kveina\u00f0 \u00ed fimmta og <a href=\"https:\/\/biblian.is\/biblian\/sakaria-7-kafli\/\"> [&#8230;]<\/a><\/p>\n","protected":false},"author":1,"featured_media":0,"parent":0,"menu_order":0,"comment_status":"open","ping_status":"open","template":"bibliukaflar_NT.php","meta":{"footnotes":""},"class_list":["post-2536","page","type-page","status-publish","hentry"],"_links":{"self":[{"href":"https:\/\/biblian.is\/biblian\/wp-json\/wp\/v2\/pages\/2536","targetHints":{"allow":["GET"]}}],"collection":[{"href":"https:\/\/biblian.is\/biblian\/wp-json\/wp\/v2\/pages"}],"about":[{"href":"https:\/\/biblian.is\/biblian\/wp-json\/wp\/v2\/types\/page"}],"author":[{"embeddable":true,"href":"https:\/\/biblian.is\/biblian\/wp-json\/wp\/v2\/users\/1"}],"replies":[{"embeddable":true,"href":"https:\/\/biblian.is\/biblian\/wp-json\/wp\/v2\/comments?post=2536"}],"version-history":[{"count":0,"href":"https:\/\/biblian.is\/biblian\/wp-json\/wp\/v2\/pages\/2536\/revisions"}],"wp:attachment":[{"href":"https:\/\/biblian.is\/biblian\/wp-json\/wp\/v2\/media?parent=2536"}],"curies":[{"name":"wp","href":"https:\/\/api.w.org\/{rel}","templated":true}]}}