{"id":2535,"date":"2017-12-30T21:03:34","date_gmt":"2017-12-30T21:03:34","guid":{"rendered":"http:\/\/biblian.is\/biblian\/sakar%c2%92a-6-kafli\/"},"modified":"2024-03-19T16:12:15","modified_gmt":"2024-03-19T16:12:15","slug":"sakaria-6-kafli","status":"publish","type":"page","link":"https:\/\/biblian.is\/biblian\/sakaria-6-kafli\/","title":{"rendered":"Sakar\u00eda 6. kafli"},"content":{"rendered":"<h3 class=\"millifyrirsogn_2007\"> \u00c1ttunda s\u00fdn: Fj\u00f3rir vagnar<\/h3>\n<p><a name=\"1\"><span class=\"versanumer_2007\">1<\/span><\/a> Enn leit \u00e9g upp og s\u00e1 fj\u00f3ra vagna koma fram milli tveggja fjalla og voru \u00feau fj\u00f6ll \u00far eir. <a name=\"2\"><span class=\"versanumer_2007\">2<\/span><\/a> Rau\u00f0ir hestar voru fyrir fyrsta vagninum en svartir fyrir \u00f6\u00f0rum, <a name=\"3\"><span class=\"versanumer_2007\">3<\/span><\/a> \u00feri\u00f0ja vagninn dr\u00f3gu hv\u00edtir hestar en skj\u00f3ttir hinn fj\u00f3r\u00f0a. <br \/> <a name=\"4\"><span class=\"versanumer_2007\">4<\/span><\/a> \u00de\u00e1 t\u00f3k \u00e9g til m\u00e1ls og spur\u00f0i engilinn, vi\u00f0m\u00e6landa minn: \u201eHva\u00f0 er \u00feetta, herra?\u201c <a name=\"5\"><span class=\"versanumer_2007\">5<\/span><\/a> En engillinn svara\u00f0i m\u00e9r og sag\u00f0i: \u201e\u00deetta eru h\u00f6fu\u00f0vindarnir fj\u00f3rir sem komi\u00f0 hafa fram fyrir Drottin allrar jar\u00f0arinnar og eru n\u00fa a\u00f0 leggja af sta\u00f0. <a name=\"6\"><span class=\"versanumer_2007\">6<\/span><\/a> Vagninn me\u00f0 sv\u00f6rtu hestunum fyrir heldur til landsins \u00ed nor\u00f0ri, hinir hv\u00edtu stefna \u00ed vestur en skj\u00f3ttu hestarnir halda til landsins \u00ed su\u00f0ri. <a name=\"7\"><span class=\"versanumer_2007\">7<\/span><\/a> Rau\u00f0u hestarnir halda til h\u00e9ra\u00f0anna \u00ed austri. \u00deeir voru alb\u00fanir a\u00f0 r\u00e1sa um j\u00f6r\u00f0ina og hann skipa\u00f0i \u00feeim: Fari\u00f0, fari\u00f0 um j\u00f6r\u00f0ina. Og \u00fea\u00f0 ger\u00f0u \u00feeir. <a name=\"8\"><span class=\"versanumer_2007\">8<\/span><\/a> Og hann kalla\u00f0i til m\u00edn og sag\u00f0i: Sj\u00e1, \u00feeir sem halda \u00ed nor\u00f0ur svala rei\u00f0i minni \u00ed landinu nor\u00f0ur fr\u00e1.\u201c <\/p>\n<h3 class=\"millifyrirsogn_2007\">J\u00f3s\u00faa kr\u00fdndur<\/h3>\n<p><a name=\"9\"><span class=\"versanumer_2007\">9<\/span><\/a> Og or\u00f0 Drottins kom til m\u00edn: <a name=\"10\"><span class=\"versanumer_2007\">10<\/span><\/a> \u00deigg\u00f0u gjafir hinna herleiddu, sem komnir eru fr\u00e1 Bab\u00fdlon, af hendi \u00feeirra Helda\u00ed, Tob\u00eda og Jedaja, og far\u00f0u sj\u00e1lfur samd\u00e6gurs \u00ed h\u00fas J\u00f3s\u00eda Sefan\u00edasonar. <a name=\"11\"><span class=\"versanumer_2007\">11<\/span><\/a> Taktu silfur og gull, sm\u00ed\u00f0a\u00f0u k\u00f3r\u00f3nur og settu eina \u00e1 h\u00f6fu\u00f0 J\u00f3s\u00faa J\u00f3sadakssonar \u00e6\u00f0sta prests. <a name=\"12\"><span class=\"versanumer_2007\">12<\/span><\/a> Tala\u00f0u til hans \u00e1 \u00feessa lei\u00f0: Svo segir Drottinn allsherjar: <br \/> <span class=\"ljodatexti\"> Ma\u00f0ur heitir Sproti. <br \/>Hann mun spretta upp af r\u00f3t sinni <br \/>og reisa musteri Drottins. <br \/> <\/span> <span class=\"ljodatexti\"> <a name=\"13\"><span class=\"versanumer_ljod\">13<\/span><\/a>Hann mun reisa musteri Drottins <br \/>og \u00f6\u00f0last \u00fear tign <br \/>svo a\u00f0 hann mun sitja og drottna \u00ed h\u00e1s\u00e6ti s\u00ednu. <br \/>Prestur ver\u00f0ur honum til h\u00e6gri handar <br \/>og me\u00f0 \u00feeim ver\u00f0ur full s\u00e1tt. <\/span> <br \/> <a name=\"14\"><span class=\"versanumer_2007\">14<\/span><\/a> K\u00f3r\u00f3nan ver\u00f0ur \u00e1fram \u00ed musteri Drottins til minja um \u00fe\u00e1 Helda\u00ed, Tob\u00eda, Jedaja og Hen Sefan\u00edason. <a name=\"15\"><span class=\"versanumer_2007\">15<\/span><\/a> Og menn munu koma \u00f3ralei\u00f0ir til starfa vi\u00f0 byggingu musteris Drottins. \u00de\u00e1 munu\u00f0 \u00fei\u00f0 vita a\u00f0 Drottinn allsherjar hefur sent mig til ykkar ef \u00fei\u00f0 a\u00f0eins hl\u00fd\u00f0i\u00f0 Drottni, Gu\u00f0i ykkar. <\/p>\n","protected":false},"excerpt":{"rendered":"<p>\u00c1ttunda s\u00fdn: Fj\u00f3rir vagnar 1 Enn leit \u00e9g upp og s\u00e1 fj\u00f3ra vagna koma fram milli tveggja fjalla og voru \u00feau fj\u00f6ll \u00far eir. 2 Rau\u00f0ir hestar voru fyrir fyrsta vagninum en svartir fyrir \u00f6\u00f0rum, 3 \u00feri\u00f0ja vagninn dr\u00f3gu hv\u00edtir hestar en skj\u00f3ttir hinn fj\u00f3r\u00f0a. 4 \u00de\u00e1 t\u00f3k \u00e9g til m\u00e1ls og spur\u00f0i engilinn, vi\u00f0m\u00e6landa minn: \u201eHva\u00f0 er \u00feetta, herra?\u201c 5 En engillinn svara\u00f0i m\u00e9r og sag\u00f0i: \u201e\u00deetta eru h\u00f6fu\u00f0vindarnir fj\u00f3rir sem komi\u00f0 hafa fram fyrir Drottin allrar jar\u00f0arinnar og eru n\u00fa a\u00f0 leggja af sta\u00f0. 6 Vagninn me\u00f0 sv\u00f6rtu hestunum fyrir heldur til landsins \u00ed nor\u00f0ri, hinir hv\u00edtu stefna <a href=\"https:\/\/biblian.is\/biblian\/sakaria-6-kafli\/\"> [&#8230;]<\/a><\/p>\n","protected":false},"author":1,"featured_media":0,"parent":0,"menu_order":0,"comment_status":"open","ping_status":"open","template":"bibliukaflar_NT.php","meta":{"footnotes":""},"class_list":["post-2535","page","type-page","status-publish","hentry"],"_links":{"self":[{"href":"https:\/\/biblian.is\/biblian\/wp-json\/wp\/v2\/pages\/2535","targetHints":{"allow":["GET"]}}],"collection":[{"href":"https:\/\/biblian.is\/biblian\/wp-json\/wp\/v2\/pages"}],"about":[{"href":"https:\/\/biblian.is\/biblian\/wp-json\/wp\/v2\/types\/page"}],"author":[{"embeddable":true,"href":"https:\/\/biblian.is\/biblian\/wp-json\/wp\/v2\/users\/1"}],"replies":[{"embeddable":true,"href":"https:\/\/biblian.is\/biblian\/wp-json\/wp\/v2\/comments?post=2535"}],"version-history":[{"count":0,"href":"https:\/\/biblian.is\/biblian\/wp-json\/wp\/v2\/pages\/2535\/revisions"}],"wp:attachment":[{"href":"https:\/\/biblian.is\/biblian\/wp-json\/wp\/v2\/media?parent=2535"}],"curies":[{"name":"wp","href":"https:\/\/api.w.org\/{rel}","templated":true}]}}