{"id":2532,"date":"2017-12-30T21:03:34","date_gmt":"2017-12-30T21:03:34","guid":{"rendered":"http:\/\/biblian.is\/biblian\/sakar%c2%92a-3-kafli\/"},"modified":"2024-03-19T16:12:14","modified_gmt":"2024-03-19T16:12:14","slug":"sakaria-3-kafli","status":"publish","type":"page","link":"https:\/\/biblian.is\/biblian\/sakaria-3-kafli\/","title":{"rendered":"Sakar\u00eda 3. kafli"},"content":{"rendered":"<h3 class=\"millifyrirsogn_2007\"> Fj\u00f3r\u00f0a s\u00fdn: J\u00f3s\u00faa \u00e6\u00f0sti prestur<\/h3>\n<p><a name=\"1\"><span class=\"versanumer_2007\">1<\/span><\/a> \u00deessu n\u00e6st l\u00e9t hann mig sj\u00e1 J\u00f3s\u00faa \u00e6\u00f0sta prest. Hann st\u00f3\u00f0 frammi fyrir engli Drottins en \u00e1 h\u00e6gri h\u00f6nd honum Satan til a\u00f0 flytja k\u00e6ru s\u00edna gegn honum. <a name=\"2\"><span class=\"versanumer_2007\">2<\/span><\/a> En Drottinn m\u00e6lti til Satans: \u201eDrottinn \u00e1v\u00edti \u00feig, \u00e1k\u00e6randi. Er \u00feessi ma\u00f0ur ekki sem brandur \u00far b\u00e1li dreginn?\u201c <a name=\"3\"><span class=\"versanumer_2007\">3<\/span><\/a> En J\u00f3s\u00faa var \u00ed \u00f3hreinum kl\u00e6\u00f0um \u00fear sem hann st\u00f3\u00f0 andsp\u00e6nis englinum. <a name=\"4\"><span class=\"versanumer_2007\">4<\/span><\/a> Engillinn t\u00f3k \u00fe\u00e1 til m\u00e1ls og sag\u00f0i vi\u00f0 \u00fe\u00e1 sem st\u00f3\u00f0u frammi fyrir honum: \u201eF\u00e6ri\u00f0 hann \u00far \u00feessum \u00f3hreinu kl\u00e6\u00f0um.\u201c S\u00ed\u00f0an sag\u00f0i hann vi\u00f0 J\u00f3s\u00faa: \u201eSj\u00e1, \u00e9g nem burt s\u00f6k \u00fe\u00edna og l\u00e6t f\u00e6ra \u00feig \u00ed skr\u00fa\u00f0a.\u201c <a name=\"5\"><span class=\"versanumer_2007\">5<\/span><\/a> Og hann sag\u00f0i: \u201eL\u00e1ti\u00f0 hreina ennissp\u00f6ng \u00e1 h\u00f6fu\u00f0 hans.\u201c \u00deeir l\u00e9tu \u00fe\u00e1 hreina ennissp\u00f6ng \u00e1 h\u00f6fu\u00f0 hans og f\u00e6r\u00f0u hann \u00ed skr\u00fa\u00f0ann. Og engill Drottins st\u00f3\u00f0 hj\u00e1. <a name=\"6\"><span class=\"versanumer_2007\">6<\/span><\/a> Og engill Drottins \u00e1varpa\u00f0i J\u00f3s\u00faa me\u00f0 \u00feessum or\u00f0um: <br \/><a name=\"7\"><span class=\"versanumer_2007\">7<\/span><\/a> Svo segir Drottinn allsherjar: <br \/> <span class=\"ljodatexti\"> Ef \u00fe\u00fa gengur \u00e1 m\u00ednum vegum <br \/>og heldur bo\u00f0or\u00f0 m\u00edn <br \/>skaltu einnig stj\u00f3rna h\u00fasi m\u00ednu <br \/>og g\u00e6ta forgar\u00f0a \u00feess <br \/>og \u00e9g heimila \u00fe\u00e9r a\u00f0 samneyta <br \/>\u00feessum \u00fej\u00f3num m\u00ednum. <br \/> <\/span> <span class=\"ljodatexti\"> <a name=\"8\"><span class=\"versanumer_ljod\">8<\/span><\/a>Hl\u00fdddu \u00e1, J\u00f3s\u00faa \u00e6\u00f0sti prestur, <br \/>\u00fe\u00fa og f\u00e9lagar \u00fe\u00ednir, sem sitja andsp\u00e6nis \u00fe\u00e9r, <br \/>\u00feeir eru t\u00e1kn \u00feess <br \/>a\u00f0 \u00e9g mun l\u00e1ta Sprota, \u00fej\u00f3n minn, koma <br \/> <\/span> <span class=\"ljodatexti\"> <a name=\"9\"><span class=\"versanumer_ljod\">9<\/span><\/a>\u00fev\u00ed a\u00f0 h\u00e9r er steinninn sem \u00e9g set fram fyrir J\u00f3s\u00faa, <br \/>einn steinn og \u00e1 honum sj\u00f6 augu. <br \/>\u00c9g gref \u00e1 hann letri\u00f0, <br \/>segir Drottinn allsherjar, <br \/>og \u00e1 einum degi nem \u00e9g burt s\u00f6k \u00feessa lands. <\/span> <br \/> <a name=\"10\"><span class=\"versanumer_2007\">10<\/span><\/a> \u00c1 \u00feeim degi, segir Drottinn allsherjar, mun hver ma\u00f0ur bj\u00f3\u00f0a granna s\u00ednum undir v\u00ednvi\u00f0 sinn og f\u00edkjutr\u00e9. <\/p>\n","protected":false},"excerpt":{"rendered":"<p>Fj\u00f3r\u00f0a s\u00fdn: J\u00f3s\u00faa \u00e6\u00f0sti prestur 1 \u00deessu n\u00e6st l\u00e9t hann mig sj\u00e1 J\u00f3s\u00faa \u00e6\u00f0sta prest. Hann st\u00f3\u00f0 frammi fyrir engli Drottins en \u00e1 h\u00e6gri h\u00f6nd honum Satan til a\u00f0 flytja k\u00e6ru s\u00edna gegn honum. 2 En Drottinn m\u00e6lti til Satans: \u201eDrottinn \u00e1v\u00edti \u00feig, \u00e1k\u00e6randi. Er \u00feessi ma\u00f0ur ekki sem brandur \u00far b\u00e1li dreginn?\u201c 3 En J\u00f3s\u00faa var \u00ed \u00f3hreinum kl\u00e6\u00f0um \u00fear sem hann st\u00f3\u00f0 andsp\u00e6nis englinum. 4 Engillinn t\u00f3k \u00fe\u00e1 til m\u00e1ls og sag\u00f0i vi\u00f0 \u00fe\u00e1 sem st\u00f3\u00f0u frammi fyrir honum: \u201eF\u00e6ri\u00f0 hann \u00far \u00feessum \u00f3hreinu kl\u00e6\u00f0um.\u201c S\u00ed\u00f0an sag\u00f0i hann vi\u00f0 J\u00f3s\u00faa: \u201eSj\u00e1, \u00e9g nem burt s\u00f6k \u00fe\u00edna og l\u00e6t <a href=\"https:\/\/biblian.is\/biblian\/sakaria-3-kafli\/\"> [&#8230;]<\/a><\/p>\n","protected":false},"author":1,"featured_media":0,"parent":0,"menu_order":0,"comment_status":"open","ping_status":"open","template":"bibliukaflar_NT.php","meta":{"footnotes":""},"class_list":["post-2532","page","type-page","status-publish","hentry"],"_links":{"self":[{"href":"https:\/\/biblian.is\/biblian\/wp-json\/wp\/v2\/pages\/2532","targetHints":{"allow":["GET"]}}],"collection":[{"href":"https:\/\/biblian.is\/biblian\/wp-json\/wp\/v2\/pages"}],"about":[{"href":"https:\/\/biblian.is\/biblian\/wp-json\/wp\/v2\/types\/page"}],"author":[{"embeddable":true,"href":"https:\/\/biblian.is\/biblian\/wp-json\/wp\/v2\/users\/1"}],"replies":[{"embeddable":true,"href":"https:\/\/biblian.is\/biblian\/wp-json\/wp\/v2\/comments?post=2532"}],"version-history":[{"count":0,"href":"https:\/\/biblian.is\/biblian\/wp-json\/wp\/v2\/pages\/2532\/revisions"}],"wp:attachment":[{"href":"https:\/\/biblian.is\/biblian\/wp-json\/wp\/v2\/media?parent=2532"}],"curies":[{"name":"wp","href":"https:\/\/api.w.org\/{rel}","templated":true}]}}