{"id":2531,"date":"2017-12-30T21:03:34","date_gmt":"2017-12-30T21:03:34","guid":{"rendered":"http:\/\/biblian.is\/biblian\/sakar%c2%92a-2-kafli\/"},"modified":"2024-03-19T16:12:14","modified_gmt":"2024-03-19T16:12:14","slug":"sakaria-2-kafli","status":"publish","type":"page","link":"https:\/\/biblian.is\/biblian\/sakaria-2-kafli\/","title":{"rendered":"Sakar\u00eda 2. kafli"},"content":{"rendered":"<h3 class=\"millifyrirsogn_2007\"> \u00d6nnur s\u00fdn: Hornin fj\u00f6gur<\/h3>\n<p><a name=\"1\"><span class=\"versanumer_2007\">1<\/span><\/a> \u00c9g leit upp og s\u00e1 fj\u00f6gur horn. <br \/> <a name=\"2\"><span class=\"versanumer_2007\">2<\/span><\/a> Og \u00e9g spur\u00f0i engilinn, sem vi\u00f0 mig tala\u00f0i, og sag\u00f0i: \u201eHva\u00f0 er \u00feetta?\u201c Hann svara\u00f0i: \u201e\u00deetta eru hornin sem tv\u00edstru\u00f0u J\u00fada, \u00cdsrael og Jer\u00fasalem.\u201c <br \/> <a name=\"3\"><span class=\"versanumer_2007\">3<\/span><\/a> S\u00ed\u00f0an s\u00fdndi Drottinn m\u00e9r fj\u00f3ra smi\u00f0i. <br \/> <a name=\"4\"><span class=\"versanumer_2007\">4<\/span><\/a> \u201eHva\u00f0 \u00e6tlast \u00feeir fyrir?\u201c spur\u00f0i \u00e9g. Hann svara\u00f0i: \u201e\u00deetta eru hornin sem tv\u00edstru\u00f0u J\u00fada svo a\u00f0 enginn gat bori\u00f0 h\u00f6fu\u00f0i\u00f0 h\u00e1tt. En \u00feeir eru komnir til a\u00f0 skelfa \u00feau og h\u00f6ggva burt horn \u00feeirra \u00fej\u00f3\u00f0a sem lyftu hornum s\u00ednum gegn J\u00fadalandi til a\u00f0 tv\u00edstra \u00fev\u00ed.\u201c<\/p>\n<h3 class=\"millifyrirsogn_2007\">\u00deri\u00f0ja s\u00fdn: Ma\u00f0ur me\u00f0 m\u00e6lisn\u00faru<\/h3>\n<p><a name=\"5\"><span class=\"versanumer_2007\">5<\/span><\/a> \u00c9g leit upp og s\u00e1 mann sem h\u00e9lt \u00e1 m\u00e6lisn\u00faru. <a name=\"6\"><span class=\"versanumer_2007\">6<\/span><\/a> Og \u00e9g spur\u00f0i: \u201eHvert ert \u00fe\u00fa a\u00f0 fara?\u201c Hann svara\u00f0i: \u201eTil Jer\u00fasalem til \u00feess a\u00f0 m\u00e6la hana og sj\u00e1 hve l\u00f6ng h\u00fan er og brei\u00f0.\u201c <br \/> <a name=\"7\"><span class=\"versanumer_2007\">7<\/span><\/a> Engillinn, vi\u00f0m\u00e6landi minn, gekk \u00fe\u00e1 fram og annar engill gekk \u00e1 m\u00f3ti honum. <a name=\"8\"><span class=\"versanumer_2007\">8<\/span><\/a> Og vi\u00f0 \u00feann engil sag\u00f0i hann: \u201eHlauptu til unga mannsins \u00fearna og seg\u00f0u vi\u00f0 hann: <br \/> <span class=\"ljodatexti\"> Engir borgarm\u00farar ver\u00f0a reistir um Jer\u00fasalem. <br \/>Sl\u00edkur ver\u00f0ur s\u00e1 fj\u00f6ldi manna og b\u00fafj\u00e1r <br \/>sem \u00fear mun dveljast.<br \/> <\/span> <span class=\"ljodatexti\"> <a name=\"9\"><span class=\"versanumer_ljod\">9<\/span><\/a>En \u00e9g sj\u00e1lfur, segir Drottinn, <br \/>ver\u00f0 sem veggur \u00far eldi umhverfis hana <br \/>og innan hennar ver\u00f0 \u00e9g henni til d\u00fdr\u00f0ar.\u201c <\/span> <\/p>\n<h3 class=\"millifyrirsogn_2007\">Hvatning til \u00fatlaganna<\/h3>\n<p><a name=\"10\"><span class=\"versanumer_2007\">10<\/span><\/a> Burt, burt. Fl\u00fdi\u00f0 \u00far Nor\u00f0urlandinu, <br \/> <span class=\"ljodatexti\"> segir Drottinn, <br \/>\u00fe\u00f3tt \u00e9g hafi tv\u00edstra\u00f0 y\u00f0ur <br \/>eins og fj\u00f3rum h\u00f6fu\u00f0vindum himinsins, <br \/>segir Drottinn. <br \/> <\/span> <span class=\"ljodatexti\"> <a name=\"11\"><span class=\"versanumer_ljod\">11<\/span><\/a>Burt, S\u00edon. For\u00f0a\u00f0u \u00fe\u00e9r, <br \/>\u00fe\u00fa sem dvelst \u00ed Bab\u00fdlon, <br \/> <\/span> <span class=\"ljodatexti\"> <a name=\"12\"><span class=\"versanumer_ljod\">12<\/span><\/a>\u00fev\u00ed a\u00f0 svo segir Drottinn allsherjar <br \/>sem sendi mig \u00ed d\u00fdr\u00f0 sinni <br \/>til \u00fej\u00f3\u00f0anna sem hafa teki\u00f0 y\u00f0ur herfangi: <br \/>Hver s\u00e1 sem snertir vi\u00f0 y\u00f0ur, snertir sj\u00e1aldur mitt, <br \/> <\/span> <span class=\"ljodatexti\"> <a name=\"13\"><span class=\"versanumer_ljod\">13<\/span><\/a>og \u00fe\u00e1 mun \u00e9g hefja upp h\u00f6nd m\u00edna gegn \u00feeim <br \/>og \u00feeir skulu ver\u00f0a \u00feeim a\u00f0 herfangi <br \/>sem \u00feeir sj\u00e1lfir hnepptu \u00ed \u00e1nau\u00f0. <br \/>\u00de\u00e1 ver\u00f0ur y\u00f0ur lj\u00f3st <br \/>a\u00f0 Drottinn allsherjar hefur sent mig. <br \/> <\/span> <span class=\"ljodatexti\"> <a name=\"14\"><span class=\"versanumer_ljod\">14<\/span><\/a>Syngdu fagna\u00f0ars\u00f6ng, d\u00f3ttirin S\u00edon. <br \/>Sj\u00e1, \u00e9g kem <br \/>og mun dveljast me\u00f0 \u00fe\u00e9r, <br \/>segir Drottinn. <\/span> <br \/> <a name=\"15\"><span class=\"versanumer_2007\">15<\/span><\/a> \u00c1 \u00feeim degi munu margir hei\u00f0ingjar ganga Drottni \u00e1 h\u00f6nd, gerast hans l\u00fd\u00f0ur og b\u00faa hj\u00e1 \u00fe\u00e9r. \u00de\u00e1 muntu sj\u00e1 a\u00f0 Drottinn allsherjar hefur sent mig til \u00fe\u00edn. <a name=\"16\"><span class=\"versanumer_2007\">16<\/span><\/a> \u00de\u00e1 mun Drottinn veita J\u00fada arfleif\u00f0 hennar \u00ed Landinu helga og enn gera Jer\u00fasalem a\u00f0 hinni kj\u00f6rnu borg sinni. <br \/> <span class=\"ljodatexti\"><a name=\"17\"><span class=\"versanumer_ljod\">17<\/span><\/a>Allir dau\u00f0legir menn veri hlj\u00f3\u00f0ir fyrir Drottni. <br \/> Hann er risinn upp fr\u00e1 s\u00ednum heilaga b\u00fasta\u00f0. <br \/><\/span> <\/p>\n","protected":false},"excerpt":{"rendered":"<p>\u00d6nnur s\u00fdn: Hornin fj\u00f6gur 1 \u00c9g leit upp og s\u00e1 fj\u00f6gur horn. 2 Og \u00e9g spur\u00f0i engilinn, sem vi\u00f0 mig tala\u00f0i, og sag\u00f0i: \u201eHva\u00f0 er \u00feetta?\u201c Hann svara\u00f0i: \u201e\u00deetta eru hornin sem tv\u00edstru\u00f0u J\u00fada, \u00cdsrael og Jer\u00fasalem.\u201c 3 S\u00ed\u00f0an s\u00fdndi Drottinn m\u00e9r fj\u00f3ra smi\u00f0i. 4 \u201eHva\u00f0 \u00e6tlast \u00feeir fyrir?\u201c spur\u00f0i \u00e9g. Hann svara\u00f0i: \u201e\u00deetta eru hornin sem tv\u00edstru\u00f0u J\u00fada svo a\u00f0 enginn gat bori\u00f0 h\u00f6fu\u00f0i\u00f0 h\u00e1tt. En \u00feeir eru komnir til a\u00f0 skelfa \u00feau og h\u00f6ggva burt horn \u00feeirra \u00fej\u00f3\u00f0a sem lyftu hornum s\u00ednum gegn J\u00fadalandi til a\u00f0 tv\u00edstra \u00fev\u00ed.\u201c \u00deri\u00f0ja s\u00fdn: Ma\u00f0ur me\u00f0 m\u00e6lisn\u00faru 5 \u00c9g leit upp og <a href=\"https:\/\/biblian.is\/biblian\/sakaria-2-kafli\/\"> [&#8230;]<\/a><\/p>\n","protected":false},"author":1,"featured_media":0,"parent":0,"menu_order":0,"comment_status":"open","ping_status":"open","template":"bibliukaflar_NT.php","meta":{"footnotes":""},"class_list":["post-2531","page","type-page","status-publish","hentry"],"_links":{"self":[{"href":"https:\/\/biblian.is\/biblian\/wp-json\/wp\/v2\/pages\/2531","targetHints":{"allow":["GET"]}}],"collection":[{"href":"https:\/\/biblian.is\/biblian\/wp-json\/wp\/v2\/pages"}],"about":[{"href":"https:\/\/biblian.is\/biblian\/wp-json\/wp\/v2\/types\/page"}],"author":[{"embeddable":true,"href":"https:\/\/biblian.is\/biblian\/wp-json\/wp\/v2\/users\/1"}],"replies":[{"embeddable":true,"href":"https:\/\/biblian.is\/biblian\/wp-json\/wp\/v2\/comments?post=2531"}],"version-history":[{"count":0,"href":"https:\/\/biblian.is\/biblian\/wp-json\/wp\/v2\/pages\/2531\/revisions"}],"wp:attachment":[{"href":"https:\/\/biblian.is\/biblian\/wp-json\/wp\/v2\/media?parent=2531"}],"curies":[{"name":"wp","href":"https:\/\/api.w.org\/{rel}","templated":true}]}}