{"id":2530,"date":"2017-12-30T21:03:34","date_gmt":"2017-12-30T21:03:34","guid":{"rendered":"http:\/\/biblian.is\/biblian\/sakar%c2%92a-1-kafli\/"},"modified":"2024-03-19T16:12:13","modified_gmt":"2024-03-19T16:12:13","slug":"sakaria-1-kafli","status":"publish","type":"page","link":"https:\/\/biblian.is\/biblian\/sakaria-1-kafli\/","title":{"rendered":"Sakar\u00eda 1. kafli"},"content":{"rendered":"<h3 class=\"millifyrirsogn_2007\"> Hvatning til afturhvarfs<\/h3>\n<p><a name=\"1\"><span class=\"versanumer_2007\">1<\/span><\/a> \u00cd \u00e1ttunda m\u00e1nu\u00f0i annars stj\u00f3rnar\u00e1rs Dar\u00edusar konungs barst or\u00f0 Drottins Sakar\u00eda sp\u00e1manni, syni Berekja \u00cddd\u00f3sonar:<br \/> <a name=\"2\"><span class=\"versanumer_2007\">2<\/span><\/a> Drottinn var afar rei\u00f0ur forfe\u00f0rum ykkar. <a name=\"3\"><span class=\"versanumer_2007\">3<\/span><\/a> Seg\u00f0u \u00fev\u00ed vi\u00f0 \u00fe\u00e1: Svo m\u00e6lir Drottinn allsherjar: Sn\u00fai\u00f0 ykkur til m\u00edn, segir Drottinn allsherjar, \u00fe\u00e1 mun \u00e9g sn\u00faa m\u00e9r til ykkar aftur, segir Drottinn allsherjar. <a name=\"4\"><span class=\"versanumer_2007\">4<\/span><\/a> Veri\u00f0 ekki eins og forfe\u00f0ur ykkar. Til \u00feeirra m\u00e6ltu sp\u00e1mennirnir fyrrum: \u201eSvo segir Drottinn allsherjar: L\u00e1ti\u00f0 af vondri breytni og illverkum ykkar!\u201c En um \u00fea\u00f0 skeyttu \u00feeir ekki og daufheyr\u00f0ust vi\u00f0 m\u00e9r, segir Drottinn. <a name=\"5\"><span class=\"versanumer_2007\">5<\/span><\/a> Forfe\u00f0ur ykkar, hvar eru \u00feeir n\u00fa? Og sp\u00e1mennirnir? Lifa \u00feeir a\u00f0 eil\u00edfu? <a name=\"6\"><span class=\"versanumer_2007\">6<\/span><\/a> En or\u00f0 m\u00edn og \u00e1kvar\u00f0anir, sem \u00e9g l\u00e9t \u00fej\u00f3na m\u00edna, sp\u00e1mennina, bo\u00f0a \u00feeim, hafa \u00feau ekki hitt forfe\u00f0ur ykkar fyrir? Snerist \u00feeim ekki hugur svo a\u00f0 \u00feeir s\u00f6g\u00f0u: \u201e\u00dea\u00f0 sem Drottinn allsherjar haf\u00f0i \u00e1kve\u00f0i\u00f0 a\u00f0 gera vi\u00f0 okkur eftir breytni okkar og verkum, \u00fea\u00f0 hefur hann einmitt gert?\u201c<\/p>\n<h3 class=\"millifyrirsogn_2007\">Fyrsta s\u00fdn: Ma\u00f0ur \u00e1 rau\u00f0um hesti<\/h3>\n<p><a name=\"7\"><span class=\"versanumer_2007\">7<\/span><\/a> \u00c1 tuttugasta og fj\u00f3r\u00f0a degi ellefta m\u00e1na\u00f0ar, m\u00e1na\u00f0arins sebat, \u00e1 \u00f6\u00f0ru stj\u00f3rnar\u00e1ri Dar\u00edusar, barst or\u00f0 Drottins Sakar\u00eda sp\u00e1manni, syni Berekja \u00cddd\u00f3sonar: <br \/> <a name=\"8\"><span class=\"versanumer_2007\">8<\/span><\/a> Um n\u00f3ttina vitra\u00f0ist m\u00e9r ma\u00f0ur, sitjandi \u00e1 rau\u00f0um hesti. Hann haf\u00f0i numi\u00f0 sta\u00f0ar milli myrtutrj\u00e1nna \u00ed dalbotninum og a\u00f0 baki honum voru rau\u00f0ir, jarpir og hv\u00edtir hestar. <a name=\"9\"><span class=\"versanumer_2007\">9<\/span><\/a> \u00c9g spur\u00f0i: \u201eHerra, hverjir eru \u00feetta?\u201c Og engillinn, sem vi\u00f0 mig tala\u00f0i, svara\u00f0i m\u00e9r: \u201e\u00c9g skal s\u00fdna \u00fe\u00e9r hverjir \u00feeir eru.\u201c <br \/> <a name=\"10\"><span class=\"versanumer_2007\">10<\/span><\/a> Og ma\u00f0urinn, sem haf\u00f0i sta\u00f0n\u00e6mst milli myrtutrj\u00e1nna, t\u00f3k til m\u00e1ls og sag\u00f0i: \u201e\u00deetta eru \u00feeir sem Drottinn hefur sent til a\u00f0 reika um j\u00f6r\u00f0ina.\u201c <br \/> <a name=\"11\"><span class=\"versanumer_2007\">11<\/span><\/a> \u00deeir t\u00f3ku \u00fe\u00e1 undir vi\u00f0 engil Drottins, sem st\u00f3\u00f0 milli myrtutrj\u00e1nna, og s\u00f6g\u00f0u: \u201eVi\u00f0 h\u00f6fum fari\u00f0 um j\u00f6r\u00f0ina og allt er \u00fear me\u00f0 kyrrum kj\u00f6rum.\u201c <br \/> <a name=\"12\"><span class=\"versanumer_2007\">12<\/span><\/a> \u00de\u00e1 svara\u00f0i engill Drottins og sag\u00f0i: \u201eDrottinn allsherjar, hve lengi \u00e6tlar \u00fe\u00fa a\u00f0 halda miskunn \u00feinni fr\u00e1 Jer\u00fasalem og borgunum \u00ed J\u00fada sem \u00fe\u00fa kalla\u00f0ir b\u00f6lvun yfir fyrir sj\u00f6t\u00edu \u00e1rum?\u201c <br \/> <a name=\"13\"><span class=\"versanumer_2007\">13<\/span><\/a> \u00de\u00e1 m\u00e6lti Drottinn til engilsins, sem vi\u00f0 mig tala\u00f0i, hl\u00fdlegum og huggunarr\u00edkum or\u00f0um, <a name=\"14\"><span class=\"versanumer_2007\">14<\/span><\/a> og engillinn, vi\u00f0m\u00e6landi minn, sag\u00f0i vi\u00f0 mig: \u201eBo\u00f0a\u00f0u \u00feetta: <br \/> <span class=\"ljodatexti\"> Svo m\u00e6lir Drottinn allsherjar: <br \/>\u00c9g er gagntekinn af afbr\u00fd\u00f0i <br \/>vegna Jer\u00fasalem, vegna S\u00edonar, <br \/> <\/span> <span class=\"ljodatexti\"> <a name=\"15\"><span class=\"versanumer_ljod\">15<\/span><\/a>og \u00e9g er s\u00e1rgramur \u00feeim \u00fej\u00f3\u00f0um <br \/>sem hafa veri\u00f0 andvaralausar. <br \/>Gremja m\u00edn var minni \u00e1\u00f0ur, <br \/>en \u00fe\u00f3 juku \u00fe\u00e6r st\u00f3rum \u00e1 b\u00f6l sitt. <br \/> <\/span> <span class=\"ljodatexti\"> <a name=\"16\"><span class=\"versanumer_ljod\">16<\/span><\/a>\u00dev\u00ed m\u00e6lir Drottinn: <br \/>\u00cd sam\u00fa\u00f0 sn\u00fd \u00e9g m\u00e9r aftur a\u00f0 Jer\u00fasalem. <br \/>H\u00fas mitt ver\u00f0ur reist \u00fear, segir Drottinn allsherjar, <br \/>og m\u00e6lisn\u00fara \u00feanin yfir Jer\u00fasalem. <br \/> <\/span> <span class=\"ljodatexti\"> <a name=\"17\"><span class=\"versanumer_ljod\">17<\/span><\/a>Og bo\u00f0a\u00f0u einnig \u00feetta: Svo m\u00e6lir Drottinn allsherjar: <br \/>Aftur munu borgir m\u00ednar b\u00faa vi\u00f0 allsn\u00e6gtir <br \/>og enn mun Drottinn hughreysta S\u00edon <br \/>og gera Jer\u00fasalem a\u00f0 kj\u00f6rinni borg sinni. <\/span> <\/p>\n","protected":false},"excerpt":{"rendered":"<p>Hvatning til afturhvarfs 1 \u00cd \u00e1ttunda m\u00e1nu\u00f0i annars stj\u00f3rnar\u00e1rs Dar\u00edusar konungs barst or\u00f0 Drottins Sakar\u00eda sp\u00e1manni, syni Berekja \u00cddd\u00f3sonar: 2 Drottinn var afar rei\u00f0ur forfe\u00f0rum ykkar. 3 Seg\u00f0u \u00fev\u00ed vi\u00f0 \u00fe\u00e1: Svo m\u00e6lir Drottinn allsherjar: Sn\u00fai\u00f0 ykkur til m\u00edn, segir Drottinn allsherjar, \u00fe\u00e1 mun \u00e9g sn\u00faa m\u00e9r til ykkar aftur, segir Drottinn allsherjar. 4 Veri\u00f0 ekki eins og forfe\u00f0ur ykkar. Til \u00feeirra m\u00e6ltu sp\u00e1mennirnir fyrrum: \u201eSvo segir Drottinn allsherjar: L\u00e1ti\u00f0 af vondri breytni og illverkum ykkar!\u201c En um \u00fea\u00f0 skeyttu \u00feeir ekki og daufheyr\u00f0ust vi\u00f0 m\u00e9r, segir Drottinn. 5 Forfe\u00f0ur ykkar, hvar eru \u00feeir n\u00fa? Og sp\u00e1mennirnir? Lifa \u00feeir a\u00f0 <a href=\"https:\/\/biblian.is\/biblian\/sakaria-1-kafli\/\"> [&#8230;]<\/a><\/p>\n","protected":false},"author":1,"featured_media":0,"parent":0,"menu_order":0,"comment_status":"open","ping_status":"open","template":"bibliukaflar_NT.php","meta":{"footnotes":""},"class_list":["post-2530","page","type-page","status-publish","hentry"],"_links":{"self":[{"href":"https:\/\/biblian.is\/biblian\/wp-json\/wp\/v2\/pages\/2530","targetHints":{"allow":["GET"]}}],"collection":[{"href":"https:\/\/biblian.is\/biblian\/wp-json\/wp\/v2\/pages"}],"about":[{"href":"https:\/\/biblian.is\/biblian\/wp-json\/wp\/v2\/types\/page"}],"author":[{"embeddable":true,"href":"https:\/\/biblian.is\/biblian\/wp-json\/wp\/v2\/users\/1"}],"replies":[{"embeddable":true,"href":"https:\/\/biblian.is\/biblian\/wp-json\/wp\/v2\/comments?post=2530"}],"version-history":[{"count":0,"href":"https:\/\/biblian.is\/biblian\/wp-json\/wp\/v2\/pages\/2530\/revisions"}],"wp:attachment":[{"href":"https:\/\/biblian.is\/biblian\/wp-json\/wp\/v2\/media?parent=2530"}],"curies":[{"name":"wp","href":"https:\/\/api.w.org\/{rel}","templated":true}]}}