{"id":2529,"date":"2017-12-30T21:03:34","date_gmt":"2017-12-30T21:03:34","guid":{"rendered":"http:\/\/biblian.is\/biblian\/hagga%c2%92-2-kafli\/"},"modified":"2024-03-19T16:13:28","modified_gmt":"2024-03-19T16:13:28","slug":"haggai-2-kafli","status":"publish","type":"page","link":"https:\/\/biblian.is\/biblian\/haggai-2-kafli\/","title":{"rendered":"Hagga\u00ed 2. kafli"},"content":{"rendered":"<h3 class=\"millifyrirsogn_2007\"> Vegsemd n\u00fds musteris<\/h3>\n<p><a name=\"1\"><span class=\"versanumer_2007\">1<\/span><\/a> \u00c1 tuttugasta og fyrsta degi hins sj\u00f6unda m\u00e1na\u00f0ar \u00e1 \u00f6\u00f0ru stj\u00f3rnar\u00e1ri Dar\u00edusar konungs kom or\u00f0 Drottins af munni Hagga\u00ed sp\u00e1manns: <a name=\"2\"><span class=\"versanumer_2007\">2<\/span><\/a> Seg\u00f0u vi\u00f0 Ser\u00fababel Sealt\u00edelsson, landstj\u00f3ra \u00ed J\u00fada, J\u00f3s\u00faa J\u00f3sadaksson, \u00e6\u00f0sta prest, og \u00fe\u00e1 sem eftir eru af \u00fej\u00f3\u00f0inni:<br \/> <a name=\"3\"><span class=\"versanumer_2007\">3<\/span><\/a> Hver er n\u00fa eftir me\u00f0al ykkar sem hefur s\u00e9\u00f0 \u00feetta h\u00fas \u00ed fyrri vegsemd sinni? Hvernig vir\u00f0ist ykkur \u00fea\u00f0 n\u00fa? Er \u00fea\u00f0 ekki einskis vert a\u00f0 sj\u00e1? <a name=\"4\"><span class=\"versanumer_2007\">4<\/span><\/a> En hertu upp hugann, Ser\u00fababel, segir Drottinn, hertu upp hugann, J\u00f3s\u00faa J\u00f3sadaksson, \u00e6\u00f0sti prestur. Hertu upp hugann, landsl\u00fd\u00f0ur, segir Drottinn. Vinni\u00f0, \u00fev\u00ed a\u00f0 \u00e9g er me\u00f0 ykkur, segir Drottinn allsherjar, <a name=\"5\"><span class=\"versanumer_2007\">5<\/span><\/a> samkv\u00e6mt s\u00e1ttm\u00e1lanum sem \u00e9g ger\u00f0i vi\u00f0 ykkur \u00feegar \u00fei\u00f0 f\u00f3ru\u00f0 fr\u00e1 Egyptalandi. Andi minn er enn me\u00f0al ykkar. \u00d3ttist ekki. <a name=\"6\"><span class=\"versanumer_2007\">6<\/span><\/a> \u00dev\u00ed a\u00f0 svo m\u00e6lir Drottinn allsherjar: Eftir skamma hr\u00ed\u00f0 mun \u00e9g hr\u00e6ra b\u00e6\u00f0i himin og j\u00f6r\u00f0, hafi\u00f0 og \u00feurrlendi\u00f0. <a name=\"7\"><span class=\"versanumer_2007\">7<\/span><\/a> \u00c9g mun hr\u00e6ra allar \u00fej\u00f3\u00f0ir svo a\u00f0 \u00fe\u00e6r munu flytja fj\u00e1rsj\u00f3\u00f0i s\u00edna hinga\u00f0, \u00e9g mun fylla h\u00fas \u00feetta d\u00fdr\u00f0, segir Drottinn allsherjar. <a name=\"8\"><span class=\"versanumer_2007\">8<\/span><\/a> Mitt er silfri\u00f0, mitt er gulli\u00f0, segir Drottinn allsherjar. <a name=\"9\"><span class=\"versanumer_2007\">9<\/span><\/a> Vegsemd \u00feessa h\u00fass ver\u00f0ur meiri en hins fyrra, segir Drottinn allsherjar. \u00c1 \u00feessum sta\u00f0 mun \u00e9g veita heill, segir Drottinn allsherjar.<br \/> <a name=\"10\"><span class=\"versanumer_2007\">10<\/span><\/a> \u00c1 tuttugasta og fj\u00f3r\u00f0a degi hins n\u00edunda m\u00e1na\u00f0ar \u00e1 \u00f6\u00f0ru stj\u00f3rnar\u00e1ri Dar\u00edusar konungs kom or\u00f0 Drottins til Hagga\u00ed sp\u00e1manns: <br \/> <a name=\"11\"><span class=\"versanumer_2007\">11<\/span><\/a> Svo m\u00e6lir Drottinn allsherjar: Leita\u00f0u \u00farskur\u00f0ar prestanna um \u00feetta: <a name=\"12\"><span class=\"versanumer_2007\">12<\/span><\/a> Beri ma\u00f0ur f\u00f3rnarkj\u00f6t \u00ed kl\u00e6\u00f0isfaldi s\u00ednum og snerti faldurinn brau\u00f0, so\u00f0inn mat, v\u00edn, ol\u00edu e\u00f0a eitthva\u00f0 anna\u00f0 matarkyns, ver\u00f0ur \u00fea\u00f0 \u00fe\u00e1 heilagt af \u00fev\u00ed?<br \/>Prestarnir sv\u00f6ru\u00f0u neitandi. <br \/> <a name=\"13\"><span class=\"versanumer_2007\">13<\/span><\/a> Enn spur\u00f0i Hagga\u00ed: Snerti ma\u00f0ur l\u00edk og ver\u00f0i \u00f3hreinn af \u00feeim s\u00f6kum og snerti s\u00ed\u00f0an eitthva\u00f0 af \u00feessu, ver\u00f0ur \u00fea\u00f0 \u00fe\u00e1 \u00f3hreint? \u00dev\u00ed sv\u00f6ru\u00f0u prestarnir j\u00e1tandi. <br \/> <a name=\"14\"><span class=\"versanumer_2007\">14<\/span><\/a> \u00de\u00e1 sag\u00f0i Hagga\u00ed: Eins vir\u00f0ist m\u00e9r um \u00feennan l\u00fd\u00f0 og \u00feessa \u00fej\u00f3\u00f0, segir Drottinn, og svo er um \u00f6ll verk handa \u00feeirra. Allt sem \u00feeir f\u00e6ra m\u00e9r a\u00f0 f\u00f3rn er \u00f3hreint. <a name=\"15\"><span class=\"versanumer_2007\">15<\/span><\/a> Hyggi\u00f0 n\u00fa a\u00f0 hvernig ykkur farnast n\u00fa og eftirlei\u00f0is. \u00c1\u00f0ur en steinn var lag\u00f0ur \u00e1 stein \u00ed musteri Drottins, hvernig farna\u00f0ist ykkur \u00fe\u00e1? <a name=\"16\"><span class=\"versanumer_2007\">16<\/span><\/a> K\u00e6mi ma\u00f0ur a\u00f0 kornbing sem nema skyldi tuttugu efum, \u00fe\u00e1 reyndust \u00fe\u00e6r t\u00edu. K\u00e6mi ma\u00f0ur a\u00f0 v\u00edn\u00fer\u00f3 og hyg\u00f0ist ausa \u00far henni fimmt\u00edu b\u00f6t reyndust \u00feau a\u00f0eins tuttugu. <a name=\"17\"><span class=\"versanumer_2007\">17<\/span><\/a> \u00c9g hef losti\u00f0 ykkur og \u00f6ll verk handa ykkar me\u00f0 korndrj\u00f3la, drepi og hagli en \u00fei\u00f0 sneru\u00f0 ykkur ekki til m\u00edn, segir Drottinn. <a name=\"18\"><span class=\"versanumer_2007\">18<\/span><\/a> Hyggi\u00f0 a\u00f0 hvernig ykkur farnast n\u00fa og eftirlei\u00f0is, fr\u00e1 tuttugasta og fj\u00f3r\u00f0a degi hins n\u00edunda m\u00e1na\u00f0ar, fr\u00e1 \u00feeim degi er grundv\u00f6llur musterisins var lag\u00f0ur. Hyggi\u00f0 a\u00f0 \u00fev\u00ed <a name=\"19\"><span class=\"versanumer_2007\">19<\/span><\/a> me\u00f0an enn er s\u00e1\u00f0korn<span class=\"nedan_mal\" title=\" Annar lesh\u00e1ttur: hvort enn s\u00e9 s\u00e1\u00f0korn.\">[<\/span> \u00ed hl\u00f6\u00f0unni og v\u00ednvi\u00f0urinn, f\u00edkjutr\u00e9\u00f0, granateplatr\u00e9\u00f0 og \u00f3l\u00edfutr\u00e9\u00f0 hafa enn ekki bori\u00f0 \u00e1v\u00f6xt. Fr\u00e1 og me\u00f0 \u00feessum degi mun \u00e9g veita blessun.<\/p>\n<h3 class=\"millifyrirsogn_2007\">Ser\u00fababel, hinn \u00fatvaldi Gu\u00f0s<\/h3>\n<p><a name=\"20\"><span class=\"versanumer_2007\">20<\/span><\/a> Enn kom or\u00f0 Drottins til Hagga\u00ed sp\u00e1manns \u00e1 tuttugasta og fj\u00f3r\u00f0a degi m\u00e1na\u00f0arins: <a name=\"21\"><span class=\"versanumer_2007\">21<\/span><\/a> Seg\u00f0u vi\u00f0 Ser\u00fababel, landstj\u00f3ra \u00ed J\u00fada: \u00c9g mun hr\u00e6ra himin og j\u00f6r\u00f0.<br \/> <span class=\"ljodatexti\"> <a name=\"22\"><span class=\"versanumer_ljod\">22<\/span><\/a> \u00c9g steypi h\u00e1s\u00e6tum konungd\u00e6manna <br \/>og kollvarpa st\u00f3rveldum \u00fej\u00f3\u00f0anna.<br \/>\u00c9g velti str\u00ed\u00f0sv\u00f6gnunum og eklum \u00feeirra um koll, <br \/>hestar skulu hnj\u00f3ta og rei\u00f0menn falla <br \/>hver fyrir annars sver\u00f0i. <\/span> <br \/> <a name=\"23\"><span class=\"versanumer_2007\">23<\/span><\/a> \u00c1 \u00feeim degi, segir Drottinn allsherjar, tek \u00e9g \u00feig, \u00fej\u00f3nn minn, Ser\u00fababel Sealt\u00edelsson, segir Drottinn, og geri \u00feig sem innsiglishring minn \u00fev\u00ed a\u00f0 \u00feig hef \u00e9g vali\u00f0, segir Drottinn allsherjar. <\/p>\n","protected":false},"excerpt":{"rendered":"<p>Vegsemd n\u00fds musteris 1 \u00c1 tuttugasta og fyrsta degi hins sj\u00f6unda m\u00e1na\u00f0ar \u00e1 \u00f6\u00f0ru stj\u00f3rnar\u00e1ri Dar\u00edusar konungs kom or\u00f0 Drottins af munni Hagga\u00ed sp\u00e1manns: 2 Seg\u00f0u vi\u00f0 Ser\u00fababel Sealt\u00edelsson, landstj\u00f3ra \u00ed J\u00fada, J\u00f3s\u00faa J\u00f3sadaksson, \u00e6\u00f0sta prest, og \u00fe\u00e1 sem eftir eru af \u00fej\u00f3\u00f0inni: 3 Hver er n\u00fa eftir me\u00f0al ykkar sem hefur s\u00e9\u00f0 \u00feetta h\u00fas \u00ed fyrri vegsemd sinni? Hvernig vir\u00f0ist ykkur \u00fea\u00f0 n\u00fa? Er \u00fea\u00f0 ekki einskis vert a\u00f0 sj\u00e1? 4 En hertu upp hugann, Ser\u00fababel, segir Drottinn, hertu upp hugann, J\u00f3s\u00faa J\u00f3sadaksson, \u00e6\u00f0sti prestur. Hertu upp hugann, landsl\u00fd\u00f0ur, segir Drottinn. Vinni\u00f0, \u00fev\u00ed a\u00f0 \u00e9g er me\u00f0 ykkur, segir <a href=\"https:\/\/biblian.is\/biblian\/haggai-2-kafli\/\"> [&#8230;]<\/a><\/p>\n","protected":false},"author":1,"featured_media":0,"parent":0,"menu_order":0,"comment_status":"open","ping_status":"open","template":"bibliukaflar_NT.php","meta":{"footnotes":""},"class_list":["post-2529","page","type-page","status-publish","hentry"],"_links":{"self":[{"href":"https:\/\/biblian.is\/biblian\/wp-json\/wp\/v2\/pages\/2529","targetHints":{"allow":["GET"]}}],"collection":[{"href":"https:\/\/biblian.is\/biblian\/wp-json\/wp\/v2\/pages"}],"about":[{"href":"https:\/\/biblian.is\/biblian\/wp-json\/wp\/v2\/types\/page"}],"author":[{"embeddable":true,"href":"https:\/\/biblian.is\/biblian\/wp-json\/wp\/v2\/users\/1"}],"replies":[{"embeddable":true,"href":"https:\/\/biblian.is\/biblian\/wp-json\/wp\/v2\/comments?post=2529"}],"version-history":[{"count":0,"href":"https:\/\/biblian.is\/biblian\/wp-json\/wp\/v2\/pages\/2529\/revisions"}],"wp:attachment":[{"href":"https:\/\/biblian.is\/biblian\/wp-json\/wp\/v2\/media?parent=2529"}],"curies":[{"name":"wp","href":"https:\/\/api.w.org\/{rel}","templated":true}]}}