{"id":2527,"date":"2017-12-30T21:03:34","date_gmt":"2017-12-30T21:03:34","guid":{"rendered":"http:\/\/biblian.is\/biblian\/sefan%c2%92a-3-kafli\/"},"modified":"2024-06-26T23:23:59","modified_gmt":"2024-06-26T23:23:59","slug":"sefania-3-kafli","status":"publish","type":"page","link":"https:\/\/biblian.is\/biblian\/sefania-3-kafli\/","title":{"rendered":"Sefan\u00eda 3. kafli"},"content":{"rendered":"<h3 class=\"millifyrirsogn_2007\"> R\u00e6\u00f0a gegn Jer\u00fasalem<\/h3>\n<p><span class=\"ljodatexti\"> <a name=\"1\"><span class=\"versanumer_ljod\">1<\/span><\/a>Vei \u00feessari saurgu\u00f0u, <br \/>vanhelgu\u00f0u borg ofstopans.<br \/> <\/span> <span class=\"ljodatexti\"> <a name=\"2\"><span class=\"versanumer_ljod\">2<\/span><\/a>H\u00fan hefur \u00f3hl\u00fd\u00f0nast, <br \/>ekki teki\u00f0 \u00e1minningum. <br \/>H\u00fan hefur hvorki treyst Drottni<br \/>n\u00e9 n\u00e1lgast Gu\u00f0 sinn. <br \/> <\/span> <span class=\"ljodatexti\"> <a name=\"3\"><span class=\"versanumer_ljod\">3<\/span><\/a>Valdhafar hennar eru \u00f6skrandi lj\u00f3n, <br \/>d\u00f3marar hennar \u00falfar n\u00e6turinnar <br \/>sem ekki geyma \u00f3naga\u00f0 bein til morguns. <br \/> <\/span> <span class=\"ljodatexti\"> <a name=\"4\"><span class=\"versanumer_ljod\">4<\/span><\/a>Sp\u00e1menn hennar eru svikulir <br \/>og brig\u00f0ulir \u00ed or\u00f0um. <br \/>Prestar hennar vanhelga \u00fea\u00f0 sem heilagt er <br \/>og misbj\u00f3\u00f0a l\u00f6gm\u00e1linu. <br \/> <\/span> <span class=\"ljodatexti\"> <a name=\"5\"><span class=\"versanumer_ljod\">5<\/span><\/a>En \u00ed borginni er hinn r\u00e9ttl\u00e1ti Drottinn, <br \/>hann a\u00f0hefst ekkert rangt. <br \/>Hann birtir d\u00f3m sinn \u00e1 hverjum morgni, <br \/>\u00fea\u00f0 bregst ekki fremur en d\u00f6gunin. <br \/>En hinn rangl\u00e1ti kann ekki a\u00f0 blyg\u00f0ast s\u00edn.<br \/> <\/span> <span class=\"ljodatexti\"> <a name=\"6\"><span class=\"versanumer_ljod\">6<\/span><\/a>\u00dej\u00f3\u00f0um hef \u00e9g tort\u00edmt <br \/>og steypt var\u00f0turnum \u00feeirra. <br \/>Str\u00e6ti \u00feeirra hef \u00e9g eytt af f\u00f3lki <br \/>svo a\u00f0 \u00fear er enginn \u00e1 fer\u00f0, <br \/>borgir \u00feeirra eru \u00ed r\u00fast, mannlausar, <br \/>og \u00fear b\u00faa engir framar. <br \/> <\/span> <span class=\"ljodatexti\"> <a name=\"7\"><span class=\"versanumer_ljod\">7<\/span><\/a>Og \u00e9g v\u00e6nti a\u00f0 \u00fe\u00fa \u00f3tta\u00f0ist mig, <br \/>t\u00e6kir \u00e1minningu minni, <br \/>a\u00f0 ekki dyldist augum hennar<br \/>refsingin sem \u00e9g kalla\u00f0i yfir hana. <br \/>En \u00fev\u00ed meir hafa \u00feeir kappkosta\u00f0 <br \/>a\u00f0 sn\u00faa verkum s\u00ednum til ills. <br \/> <\/span> <span class=\"ljodatexti\"> <a name=\"8\"><span class=\"versanumer_ljod\">8<\/span><\/a>B\u00ed\u00f0i\u00f0, segir Drottinn, <br \/>b\u00ed\u00f0i\u00f0 dagsins \u00feegar \u00e9g kem sem \u00e1k\u00e6randi. <br \/>\u00dev\u00ed a\u00f0 \u00e9g hef \u00e1kve\u00f0i\u00f0 a\u00f0 safna \u00fej\u00f3\u00f0unum saman <br \/> og stefna saman konungsr\u00edkjunum <br \/>til a\u00f0 ausa yfir \u00feau rei\u00f0i minni, <br \/>allri minni logandi heift. <br \/>J\u00e1, fyrir eldi br\u00e6\u00f0i minnar <br \/>mun \u00f6ll j\u00f6r\u00f0in ey\u00f0ast. <\/span> <\/p>\n<h3 class=\"millifyrirsogn_2007\">Gu\u00f0 sn\u00fdr vi\u00f0 h\u00f6gum \u00fej\u00f3\u00f0anna<\/h3>\n<p><span class=\"ljodatexti\"> <a name=\"9\"><span class=\"versanumer_ljod\">9<\/span><\/a>\u00de\u00e1 mun \u00e9g gefa \u00fej\u00f3\u00f0unum <br \/>n\u00fdjar varir og hreinar<br \/>svo a\u00f0 \u00fe\u00e6r geti \u00e1kalla\u00f0 nafn Drottins <br \/>og \u00fej\u00f3na\u00f0 honum einhuga. <br \/> <\/span> <span class=\"ljodatexti\"> <a name=\"10\"><span class=\"versanumer_ljod\">10<\/span><\/a>Dreif\u00f0ir \u00fej\u00f3nar m\u00ednir <br \/>handan flj\u00f3ta E\u00fe\u00ed\u00f3p\u00edu munu koma <br \/>og f\u00e6ra m\u00e9r f\u00f3rnargjafir. <br \/> <\/span> <span class=\"ljodatexti\"> <a name=\"11\"><span class=\"versanumer_ljod\">11<\/span><\/a>\u00c1 \u00feeim degi \u00fearftu ekki a\u00f0 bera kinnro\u00f0a<br \/>vegna illverka \u00feinna <br \/>\u00feegar \u00fe\u00fa hafna\u00f0ir m\u00e9r <br \/>\u00fev\u00ed a\u00f0 \u00fe\u00e1 mun \u00e9g fjarl\u00e6gja<br \/>\u00fe\u00e1 sem k\u00e6tast og hreykja s\u00e9r af \u00fe\u00e9r <br \/>og \u00fe\u00fa munt ekki framar ofmetnast <br \/>\u00e1 m\u00ednu heilaga fjalli. <br \/> <\/span> <span class=\"ljodatexti\"> <a name=\"12\"><span class=\"versanumer_ljod\">12<\/span><\/a>En me\u00f0al \u00fe\u00edn mun \u00e9g skilja eftir <br \/>f\u00e1t\u00e6ka og h\u00f3gv\u00e6ra \u00fej\u00f3\u00f0 <br \/>og h\u00fan mun leita h\u00e6lis <br \/>\u00ed nafni Drottins. <br \/> <\/span> <span class=\"ljodatexti\"> <a name=\"13\"><span class=\"versanumer_ljod\">13<\/span><\/a>\u00deeir sem eftir ver\u00f0a af \u00cdsrael <br \/>munu hvorki vi\u00f0hafa rangindi n\u00e9 \u00f3sannindi.<br \/>Svikul tunga ver\u00f0ur ekki \u00ed munni \u00feeirra. <br \/>\u00deeir munu komast \u00e1 beit og hv\u00edlast <br \/>og enginn ver\u00f0ur til a\u00f0 styggja \u00fe\u00e1. <\/span> <\/p>\n<h3 class=\"millifyrirsogn_2007\">Gu\u00f0 sn\u00fdr vi\u00f0 h\u00f6gum l\u00fd\u00f0s s\u00edns<\/h3>\n<p><span class=\"ljodatexti\"> <a name=\"14\"><span class=\"versanumer_ljod\">14<\/span><\/a>Hr\u00f3pa\u00f0u af gle\u00f0i, S\u00edonard\u00f3ttir! <br \/>Fagna\u00f0u h\u00e1st\u00f6fum, \u00cdsrael! <br \/>\u00de\u00fa skalt k\u00e6tast og gle\u00f0jast af \u00f6llu hjarta, <br \/>d\u00f3ttirin Jer\u00fasalem. <br \/> <\/span> <span class=\"ljodatexti\"> <a name=\"15\"><span class=\"versanumer_ljod\">15<\/span><\/a>Drottinn hefur \u00f3gilt refsid\u00f3minn yfir \u00fe\u00e9r, <br \/>hann hefur hraki\u00f0 fjendur \u00fe\u00edna \u00e1 brott. <br \/>Konungur \u00cdsraels, Drottinn, er me\u00f0 \u00fe\u00e9r, <br \/>engar \u00f3farir \u00fearftu framar a\u00f0 \u00f3ttast.<br \/> <\/span> <span class=\"ljodatexti\"> <a name=\"16\"><span class=\"versanumer_ljod\">16<\/span><\/a>\u00c1 \u00feeim degi ver\u00f0ur sagt vi\u00f0 Jer\u00fasalem: <br \/>\u201e\u00d3ttastu ekki, S\u00edon, <br \/>l\u00e1ttu ekki hugfallast. <br \/> <\/span> <span class=\"ljodatexti\"> <a name=\"17\"><span class=\"versanumer_ljod\">17<\/span><\/a>Drottinn, Gu\u00f0 \u00feinn, er hj\u00e1 \u00fe\u00e9r, <br \/>hin frelsandi hetja.<br \/>Hann mun fagna og gle\u00f0jast yfir \u00fe\u00e9r, <br \/>hann mun hr\u00f3pa af f\u00f6gnu\u00f0i \u00fe\u00edn vegna eins og \u00e1 h\u00e1t\u00ed\u00f0isdegi<br \/>og hugga me\u00f0 k\u00e6rleika s\u00ednum <br \/> <\/span> <span class=\"ljodatexti\"> <a name=\"18\"><span class=\"versanumer_ljod\">18<\/span><\/a>hina lang\u00fej\u00e1\u00f0u.\u201c<br \/>\u00c9g mun v\u00edkja fr\u00e1 \u00fe\u00e9r \u00f3g\u00e6funni, <br \/>sm\u00e1ninni sem \u00e1 \u00fe\u00e9r hv\u00edlir. <br \/> <\/span> <span class=\"ljodatexti\"> <a name=\"19\"><span class=\"versanumer_ljod\">19<\/span><\/a>\u00c1 \u00feeim t\u00edma vitja \u00e9g \u00feeirra <br \/>sem hafa \u00fejaka\u00f0 \u00feig. <br \/>\u00c9g safna saman h\u00f6ltum og tv\u00edstru\u00f0um<br \/>og \u00e9g mun sn\u00faa sm\u00e1n \u00feeirra \u00ed s\u00e6md <br \/>og fr\u00e6g\u00f0 um alla j\u00f6r\u00f0ina. <br \/> <\/span> <span class=\"ljodatexti\"> <a name=\"20\"><span class=\"versanumer_ljod\">20<\/span><\/a>\u00c1 \u00feeim t\u00edma safna \u00e9g y\u00f0ur saman <br \/>og \u00e1 \u00feeim t\u00edma lei\u00f0i \u00e9g y\u00f0ur heim, <br \/>\u00fev\u00ed a\u00f0 \u00e9g geri y\u00f0ur fr\u00e6ga og nafnkunna <br \/>me\u00f0al allra \u00fej\u00f3\u00f0a veraldar <br \/>\u00feegar \u00e9g sn\u00fd vi\u00f0 h\u00f6gum y\u00f0ar <br \/>\u00ed augs\u00fdn \u00feeirra, segir Drottinn. <\/span> <\/p>\n","protected":false},"excerpt":{"rendered":"<p>R\u00e6\u00f0a gegn Jer\u00fasalem 1Vei \u00feessari saurgu\u00f0u, vanhelgu\u00f0u borg ofstopans. 2H\u00fan hefur \u00f3hl\u00fd\u00f0nast, ekki teki\u00f0 \u00e1minningum. H\u00fan hefur hvorki treyst Drottnin\u00e9 n\u00e1lgast Gu\u00f0 sinn. 3Valdhafar hennar eru \u00f6skrandi lj\u00f3n, d\u00f3marar hennar \u00falfar n\u00e6turinnar sem ekki geyma \u00f3naga\u00f0 bein til morguns. 4Sp\u00e1menn hennar eru svikulir og brig\u00f0ulir \u00ed or\u00f0um. Prestar hennar vanhelga \u00fea\u00f0 sem heilagt er og misbj\u00f3\u00f0a l\u00f6gm\u00e1linu. 5En \u00ed borginni er hinn r\u00e9ttl\u00e1ti Drottinn, hann a\u00f0hefst ekkert rangt. Hann birtir d\u00f3m sinn \u00e1 hverjum morgni, \u00fea\u00f0 bregst ekki fremur en d\u00f6gunin. En hinn rangl\u00e1ti kann ekki a\u00f0 blyg\u00f0ast s\u00edn. 6\u00dej\u00f3\u00f0um hef \u00e9g tort\u00edmt og steypt var\u00f0turnum \u00feeirra. Str\u00e6ti \u00feeirra hef <a href=\"https:\/\/biblian.is\/biblian\/sefania-3-kafli\/\"> [&#8230;]<\/a><\/p>\n","protected":false},"author":1,"featured_media":0,"parent":0,"menu_order":0,"comment_status":"open","ping_status":"open","template":"bibliukaflar_NT.php","meta":{"footnotes":""},"class_list":["post-2527","page","type-page","status-publish","hentry"],"_links":{"self":[{"href":"https:\/\/biblian.is\/biblian\/wp-json\/wp\/v2\/pages\/2527","targetHints":{"allow":["GET"]}}],"collection":[{"href":"https:\/\/biblian.is\/biblian\/wp-json\/wp\/v2\/pages"}],"about":[{"href":"https:\/\/biblian.is\/biblian\/wp-json\/wp\/v2\/types\/page"}],"author":[{"embeddable":true,"href":"https:\/\/biblian.is\/biblian\/wp-json\/wp\/v2\/users\/1"}],"replies":[{"embeddable":true,"href":"https:\/\/biblian.is\/biblian\/wp-json\/wp\/v2\/comments?post=2527"}],"version-history":[{"count":0,"href":"https:\/\/biblian.is\/biblian\/wp-json\/wp\/v2\/pages\/2527\/revisions"}],"wp:attachment":[{"href":"https:\/\/biblian.is\/biblian\/wp-json\/wp\/v2\/media?parent=2527"}],"curies":[{"name":"wp","href":"https:\/\/api.w.org\/{rel}","templated":true}]}}