{"id":2526,"date":"2017-12-30T21:03:34","date_gmt":"2017-12-30T21:03:34","guid":{"rendered":"http:\/\/biblian.is\/biblian\/sefan%c2%92a-2-kafli\/"},"modified":"2024-06-26T23:23:59","modified_gmt":"2024-06-26T23:23:59","slug":"sefania-2-kafli","status":"publish","type":"page","link":"https:\/\/biblian.is\/biblian\/sefania-2-kafli\/","title":{"rendered":"Sefan\u00eda 2. kafli"},"content":{"rendered":"<h3 class=\"millifyrirsogn_2007\"> Hvatning til hinna h\u00f3gv\u00e6ru<\/h3>\n<p><span class=\"ljodatexti\"> <a name=\"1\"><span class=\"versanumer_ljod\">1<\/span><\/a>Safnast, kom saman,<br \/> \u00fe\u00fa blyg\u00f0unarlausa \u00fej\u00f3\u00f0, <br \/> <a name=\"2\"><span class=\"versanumer_ljod\">2<\/span><\/a>\u00e1\u00f0ur en stundin rennur<br \/>sem feykist hj\u00e1 eins og hismi, <br \/>\u00e1\u00f0ur en hin brennandi rei\u00f0i Drottins <br \/>kemur yfir \u00feig, <br \/>\u00e1\u00f0ur en rei\u00f0idagur Drottins <br \/>kemur yfir \u00feig. <br \/> <\/span> <span class=\"ljodatexti\"> <a name=\"3\"><span class=\"versanumer_ljod\">3<\/span><\/a>Leiti\u00f0 Drottins, <br \/>allir h\u00f3gv\u00e6rir \u00ed landinu <br \/>sem fari\u00f0 a\u00f0 bo\u00f0um hans. <br \/>\u00c1stundi\u00f0 r\u00e9ttl\u00e6ti, <br \/>\u00e1stundi\u00f0 au\u00f0m\u00fdkt.<br \/>Ef til vill veitist y\u00f0ur h\u00e6li <br \/>\u00e1 rei\u00f0idegi Drottins. <\/span> <\/p>\n<h3 class=\"millifyrirsogn_2007\">R\u00e6\u00f0ur gegn \u00fej\u00f3\u00f0unum<\/h3>\n<p><span class=\"ljodatexti\"> <a name=\"4\"><span class=\"versanumer_ljod\">4<\/span><\/a>\u00dev\u00ed a\u00f0 Gasa ver\u00f0ur yfirgefin <br \/>og Askalon fer \u00ed ey\u00f0i.<br \/>\u00cdb\u00faar Asd\u00f3dborgar munu hraktir burt <br \/>um h\u00e1bjartan dag <br \/>og Ekron ver\u00f0ur l\u00f6g\u00f0 \u00ed ey\u00f0i. <br \/> <\/span> <span class=\"ljodatexti\"> <a name=\"5\"><span class=\"versanumer_ljod\">5<\/span><\/a>Vei \u00fe\u00e9r, \u00fej\u00f3\u00f0 Kreta, <br \/>sem b\u00fdr\u00f0 vi\u00f0 sj\u00e1vars\u00ed\u00f0una. <br \/>Or\u00f0 Drottins beinist gegn \u00fe\u00e9r, <br \/>Kanaan, land Filistea. <br \/>\u00deig mun \u00e9g gera a\u00f0 mannlausri au\u00f0n.<br \/> <\/span> <span class=\"ljodatexti\"> <a name=\"6\"><span class=\"versanumer_ljod\">6<\/span><\/a>Vi\u00f0 sj\u00e1vars\u00ed\u00f0una<br \/>ver\u00f0ur athvarf fj\u00e1rhir\u00f0a og sau\u00f0fj\u00e1rkv\u00edar. <br \/> <\/span> <span class=\"ljodatexti\"> <a name=\"7\"><span class=\"versanumer_ljod\">7<\/span><\/a>H\u00fan fellur \u00ed hlut \u00feeim<br \/>sem eftir ver\u00f0a af \u00e6tt J\u00fada. <br \/>\u00dear munu \u00feeir beita f\u00e9 s\u00ednu <br \/>og leggjast til hv\u00edlu a\u00f0 kv\u00f6ldi <br \/>\u00ed h\u00fasum Askalonborgar. <br \/>\u00dev\u00ed a\u00f0 Drottinn, Gu\u00f0 \u00feeirra, mun vitja \u00feeirra <br \/>og sn\u00faa vi\u00f0 h\u00f6gum \u00feeirra. <br \/> <\/span> <span class=\"ljodatexti\"> <a name=\"8\"><span class=\"versanumer_ljod\">8<\/span><\/a>\u00c9g hef hl\u00fdtt \u00e1 h\u00e1\u00f0syr\u00f0i M\u00f3abs <br \/>og skopyr\u00f0i Amm\u00f3nsb\u00faa <br \/>sem l\u00edtilsvirtu \u00fej\u00f3\u00f0 m\u00edna <br \/>og hreyktu s\u00e9r yfir landi hennar. <br \/> <\/span> <span class=\"ljodatexti\"> <a name=\"9\"><span class=\"versanumer_ljod\">9<\/span><\/a>Svo sannarlega sem \u00e9g lifi, <br \/>segir Drottinn allsherjar, Gu\u00f0 \u00cdsraels, <br \/>mun M\u00f3ab farnast eins og S\u00f3d\u00f3mu <br \/>og Amm\u00f3nsb\u00faum eins og G\u00f3morru.<br \/>Illgresi og saltgrafir ver\u00f0a \u00fear <br \/>og au\u00f0n a\u00f0 eil\u00edfu. <br \/> \u00dear munu leifar l\u00fd\u00f0s m\u00edns r\u00e6na <br \/>og \u00fear munu \u00feeir hreppa hlut sinn <br \/>sem eftir ver\u00f0a af \u00fej\u00f3\u00f0 minni.<br \/> <\/span> <span class=\"ljodatexti\"> <a name=\"10\"><span class=\"versanumer_ljod\">10<\/span><\/a>\u00deannig gjalda \u00feeir fyrir drambsemina,<br \/>spotti\u00f0 og sm\u00e1naryr\u00f0in <br \/>sem \u00feeir hafa haft \u00ed frammi vi\u00f0 l\u00fd\u00f0 Drottins allsherjar.<br \/> <\/span> <span class=\"ljodatexti\"> <a name=\"11\"><span class=\"versanumer_ljod\">11<\/span><\/a>\u00d3gurlegur mun Drottinn allsherjar reynast \u00feeim, <br \/>hann dregur \u00fer\u00f3tt \u00far \u00f6llum gu\u00f0um jar\u00f0arinnar <br \/>og hver ma\u00f0ur mun l\u00fata honum, <br \/>allar \u00fej\u00f3\u00f0ir eylandanna, <br \/>hver \u00e1 s\u00ednum sta\u00f0. <br \/> <\/span> <span class=\"ljodatexti\"> <a name=\"12\"><span class=\"versanumer_ljod\">12<\/span><\/a>\u00de\u00e9r, E\u00fe\u00ed\u00f3p\u00edumenn, <br \/>falli\u00f0 einnig fyrir sver\u00f0i m\u00ednu. <br \/> <\/span> <span class=\"ljodatexti\"> <a name=\"13\"><span class=\"versanumer_ljod\">13<\/span><\/a>Hann mun hefja arm sinn gegn nor\u00f0ri <br \/>og tort\u00edma Ass\u00fdr\u00edu,<br \/>gera N\u00edn\u00edve a\u00f0 au\u00f0n, <br \/>a\u00f0 vatnslausri ey\u00f0im\u00f6rk.<br \/> <\/span> <span class=\"ljodatexti\"> <a name=\"14\"><span class=\"versanumer_ljod\">14<\/span><\/a>\u00dear munu hjar\u00f0ir liggja, <br \/>allar tegundir d\u00fdra. <br \/>Dvergkr\u00e1kur og uglur munu gera s\u00e9r n\u00e1ttb\u00f3l <br \/>\u00e1 s\u00falum hennar. <br \/>Uglur v\u00e6la \u00ed gluggum <br \/>og hrafnar krunka vi\u00f0 \u00fer\u00f6skuldana <span class=\"nedan_mal\" title=\" \u00d6nnur hugsanleg \u00fe\u00fd\u00f0ing: R\u00f6dd kve\u00f0ur vi\u00f0 \u00ed gluggum \/ og ey\u00f0ing \u00e1 \u00fer\u00f6skuldum.\">[<\/span> <br \/>\u00fev\u00ed a\u00f0 sedrus\u00feilin hafa veri\u00f0 rifin. <br \/> <\/span> <span class=\"ljodatexti\"> <a name=\"15\"><span class=\"versanumer_ljod\">15<\/span><\/a>\u00deetta var \u00fe\u00e1 borg glaumsins,<br \/>sem ugg\u00f0i ekki a\u00f0 s\u00e9r <br \/>og hugsa\u00f0i \u00ed hjarta s\u00ednu: <br \/>\u201e\u00c9g og engin \u00f6nnur.\u201c <br \/>Hv\u00edl\u00edk au\u00f0n er h\u00fan or\u00f0in, <br \/>b\u00e6li villid\u00fdra. <br \/>S\u00e1 sem n\u00fa fer \u00fear hj\u00e1 <br \/>hnussar og veifar hendinni. <\/span> <\/p>\n","protected":false},"excerpt":{"rendered":"<p>Hvatning til hinna h\u00f3gv\u00e6ru 1Safnast, kom saman, \u00fe\u00fa blyg\u00f0unarlausa \u00fej\u00f3\u00f0, 2\u00e1\u00f0ur en stundin rennursem feykist hj\u00e1 eins og hismi, \u00e1\u00f0ur en hin brennandi rei\u00f0i Drottins kemur yfir \u00feig, \u00e1\u00f0ur en rei\u00f0idagur Drottins kemur yfir \u00feig. 3Leiti\u00f0 Drottins, allir h\u00f3gv\u00e6rir \u00ed landinu sem fari\u00f0 a\u00f0 bo\u00f0um hans. \u00c1stundi\u00f0 r\u00e9ttl\u00e6ti, \u00e1stundi\u00f0 au\u00f0m\u00fdkt.Ef til vill veitist y\u00f0ur h\u00e6li \u00e1 rei\u00f0idegi Drottins. R\u00e6\u00f0ur gegn \u00fej\u00f3\u00f0unum 4\u00dev\u00ed a\u00f0 Gasa ver\u00f0ur yfirgefin og Askalon fer \u00ed ey\u00f0i.\u00cdb\u00faar Asd\u00f3dborgar munu hraktir burt um h\u00e1bjartan dag og Ekron ver\u00f0ur l\u00f6g\u00f0 \u00ed ey\u00f0i. 5Vei \u00fe\u00e9r, \u00fej\u00f3\u00f0 Kreta, sem b\u00fdr\u00f0 vi\u00f0 sj\u00e1vars\u00ed\u00f0una. Or\u00f0 Drottins beinist gegn \u00fe\u00e9r, Kanaan, land Filistea. <a href=\"https:\/\/biblian.is\/biblian\/sefania-2-kafli\/\"> [&#8230;]<\/a><\/p>\n","protected":false},"author":1,"featured_media":0,"parent":0,"menu_order":0,"comment_status":"open","ping_status":"open","template":"bibliukaflar_NT.php","meta":{"footnotes":""},"class_list":["post-2526","page","type-page","status-publish","hentry"],"_links":{"self":[{"href":"https:\/\/biblian.is\/biblian\/wp-json\/wp\/v2\/pages\/2526","targetHints":{"allow":["GET"]}}],"collection":[{"href":"https:\/\/biblian.is\/biblian\/wp-json\/wp\/v2\/pages"}],"about":[{"href":"https:\/\/biblian.is\/biblian\/wp-json\/wp\/v2\/types\/page"}],"author":[{"embeddable":true,"href":"https:\/\/biblian.is\/biblian\/wp-json\/wp\/v2\/users\/1"}],"replies":[{"embeddable":true,"href":"https:\/\/biblian.is\/biblian\/wp-json\/wp\/v2\/comments?post=2526"}],"version-history":[{"count":0,"href":"https:\/\/biblian.is\/biblian\/wp-json\/wp\/v2\/pages\/2526\/revisions"}],"wp:attachment":[{"href":"https:\/\/biblian.is\/biblian\/wp-json\/wp\/v2\/media?parent=2526"}],"curies":[{"name":"wp","href":"https:\/\/api.w.org\/{rel}","templated":true}]}}