{"id":2525,"date":"2017-12-30T21:03:34","date_gmt":"2017-12-30T21:03:34","guid":{"rendered":"http:\/\/biblian.is\/biblian\/sefan%c2%92a-1-kafli\/"},"modified":"2024-06-26T23:23:59","modified_gmt":"2024-06-26T23:23:59","slug":"sefania-1-kafli","status":"publish","type":"page","link":"https:\/\/biblian.is\/biblian\/sefania-1-kafli\/","title":{"rendered":"Sefan\u00eda 1. kafli"},"content":{"rendered":"<p><a name=\"1\"><span class=\"versanumer_2007\">1<\/span><\/a> Or\u00f0 Drottins sem kom til Sefan\u00eda K\u00fas\u00edsonar, Gedaljasonar, Amarjasonar, Hisk\u00edasonar \u00e1 d\u00f6gum J\u00f3s\u00eda Am\u00f3nssonar J\u00fadakonungs.<\/p>\n<h3 class=\"millifyrirsogn_2007\">Ey\u00f0ingin mikla<\/h3>\n<p><span class=\"ljodatexti\"> <a name=\"2\"><span class=\"versanumer_ljod\">2<\/span><\/a>\u00c9g mun gerey\u00f0a \u00f6llu af yfirbor\u00f0i jar\u00f0ar,<br \/>segir Drottinn.<br \/> <\/span> <span class=\"ljodatexti\"> <a name=\"3\"><span class=\"versanumer_ljod\">3<\/span><\/a>\u00c9g mun ey\u00f0a m\u00f6nnum og skepnum,<br \/>\u00e9g mun ey\u00f0a fuglum himinsins og fiskum sj\u00e1varins,<br \/>\u00e9g mun lei\u00f0a hina \u00f3gu\u00f0legu til falls <br \/>og \u00feurrka \u00fat mennina af \u00e1sj\u00f3nu jar\u00f0arinnar,<br \/>segir Drottinn.<br \/> <\/span> <span class=\"ljodatexti\"> <a name=\"4\"><span class=\"versanumer_ljod\">4<\/span><\/a>\u00c9g mun hefja h\u00f6nd m\u00edna gegn J\u00fada<br \/>og \u00f6llum Jer\u00fasalemb\u00faum<br \/>og afm\u00e1 af \u00feeim sta\u00f0 \u00f6ll ummerki Baals,<br \/>n\u00f6fn hofgo\u00f0anna og prestanna,<br \/> <\/span> <span class=\"ljodatexti\"> <a name=\"5\"><span class=\"versanumer_ljod\">5<\/span><\/a>\u00fe\u00e1 sem falla fram \u00e1 h\u00fas\u00fe\u00f6kum<br \/>fyrir hersk\u00f6rum himinsins<br \/>og \u00fe\u00e1 sem falla fram fyrir Drottni<br \/>og sverja vi\u00f0 hann en sverja \u00fe\u00f3 vi\u00f0 Milk\u00f3m, <span class=\"nedan_mal\" title=\" \u00d6nnur hugsanleg \u00fe\u00fd\u00f0ing: vi\u00f0 konung sinn.\">[<\/span> <br \/> <\/span> <span class=\"ljodatexti\"> <a name=\"6\"><span class=\"versanumer_ljod\">6<\/span><\/a>og eins \u00fe\u00e1 sem sn\u00fai\u00f0 hafa baki vi\u00f0 Drottni<br \/>og hvorki leita Drottins<br \/>n\u00e9 spyrja hann r\u00e1\u00f0a. <\/span> <\/p>\n<h3 class=\"millifyrirsogn_2007\">D\u00f3msdagur<\/h3>\n<p><span class=\"ljodatexti\"> <a name=\"7\"><span class=\"versanumer_ljod\">7<\/span><\/a>Veri\u00f0 hlj\u00f3\u00f0 frammi fyrir Drottni Gu\u00f0i<br \/>\u00fev\u00ed a\u00f0 dagur Drottins er \u00ed n\u00e1nd.<br \/>Drottinn hefur efnt til sl\u00e1turf\u00f3rnar, <span class=\"nedan_mal\" title=\" \u00deeir sem f\u00f3rna\u00f0 skal eru h\u00e9r s\u00fdnilega \u00edb\u00faar J\u00fada.\">[<\/span> <br \/>gesti s\u00edna hefur hann \u00feegar helga\u00f0.<br \/> <\/span> <span class=\"ljodatexti\"> <a name=\"8\"><span class=\"versanumer_ljod\">8<\/span><\/a>\u00c1 f\u00f3rnardegi Drottins <br \/>mun \u00e9g refsa h\u00f6f\u00f0ingjunum <br \/>og konungssonunum <br \/>og \u00f6llum \u00feeim sem bera erlend kl\u00e6\u00f0i.<br \/> <\/span> <span class=\"ljodatexti\"> <a name=\"9\"><span class=\"versanumer_ljod\">9<\/span><\/a>\u00c1 \u00feeim degi refsa \u00e9g<br \/>\u00f6llum \u00feeim sem st\u00f6kkva yfir \u00fer\u00f6skuldinn, <span class=\"nedan_mal\" title=\" H\u00e9r er \u00e1tt vi\u00f0 hei\u00f0inn si\u00f0: a\u00f0 st\u00edga ekki \u00e1 \u00fer\u00f6skuldinn \u00ed hofinu heldur st\u00f6kkva yfir hann, sbr. 1Sam 5.5.\">[<\/span> <br \/>\u00feeim sem fylla h\u00fas Drottins s\u00edns <br \/>me\u00f0 ofbeldi og svikum.<br \/> <\/span> <span class=\"ljodatexti\"> <a name=\"10\"><span class=\"versanumer_ljod\">10<\/span><\/a>\u00c1 \u00feeim degi, segir Drottinn, <br \/>munu ney\u00f0ar\u00f3p berast \u00far Fiskhli\u00f0inu,<br \/>kveinstafir fr\u00e1 n\u00fdja borgarhverfinu <br \/>og angistar\u00f3p fr\u00e1 h\u00e6\u00f0unum.<br \/> <\/span> <span class=\"ljodatexti\"> <a name=\"11\"><span class=\"versanumer_ljod\">11<\/span><\/a>\u00deeir munu kveina sem b\u00faa \u00ed l\u00e1gborginni<br \/>\u00fev\u00ed a\u00f0 allir kaupmenn ver\u00f0a horfnir <br \/>og afm\u00e1\u00f0ir allir \u00feeir er silfur vega.<br \/> <\/span> <span class=\"ljodatexti\"> <a name=\"12\"><span class=\"versanumer_ljod\">12<\/span><\/a>\u00c1 \u00feeim degi mun \u00e9g grandsko\u00f0a Jer\u00fasalem me\u00f0 lj\u00f3skerum<br \/>og hegna \u00feeim sem liggja andvaralausir <span class=\"nedan_mal\" title=\" Or\u00f0r\u00e9tt: hv\u00edla \u00e1 dreggjum s\u00ednum. \">[<\/span> <br \/>og hugsa me\u00f0 s\u00e9r:<br \/>\u201eDrottinn mun ekkert a\u00f0hafast, hvorki gott n\u00e9 illt.\u201c<br \/> <\/span> <span class=\"ljodatexti\"> <a name=\"13\"><span class=\"versanumer_ljod\">13<\/span><\/a>Au\u00f0ur \u00feeirra ver\u00f0ur a\u00f0 r\u00e1nsfeng<br \/>og heimili \u00feeirra a\u00f0 au\u00f0n.<br \/>\u00deeir munu byggja h\u00fas <br \/>en eigi b\u00faa \u00ed \u00feeim, <br \/>gera s\u00e9r v\u00edngar\u00f0a <br \/>en ekki nj\u00f3ta v\u00ednsins. <\/span> <\/p>\n<h3 class=\"millifyrirsogn_2007\">Dagur rei\u00f0innar<\/h3>\n<p><span class=\"ljodatexti\"> <a name=\"14\"><span class=\"versanumer_ljod\">14<\/span><\/a>\u00cd n\u00e1nd er hinn mikli dagur Drottins,<br \/>hann er \u00ed n\u00e1nd og f\u00e6rist \u00f3\u00f0fluga n\u00e6r.<br \/>Bitran hlj\u00f3m f\u00e6r dagur Drottins <br \/>og beiskleg ver\u00f0a \u00f3p kappans.<br \/> <\/span> <span class=\"ljodatexti\"> <a name=\"15\"><span class=\"versanumer_ljod\">15<\/span><\/a>Dagur rei\u00f0i ver\u00f0ur dagur s\u00e1,<br \/>dagur ney\u00f0ar og \u00ferengingar,<br \/>dagur ey\u00f0ingar og au\u00f0nar,<br \/>dagur myrkurs og sorta,<br \/>dagur sk\u00fdja og dimmu,<br \/> <\/span> <span class=\"ljodatexti\"> <a name=\"16\"><span class=\"versanumer_ljod\">16<\/span><\/a>dagur horna\u00feyts og her\u00f3pa <br \/>gegn v\u00edggirtu borgunum <br \/>og var\u00f0turnunum h\u00e1u.<br \/> <\/span> <span class=\"ljodatexti\"> <a name=\"17\"><span class=\"versanumer_ljod\">17<\/span><\/a>\u00c9g mun skelfa \u00feessa menn <br \/>og \u00feeir munu reika um sem blindir menn<br \/>\u00fev\u00ed a\u00f0 \u00feeir hafa syndga\u00f0 gegn Drottni. <br \/>Bl\u00f3\u00f0i \u00feeirra ver\u00f0ur \u00feyrla\u00f0 sem ryki <br \/>og innyflum \u00feeirra sem saur. <br \/> <\/span> <span class=\"ljodatexti\"> <a name=\"18\"><span class=\"versanumer_ljod\">18<\/span><\/a>Hvorki silfur \u00feeirra n\u00e9 gull <br \/>megnar a\u00f0 bjarga \u00feeim. <br \/>\u00c1 rei\u00f0idegi Drottins <br \/>og \u00ed heiftarb\u00e1li hans ver\u00f0ur \u00f6llu landinu eytt. <br \/>Gerey\u00f0ingu og br\u00e1\u00f0a tort\u00edmingu <br \/>b\u00fdr hann \u00f6llum sem \u00ed landinu eru. <\/span> <\/p>\n","protected":false},"excerpt":{"rendered":"<p>1 Or\u00f0 Drottins sem kom til Sefan\u00eda K\u00fas\u00edsonar, Gedaljasonar, Amarjasonar, Hisk\u00edasonar \u00e1 d\u00f6gum J\u00f3s\u00eda Am\u00f3nssonar J\u00fadakonungs. Ey\u00f0ingin mikla 2\u00c9g mun gerey\u00f0a \u00f6llu af yfirbor\u00f0i jar\u00f0ar,segir Drottinn. 3\u00c9g mun ey\u00f0a m\u00f6nnum og skepnum,\u00e9g mun ey\u00f0a fuglum himinsins og fiskum sj\u00e1varins,\u00e9g mun lei\u00f0a hina \u00f3gu\u00f0legu til falls og \u00feurrka \u00fat mennina af \u00e1sj\u00f3nu jar\u00f0arinnar,segir Drottinn. 4\u00c9g mun hefja h\u00f6nd m\u00edna gegn J\u00fadaog \u00f6llum Jer\u00fasalemb\u00faumog afm\u00e1 af \u00feeim sta\u00f0 \u00f6ll ummerki Baals,n\u00f6fn hofgo\u00f0anna og prestanna, 5\u00fe\u00e1 sem falla fram \u00e1 h\u00fas\u00fe\u00f6kumfyrir hersk\u00f6rum himinsinsog \u00fe\u00e1 sem falla fram fyrir Drottniog sverja vi\u00f0 hann en sverja \u00fe\u00f3 vi\u00f0 Milk\u00f3m, [ 6og eins \u00fe\u00e1 sem sn\u00fai\u00f0 <a href=\"https:\/\/biblian.is\/biblian\/sefania-1-kafli\/\"> [&#8230;]<\/a><\/p>\n","protected":false},"author":1,"featured_media":0,"parent":0,"menu_order":0,"comment_status":"open","ping_status":"open","template":"bibliukaflar_NT.php","meta":{"footnotes":""},"class_list":["post-2525","page","type-page","status-publish","hentry"],"_links":{"self":[{"href":"https:\/\/biblian.is\/biblian\/wp-json\/wp\/v2\/pages\/2525","targetHints":{"allow":["GET"]}}],"collection":[{"href":"https:\/\/biblian.is\/biblian\/wp-json\/wp\/v2\/pages"}],"about":[{"href":"https:\/\/biblian.is\/biblian\/wp-json\/wp\/v2\/types\/page"}],"author":[{"embeddable":true,"href":"https:\/\/biblian.is\/biblian\/wp-json\/wp\/v2\/users\/1"}],"replies":[{"embeddable":true,"href":"https:\/\/biblian.is\/biblian\/wp-json\/wp\/v2\/comments?post=2525"}],"version-history":[{"count":0,"href":"https:\/\/biblian.is\/biblian\/wp-json\/wp\/v2\/pages\/2525\/revisions"}],"wp:attachment":[{"href":"https:\/\/biblian.is\/biblian\/wp-json\/wp\/v2\/media?parent=2525"}],"curies":[{"name":"wp","href":"https:\/\/api.w.org\/{rel}","templated":true}]}}