{"id":2524,"date":"2017-12-30T21:03:34","date_gmt":"2017-12-30T21:03:34","guid":{"rendered":"http:\/\/biblian.is\/biblian\/habakkuk-3-kafli\/"},"modified":"2024-06-26T23:23:35","modified_gmt":"2024-06-26T23:23:35","slug":"habakkuk-3-kafli","status":"publish","type":"page","link":"https:\/\/biblian.is\/biblian\/habakkuk-3-kafli\/","title":{"rendered":"Habakkuk 3. kafli"},"content":{"rendered":"<h3 class=\"millifyrirsogn_2007\"> S\u00e1lmur Habakkuks<\/h3>\n<p><a name=\"1\"><span class=\"versanumer_2007\">1<\/span><\/a> B\u00e6n Habakkuks sp\u00e1manns. Me\u00f0 Shigionot-lagi.<span class=\"nedan_mal\" title=\" Me\u00f0 strengjaleik.\">[<\/span> <br \/> <span class=\"ljodatexti\"> <a name=\"2\"><span class=\"versanumer_ljod\">2<\/span><\/a>Drottinn, \u00e9g hef heyrt or\u00f0st\u00edr \u00feinn, <br \/>m\u00e9r stafar \u00f3gn af afrekum \u00fe\u00ednum.<br \/>Endurtaktu \u00feau n\u00fa \u00e1 \u00feessum \u00e1rum, <br \/>j\u00e1, opinbera\u00f0u \u00feau \u00e1 \u00feessum \u00e1rum. <br \/>Minnstu miskunnar \u00ed rei\u00f0i \u00feinni. <br \/> <\/span> <span class=\"ljodatexti\"> <a name=\"3\"><span class=\"versanumer_ljod\">3<\/span><\/a>Gu\u00f0 kemur fr\u00e1 Teman, <br \/>Hinn heilagi fr\u00e1 Paranfjalli. (Sela)<br \/>Tign hans \u00feekur himininn <br \/>og d\u00fdr\u00f0 hans j\u00f6r\u00f0ina alla:<br \/> <\/span> <span class=\"ljodatexti\"> <a name=\"4\"><span class=\"versanumer_ljod\">4<\/span><\/a> Lj\u00f3mi hans er sem l\u00fdsi af n\u00fdjum degi<br \/>og stafi geislum \u00e1 alla vegu; <br \/>\u00fear er m\u00e1ttur hans f\u00f3lginn. <br \/> <\/span> <span class=\"ljodatexti\"> <a name=\"5\"><span class=\"versanumer_ljod\">5<\/span><\/a>\u00c1 undan honum fer fars\u00f3ttin,<br \/>\u00ed f\u00f3tspor hans dreps\u00f3ttirnar. <br \/> <\/span> <span class=\"ljodatexti\"> <a name=\"6\"><span class=\"versanumer_ljod\">6<\/span><\/a>Hann st\u00edgur \u00e1 j\u00f6r\u00f0ina svo a\u00f0 h\u00fan n\u00f6trar,<br \/>fyrir augum hans skelfast \u00fej\u00f3\u00f0irnar, <br \/>fj\u00f6llin \u00e6vafornu molna sundur <br \/>og \u00fe\u00e6r s\u00f6kkva, h\u00e6\u00f0irnar eil\u00edfu, <br \/>g\u00f6ngulei\u00f0 hans for\u00f0um.<br \/> <\/span> <span class=\"ljodatexti\"> <a name=\"7\"><span class=\"versanumer_ljod\">7<\/span><\/a>\u00c9g s\u00e9 vo\u00f0ann \u00ed tj\u00f6ldum K\u00fasans, <br \/>tjaldd\u00faka Mid\u00edans feykjast til.<br \/> <\/span> <span class=\"ljodatexti\"> <a name=\"8\"><span class=\"versanumer_ljod\">8<\/span><\/a>Drottinn, ert \u00fe\u00fa rei\u00f0ur flj\u00f3tunum? <br \/>Beinir\u00f0u br\u00e6\u00f0i \u00feinni a\u00f0 flj\u00f3tunum <br \/>e\u00f0a heift \u00feinni svo a\u00f0 hafinu <br \/>a\u00f0 \u00fe\u00fa akir \u00fear me\u00f0 hesta \u00fe\u00edna <br \/>fyrir sigurvagninum? <br \/> <\/span> <span class=\"ljodatexti\"> <a name=\"9\"><span class=\"versanumer_ljod\">9<\/span><\/a>\u00de\u00fa mundar boga \u00feinn<br \/>og mettar streng hans \u00f6rvum, <br \/>landi\u00f0 kl\u00fdfur \u00fe\u00fa ni\u00f0ur \u00ed \u00e1rglj\u00fafur. (Sela)<br \/> <\/span> <span class=\"ljodatexti\"> <a name=\"10\"><span class=\"versanumer_ljod\">10<\/span><\/a>Fj\u00f6llin n\u00f6tra er \u00feau l\u00edta \u00feig<br \/>og steypiregn dynur yfir.<br \/>Dj\u00fapin hefja upp raust s\u00edna<br \/>og lyfta h\u00f6ndum s\u00ednum h\u00e1tt. <br \/> <\/span> <span class=\"ljodatexti\"> <a name=\"11\"><span class=\"versanumer_ljod\">11<\/span><\/a>S\u00f3l og tungl v\u00edkja ekki \u00far sta\u00f0 s\u00ednum<br \/>er lj\u00f3mi \u00f6rva \u00feinna fer hj\u00e1<br \/>og bjarminn af leiftrandi spj\u00f3ti \u00fe\u00ednu. <br \/> <\/span> <span class=\"ljodatexti\"> <a name=\"12\"><span class=\"versanumer_ljod\">12<\/span><\/a>\u00cd br\u00e6\u00f0i tre\u00f0ur \u00fe\u00fa j\u00f6r\u00f0ina<br \/>og kremur \u00fej\u00f3\u00f0ir \u00ed heift \u00feinni. <br \/> <\/span> <span class=\"ljodatexti\"> <a name=\"13\"><span class=\"versanumer_ljod\">13<\/span><\/a>\u00de\u00fa heldur af sta\u00f0 \u00fej\u00f3\u00f0 \u00feinni til frelsunar<br \/>og til fulltingis \u00fe\u00ednum smur\u00f0a.<br \/>\u00de\u00fa m\u00f6lvar m\u00e6ni\u00e1s hins rangl\u00e1ta<br \/>og br\u00fdtur h\u00fas hans til grunna. (Sela)<br \/> <\/span> <span class=\"ljodatexti\"> <a name=\"14\"><span class=\"versanumer_ljod\">14<\/span><\/a>Me\u00f0 kylfu \u00feeirra sj\u00e1lfra molar\u00f0u h\u00f6fu\u00f0 lei\u00f0toga \u00feeirra<br \/>sem geystust fram til a\u00f0 feykja m\u00e9r burt, <br \/>\u00feeirra sem skemmta s\u00e9r vi\u00f0 a\u00f0 yfirbuga l\u00edtilmagnann \u00ed laumi. <br \/> <\/span> <span class=\"ljodatexti\"> <a name=\"15\"><span class=\"versanumer_ljod\">15<\/span><\/a>\u00de\u00fa tre\u00f0ur hafi\u00f0 me\u00f0 hestum \u00fe\u00ednum<br \/>svo a\u00f0 v\u00f6tnin frey\u00f0a. <br \/> <\/span> <span class=\"ljodatexti\"> <a name=\"16\"><span class=\"versanumer_ljod\">16<\/span><\/a>\u00deetta hef \u00e9g heyrt og \u00fea\u00f0 \u00f3lga\u00f0i innra me\u00f0 m\u00e9r,<br \/>varir m\u00ednar skulfu er \u00fea\u00f0 barst m\u00e9r.<br \/>Bein m\u00edn t\u00e6r\u00f0ust <br \/>og \u00e9g var\u00f0 valtur \u00e1 f\u00f3tum. <br \/>Me\u00f0 hugarr\u00f3 mun \u00e9g \u00fe\u00f3 b\u00ed\u00f0a ney\u00f0ardagsins, <br \/>dagsins sem kemur yfir \u00fe\u00e1 \u00fej\u00f3\u00f0 sem fer r\u00e1nshendi gegn oss. <br \/> <\/span> <span class=\"ljodatexti\"> <a name=\"17\"><span class=\"versanumer_ljod\">17<\/span><\/a> \u00de\u00f3tt f\u00edkjutr\u00e9\u00f0 beri ekki bl\u00f3m <br \/>og v\u00ednvi\u00f0urinn engan \u00e1v\u00f6xt; <br \/>\u00fe\u00f3tt gr\u00f3\u00f0i \u00f3l\u00edfutr\u00e9sins breg\u00f0ist <br \/>og akrarnir gefi enga f\u00e6\u00f0u; <br \/>\u00fe\u00f3tt sau\u00f0f\u00e9\u00f0 hverfi burt \u00far kv\u00edum <br \/>og nautgripir \u00far fj\u00f3sum, <br \/> <\/span> <span class=\"ljodatexti\"> <a name=\"18\"><span class=\"versanumer_ljod\">18<\/span><\/a>skal \u00e9g samt gle\u00f0jast \u00ed Drottni <br \/>og fagna yfir Gu\u00f0i hj\u00e1lpr\u00e6\u00f0is m\u00edns. <br \/> <\/span> <span class=\"ljodatexti\"> <a name=\"19\"><span class=\"versanumer_ljod\">19<\/span><\/a>Drottinn, Gu\u00f0 minn, er styrkur minn. <br \/>F\u00e6tur m\u00edna gerir hann fr\u00e1a sem f\u00e6tur hindarinnar <br \/>og leyfir m\u00e9r a\u00f0 fara um h\u00e6\u00f0ir m\u00ednar.<br \/>Til s\u00f6ngstj\u00f3rans. Me\u00f0 strengleik m\u00ednum. <\/span> <\/p>\n","protected":false},"excerpt":{"rendered":"<p>S\u00e1lmur Habakkuks 1 B\u00e6n Habakkuks sp\u00e1manns. Me\u00f0 Shigionot-lagi.[ 2Drottinn, \u00e9g hef heyrt or\u00f0st\u00edr \u00feinn, m\u00e9r stafar \u00f3gn af afrekum \u00fe\u00ednum.Endurtaktu \u00feau n\u00fa \u00e1 \u00feessum \u00e1rum, j\u00e1, opinbera\u00f0u \u00feau \u00e1 \u00feessum \u00e1rum. Minnstu miskunnar \u00ed rei\u00f0i \u00feinni. 3Gu\u00f0 kemur fr\u00e1 Teman, Hinn heilagi fr\u00e1 Paranfjalli. (Sela)Tign hans \u00feekur himininn og d\u00fdr\u00f0 hans j\u00f6r\u00f0ina alla: 4 Lj\u00f3mi hans er sem l\u00fdsi af n\u00fdjum degiog stafi geislum \u00e1 alla vegu; \u00fear er m\u00e1ttur hans f\u00f3lginn. 5\u00c1 undan honum fer fars\u00f3ttin,\u00ed f\u00f3tspor hans dreps\u00f3ttirnar. 6Hann st\u00edgur \u00e1 j\u00f6r\u00f0ina svo a\u00f0 h\u00fan n\u00f6trar,fyrir augum hans skelfast \u00fej\u00f3\u00f0irnar, fj\u00f6llin \u00e6vafornu molna sundur og \u00fe\u00e6r s\u00f6kkva, h\u00e6\u00f0irnar <a href=\"https:\/\/biblian.is\/biblian\/habakkuk-3-kafli\/\"> [&#8230;]<\/a><\/p>\n","protected":false},"author":1,"featured_media":0,"parent":0,"menu_order":0,"comment_status":"open","ping_status":"open","template":"bibliukaflar_NT.php","meta":{"footnotes":""},"class_list":["post-2524","page","type-page","status-publish","hentry"],"_links":{"self":[{"href":"https:\/\/biblian.is\/biblian\/wp-json\/wp\/v2\/pages\/2524","targetHints":{"allow":["GET"]}}],"collection":[{"href":"https:\/\/biblian.is\/biblian\/wp-json\/wp\/v2\/pages"}],"about":[{"href":"https:\/\/biblian.is\/biblian\/wp-json\/wp\/v2\/types\/page"}],"author":[{"embeddable":true,"href":"https:\/\/biblian.is\/biblian\/wp-json\/wp\/v2\/users\/1"}],"replies":[{"embeddable":true,"href":"https:\/\/biblian.is\/biblian\/wp-json\/wp\/v2\/comments?post=2524"}],"version-history":[{"count":0,"href":"https:\/\/biblian.is\/biblian\/wp-json\/wp\/v2\/pages\/2524\/revisions"}],"wp:attachment":[{"href":"https:\/\/biblian.is\/biblian\/wp-json\/wp\/v2\/media?parent=2524"}],"curies":[{"name":"wp","href":"https:\/\/api.w.org\/{rel}","templated":true}]}}