{"id":2523,"date":"2017-12-30T21:03:34","date_gmt":"2017-12-30T21:03:34","guid":{"rendered":"http:\/\/biblian.is\/biblian\/habakkuk-2-kafli\/"},"modified":"2024-06-26T23:23:35","modified_gmt":"2024-06-26T23:23:35","slug":"habakkuk-2-kafli","status":"publish","type":"page","link":"https:\/\/biblian.is\/biblian\/habakkuk-2-kafli\/","title":{"rendered":"Habakkuk 2. kafli"},"content":{"rendered":"<h3 class=\"millifyrirsogn_2007\"> Andsvar Gu\u00f0s: Hinn r\u00e9ttl\u00e1ti mun lifa fyrir tr\u00fa<\/h3>\n<p><span class=\"ljodatexti\"> <a name=\"1\"><span class=\"versanumer_ljod\">1<\/span><\/a>En \u00e9g held var\u00f0st\u00f6\u00f0u minni <br \/>og dvelst \u00ed var\u00f0turninum, <br \/>b\u00ed\u00f0 \u00e1tekta uns \u00e9g s\u00e9 hva\u00f0 hann bo\u00f0ar m\u00e9r <br \/>og hvernig hann svarar umkv\u00f6rtunum m\u00ednum. <br \/> <\/span> <span class=\"ljodatexti\"> <a name=\"2\"><span class=\"versanumer_ljod\">2<\/span><\/a>Drottinn svara\u00f0i m\u00e9r og sag\u00f0i: <br \/>Skr\u00e1 \u00fe\u00fa \u00feessa vitrun. <br \/>Skr\u00e1 hana \u00e1 t\u00f6flur svo sk\u00fdrt <br \/>a\u00f0 hana megi lesa \u00e1 hlaupum <br \/> <\/span> <span class=\"ljodatexti\"> <a name=\"3\"><span class=\"versanumer_ljod\">3<\/span><\/a>\u00fev\u00ed a\u00f0 sp\u00e1\u00f0 er fyrir um \u00e1kve\u00f0inn t\u00edma,<br \/>traustur vitnisbur\u00f0ur gefinn um \u00f3komna t\u00ed\u00f0.<br \/>\u00de\u00f3tt t\u00f6f ver\u00f0i \u00e1 skaltu b\u00ed\u00f0a engu a\u00f0 s\u00ed\u00f0ur <br \/>\u00fev\u00ed a\u00f0 \u00feetta r\u00e6tist vissulega og \u00e1n tafar. <br \/> <\/span> <span class=\"ljodatexti\"> <a name=\"4\"><span class=\"versanumer_ljod\">4<\/span><\/a>Hugur hans hefur reigt sig um of <br \/>og horfi\u00f0 af r\u00e9ttri braut, <br \/>en hinn r\u00e9ttl\u00e1ti mun lifa fyrir tr\u00fa s\u00edna. <span class=\"nedan_mal\" title=\" E\u00f0a: hollustu s\u00edna, tr\u00fafesti, trygg\u00f0, tr\u00faartraust. \">[<\/span> <br \/> <\/span> <span class=\"ljodatexti\"> <a name=\"5\"><span class=\"versanumer_ljod\">5<\/span><\/a>Hins vegar ver\u00f0ur hinum gu\u00f0lausa hrokagikk refsa\u00f0,<br \/>sem hefur \u00feani\u00f0 svelg sinn sem heljardj\u00fapin,<br \/>er \u00f3se\u00f0jandi eins og sj\u00e1lfur dau\u00f0inn, <br \/>hefur s\u00f3pa\u00f0 a\u00f0 s\u00e9r \u00f6llum l\u00fd\u00f0um <br \/>og safna\u00f0 undir sig \u00f6llum \u00fej\u00f3\u00f0um. <br \/> <\/span> <span class=\"ljodatexti\"> <a name=\"6\"><span class=\"versanumer_ljod\">6<\/span><\/a>Sannarlega munu \u00fe\u00e6r allar hafa hann <br \/>a\u00f0 h\u00e1\u00f0i og spotti \u00ed h\u00e1lfkve\u00f0num v\u00edsum. <br \/>\u00de\u00e6r munu segja: <br \/>Vei \u00feeim sem rakar a\u00f0 s\u00e9r eigum annarra. <br \/>Hve miklu lengur ver\u00f0ur svo? <br \/>\u00c6 \u00feyngri ver\u00f0ur skuldabyr\u00f0i hans. <br \/> <\/span> <span class=\"ljodatexti\"> <a name=\"7\"><span class=\"versanumer_ljod\">7<\/span><\/a>\u00d3v\u00e6nt munu l\u00e1nardrottnar \u00fe\u00ednir vitja \u00fe\u00edn. <br \/>Og \u00feeir sem innheimta hrella \u00feig <br \/>og svipta \u00feig \u00f6llum eigum. <br \/> <\/span> <span class=\"ljodatexti\"> <a name=\"8\"><span class=\"versanumer_ljod\">8<\/span><\/a>Sj\u00e1lfur hefur\u00f0u r\u00e6nt margar \u00fej\u00f3\u00f0ir. <br \/>\u00de\u00e6r sem eftir ver\u00f0a taka eigur \u00fe\u00ednar herfangi <br \/>fyrir manndr\u00e1pin og ofbeldi\u00f0 sem landi\u00f0 s\u00e6tti, <br \/>borgin og allir \u00edb\u00faar hennar. <br \/> <\/span> <span class=\"ljodatexti\"> <a name=\"9\"><span class=\"versanumer_ljod\">9<\/span><\/a>Vei \u00feeim sem aflar h\u00fasi s\u00ednu illfengins gr\u00f3\u00f0a<br \/>svo a\u00f0 hann geti hreykt s\u00e9r \u00ed hrei\u00f0ri s\u00ednu <br \/>og gengi\u00f0 hinu illa \u00far greipum. <br \/> <\/span> <span class=\"ljodatexti\"> <a name=\"10\"><span class=\"versanumer_ljod\">10<\/span><\/a>Sm\u00e1n hefur\u00f0u baka\u00f0 h\u00fasi \u00fe\u00ednu <br \/>me\u00f0 ey\u00f0ingu margra \u00fej\u00f3\u00f0a,<br \/>og fyrirgert l\u00edfi \u00fe\u00ednu. <br \/> <\/span> <span class=\"ljodatexti\"> <a name=\"11\"><span class=\"versanumer_ljod\">11<\/span><\/a>Steinninn mun \u00fe\u00e1 hr\u00f3pa \u00far m\u00farveggnum <br \/>og tr\u00e9\u00f0 \u00ed bur\u00f0ar\u00e1sunum taka undir. <br \/> <\/span> <span class=\"ljodatexti\"> <a name=\"12\"><span class=\"versanumer_ljod\">12<\/span><\/a>Vei \u00feeim sem reisir borg \u00e1 manndr\u00e1pum <br \/>og stofnar bygg\u00f0 me\u00f0 rangindum. <br \/> <\/span> <span class=\"ljodatexti\"> <a name=\"13\"><span class=\"versanumer_ljod\">13<\/span><\/a>Er \u00fea\u00f0 ekki Drottinn allsherjar <br \/>sem veldur \u00fev\u00ed a\u00f0 strit l\u00fd\u00f0sins fu\u00f0rar upp \u00ed eldi <br \/>og \u00fej\u00f3\u00f0irnar erfi\u00f0a til einskis? <br \/> <\/span> <span class=\"ljodatexti\"> <a name=\"14\"><span class=\"versanumer_ljod\">14<\/span><\/a>En heimsbygg\u00f0in mun mettast af \u00feekkingu \u00e1 d\u00fdr\u00f0 Drottins <br \/>eins og vatni\u00f0 fyllir h\u00f6fin.<br \/> <\/span> <span class=\"ljodatexti\"> <a name=\"15\"><span class=\"versanumer_ljod\">15<\/span><\/a>Vei \u00fe\u00e9r sem gerir a\u00f0ra ofur\u00f6lvi <br \/>og blandar heift \u00feinni \u00ed drykkinn <br \/>til \u00feess a\u00f0 sj\u00e1 nekt \u00feeirra. <br \/> <\/span> <span class=\"ljodatexti\"> <a name=\"16\"><span class=\"versanumer_ljod\">16<\/span><\/a>Sm\u00e1nin mun metta \u00feig, ekki s\u00e6mdin. <br \/>Sj\u00e1lfur skaltu drekka og ver\u00f0a reikull \u00e1 f\u00f3tum. <br \/>Bikarinn \u00ed h\u00e6gri hendi Drottins kemur einnig til \u00fe\u00edn <br \/>og sp\u00fdjan yfir vegsemd \u00fe\u00edna. <br \/> <\/span> <span class=\"ljodatexti\"> <a name=\"17\"><span class=\"versanumer_ljod\">17<\/span><\/a>\u00d3d\u00e6\u00f0in gegn L\u00edbanonsfjalli <br \/>munu koma yfir \u00feig <br \/>og dr\u00e1p b\u00fasmalans <br \/>reynast \u00fe\u00e9r d\u00fdrkeypt <br \/>vegna mannv\u00edganna og ofbeldisins sem landi\u00f0 s\u00e6tti, <br \/>borgin og allir \u00edb\u00faar hennar. <br \/> <\/span> <span class=\"ljodatexti\"> <a name=\"18\"><span class=\"versanumer_ljod\">18<\/span><\/a>Hva\u00f0 hefur skur\u00f0go\u00f0 gagna\u00f0? <br \/>\u00dea\u00f0 er ma\u00f0ur sem hefur skori\u00f0 \u00fea\u00f0 \u00fat. <br \/>Hva\u00f0a gagn er a\u00f0 steyptu l\u00edkneski, lygafr\u00e6\u00f0ara? <br \/>Hvernig getur smi\u00f0urinn treyst \u00e1 m\u00e1llaust go\u00f0i\u00f0 sem hann hefur m\u00f3ta\u00f0?<br \/> <\/span> <span class=\"ljodatexti\"> <a name=\"19\"><span class=\"versanumer_ljod\">19<\/span><\/a>Vei \u00fe\u00e9r sem segir \u201evakna\u00f0u\u201c vi\u00f0 tr\u00e9 <br \/>e\u00f0a \u201er\u00edstu upp\u201c vi\u00f0 l\u00edfvana stein. <br \/>Veitir hann fr\u00e6\u00f0slu? <br \/>Vissulega er hann pr\u00fdddur gulli og silfri<br \/>en andinn er enginn. <br \/> <\/span> <span class=\"ljodatexti\"> <a name=\"20\"><span class=\"versanumer_ljod\">20<\/span><\/a>En Drottinn er \u00ed s\u00ednu heilaga musteri. <br \/>\u00d6ll j\u00f6r\u00f0in veri hlj\u00f3\u00f0 frammi fyrir honum. <\/span> <\/p>\n","protected":false},"excerpt":{"rendered":"<p>Andsvar Gu\u00f0s: Hinn r\u00e9ttl\u00e1ti mun lifa fyrir tr\u00fa 1En \u00e9g held var\u00f0st\u00f6\u00f0u minni og dvelst \u00ed var\u00f0turninum, b\u00ed\u00f0 \u00e1tekta uns \u00e9g s\u00e9 hva\u00f0 hann bo\u00f0ar m\u00e9r og hvernig hann svarar umkv\u00f6rtunum m\u00ednum. 2Drottinn svara\u00f0i m\u00e9r og sag\u00f0i: Skr\u00e1 \u00fe\u00fa \u00feessa vitrun. Skr\u00e1 hana \u00e1 t\u00f6flur svo sk\u00fdrt a\u00f0 hana megi lesa \u00e1 hlaupum 3\u00fev\u00ed a\u00f0 sp\u00e1\u00f0 er fyrir um \u00e1kve\u00f0inn t\u00edma,traustur vitnisbur\u00f0ur gefinn um \u00f3komna t\u00ed\u00f0.\u00de\u00f3tt t\u00f6f ver\u00f0i \u00e1 skaltu b\u00ed\u00f0a engu a\u00f0 s\u00ed\u00f0ur \u00fev\u00ed a\u00f0 \u00feetta r\u00e6tist vissulega og \u00e1n tafar. 4Hugur hans hefur reigt sig um of og horfi\u00f0 af r\u00e9ttri braut, en hinn r\u00e9ttl\u00e1ti mun lifa fyrir <a href=\"https:\/\/biblian.is\/biblian\/habakkuk-2-kafli\/\"> [&#8230;]<\/a><\/p>\n","protected":false},"author":1,"featured_media":0,"parent":0,"menu_order":0,"comment_status":"open","ping_status":"open","template":"bibliukaflar_NT.php","meta":{"footnotes":""},"class_list":["post-2523","page","type-page","status-publish","hentry"],"_links":{"self":[{"href":"https:\/\/biblian.is\/biblian\/wp-json\/wp\/v2\/pages\/2523","targetHints":{"allow":["GET"]}}],"collection":[{"href":"https:\/\/biblian.is\/biblian\/wp-json\/wp\/v2\/pages"}],"about":[{"href":"https:\/\/biblian.is\/biblian\/wp-json\/wp\/v2\/types\/page"}],"author":[{"embeddable":true,"href":"https:\/\/biblian.is\/biblian\/wp-json\/wp\/v2\/users\/1"}],"replies":[{"embeddable":true,"href":"https:\/\/biblian.is\/biblian\/wp-json\/wp\/v2\/comments?post=2523"}],"version-history":[{"count":0,"href":"https:\/\/biblian.is\/biblian\/wp-json\/wp\/v2\/pages\/2523\/revisions"}],"wp:attachment":[{"href":"https:\/\/biblian.is\/biblian\/wp-json\/wp\/v2\/media?parent=2523"}],"curies":[{"name":"wp","href":"https:\/\/api.w.org\/{rel}","templated":true}]}}