{"id":2522,"date":"2017-12-30T21:03:34","date_gmt":"2017-12-30T21:03:34","guid":{"rendered":"http:\/\/biblian.is\/biblian\/habakkuk-1-kafli\/"},"modified":"2024-06-26T23:23:34","modified_gmt":"2024-06-26T23:23:34","slug":"habakkuk-1-kafli","status":"publish","type":"page","link":"https:\/\/biblian.is\/biblian\/habakkuk-1-kafli\/","title":{"rendered":"Habakkuk 1. kafli"},"content":{"rendered":"<p><a name=\"1\"><span class=\"versanumer_2007\">1<\/span><\/a> Sp\u00e1d\u00f3mur sem vitra\u00f0ist Habakkuk sp\u00e1manni. <\/p>\n<h3 class=\"millifyrirsogn_2007\">Fyrri kv\u00f6rtun: R\u00e9ttl\u00e6tinu halla\u00f0<\/h3>\n<p><span class=\"ljodatexti\"> <a name=\"2\"><span class=\"versanumer_ljod\">2<\/span><\/a>Hve lengi \u00e1 \u00e9g a\u00f0 hr\u00f3pa, Drottinn, <br \/>\u00e1n \u00feess a\u00f0 \u00fe\u00fa hlustir? <br \/>Um ofbeldi hef \u00e9g hr\u00f3pa\u00f0 til \u00fe\u00edn <br \/>\u00e1n \u00feess a\u00f0 \u00fe\u00fa k\u00e6mir til hj\u00e1lpar.<br \/> <\/span> <span class=\"ljodatexti\"> <a name=\"3\"><span class=\"versanumer_ljod\">3<\/span><\/a>Hv\u00ed s\u00fdnir\u00f0u m\u00e9r illskuna <br \/>og horfir a\u00f0ger\u00f0alaus \u00e1 rangl\u00e6ti\u00f0? <br \/>Hv\u00ed eru fyrir augum m\u00e9r ofbeldi og r\u00e1n <br \/>sem vekja \u00e1greining og kveikja illdeilur? <br \/> <\/span> <span class=\"ljodatexti\"> <a name=\"4\"><span class=\"versanumer_ljod\">4<\/span><\/a>Vegna \u00feessa slj\u00f3vgast r\u00e9ttv\u00edsin <br \/>og r\u00e9ttl\u00e6ti\u00f0 sigrar ekki, <br \/>illmenni\u00f0 situr um hinn r\u00e9ttl\u00e1ta, <br \/>og \u00fev\u00ed er r\u00e9tturinn afskr\u00e6mdur. <\/span> <\/p>\n<h3 class=\"millifyrirsogn_2007\">Andsvar Gu\u00f0s: Koma Kaldea<\/h3>\n<p><span class=\"ljodatexti\"> <a name=\"5\"><span class=\"versanumer_ljod\">5<\/span><\/a>Skyggnist um me\u00f0al \u00fej\u00f3\u00f0anna, <br \/>hyggi\u00f0 a\u00f0 og undrist st\u00f3rum. <br \/>Sl\u00edk verk eru unnin n\u00fa \u00e1 y\u00f0ar d\u00f6gum <br \/>a\u00f0 \u00fe\u00e9r try\u00f0u\u00f0 ekki \u00fe\u00f3tt tj\u00e1\u00f0 v\u00e6ri. <br \/> <\/span> <span class=\"ljodatexti\"> <a name=\"6\"><span class=\"versanumer_ljod\">6<\/span><\/a>N\u00fa magna \u00e9g upp Kaldea, <br \/>\u00fe\u00e1 br\u00e1\u00f0u og grimmlyndu \u00fej\u00f3\u00f0, <br \/>sem leggur lei\u00f0 s\u00edna um heiminn \u00feveran <br \/>og tekur s\u00e9r l\u00f6nd sem ekki eru hennar. <br \/> <\/span> <span class=\"ljodatexti\"> <a name=\"7\"><span class=\"versanumer_ljod\">7<\/span><\/a>\u00d3gurlegir og skelfilegir eru \u00feeir;<br \/>\u00feeir vir\u00f0a \u00feau l\u00f6g og reglur einar <br \/>sem ge\u00f0\u00fe\u00f3ttinn b\u00fd\u00f0ur. <br \/><\/span> <span class=\"ljodatexti\"> <a name=\"8\"><span class=\"versanumer_ljod\">8<\/span><\/a>Flj\u00f3tari en hl\u00e9bar\u00f0ar eru hestar \u00feeirra, <br \/>fr\u00e1rri \u00e1 f\u00e6ti en \u00falfar \u00f3bygg\u00f0anna. <br \/>G\u00e6\u00f0ingar \u00feeirra \u00fej\u00f3ta a\u00f0 <br \/>\u00far fjarska sem \u00e1 v\u00e6ngjum bornir, <br \/>eins og gammar steypa s\u00e9r yfir br\u00e1\u00f0. <br \/> <\/span> <span class=\"ljodatexti\"> <a name=\"9\"><span class=\"versanumer_ljod\">9<\/span><\/a>Erindi \u00feeirra er ofbeldi\u00f0 eitt,<br \/>svipur \u00feeirra hvass sem austanvindurinn, <br \/>\u00feeir s\u00f3pa saman str\u00ed\u00f0sf\u00f6ngum eins og sandi. <br \/> <\/span> <span class=\"ljodatexti\"> <a name=\"10\"><span class=\"versanumer_ljod\">10<\/span><\/a>Konunga h\u00e6\u00f0a \u00feeir <br \/>og gera gys a\u00f0 h\u00f6f\u00f0ingjum,<br \/>\u00feeir skopast a\u00f0 varnarvirkjunum, <br \/>hr\u00faga a\u00f0 \u00feeim mold og vinna \u00feau. <br \/> <\/span> <span class=\"ljodatexti\"> <a name=\"11\"><span class=\"versanumer_ljod\">11<\/span><\/a>\u00deeim vex \u00e1smegin <br \/>en brotlegir gerast \u00feeir og sekir, <br \/>\u00feeir sem hafa gert s\u00e9r v\u00f6ldin a\u00f0 gu\u00f0i. <\/span> <\/p>\n<h3 class=\"millifyrirsogn_2007\">S\u00ed\u00f0ari kv\u00f6rtun: \u00c1n\u00ed\u00f0sla valdhafanna<\/h3>\n<p><span class=\"ljodatexti\"> <a name=\"12\"><span class=\"versanumer_ljod\">12<\/span><\/a>Ert \u00fe\u00fa, Drottinn, ekki Gu\u00f0 minn fr\u00e1 \u00f6ndver\u00f0u, <br \/>minn Heilagi, sem aldrei deyr? <br \/>Drottinn, \u00fe\u00fa hefur sett \u00fe\u00e1 undir d\u00f3m. <br \/>\u00de\u00fa, bjarg mitt, \u00fe\u00fa hefur \u00e6tla\u00f0 \u00feeim refsingu. <span class=\"nedan_mal\" title=\" \u00d6nnur hugsanleg \u00fe\u00fd\u00f0ing: Drottinn, \u00fe\u00fa hefur sett \u00fe\u00e1 til a\u00f0 d\u00e6ma. \u00de\u00fa, bjarg mitt, \u00fe\u00fa hefur sett \u00fe\u00e1 til a\u00f0 refsa.\">[<\/span> <br \/> <\/span> <span class=\"ljodatexti\"> <a name=\"13\"><span class=\"versanumer_ljod\">13<\/span><\/a>Of hrein eru augu \u00fe\u00edn til a\u00f0 l\u00edta hi\u00f0 illa <br \/>og \u00fe\u00e9r er um megn a\u00f0 horfa \u00e1 illvirki. <br \/>Hv\u00ed horfir\u00f0u \u00fe\u00e1 a\u00f0ger\u00f0alaus \u00e1 illvirki \u00feeirra<br \/>me\u00f0an hinn rangl\u00e1ti svelgir \u00ed sig \u00feann sem honum er r\u00e9ttl\u00e1tari? <br \/> <\/span> <span class=\"ljodatexti\"> <a name=\"14\"><span class=\"versanumer_ljod\">14<\/span><\/a>N\u00fa hefur\u00f0u gert menn eins og fiska sj\u00e1varins, <br \/>eins og skri\u00f0d\u00fdrin sem eiga s\u00e9r engan lei\u00f0toga. <br \/> <\/span> <span class=\"ljodatexti\"> <a name=\"15\"><span class=\"versanumer_ljod\">15<\/span><\/a>\u00deeir draga \u00fe\u00e1 alla upp \u00e1 \u00f6ngli, <br \/>vei\u00f0a \u00fe\u00e1 \u00ed v\u00f6rpu s\u00edna og safna \u00feeim \u00ed net sitt. <br \/>Yfir \u00fev\u00ed gle\u00f0jast \u00feeir og fagna. <br \/> <\/span> <span class=\"ljodatexti\"> <a name=\"16\"><span class=\"versanumer_ljod\">16<\/span><\/a>\u00deess vegna f\u00e6ra \u00feeir v\u00f6rpu sinni sl\u00e1turf\u00f3rnir <br \/>og netum s\u00ednum brennif\u00f3rnir. <br \/>\u00deeim \u00feakka \u00feeir v\u00e6nan afla <br \/>og r\u00edkulegar vistir. <br \/> <\/span> <span class=\"ljodatexti\"> <a name=\"17\"><span class=\"versanumer_ljod\">17<\/span><\/a>Munu \u00feeir \u00fe\u00e1 t\u00e6ma net s\u00edn enn \u00e1 n\u00fd <br \/>og ekki skirrast vi\u00f0 a\u00f0 drepa \u00fej\u00f3\u00f0ir \u00e1n v\u00e6g\u00f0ar? <\/span> <\/p>\n","protected":false},"excerpt":{"rendered":"<p>1 Sp\u00e1d\u00f3mur sem vitra\u00f0ist Habakkuk sp\u00e1manni. Fyrri kv\u00f6rtun: R\u00e9ttl\u00e6tinu halla\u00f0 2Hve lengi \u00e1 \u00e9g a\u00f0 hr\u00f3pa, Drottinn, \u00e1n \u00feess a\u00f0 \u00fe\u00fa hlustir? Um ofbeldi hef \u00e9g hr\u00f3pa\u00f0 til \u00fe\u00edn \u00e1n \u00feess a\u00f0 \u00fe\u00fa k\u00e6mir til hj\u00e1lpar. 3Hv\u00ed s\u00fdnir\u00f0u m\u00e9r illskuna og horfir a\u00f0ger\u00f0alaus \u00e1 rangl\u00e6ti\u00f0? Hv\u00ed eru fyrir augum m\u00e9r ofbeldi og r\u00e1n sem vekja \u00e1greining og kveikja illdeilur? 4Vegna \u00feessa slj\u00f3vgast r\u00e9ttv\u00edsin og r\u00e9ttl\u00e6ti\u00f0 sigrar ekki, illmenni\u00f0 situr um hinn r\u00e9ttl\u00e1ta, og \u00fev\u00ed er r\u00e9tturinn afskr\u00e6mdur. Andsvar Gu\u00f0s: Koma Kaldea 5Skyggnist um me\u00f0al \u00fej\u00f3\u00f0anna, hyggi\u00f0 a\u00f0 og undrist st\u00f3rum. Sl\u00edk verk eru unnin n\u00fa \u00e1 y\u00f0ar d\u00f6gum a\u00f0 \u00fe\u00e9r <a href=\"https:\/\/biblian.is\/biblian\/habakkuk-1-kafli\/\"> [&#8230;]<\/a><\/p>\n","protected":false},"author":1,"featured_media":0,"parent":0,"menu_order":0,"comment_status":"open","ping_status":"open","template":"bibliukaflar_NT.php","meta":{"footnotes":""},"class_list":["post-2522","page","type-page","status-publish","hentry"],"_links":{"self":[{"href":"https:\/\/biblian.is\/biblian\/wp-json\/wp\/v2\/pages\/2522","targetHints":{"allow":["GET"]}}],"collection":[{"href":"https:\/\/biblian.is\/biblian\/wp-json\/wp\/v2\/pages"}],"about":[{"href":"https:\/\/biblian.is\/biblian\/wp-json\/wp\/v2\/types\/page"}],"author":[{"embeddable":true,"href":"https:\/\/biblian.is\/biblian\/wp-json\/wp\/v2\/users\/1"}],"replies":[{"embeddable":true,"href":"https:\/\/biblian.is\/biblian\/wp-json\/wp\/v2\/comments?post=2522"}],"version-history":[{"count":0,"href":"https:\/\/biblian.is\/biblian\/wp-json\/wp\/v2\/pages\/2522\/revisions"}],"wp:attachment":[{"href":"https:\/\/biblian.is\/biblian\/wp-json\/wp\/v2\/media?parent=2522"}],"curies":[{"name":"wp","href":"https:\/\/api.w.org\/{rel}","templated":true}]}}