{"id":2520,"date":"2017-12-30T21:03:34","date_gmt":"2017-12-30T21:03:34","guid":{"rendered":"http:\/\/biblian.is\/biblian\/nah%c2%9cm-2-kafli\/"},"modified":"2024-06-26T23:23:15","modified_gmt":"2024-06-26T23:23:15","slug":"nahum-2-kafli","status":"publish","type":"page","link":"https:\/\/biblian.is\/biblian\/nahum-2-kafli\/","title":{"rendered":"Nah\u00fam 2. kafli"},"content":{"rendered":"<p><span class=\"ljodatexti\"> <a name=\"1\"><span class=\"versanumer_ljod\">1<\/span><\/a>Sj\u00e1 \u00e1 fj\u00f6llunum f\u00e6tur fagna\u00f0arbo\u00f0ans, <br \/>\u00feess er fri\u00f0inn kunngj\u00f6rir. <br \/>Hald h\u00e1t\u00ed\u00f0ir \u00fe\u00ednar, J\u00fada, <br \/>og efn heit \u00fe\u00edn. <br \/>Illskan mun ekki koma yfir \u00feig aftur, <br \/>h\u00fan er afm\u00e1\u00f0 me\u00f0 \u00f6llu. <\/span> <\/p>\n<h3 class=\"millifyrirsogn_2007\">Fall N\u00edn\u00edve<\/h3>\n<p><span class=\"ljodatexti\"> <a name=\"2\"><span class=\"versanumer_ljod\">2<\/span><\/a>Tort\u00edmandinn stefnir gegn \u00fe\u00e9r. <br \/>Vertu \u00e1 ver\u00f0i og nj\u00f3sna\u00f0u \u00e1 vegunum.<br \/>Gyrtu lendar \u00fe\u00ednar. Safna\u00f0u \u00fer\u00f3tti. <br \/> <\/span> <span class=\"ljodatexti\"> <a name=\"3\"><span class=\"versanumer_ljod\">3<\/span><\/a>\u00dev\u00ed a\u00f0 enn hefur Drottinn reist vi\u00f0 s\u00e6md Jakobs <br \/>og v\u00ednvi\u00f0 \u00cdsraels <span class=\"nedan_mal\" title=\" Annar lesh\u00e1ttur: d\u00fdr\u00f0 Jakobs, e\u00f0a: d\u00fdr\u00f0 \u00cdsraels.\">[<\/span> <br \/>\u00fe\u00f3tt spellvirkjar hafi r\u00e6nt hann <br \/>og spillt teinungum hans. <br \/> <\/span> <span class=\"ljodatexti\"> <a name=\"4\"><span class=\"versanumer_ljod\">4<\/span><\/a>Skildirnir eru rau\u00f0blikandi, <br \/>hetjurnar \u00ed purpurakl\u00e6\u00f0um. <br \/>\u00dea\u00f0 gl\u00f3ir \u00e1 m\u00e1lm str\u00ed\u00f0svagnanna, <br \/>\u00feeir eru b\u00fanir til atrennu<br \/>og hestarnir prj\u00f3na.<br \/> <\/span> <span class=\"ljodatexti\"> <a name=\"5\"><span class=\"versanumer_ljod\">5<\/span><\/a>Vagnarnir geysast inn \u00e1 str\u00e6tin, <br \/>\u00feeytast um torgin <br \/>eins og logandi blys,<br \/>leiftrandi eldingar. <br \/> <\/span> <span class=\"ljodatexti\"> <a name=\"6\"><span class=\"versanumer_ljod\">6<\/span><\/a>Herforingjarnir eru kalla\u00f0ir til <br \/>en hrasa \u00e1 lei\u00f0 sinni, <br \/>hra\u00f0a s\u00e9r \u00fat a\u00f0 borgarm\u00farnum,<br \/>\u00fear er v\u00edg\u00feaki\u00f0 \u00feegar fyrir. <br \/> <\/span> <span class=\"ljodatexti\"> <a name=\"7\"><span class=\"versanumer_ljod\">7<\/span><\/a>Fl\u00f3\u00f0g\u00e1ttum er loki\u00f0 upp, <br \/>skelfing gr\u00edpur um sig \u00ed h\u00f6llinni. <br \/> <\/span> <span class=\"ljodatexti\"> <a name=\"8\"><span class=\"versanumer_ljod\">8<\/span><\/a>Gy\u00f0jan er f\u00f6ngu\u00f0, \u00fatsk\u00fafu\u00f0,<br \/>amb\u00e1ttir hennar kveina,<br \/>l\u00edkt og d\u00fafan barmar s\u00e9r,<br \/>og berja s\u00e9r \u00e1 brj\u00f3st. <br \/> <\/span> <span class=\"ljodatexti\"> <a name=\"9\"><span class=\"versanumer_ljod\">9<\/span><\/a>N\u00edn\u00edve er eins og l\u00f3n <br \/>sem vatni\u00f0 fossar \u00far.<br \/>\u201eStansi\u00f0! Stansi\u00f0!\u201c <br \/>Enginn sn\u00fdr vi\u00f0. <br \/> <\/span> <span class=\"ljodatexti\"> <a name=\"10\"><span class=\"versanumer_ljod\">10<\/span><\/a>R\u00e6ni\u00f0 silfri! R\u00e6ni\u00f0 gulli! <br \/>Sj\u00f3\u00f0urinn er \u00f3\u00ferj\u00f3tandi, <br \/>\u00f3grynni af hvers kyns d\u00fdrgripum! <br \/> <\/span> <span class=\"ljodatexti\"> <a name=\"11\"><span class=\"versanumer_ljod\">11<\/span><\/a>Au\u00f0n, ey\u00f0ing, gerey\u00f0ing! <br \/>Huglaus hj\u00f6rtu, titrandi kn\u00e9,<br \/>skj\u00e1lfandi lendar, litverp andlit.<br \/> <\/span> <span class=\"ljodatexti\"> <a name=\"12\"><span class=\"versanumer_ljod\">12<\/span><\/a>Hvar er n\u00fa b\u00e6li lj\u00f3nanna, <br \/>hvar hellir lj\u00f3nshvolpanna <br \/>\u00fear sem lj\u00f3ni\u00f0 gekk \u00f3\u00e1reitt, <br \/>lj\u00f3nynjan og hvolparnir? <br \/> <\/span> <span class=\"ljodatexti\"> <a name=\"13\"><span class=\"versanumer_ljod\">13<\/span><\/a>\u00dear sem lj\u00f3ni\u00f0 t\u00e6tti sundur br\u00e1\u00f0ina<br \/>svo a\u00f0 hvolparnir fengju fylli s\u00edna, <br \/>og drap handa lj\u00f3nynjum s\u00ednum, <br \/>fyllti hella s\u00edna br\u00e1\u00f0 <br \/>og b\u00e6li s\u00edn r\u00e1nsfeng. <br \/> <\/span> <span class=\"ljodatexti\"> <a name=\"14\"><span class=\"versanumer_ljod\">14<\/span><\/a>\u00de\u00edn vitja \u00e9g, segir Drottinn allsherjar, <br \/>l\u00e6t vagna \u00fe\u00edna ey\u00f0ast \u00ed eldi <br \/>og ungvi\u00f0i \u00feitt ver\u00f0a sver\u00f0i a\u00f0 br\u00e1\u00f0. <br \/>R\u00e1nsfeng \u00fe\u00ednum ey\u00f0i \u00e9g af j\u00f6r\u00f0inni.<br \/>Raust sendibo\u00f0a \u00feinna mun ekki framar heyrast. <\/span> <\/p>\n","protected":false},"excerpt":{"rendered":"<p>1Sj\u00e1 \u00e1 fj\u00f6llunum f\u00e6tur fagna\u00f0arbo\u00f0ans, \u00feess er fri\u00f0inn kunngj\u00f6rir. Hald h\u00e1t\u00ed\u00f0ir \u00fe\u00ednar, J\u00fada, og efn heit \u00fe\u00edn. Illskan mun ekki koma yfir \u00feig aftur, h\u00fan er afm\u00e1\u00f0 me\u00f0 \u00f6llu. Fall N\u00edn\u00edve 2Tort\u00edmandinn stefnir gegn \u00fe\u00e9r. Vertu \u00e1 ver\u00f0i og nj\u00f3sna\u00f0u \u00e1 vegunum.Gyrtu lendar \u00fe\u00ednar. Safna\u00f0u \u00fer\u00f3tti. 3\u00dev\u00ed a\u00f0 enn hefur Drottinn reist vi\u00f0 s\u00e6md Jakobs og v\u00ednvi\u00f0 \u00cdsraels [ \u00fe\u00f3tt spellvirkjar hafi r\u00e6nt hann og spillt teinungum hans. 4Skildirnir eru rau\u00f0blikandi, hetjurnar \u00ed purpurakl\u00e6\u00f0um. \u00dea\u00f0 gl\u00f3ir \u00e1 m\u00e1lm str\u00ed\u00f0svagnanna, \u00feeir eru b\u00fanir til atrennuog hestarnir prj\u00f3na. 5Vagnarnir geysast inn \u00e1 str\u00e6tin, \u00feeytast um torgin eins og logandi blys,leiftrandi eldingar. 6Herforingjarnir <a href=\"https:\/\/biblian.is\/biblian\/nahum-2-kafli\/\"> [&#8230;]<\/a><\/p>\n","protected":false},"author":1,"featured_media":0,"parent":0,"menu_order":0,"comment_status":"open","ping_status":"open","template":"bibliukaflar_NT.php","meta":{"footnotes":""},"class_list":["post-2520","page","type-page","status-publish","hentry"],"_links":{"self":[{"href":"https:\/\/biblian.is\/biblian\/wp-json\/wp\/v2\/pages\/2520","targetHints":{"allow":["GET"]}}],"collection":[{"href":"https:\/\/biblian.is\/biblian\/wp-json\/wp\/v2\/pages"}],"about":[{"href":"https:\/\/biblian.is\/biblian\/wp-json\/wp\/v2\/types\/page"}],"author":[{"embeddable":true,"href":"https:\/\/biblian.is\/biblian\/wp-json\/wp\/v2\/users\/1"}],"replies":[{"embeddable":true,"href":"https:\/\/biblian.is\/biblian\/wp-json\/wp\/v2\/comments?post=2520"}],"version-history":[{"count":0,"href":"https:\/\/biblian.is\/biblian\/wp-json\/wp\/v2\/pages\/2520\/revisions"}],"wp:attachment":[{"href":"https:\/\/biblian.is\/biblian\/wp-json\/wp\/v2\/media?parent=2520"}],"curies":[{"name":"wp","href":"https:\/\/api.w.org\/{rel}","templated":true}]}}