{"id":2519,"date":"2017-12-30T21:03:34","date_gmt":"2017-12-30T21:03:34","guid":{"rendered":"http:\/\/biblian.is\/biblian\/nah%c2%9cm-1-kafli\/"},"modified":"2024-06-26T23:23:14","modified_gmt":"2024-06-26T23:23:14","slug":"nahum-1-kafli","status":"publish","type":"page","link":"https:\/\/biblian.is\/biblian\/nahum-1-kafli\/","title":{"rendered":"Nah\u00fam 1. kafli"},"content":{"rendered":"<p><a name=\"1\"><span class=\"versanumer_2007\">1<\/span><\/a> Sp\u00e1d\u00f3mur um N\u00edn\u00edve. B\u00f3k um vitrun Nah\u00fams fr\u00e1 Elk\u00f3s.<\/p>\n<h3 class=\"millifyrirsogn_2007\">D\u00f3mur Gu\u00f0s yfir N\u00edn\u00edve <\/h3>\n<p><span class=\"ljodatexti\"> <a name=\"2\"><span class=\"versanumer_ljod\">2<\/span><\/a>Drottinn er \u00e1kaflyndur Gu\u00f0 og heiftr\u00e6kinn. <br \/>Drottinn er heiftr\u00e6kinn og fullur br\u00e6\u00f0i. <br \/>Drottinn hefnir s\u00edn \u00e1 andst\u00e6\u00f0ingum s\u00ednum <br \/>og er langr\u00e6kinn vi\u00f0 fjendur s\u00edna. <br \/> <\/span> <span class=\"ljodatexti\"> <a name=\"3\"><span class=\"versanumer_ljod\">3<\/span><\/a>Drottinn er seinn til rei\u00f0i og m\u00e1ttugur, <br \/>hann l\u00e6tur engum \u00f3hegnt. <br \/>\u00cd fellibyljum og stormi er f\u00f6r hans<br \/>og sk\u00fdin eru ryki\u00f0 undan f\u00f3tum hans. <br \/> <\/span> <span class=\"ljodatexti\"> <a name=\"4\"><span class=\"versanumer_ljod\">4<\/span><\/a>Hann hastar \u00e1 hafi\u00f0, \u00feurrkar \u00fea\u00f0 upp <br \/>og l\u00e6tur \u00e1rnar \u00feverra. <br \/>Basan og Karmel f\u00f6lna <br \/>og bl\u00f3mi L\u00edbanonsfjalls visnar.<br \/> <\/span> <span class=\"ljodatexti\"> <a name=\"5\"><span class=\"versanumer_ljod\">5<\/span><\/a>Fj\u00f6llin skj\u00e1lfa fyrir honum<br \/>og h\u00e1lsarnir gli\u00f0na. <br \/>J\u00f6r\u00f0in skelfur fyrir honum,<br \/>ver\u00f6ldin og allt sem \u00ed henni er. <br \/> <\/span> <span class=\"ljodatexti\"> <a name=\"6\"><span class=\"versanumer_ljod\">6<\/span><\/a>Hver f\u00e6r sta\u00f0ist br\u00e6\u00f0i hans <br \/>og hver \u00feola\u00f0 heiftarb\u00e1l hans?<br \/>Rei\u00f0i hans hellist yfir sem eldur <br \/>og bj\u00f6rgin klofna fyrir honum. <br \/> <\/span> <span class=\"ljodatexti\"> <a name=\"7\"><span class=\"versanumer_ljod\">7<\/span><\/a>Drottinn er g\u00f3\u00f0ur, <br \/>athvarf \u00e1 degi ney\u00f0arinnar, <br \/>hann annast \u00fe\u00e1 sem leita h\u00e6lis hj\u00e1 honum, <br \/> <\/span> <span class=\"ljodatexti\"> <a name=\"8\"><span class=\"versanumer_ljod\">8<\/span><\/a>jafnvel \u00feegar vatnsfl\u00f3\u00f0i\u00f0 \u00e6\u00f0ir fram. <br \/>\u00d3vinum s\u00ednum gerey\u00f0ir hann <br \/>og hrekur \u00fe\u00e1 \u00fat \u00ed myrkri\u00f0. <br \/> <\/span> <span class=\"ljodatexti\"> <a name=\"9\"><span class=\"versanumer_ljod\">9<\/span><\/a>Hva\u00f0 hyggist \u00fe\u00e9r fyrir gegn Drottni? <br \/>Hann gerey\u00f0ir. <br \/>Ney\u00f0in kemur eigi \u00f6\u00f0ru sinni. <br \/> <\/span> <span class=\"ljodatexti\"> <a name=\"10\"><span class=\"versanumer_ljod\">10<\/span><\/a>Eins og menn fr\u00e1vita af drykkju fu\u00f0ra \u00feeir upp,<br \/>brenna til \u00f6sku eins og fl\u00e6kt \u00feyrnikjarr, <br \/>l\u00edkt og skrauf\u00feurr h\u00e1lmur. <br \/> <\/span> <span class=\"ljodatexti\"> <a name=\"11\"><span class=\"versanumer_ljod\">11<\/span><\/a>Fr\u00e1 \u00fe\u00e9r f\u00f3r hinn illvilja\u00f0i<span class=\"nedan_mal\" title=\" \u00d6nnur hugsanleg \u00fe\u00fd\u00f0ing: Fr\u00e1 \u00fe\u00e9r er horfinn hinn illvilja\u00f0i.\">[<\/span><br \/>sem brugga\u00f0i v\u00e9lr\u00e1\u00f0 gegn Drottni. <br \/> <\/span> <span class=\"ljodatexti\"> <a name=\"12\"><span class=\"versanumer_ljod\">12<\/span><\/a> Svo segir Drottinn: <br \/>\u00de\u00f3tt \u00feeir s\u00e9u fj\u00f6lmennir og \u00f6flugir<br \/>\u00fe\u00e1 munu \u00feeir afm\u00e1\u00f0ir ver\u00f0a og farast. <br \/>Hafi \u00e9g \u00fejaka\u00f0 \u00feig \u00e1\u00f0ur <br \/>mun \u00e9g ekki \u00fejaka \u00feig framar. <br \/> <\/span> <span class=\"ljodatexti\"> <a name=\"13\"><span class=\"versanumer_ljod\">13<\/span><\/a>Og n\u00fa br\u00fdt \u00e9g ok hans af \u00fe\u00e9r <br \/>og sl\u00edt sundur fj\u00f6tra \u00fe\u00edna. <br \/> <\/span> <span class=\"ljodatexti\"> <a name=\"14\"><span class=\"versanumer_ljod\">14<\/span><\/a>En \u00e1kv\u00f6r\u00f0un Drottins um \u00feig er \u00feessi: <br \/>Enginn mun erfa nafn \u00feitt, <br \/>\u00far \u00fatskornum og steyptum <br \/>skur\u00f0go\u00f0um hofa \u00feinna <br \/>b\u00fd \u00e9g \u00fe\u00e9r gr\u00f6f,<br \/>fyrirlitlega svo sem \u00fe\u00fa ert. <\/span> <\/p>\n","protected":false},"excerpt":{"rendered":"<p>1 Sp\u00e1d\u00f3mur um N\u00edn\u00edve. B\u00f3k um vitrun Nah\u00fams fr\u00e1 Elk\u00f3s. D\u00f3mur Gu\u00f0s yfir N\u00edn\u00edve 2Drottinn er \u00e1kaflyndur Gu\u00f0 og heiftr\u00e6kinn. Drottinn er heiftr\u00e6kinn og fullur br\u00e6\u00f0i. Drottinn hefnir s\u00edn \u00e1 andst\u00e6\u00f0ingum s\u00ednum og er langr\u00e6kinn vi\u00f0 fjendur s\u00edna. 3Drottinn er seinn til rei\u00f0i og m\u00e1ttugur, hann l\u00e6tur engum \u00f3hegnt. \u00cd fellibyljum og stormi er f\u00f6r hansog sk\u00fdin eru ryki\u00f0 undan f\u00f3tum hans. 4Hann hastar \u00e1 hafi\u00f0, \u00feurrkar \u00fea\u00f0 upp og l\u00e6tur \u00e1rnar \u00feverra. Basan og Karmel f\u00f6lna og bl\u00f3mi L\u00edbanonsfjalls visnar. 5Fj\u00f6llin skj\u00e1lfa fyrir honumog h\u00e1lsarnir gli\u00f0na. J\u00f6r\u00f0in skelfur fyrir honum,ver\u00f6ldin og allt sem \u00ed henni er. 6Hver f\u00e6r sta\u00f0ist <a href=\"https:\/\/biblian.is\/biblian\/nahum-1-kafli\/\"> [&#8230;]<\/a><\/p>\n","protected":false},"author":1,"featured_media":0,"parent":0,"menu_order":0,"comment_status":"open","ping_status":"open","template":"bibliukaflar_NT.php","meta":{"footnotes":""},"class_list":["post-2519","page","type-page","status-publish","hentry"],"_links":{"self":[{"href":"https:\/\/biblian.is\/biblian\/wp-json\/wp\/v2\/pages\/2519","targetHints":{"allow":["GET"]}}],"collection":[{"href":"https:\/\/biblian.is\/biblian\/wp-json\/wp\/v2\/pages"}],"about":[{"href":"https:\/\/biblian.is\/biblian\/wp-json\/wp\/v2\/types\/page"}],"author":[{"embeddable":true,"href":"https:\/\/biblian.is\/biblian\/wp-json\/wp\/v2\/users\/1"}],"replies":[{"embeddable":true,"href":"https:\/\/biblian.is\/biblian\/wp-json\/wp\/v2\/comments?post=2519"}],"version-history":[{"count":0,"href":"https:\/\/biblian.is\/biblian\/wp-json\/wp\/v2\/pages\/2519\/revisions"}],"wp:attachment":[{"href":"https:\/\/biblian.is\/biblian\/wp-json\/wp\/v2\/media?parent=2519"}],"curies":[{"name":"wp","href":"https:\/\/api.w.org\/{rel}","templated":true}]}}