{"id":2518,"date":"2017-12-30T21:03:34","date_gmt":"2017-12-30T21:03:34","guid":{"rendered":"http:\/\/biblian.is\/biblian\/m%c2%92ka-7-kafli\/"},"modified":"2024-06-26T23:22:42","modified_gmt":"2024-06-26T23:22:42","slug":"mika-7-kafli","status":"publish","type":"page","link":"https:\/\/biblian.is\/biblian\/mika-7-kafli\/","title":{"rendered":"M\u00edka 7. kafli"},"content":{"rendered":"<h3 class=\"millifyrirsogn_2007\"> Eintal sp\u00e1mannsins<\/h3>\n<p><span class=\"ljodatexti\"> <a name=\"1\"><span class=\"versanumer_ljod\">1<\/span><\/a>Vei m\u00e9r. <br \/>Fyrir m\u00e9r er komi\u00f0 eins og \u00feegar \u00e1v\u00f6xtum hefur veri\u00f0 safna\u00f0,<br \/>og leita\u00f0 er a\u00f0 eftirhreytum v\u00ednberjanna.<br \/>Enginn klasi er eftir til a\u00f0 neyta, <br \/>engar vorf\u00edkjur sem hugnast m\u00e9r. <br \/> <\/span> <span class=\"ljodatexti\"> <a name=\"2\"><span class=\"versanumer_ljod\">2<\/span><\/a>Hinir gu\u00f0hr\u00e6ddu eru horfnir \u00far landinu, <br \/>engir r\u00e1\u00f0vandir menn eftir. <br \/>Allir b\u00ed\u00f0a f\u00e6ris a\u00f0 \u00fathella bl\u00f3\u00f0i, <br \/>fanga hver annan \u00ed net s\u00edn. <br \/> <\/span> <span class=\"ljodatexti\"> <a name=\"3\"><span class=\"versanumer_ljod\">3<\/span><\/a>Til ills eru b\u00e1\u00f0ar hendur fram r\u00e9ttar. <br \/>H\u00f6f\u00f0inginn heimtar<br \/>og d\u00f3marinn er falur. <br \/>Tignarma\u00f0urinn krefst alls sem hann girnist<br \/>og \u00fea\u00f0 veitist honum. <br \/> <\/span> <span class=\"ljodatexti\"> <a name=\"4\"><span class=\"versanumer_ljod\">4<\/span><\/a>Hinn besti me\u00f0al \u00feeirra er sem \u00feyrnir<br \/>og hinn r\u00e1\u00f0vandasti verri en \u00feyrniger\u00f0i. <br \/>S\u00e1 dagur er kominn sem ver\u00f0ir \u00fe\u00ednir bo\u00f0u\u00f0u, <br \/>dagur refsingar \u00feeirra. <br \/>N\u00fa eru \u00farr\u00e6\u00f0i \u00feeirra engin. <br \/> <\/span> <span class=\"ljodatexti\"> <a name=\"5\"><span class=\"versanumer_ljod\">5<\/span><\/a>Tr\u00fai\u00f0 ekki kunningja y\u00f0ar, <br \/>treysti\u00f0 ekki vini, <br \/>g\u00e6ttu tungu \u00feinnar fyrir henni <br \/>sem hv\u00edlir \u00ed fa\u00f0mi \u00fe\u00ednum. <br \/> <\/span> <span class=\"ljodatexti\"> <a name=\"6\"><span class=\"versanumer_ljod\">6<\/span><\/a>\u00dev\u00ed a\u00f0 sonur fyrirl\u00edtur f\u00f6\u00f0ur <br \/>og d\u00f3ttir r\u00eds gegn m\u00f3\u00f0ur <br \/>og tengdad\u00f3ttir gegn tengdam\u00f3\u00f0ur<br \/>og hj\u00fa gerast fjendur h\u00fasb\u00f3nda s\u00edns. <br \/> <\/span> <span class=\"ljodatexti\"> <a name=\"7\"><span class=\"versanumer_ljod\">7<\/span><\/a>En \u00e9g m\u00e6ni \u00ed von til Drottins, <br \/>b\u00ed\u00f0 eftir Gu\u00f0i hj\u00e1lpr\u00e6\u00f0is m\u00edns.<br \/>Gu\u00f0 minn mun heyra til m\u00edn.<br \/> <\/span>                                                                                                                                                                                                                                                                                                                                                                                                                                                                                                                     <\/p>\n<h3 class=\"millifyrirsogn_2007\">Von S\u00edonar<\/h3>\n<p><span class=\"ljodatexti\"> <a name=\"8\"><span class=\"versanumer_ljod\">8<\/span><\/a>Hlakka\u00f0u ekki yfir m\u00e9r, <br \/>fjandkona m\u00edn. <br \/>\u00de\u00f3tt \u00e9g falli r\u00eds \u00e9g \u00e1 n\u00fd, <br \/>\u00fe\u00f3tt \u00e9g sitji \u00ed myrkri er Drottinn lj\u00f3s mitt. <br \/> <\/span> <span class=\"ljodatexti\"> <a name=\"9\"><span class=\"versanumer_ljod\">9<\/span><\/a>\u00c9g hef syndga\u00f0 gegn Drottni <br \/>og hl\u00fdt \u00fev\u00ed a\u00f0 \u00feola rei\u00f0i hans <br \/>uns hann hefur tala\u00f0 m\u00e1li m\u00ednu <br \/>og l\u00e1ti\u00f0 mig n\u00e1 r\u00e9tti m\u00ednum. <br \/>Hann lei\u00f0ir mig \u00fat \u00ed lj\u00f3si\u00f0 <br \/>og \u00e9g mun sj\u00e1 r\u00e9ttl\u00e6ti hans. <br \/> <\/span> <span class=\"ljodatexti\"> <a name=\"10\"><span class=\"versanumer_ljod\">10<\/span><\/a>\u00dea\u00f0 mun fjandkona m\u00edn sj\u00e1 <br \/>og blyg\u00f0un hennar ver\u00f0ur algj\u00f6r, <br \/>hennar sem segir vi\u00f0 mig: <br \/>\u201eHvar er Drottinn, Gu\u00f0 \u00feinn?\u201c<br \/>Og \u00e9g mun horfa \u00e1 <br \/>\u00feegar h\u00fan ver\u00f0ur f\u00f3tum tro\u00f0in <br \/>eins og aur \u00e1 str\u00e6tum. <br \/> <\/span> <span class=\"ljodatexti\"> <a name=\"11\"><span class=\"versanumer_ljod\">11<\/span><\/a>S\u00e1 dagur kemur a\u00f0 m\u00farar \u00fe\u00ednir ver\u00f0a endurreistir <br \/>og \u00feann dag mun land \u00feitt st\u00e6kka a\u00f0 mun.<br \/> <\/span> <span class=\"ljodatexti\"> <a name=\"12\"><span class=\"versanumer_ljod\">12<\/span><\/a>\u00deann dag munu menn sn\u00faa aftur til \u00fe\u00edn, <br \/>koma allt fr\u00e1 Ass\u00fdr\u00edu til Egyptalands, <br \/>fr\u00e1 Egyptalandi allt til Efrat, <br \/>fr\u00e1 hafi til hafs og fj\u00f6llum til fjalla. <br \/> <\/span> <span class=\"ljodatexti\"> <a name=\"13\"><span class=\"versanumer_ljod\">13<\/span><\/a>En land \u00feitt mun leggjast \u00ed au\u00f0n <br \/>vegna \u00edb\u00faa \u00feess, <br \/>s\u00e1 ver\u00f0ur \u00e1v\u00f6xtur misgj\u00f6r\u00f0a \u00feeirra. <br \/> <\/span> <span class=\"ljodatexti\"> <a name=\"14\"><span class=\"versanumer_ljod\">14<\/span><\/a>G\u00e6ttu \u00fej\u00f3\u00f0ar \u00feinnar <br \/>me\u00f0 hir\u00f0isstafnum,<br \/>\u00feinnar eigin hjar\u00f0ar<br \/>sem b\u00fdr ein s\u00e9r \u00ed kjarrsk\u00f3gi <br \/>umkringd gr\u00f3\u00f0urlendum. <br \/>Haltu henni til beitar \u00ed Basan og G\u00edlea\u00f0 <br \/>eins og for\u00f0um. <br \/> <\/span> <span class=\"ljodatexti\"> <a name=\"15\"><span class=\"versanumer_ljod\">15<\/span><\/a>S\u00fdndu oss aftur undur <span class=\"nedan_mal\" title=\" \u00d6nnur hugsanleg \u00fe\u00fd\u00f0ing: \u00c9g mun s\u00fdna henni undraverk.\">[<\/span> <br \/>eins og \u00feegar \u00fe\u00fa f\u00f3rst fr\u00e1 Egyptalandi. <br \/> <\/span> <span class=\"ljodatexti\"> <a name=\"16\"><span class=\"versanumer_ljod\">16<\/span><\/a>\u00dej\u00f3\u00f0irnar skulu sj\u00e1 \u00fea\u00f0 og blyg\u00f0ast s\u00edn <br \/>\u00fer\u00e1tt fyrir allan m\u00e1tt sinn. <br \/>\u00de\u00e6r munu leggja h\u00f6nd \u00e1 munn s\u00e9r<br \/>og loka hlustum s\u00ednum.<br \/> <\/span> <span class=\"ljodatexti\"> <a name=\"17\"><span class=\"versanumer_ljod\">17<\/span><\/a>\u00de\u00e6r munu sleikja ryki\u00f0 <br \/>eins og h\u00f6ggormurinn, <br \/>eins og kvikindin sem skr\u00ed\u00f0a \u00e1 j\u00f6r\u00f0inni. <br \/>\u00de\u00e6r munu koma skj\u00e1lfandi \u00far fylgsnum s\u00ednum<br \/>til Drottins, Gu\u00f0s vors.<br \/>\u00de\u00e6r munu \u00f3ttast \u00feig og vir\u00f0a. <br \/> <\/span> <span class=\"ljodatexti\"> <a name=\"18\"><span class=\"versanumer_ljod\">18<\/span><\/a>Hver er sl\u00edkur Gu\u00f0 sem \u00fe\u00fa,<br \/>sem fyrirgefur misgj\u00f6r\u00f0ir <br \/>og s\u00fdknar af syndum <br \/>\u00fe\u00e1 sem eftir eru af arfleif\u00f0 \u00feinni? <br \/>Rei\u00f0i Gu\u00f0s varir ekki a\u00f0 eil\u00edfu <br \/>\u00fev\u00ed a\u00f0 hann hefur unun af a\u00f0 s\u00fdna mildi. <br \/> <\/span> <span class=\"ljodatexti\"> <a name=\"19\"><span class=\"versanumer_ljod\">19<\/span><\/a>Og enn s\u00fdnir hann oss miskunnsemi, <br \/>hann f\u00f3tumtre\u00f0ur s\u00f6k vora. <br \/>J\u00e1, \u00fe\u00fa varpar \u00f6llum syndum vorum <br \/>\u00ed dj\u00fap hafsins. <br \/> <\/span> <span class=\"ljodatexti\">                                                                                                                                                                                                                                                                                                                                                                                                                                                                                                                     <\/span> <span class=\"ljodatexti\"> <a name=\"20\"><span class=\"versanumer_ljod\">20<\/span><\/a>\u00de\u00fa munt halda trygg\u00f0 \u00feinni vi\u00f0 Jakob <br \/>og s\u00fdna Abraham miskunnsemi<br \/>eins og \u00fe\u00fa s\u00f3rst fe\u00f0rum vorum for\u00f0um. <br \/> <\/span> <\/p>\n","protected":false},"excerpt":{"rendered":"<p>Eintal sp\u00e1mannsins 1Vei m\u00e9r. Fyrir m\u00e9r er komi\u00f0 eins og \u00feegar \u00e1v\u00f6xtum hefur veri\u00f0 safna\u00f0,og leita\u00f0 er a\u00f0 eftirhreytum v\u00ednberjanna.Enginn klasi er eftir til a\u00f0 neyta, engar vorf\u00edkjur sem hugnast m\u00e9r. 2Hinir gu\u00f0hr\u00e6ddu eru horfnir \u00far landinu, engir r\u00e1\u00f0vandir menn eftir. Allir b\u00ed\u00f0a f\u00e6ris a\u00f0 \u00fathella bl\u00f3\u00f0i, fanga hver annan \u00ed net s\u00edn. 3Til ills eru b\u00e1\u00f0ar hendur fram r\u00e9ttar. H\u00f6f\u00f0inginn heimtarog d\u00f3marinn er falur. Tignarma\u00f0urinn krefst alls sem hann girnistog \u00fea\u00f0 veitist honum. 4Hinn besti me\u00f0al \u00feeirra er sem \u00feyrnirog hinn r\u00e1\u00f0vandasti verri en \u00feyrniger\u00f0i. S\u00e1 dagur er kominn sem ver\u00f0ir \u00fe\u00ednir bo\u00f0u\u00f0u, dagur refsingar \u00feeirra. N\u00fa eru \u00farr\u00e6\u00f0i <a href=\"https:\/\/biblian.is\/biblian\/mika-7-kafli\/\"> [&#8230;]<\/a><\/p>\n","protected":false},"author":1,"featured_media":0,"parent":0,"menu_order":0,"comment_status":"open","ping_status":"open","template":"bibliukaflar_NT.php","meta":{"footnotes":""},"class_list":["post-2518","page","type-page","status-publish","hentry"],"_links":{"self":[{"href":"https:\/\/biblian.is\/biblian\/wp-json\/wp\/v2\/pages\/2518","targetHints":{"allow":["GET"]}}],"collection":[{"href":"https:\/\/biblian.is\/biblian\/wp-json\/wp\/v2\/pages"}],"about":[{"href":"https:\/\/biblian.is\/biblian\/wp-json\/wp\/v2\/types\/page"}],"author":[{"embeddable":true,"href":"https:\/\/biblian.is\/biblian\/wp-json\/wp\/v2\/users\/1"}],"replies":[{"embeddable":true,"href":"https:\/\/biblian.is\/biblian\/wp-json\/wp\/v2\/comments?post=2518"}],"version-history":[{"count":0,"href":"https:\/\/biblian.is\/biblian\/wp-json\/wp\/v2\/pages\/2518\/revisions"}],"wp:attachment":[{"href":"https:\/\/biblian.is\/biblian\/wp-json\/wp\/v2\/media?parent=2518"}],"curies":[{"name":"wp","href":"https:\/\/api.w.org\/{rel}","templated":true}]}}