{"id":2517,"date":"2017-12-30T21:03:28","date_gmt":"2017-12-30T21:03:28","guid":{"rendered":"http:\/\/biblian.is\/biblian\/m%c2%92ka-6-kafli\/"},"modified":"2024-06-26T23:22:42","modified_gmt":"2024-06-26T23:22:42","slug":"mika-6-kafli","status":"publish","type":"page","link":"https:\/\/biblian.is\/biblian\/mika-6-kafli\/","title":{"rendered":"M\u00edka 6. kafli"},"content":{"rendered":"<h3 class=\"millifyrirsogn_2007\"> Gu\u00f0 \u00e1k\u00e6rir<\/h3>\n<p><span class=\"ljodatexti\"> <a name=\"1\"><span class=\"versanumer_ljod\">1<\/span><\/a>Heyri\u00f0 \u00fea\u00f0 sem Drottinn segir: <br \/>Flyt fj\u00f6llunum m\u00e1l \u00feitt, <br \/>l\u00e1t h\u00e6\u00f0irnar heyra raust \u00fe\u00edna.<br \/> <\/span> <span class=\"ljodatexti\"> <a name=\"2\"><span class=\"versanumer_ljod\">2<\/span><\/a>Fj\u00f6ll, hl\u00fd\u00f0i\u00f0 \u00e1 k\u00e6ru Drottins, <br \/>leggi\u00f0 vi\u00f0 hlustir, undirst\u00f6\u00f0ur jar\u00f0arinnar, <br \/>\u00fev\u00ed a\u00f0 Drottinn flytur m\u00e1l gegn \u00fej\u00f3\u00f0 sinni, <br \/>l\u00e6tur \u00cdsrael svara til saka: <br \/> <\/span> <span class=\"ljodatexti\"> <a name=\"3\"><span class=\"versanumer_ljod\">3<\/span><\/a>\u00dej\u00f3\u00f0 m\u00edn, <br \/>hva\u00f0a rangindum hef \u00e9g beitt \u00feig? <br \/>Og hva\u00f0a har\u00f0neskju hef \u00e9g s\u00fdnt? <br \/>Svara m\u00e9r \u00fev\u00ed. <br \/> <\/span> <span class=\"ljodatexti\"> <a name=\"4\"><span class=\"versanumer_ljod\">4<\/span><\/a>\u00c9g leiddi \u00feig \u00fat \u00far Egyptalandi, <br \/>leysti \u00feig \u00far \u00fer\u00e6lah\u00fasinu. <br \/>\u00c9g sendi M\u00f3se, Aron og Mirjam <br \/>til a\u00f0 fara fyrir \u00fe\u00e9r. <br \/> <\/span> <span class=\"ljodatexti\"> <a name=\"5\"><span class=\"versanumer_ljod\">5<\/span><\/a>Minnstu \u00feess, \u00fej\u00f3\u00f0 m\u00edn, <br \/>sem Balak M\u00f3abskonungur v\u00e9la\u00f0i gegn \u00fe\u00e9r <br \/>og svaranna sem B\u00edleam Be\u00f3rsson veitti honum. <br \/>Minnstu fararinnar fr\u00e1 Sitt\u00edm til Gilgal. <br \/>\u00de\u00e1 skilur\u00f0u r\u00e9ttl\u00e6tisverk Drottins. <br \/> <\/span> <span class=\"ljodatexti\"> <a name=\"6\"><span class=\"versanumer_ljod\">6<\/span><\/a>Hva\u00f0 \u00e1 \u00e9g a\u00f0 koma me\u00f0 fram fyrir Drottin,<br \/>fram fyrir Gu\u00f0 \u00e1 h\u00e6\u00f0um? <br \/>\u00c1 \u00e9g a\u00f0 koma fram fyrir hann me\u00f0 brennif\u00f3rnir, <br \/>me\u00f0 veturgamla k\u00e1lfa? <br \/> <\/span> <span class=\"ljodatexti\"> <a name=\"7\"><span class=\"versanumer_ljod\">7<\/span><\/a>Hefur Drottinn \u00fe\u00f3knun \u00e1 \u00fe\u00fasundum hr\u00fata <br \/>og tug\u00fe\u00fasundum l\u00e6kja af \u00f3l\u00edfuol\u00edu? <br \/>\u00c1 \u00e9g a\u00f0 f\u00f3rna frumbur\u00f0i m\u00ednum fyrir synd m\u00edna, <br \/>\u00e1vexti kvi\u00f0ar m\u00edns fyrir misgj\u00f6r\u00f0ir m\u00ednar? <br \/> <\/span> <span class=\"ljodatexti\"> <a name=\"8\"><span class=\"versanumer_ljod\">8<\/span><\/a>Ma\u00f0ur, \u00fe\u00e9r hefur veri\u00f0 sagt hva\u00f0 gott er <br \/>og hvers Drottinn v\u00e6ntir af \u00fe\u00e9r: <br \/>\u00feess eins a\u00f0 \u00fe\u00fa gerir r\u00e9tt, <br \/>\u00e1stundir k\u00e6rleika <br \/>og \u00fej\u00f3nir Gu\u00f0i \u00ed h\u00f3gv\u00e6r\u00f0. <br \/> <\/span>                                                                                                                                                                                                                                                                                                                                                                                                                                                                                                                     <\/p>\n<h3 class=\"millifyrirsogn_2007\">Refsa\u00f0 fyrir svik og ofr\u00edki<\/h3>\n<p><span class=\"ljodatexti\"> <a name=\"9\"><span class=\"versanumer_ljod\">9<\/span><\/a>Drottinn hr\u00f3par til borgarinnar <br \/>og vitur er s\u00e1 sem \u00f3ttast nafn hans: <br \/>Heyri\u00f0 \u00feetta, kynstofn og borgarsamkunda. <br \/> <\/span> <span class=\"ljodatexti\"> <a name=\"10\"><span class=\"versanumer_ljod\">10<\/span><\/a>Get \u00e9g l\u00e1ti\u00f0 bat-m\u00e6li hins gu\u00f0lausa \u00f3\u00e1talinn <br \/>e\u00f0a hinn nauma efu-m\u00e6li sem \u00e9g hef ford\u00e6mt? <br \/> <\/span> <span class=\"ljodatexti\"> <a name=\"11\"><span class=\"versanumer_ljod\">11<\/span><\/a>\u00c1 \u00e9g a\u00f0 l\u00e1ta honum \u00f3refsa\u00f0 \u00fer\u00e1tt fyrir ranga vog <br \/>og sekk me\u00f0 sviknum vogarsteinum? <br \/> <\/span> <span class=\"ljodatexti\"> <a name=\"12\"><span class=\"versanumer_ljod\">12<\/span><\/a>Au\u00f0k\u00fdfingar borgarinnar beita ofbeldi, <br \/>\u00edb\u00faar hennar lj\u00faga<br \/>og svikul er tungan \u00ed munni \u00feeirra. <br \/> <\/span> <span class=\"ljodatexti\"> <a name=\"13\"><span class=\"versanumer_ljod\">13<\/span><\/a>Og n\u00fa tek \u00e9g a\u00f0 refsa \u00fe\u00e9r <br \/>og ey\u00f0a \u00fe\u00e9r vegna misgj\u00f6r\u00f0a \u00feinna. <br \/> <\/span> <span class=\"ljodatexti\"> <a name=\"14\"><span class=\"versanumer_ljod\">14<\/span><\/a>\u00de\u00fa munt eta en \u00fe\u00f3 ekki se\u00f0jast<br \/>og sulturinn mun sverfa a\u00f0 \u00fe\u00e9r. <br \/>\u00dev\u00ed sem \u00fe\u00fa hyggst for\u00f0a undan <br \/>f\u00e6r\u00f0u ekki bjarga\u00f0, <br \/>og \u00fea\u00f0 sem \u00fe\u00fa bjargar ofursel \u00e9g sver\u00f0i. <br \/> <\/span> <span class=\"ljodatexti\"> <a name=\"15\"><span class=\"versanumer_ljod\">15<\/span><\/a>\u00de\u00fa munt s\u00e1 en ekki uppskera, <br \/>tro\u00f0a \u00f3l\u00edfur en ekki smyrja \u00feig ol\u00edu, <br \/>tro\u00f0a v\u00edn\u00fer\u00f3na en ekki drekka v\u00edni\u00f0. <br \/> <\/span> <span class=\"ljodatexti\"> <a name=\"16\"><span class=\"versanumer_ljod\">16<\/span><\/a>\u00de\u00fa hefur fari\u00f0 a\u00f0 l\u00f6gum Omr\u00eds <br \/>og h\u00e1ttum Akabs \u00e6ttar, <br \/>l\u00edferni \u00feeirra hafi\u00f0 \u00fe\u00e9r tami\u00f0 y\u00f0ur. <br \/>\u00dev\u00ed legg \u00e9g borgina \u00ed au\u00f0n <br \/>og geri \u00edb\u00faa hennar a\u00f0 athl\u00e6gi. <br \/>\u00de\u00e9r munu\u00f0 baka y\u00f0ur fyrirlitningu \u00fej\u00f3\u00f0ar minnar. <\/span> <\/p>\n","protected":false},"excerpt":{"rendered":"<p>Gu\u00f0 \u00e1k\u00e6rir 1Heyri\u00f0 \u00fea\u00f0 sem Drottinn segir: Flyt fj\u00f6llunum m\u00e1l \u00feitt, l\u00e1t h\u00e6\u00f0irnar heyra raust \u00fe\u00edna. 2Fj\u00f6ll, hl\u00fd\u00f0i\u00f0 \u00e1 k\u00e6ru Drottins, leggi\u00f0 vi\u00f0 hlustir, undirst\u00f6\u00f0ur jar\u00f0arinnar, \u00fev\u00ed a\u00f0 Drottinn flytur m\u00e1l gegn \u00fej\u00f3\u00f0 sinni, l\u00e6tur \u00cdsrael svara til saka: 3\u00dej\u00f3\u00f0 m\u00edn, hva\u00f0a rangindum hef \u00e9g beitt \u00feig? Og hva\u00f0a har\u00f0neskju hef \u00e9g s\u00fdnt? Svara m\u00e9r \u00fev\u00ed. 4\u00c9g leiddi \u00feig \u00fat \u00far Egyptalandi, leysti \u00feig \u00far \u00fer\u00e6lah\u00fasinu. \u00c9g sendi M\u00f3se, Aron og Mirjam til a\u00f0 fara fyrir \u00fe\u00e9r. 5Minnstu \u00feess, \u00fej\u00f3\u00f0 m\u00edn, sem Balak M\u00f3abskonungur v\u00e9la\u00f0i gegn \u00fe\u00e9r og svaranna sem B\u00edleam Be\u00f3rsson veitti honum. Minnstu fararinnar fr\u00e1 Sitt\u00edm til Gilgal. <a href=\"https:\/\/biblian.is\/biblian\/mika-6-kafli\/\"> [&#8230;]<\/a><\/p>\n","protected":false},"author":1,"featured_media":0,"parent":0,"menu_order":0,"comment_status":"open","ping_status":"open","template":"bibliukaflar_NT.php","meta":{"footnotes":""},"class_list":["post-2517","page","type-page","status-publish","hentry"],"_links":{"self":[{"href":"https:\/\/biblian.is\/biblian\/wp-json\/wp\/v2\/pages\/2517","targetHints":{"allow":["GET"]}}],"collection":[{"href":"https:\/\/biblian.is\/biblian\/wp-json\/wp\/v2\/pages"}],"about":[{"href":"https:\/\/biblian.is\/biblian\/wp-json\/wp\/v2\/types\/page"}],"author":[{"embeddable":true,"href":"https:\/\/biblian.is\/biblian\/wp-json\/wp\/v2\/users\/1"}],"replies":[{"embeddable":true,"href":"https:\/\/biblian.is\/biblian\/wp-json\/wp\/v2\/comments?post=2517"}],"version-history":[{"count":0,"href":"https:\/\/biblian.is\/biblian\/wp-json\/wp\/v2\/pages\/2517\/revisions"}],"wp:attachment":[{"href":"https:\/\/biblian.is\/biblian\/wp-json\/wp\/v2\/media?parent=2517"}],"curies":[{"name":"wp","href":"https:\/\/api.w.org\/{rel}","templated":true}]}}