{"id":2512,"date":"2017-12-30T21:03:28","date_gmt":"2017-12-30T21:03:28","guid":{"rendered":"http:\/\/biblian.is\/biblian\/m%c2%92ka-1-kafli\/"},"modified":"2024-06-26T23:22:41","modified_gmt":"2024-06-26T23:22:41","slug":"mika-1-kafli","status":"publish","type":"page","link":"https:\/\/biblian.is\/biblian\/mika-1-kafli\/","title":{"rendered":"M\u00edka 1. kafli"},"content":{"rendered":"<p><a name=\"1\"><span class=\"versanumer_2007\">1<\/span><\/a> Or\u00f0 Drottins sem kom til M\u00edka fr\u00e1 M\u00f3reset \u00e1 d\u00f6gum J\u00f3tams, Akasar og Hisk\u00eda, konunga \u00ed J\u00fada, \u00fea\u00f0 er honum vitra\u00f0ist um Samar\u00edu og Jer\u00fasalem. <\/p>\n<h3 class=\"millifyrirsogn_2007\">Gu\u00f0 st\u00edgur ofan til d\u00f3ms<\/h3>\n<p><span class=\"ljodatexti\"> <a name=\"2\"><span class=\"versanumer_ljod\">2<\/span><\/a>Heyri\u00f0, allar \u00fej\u00f3\u00f0ir. <br \/>Hlusta \u00fe\u00fa, ver\u00f6ld, og allt sem \u00ed \u00fe\u00e9r er. <br \/>Drottinn, Gu\u00f0 minn, ber y\u00f0ur s\u00f6kum, <br \/>Drottinn vitnar gegn y\u00f0ur \u00far s\u00ednu heilaga musteri. <br \/> <\/span> <span class=\"ljodatexti\"> <a name=\"3\"><span class=\"versanumer_ljod\">3<\/span><\/a>Sj\u00e1, Drottinn kemur \u00far dvalarsta\u00f0 s\u00ednum, <br \/>hann kemur ofan og tre\u00f0ur h\u00e6\u00f0ir jar\u00f0arinnar.<br \/> <\/span> <span class=\"ljodatexti\"> <a name=\"4\"><span class=\"versanumer_ljod\">4<\/span><\/a>Fj\u00f6llin br\u00e1\u00f0na fyrir honum <br \/>og dalirnir gli\u00f0na <br \/>sem vax fyrir eldi <br \/>l\u00edkt og vatn steypist ofan bratta hl\u00ed\u00f0. <br \/> <\/span> <span class=\"ljodatexti\"> <a name=\"5\"><span class=\"versanumer_ljod\">5<\/span><\/a>Og allt \u00feetta s\u00f6kum afbrota Jakobs <br \/>og synda \u00cdsraels\u00e6ttar. <br \/>Hver er misgj\u00f6r\u00f0 Jakobs? Er \u00fea\u00f0 ekki Samar\u00eda? <br \/>Og hver er synd J\u00fada? <span class=\"nedan_mal\" title=\" Or\u00f0r\u00e9tt: f\u00f3rnarh\u00e6\u00f0ir J\u00fada.\">[<\/span> <br \/>Er \u00fea\u00f0 ekki Jer\u00fasalem?<br \/> <\/span> <span class=\"ljodatexti\"> <a name=\"6\"><span class=\"versanumer_ljod\">6<\/span><\/a>\u00deess vegna geri \u00e9g Samar\u00edu a\u00f0 r\u00fast \u00e1 v\u00ed\u00f0avangi, <br \/>gr\u00f3\u00f0urreit fyrir v\u00ednvi\u00f0, <br \/>\u00fev\u00ed a\u00f0 steinum hennar <br \/>mun \u00e9g ry\u00f0ja ni\u00f0ur \u00ed dalinn <br \/>og afhj\u00fapa undirst\u00f6\u00f0ur hennar. <br \/> <\/span> <span class=\"ljodatexti\"> <a name=\"7\"><span class=\"versanumer_ljod\">7<\/span><\/a>M\u00f6lva\u00f0ar skulu allar h\u00f6ggmyndir hennar <br \/>og allur sk\u00e6kjuau\u00f0ur hennar borinn \u00e1 eld. <br \/>\u00c9g ey\u00f0i \u00f6llum skur\u00f0go\u00f0um hennar <br \/>\u00fev\u00ed a\u00f0 fyrir h\u00f3rgj\u00f6ld eru \u00feau fengin <br \/>og a\u00f0 h\u00f3rgj\u00f6ldum skulu \u00feau aftur ver\u00f0a. <br \/> <\/span> <span class=\"ljodatexti\"> <a name=\"8\"><span class=\"versanumer_ljod\">8<\/span><\/a>Vegna \u00feessa harma \u00e9g og kveina, <br \/>geng berf\u00e6ttur og kl\u00e6\u00f0laus, <br \/>\u00fdlfra eins og sjakalinn, <br \/>v\u00e6li eins og uglan. <br \/> <\/span> <span class=\"ljodatexti\"> <a name=\"9\"><span class=\"versanumer_ljod\">9<\/span><\/a>\u00dev\u00ed a\u00f0 s\u00e1r Samar\u00edu er \u00f3l\u00e6knandi, <br \/>\u00fea\u00f0 n\u00e6r allt til J\u00fada, <br \/>allt a\u00f0 hli\u00f0um \u00fej\u00f3\u00f0ar minnar, <br \/>allt til Jer\u00fasalem. <br \/> <\/span> <span class=\"ljodatexti\"> <a name=\"10\"><span class=\"versanumer_ljod\">10<\/span><\/a>Segi\u00f0 ekki fr\u00e1 \u00fev\u00ed \u00ed Gat. <br \/>Gr\u00e1ti\u00f0 ekki. <br \/>Velti\u00f0 y\u00f0ur \u00ed rykinu <br \/>\u00ed Betleafra. <br \/> <\/span> <span class=\"ljodatexti\"> <a name=\"11\"><span class=\"versanumer_ljod\">11<\/span><\/a>Hverfi\u00f0 burt naktir og sm\u00e1\u00f0ir, <br \/>\u00fe\u00e9r \u00edb\u00faar \u00ed Saf\u00edr. <br \/>Ekki komast \u00edb\u00faar Saanan undan.<br \/>\u00cd Bet Haesel hlj\u00f3ma harmakvein, <br \/>\u00ed henni eigi\u00f0 \u00fe\u00e9r enga sto\u00f0 framar.<br \/> <\/span> <span class=\"ljodatexti\"> <a name=\"12\"><span class=\"versanumer_ljod\">12<\/span><\/a>\u00cdb\u00faarnir \u00ed Marot <br \/>v\u00e6ntu s\u00e9r heilla, <br \/>en h\u00f6rmungar hefur Drottinn sent <br \/>allt a\u00f0 hli\u00f0um Jer\u00fasalemborgar. <br \/> <\/span> <span class=\"ljodatexti\"> <a name=\"13\"><span class=\"versanumer_ljod\">13<\/span><\/a>Spenni\u00f0 hesta fyrir vagnana, <br \/>\u00fe\u00e9r, \u00edb\u00faar \u00ed Lak\u00eds. <span class=\"nedan_mal\" title=\" \u00cd Lak\u00eds \u00ed su\u00f0vesturhluta landsins voru mestu herna\u00f0armannvirki og fj\u00f6lmennasta herli\u00f0 \u00ed J\u00fada og vir\u00f0ist r\u00e9tt a\u00f0 sko\u00f0a or\u00f0 M\u00edka \u00ed lj\u00f3si \u00feess.\">[<\/span> <br \/>\u00dear var dr\u00fdg\u00f0 h\u00f6fu\u00f0synd d\u00f3tturinnar S\u00edonar, <br \/>hj\u00e1 y\u00f0ur birtust syndir \u00cdsraels. <br \/> <\/span> <span class=\"ljodatexti\"> <a name=\"14\"><span class=\"versanumer_ljod\">14<\/span><\/a>Fyrir \u00fe\u00e1 s\u00f6k ver\u00f0ur skilna\u00f0ur <br \/>milli y\u00f0ar og M\u00f3reset-Gat. <br \/>H\u00fasin \u00ed Aks\u00edv munu breg\u00f0ast konungum \u00cdsraels <br \/>l\u00edkt og \u00feorrin vatnslind. <br \/> <\/span> <span class=\"ljodatexti\"> <a name=\"15\"><span class=\"versanumer_ljod\">15<\/span><\/a>Enn sendi \u00e9g sigurvegara gegn y\u00f0ur <br \/>sem \u00ed Maresa b\u00fai\u00f0.<br \/>Og enn mun tign \u00cdsraels <br \/>h\u00f6rfa til Ad\u00fallam. <br \/> <\/span> <span class=\"ljodatexti\"> <a name=\"16\"><span class=\"versanumer_ljod\">16<\/span><\/a>Sker\u00f0u h\u00e1r \u00feitt og raka\u00f0u h\u00f6fu\u00f0i\u00f0 <br \/>vegna barnanna sem \u00e1\u00f0ur voru yndi \u00feitt. <br \/>Ger\u00f0u \u00feig nau\u00f0ask\u00f6ll\u00f3tta sem hr\u00e6gamm<br \/>\u00fev\u00ed a\u00f0 b\u00f6rnin hafa veri\u00f0 hrakin fr\u00e1 \u00fe\u00e9r \u00ed \u00fatleg\u00f0. <\/span> <\/p>\n","protected":false},"excerpt":{"rendered":"<p>1 Or\u00f0 Drottins sem kom til M\u00edka fr\u00e1 M\u00f3reset \u00e1 d\u00f6gum J\u00f3tams, Akasar og Hisk\u00eda, konunga \u00ed J\u00fada, \u00fea\u00f0 er honum vitra\u00f0ist um Samar\u00edu og Jer\u00fasalem. Gu\u00f0 st\u00edgur ofan til d\u00f3ms 2Heyri\u00f0, allar \u00fej\u00f3\u00f0ir. Hlusta \u00fe\u00fa, ver\u00f6ld, og allt sem \u00ed \u00fe\u00e9r er. Drottinn, Gu\u00f0 minn, ber y\u00f0ur s\u00f6kum, Drottinn vitnar gegn y\u00f0ur \u00far s\u00ednu heilaga musteri. 3Sj\u00e1, Drottinn kemur \u00far dvalarsta\u00f0 s\u00ednum, hann kemur ofan og tre\u00f0ur h\u00e6\u00f0ir jar\u00f0arinnar. 4Fj\u00f6llin br\u00e1\u00f0na fyrir honum og dalirnir gli\u00f0na sem vax fyrir eldi l\u00edkt og vatn steypist ofan bratta hl\u00ed\u00f0. 5Og allt \u00feetta s\u00f6kum afbrota Jakobs og synda \u00cdsraels\u00e6ttar. Hver er misgj\u00f6r\u00f0 <a href=\"https:\/\/biblian.is\/biblian\/mika-1-kafli\/\"> [&#8230;]<\/a><\/p>\n","protected":false},"author":1,"featured_media":0,"parent":0,"menu_order":0,"comment_status":"open","ping_status":"open","template":"bibliukaflar_NT.php","meta":{"footnotes":""},"class_list":["post-2512","page","type-page","status-publish","hentry"],"_links":{"self":[{"href":"https:\/\/biblian.is\/biblian\/wp-json\/wp\/v2\/pages\/2512","targetHints":{"allow":["GET"]}}],"collection":[{"href":"https:\/\/biblian.is\/biblian\/wp-json\/wp\/v2\/pages"}],"about":[{"href":"https:\/\/biblian.is\/biblian\/wp-json\/wp\/v2\/types\/page"}],"author":[{"embeddable":true,"href":"https:\/\/biblian.is\/biblian\/wp-json\/wp\/v2\/users\/1"}],"replies":[{"embeddable":true,"href":"https:\/\/biblian.is\/biblian\/wp-json\/wp\/v2\/comments?post=2512"}],"version-history":[{"count":0,"href":"https:\/\/biblian.is\/biblian\/wp-json\/wp\/v2\/pages\/2512\/revisions"}],"wp:attachment":[{"href":"https:\/\/biblian.is\/biblian\/wp-json\/wp\/v2\/media?parent=2512"}],"curies":[{"name":"wp","href":"https:\/\/api.w.org\/{rel}","templated":true}]}}