{"id":2510,"date":"2017-12-30T21:03:28","date_gmt":"2017-12-30T21:03:28","guid":{"rendered":"http:\/\/biblian.is\/biblian\/j%c2%97nas-3-kafli\/"},"modified":"2023-02-25T04:41:27","modified_gmt":"2023-02-25T04:41:27","slug":"jonas-3-kafli","status":"publish","type":"page","link":"https:\/\/biblian.is\/biblian\/jonas-3-kafli\/","title":{"rendered":"J\u00f3nas 3. kafli"},"content":{"rendered":"<h3 class=\"millifyrirsogn_2007\"> J\u00f3nas fer til N\u00edn\u00edve<\/h3>\n<p><a name=\"1\"><span class=\"versanumer_2007\">1<\/span><\/a> Or\u00f0 Drottins kom \u00f6\u00f0ru sinni til J\u00f3nasar: <a name=\"2\"><span class=\"versanumer_2007\">2<\/span><\/a> \u201eLegg \u00fe\u00fa af sta\u00f0 og far til N\u00edn\u00edve, hinnar miklu borgar, og pr\u00e9dika\u00f0u fyrir henni \u00feann bo\u00f0skap sem \u00e9g mun greina \u00fe\u00e9r fr\u00e1.\u201c <a name=\"3\"><span class=\"versanumer_2007\">3<\/span><\/a> J\u00f3nas lag\u00f0i af sta\u00f0 og f\u00f3r til N\u00edn\u00edve eins og Drottinn haf\u00f0i bo\u00f0i\u00f0.<br \/>En N\u00edn\u00edve var svo firnast\u00f3r borg a\u00f0 \u00ferj\u00e1r daglei\u00f0ir voru um hana \u00fevera. <a name=\"4\"><span class=\"versanumer_2007\">4<\/span><\/a> J\u00f3nas h\u00f3f n\u00fa g\u00f6ngu s\u00edna inn \u00ed borgina og er hann var kominn eina daglei\u00f0 pr\u00e9dika\u00f0i hann: \u201eEftir fj\u00f6rut\u00edu daga ver\u00f0ur N\u00edn\u00edve l\u00f6g\u00f0 \u00ed r\u00fast!\u201c<br \/> <a name=\"5\"><span class=\"versanumer_2007\">5<\/span><\/a> Settu \u00fe\u00e1 N\u00edn\u00edveb\u00faar traust sitt \u00e1 Gu\u00f0, bo\u00f0u\u00f0u f\u00f6stu og kl\u00e6ddust h\u00e6rusekkjum, jafnt h\u00e1ir sem l\u00e1gir.<br \/> <a name=\"6\"><span class=\"versanumer_2007\">6<\/span><\/a> \u00deegar fregnin barst konunginum \u00ed N\u00edn\u00edve st\u00f3\u00f0 hann upp \u00far h\u00e1s\u00e6ti s\u00ednu, svipti af s\u00e9r tignarskr\u00fa\u00f0anum, huldi sig h\u00e6rusekk, settist \u00ed \u00f6sku <a name=\"7\"><span class=\"versanumer_2007\">7<\/span><\/a> og sendi kallara me\u00f0 svohlj\u00f3\u00f0andi bo\u00f0 til N\u00edn\u00edveb\u00faa: <br \/>\u201eSamkv\u00e6mt tilskipun konungs og h\u00f6f\u00f0ingja hans er svo fyrir m\u00e6lt: Hvorki menn n\u00e9 skepnur, hvorki naut n\u00e9 sau\u00f0ir skulu neins neyta og ekki skulu \u00feau \u00e1 gras ganga e\u00f0a vatn drekka. <a name=\"8\"><span class=\"versanumer_2007\">8<\/span><\/a> Menn og d\u00fdr skulu sveipa sig h\u00e6rusekkjum, hr\u00f3pa til Gu\u00f0s af \u00f6llum m\u00e6tti, sn\u00faa fr\u00e1 sinni illu breytni og l\u00e1ta af \u00fev\u00ed ofbeldi sem \u00feau hafa frami\u00f0. <a name=\"9\"><span class=\"versanumer_2007\">9<\/span><\/a> Hver veit nema Gu\u00f0i sn\u00faist hugur og hann l\u00e1ti af sinni brennandi rei\u00f0i svo a\u00f0 vi\u00f0 f\u00f6rumst ekki.\u201c<br \/> <a name=\"10\"><span class=\"versanumer_2007\">10<\/span><\/a> Gu\u00f0 s\u00e1 hva\u00f0 f\u00f3lki\u00f0 ger\u00f0i, a\u00f0 \u00fea\u00f0 haf\u00f0i l\u00e1ti\u00f0 af sinni illu breytni. \u00de\u00e1 snerist honum hugur og hann \u00e1kva\u00f0 a\u00f0 valda f\u00f3lkinu ekki \u00feeirri \u00f3g\u00e6fu sem hann haf\u00f0i bo\u00f0a\u00f0 og refsa \u00fev\u00ed ekki. <\/p>\n","protected":false},"excerpt":{"rendered":"<p>J\u00f3nas fer til N\u00edn\u00edve 1 Or\u00f0 Drottins kom \u00f6\u00f0ru sinni til J\u00f3nasar: 2 \u201eLegg \u00fe\u00fa af sta\u00f0 og far til N\u00edn\u00edve, hinnar miklu borgar, og pr\u00e9dika\u00f0u fyrir henni \u00feann bo\u00f0skap sem \u00e9g mun greina \u00fe\u00e9r fr\u00e1.\u201c 3 J\u00f3nas lag\u00f0i af sta\u00f0 og f\u00f3r til N\u00edn\u00edve eins og Drottinn haf\u00f0i bo\u00f0i\u00f0.En N\u00edn\u00edve var svo firnast\u00f3r borg a\u00f0 \u00ferj\u00e1r daglei\u00f0ir voru um hana \u00fevera. 4 J\u00f3nas h\u00f3f n\u00fa g\u00f6ngu s\u00edna inn \u00ed borgina og er hann var kominn eina daglei\u00f0 pr\u00e9dika\u00f0i hann: \u201eEftir fj\u00f6rut\u00edu daga ver\u00f0ur N\u00edn\u00edve l\u00f6g\u00f0 \u00ed r\u00fast!\u201c 5 Settu \u00fe\u00e1 N\u00edn\u00edveb\u00faar traust sitt \u00e1 Gu\u00f0, bo\u00f0u\u00f0u f\u00f6stu og kl\u00e6ddust <a href=\"https:\/\/biblian.is\/biblian\/jonas-3-kafli\/\"> [&#8230;]<\/a><\/p>\n","protected":false},"author":1,"featured_media":0,"parent":0,"menu_order":0,"comment_status":"open","ping_status":"open","template":"bibliukaflar_NT.php","meta":{"footnotes":""},"class_list":["post-2510","page","type-page","status-publish","hentry"],"_links":{"self":[{"href":"https:\/\/biblian.is\/biblian\/wp-json\/wp\/v2\/pages\/2510","targetHints":{"allow":["GET"]}}],"collection":[{"href":"https:\/\/biblian.is\/biblian\/wp-json\/wp\/v2\/pages"}],"about":[{"href":"https:\/\/biblian.is\/biblian\/wp-json\/wp\/v2\/types\/page"}],"author":[{"embeddable":true,"href":"https:\/\/biblian.is\/biblian\/wp-json\/wp\/v2\/users\/1"}],"replies":[{"embeddable":true,"href":"https:\/\/biblian.is\/biblian\/wp-json\/wp\/v2\/comments?post=2510"}],"version-history":[{"count":0,"href":"https:\/\/biblian.is\/biblian\/wp-json\/wp\/v2\/pages\/2510\/revisions"}],"wp:attachment":[{"href":"https:\/\/biblian.is\/biblian\/wp-json\/wp\/v2\/media?parent=2510"}],"curies":[{"name":"wp","href":"https:\/\/api.w.org\/{rel}","templated":true}]}}