{"id":2508,"date":"2017-12-30T21:03:28","date_gmt":"2017-12-30T21:03:28","guid":{"rendered":"http:\/\/biblian.is\/biblian\/j%c2%97nas-1-kafli\/"},"modified":"2023-02-25T04:41:26","modified_gmt":"2023-02-25T04:41:26","slug":"jonas-1-kafli","status":"publish","type":"page","link":"https:\/\/biblian.is\/biblian\/jonas-1-kafli\/","title":{"rendered":"J\u00f3nas 1. kafli"},"content":{"rendered":"<h3 class=\"millifyrirsogn_2007\"> J\u00f3nas fl\u00fdr fr\u00e1 Gu\u00f0i<\/h3>\n<p><a name=\"1\"><span class=\"versanumer_2007\">1<\/span><\/a> Or\u00f0 Drottins kom til J\u00f3nasar Amitta\u00edsonar:<br \/> <a name=\"2\"><span class=\"versanumer_2007\">2<\/span><\/a> \u201eLegg\u00f0u af sta\u00f0 og far\u00f0u til N\u00edn\u00edve, hinnar miklu borgar. Pr\u00e9dika\u00f0u gegn henni \u00fev\u00ed a\u00f0 illska hennar hefur stigi\u00f0 upp til m\u00edn.\u201c<br \/> <a name=\"3\"><span class=\"versanumer_2007\">3<\/span><\/a> J\u00f3nas lag\u00f0i af sta\u00f0 og \u00e6tla\u00f0i a\u00f0 fl\u00fdja fr\u00e1 Drottni til Tarsis.<span class=\"nedan_mal\" title=\" \u00de.e. Sp\u00e1nar.\">[<\/span> Hann f\u00f3r ni\u00f0ur til Jaffa, fann \u00fear skip sem var \u00e1 f\u00f6rum til Tarsis, greiddi skipverjum fargjaldi\u00f0, f\u00f3r um bor\u00f0 og hug\u00f0ist sigla me\u00f0 \u00feeim fr\u00e1 augliti Drottins til Tarsis. <\/p>\n<h3 class=\"millifyrirsogn_2007\">Skipverjar \u00e1kalla Gu\u00f0<\/h3>\n<p><a name=\"4\"><span class=\"versanumer_2007\">4<\/span><\/a> \u00de\u00e1 l\u00e9t Drottinn mikinn storm koma yfir sj\u00f3inn svo a\u00f0 f\u00e1rvi\u00f0ri skall \u00e1 hafinu og vi\u00f0 l\u00e1 a\u00f0 skipi\u00f0 f\u00e6rist. <a name=\"5\"><span class=\"versanumer_2007\">5<\/span><\/a> Skipverjar ur\u00f0u skelfingu lostnir og \u00e1kalla\u00f0i hver sinn gu\u00f0. \u00deeir k\u00f6stu\u00f0u farminum fyrir bor\u00f0 til a\u00f0 l\u00e9tta skipi\u00f0 en J\u00f3nas haf\u00f0i \u00feegar fari\u00f0 undir \u00feiljur, lagst \u00fear fyrir og svaf v\u00e6rt. <a name=\"6\"><span class=\"versanumer_2007\">6<\/span><\/a> \u00de\u00e1 gekk skipstj\u00f3rinn til hans og sag\u00f0i: \u201eHva\u00f0 gengur a\u00f0 \u00fe\u00e9r? \u00de\u00fa sefur. Stattu upp og \u00e1kalla\u00f0u gu\u00f0 \u00feinn. Ef til vill hugsar hann til okkar svo a\u00f0 vi\u00f0 f\u00f6rumst ekki.\u201c <a name=\"7\"><span class=\"versanumer_2007\">7<\/span><\/a> Skipverjar s\u00f6g\u00f0u n\u00fa hver vi\u00f0 annan: \u201eVi\u00f0 skulum varpa hlutkesti til \u00feess a\u00f0 komast a\u00f0 raun um hver eigi s\u00f6k \u00e1 \u00fev\u00ed a\u00f0 \u00feessi \u00f3sk\u00f6p hafa yfir okkur duni\u00f0.\u201c \u00deeir v\u00f6rpu\u00f0u hlutkesti og hlutur J\u00f3nasar kom upp. <a name=\"8\"><span class=\"versanumer_2007\">8<\/span><\/a> \u00deeir s\u00f6g\u00f0u \u00fe\u00e1 vi\u00f0 hann: \u201eSeg\u00f0u okkur: \u00cd hva\u00f0a erindagj\u00f6r\u00f0um ertu? Hva\u00f0an kemur\u00f0u? Fr\u00e1 hva\u00f0a landi? Af hva\u00f0a \u00fej\u00f3\u00f0?\u201c <a name=\"9\"><span class=\"versanumer_2007\">9<\/span><\/a> Hann svara\u00f0i: \u201e\u00c9g er Hebrei og tilbi\u00f0 Drottin, Gu\u00f0 himinsins, sem skapa\u00f0i b\u00e6\u00f0i sj\u00f3 og land.\u201c <a name=\"10\"><span class=\"versanumer_2007\">10<\/span><\/a> Skipverjarnir ur\u00f0u skelfingu lostnir og spur\u00f0u: \u201eHva\u00f0 hefur \u00fe\u00fa gert?\u201c \u00deeir vissu a\u00f0 hann var \u00e1 fl\u00f3tta fr\u00e1 Drottni \u00fev\u00ed a\u00f0 hann haf\u00f0i sagt \u00feeim fr\u00e1 \u00fev\u00ed. <a name=\"11\"><span class=\"versanumer_2007\">11<\/span><\/a> \u201eHva\u00f0 eigum vi\u00f0 a\u00f0 gera vi\u00f0 \u00feig til \u00feess a\u00f0 hafi\u00f0 kyrrist og h\u00e6tti a\u00f0 \u00f3gna okkur?\u201c spur\u00f0u \u00feeir \u00fev\u00ed a\u00f0 sj\u00f3rinn \u00e6stist \u00e6 meir. <a name=\"12\"><span class=\"versanumer_2007\">12<\/span><\/a> Hann svara\u00f0i: \u201eTaki\u00f0 mig og kasti\u00f0 m\u00e9r \u00ed hafi\u00f0. \u00de\u00e1 mun \u00fea\u00f0 kyrrast og h\u00e6tta a\u00f0 \u00f3gna ykkur \u00fev\u00ed a\u00f0 \u00e9g veit a\u00f0 fyrir m\u00edna s\u00f6k hefur \u00feetta f\u00e1rvi\u00f0ri \u00e1 ykkur duni\u00f0.\u201c <a name=\"13\"><span class=\"versanumer_2007\">13<\/span><\/a> En \u00feess \u00ed sta\u00f0 l\u00f6g\u00f0ust skipverjar \u00e1 \u00e1rar og reyndu a\u00f0 sn\u00faa skipinu til lands en g\u00e1tu ekki \u00fev\u00ed a\u00f0 hafi\u00f0 \u00e6stist \u00e6 meir gegn \u00feeim. <a name=\"14\"><span class=\"versanumer_2007\">14<\/span><\/a> Og \u00feeir \u00e1k\u00f6llu\u00f0u Drottin og s\u00f6g\u00f0u: \u201e\u00d3, Drottinn! L\u00e1ttu okkur ekki farast vegna l\u00edfs \u00feessa manns og l\u00e1ttu okkur ekki gjalda dau\u00f0a saklauss manns \u00fev\u00ed a\u00f0 \u00fe\u00fa, Drottinn, hefur gert \u00fea\u00f0 sem \u00fe\u00e9r hefur \u00fe\u00f3knast.\u201c <a name=\"15\"><span class=\"versanumer_2007\">15<\/span><\/a> \u00de\u00e1 t\u00f3ku \u00feeir J\u00f3nas og k\u00f6stu\u00f0u honum \u00ed hafi\u00f0 og jafnskj\u00f3tt var\u00f0 sj\u00f3rinn kyrr. <a name=\"16\"><span class=\"versanumer_2007\">16<\/span><\/a> En skipverjarnir fylltust skelfingu og f\u00e6r\u00f0u Drottni sl\u00e1turf\u00f3rn og unnu honum heit. <\/p>\n","protected":false},"excerpt":{"rendered":"<p>J\u00f3nas fl\u00fdr fr\u00e1 Gu\u00f0i 1 Or\u00f0 Drottins kom til J\u00f3nasar Amitta\u00edsonar: 2 \u201eLegg\u00f0u af sta\u00f0 og far\u00f0u til N\u00edn\u00edve, hinnar miklu borgar. Pr\u00e9dika\u00f0u gegn henni \u00fev\u00ed a\u00f0 illska hennar hefur stigi\u00f0 upp til m\u00edn.\u201c 3 J\u00f3nas lag\u00f0i af sta\u00f0 og \u00e6tla\u00f0i a\u00f0 fl\u00fdja fr\u00e1 Drottni til Tarsis.[ Hann f\u00f3r ni\u00f0ur til Jaffa, fann \u00fear skip sem var \u00e1 f\u00f6rum til Tarsis, greiddi skipverjum fargjaldi\u00f0, f\u00f3r um bor\u00f0 og hug\u00f0ist sigla me\u00f0 \u00feeim fr\u00e1 augliti Drottins til Tarsis. Skipverjar \u00e1kalla Gu\u00f0 4 \u00de\u00e1 l\u00e9t Drottinn mikinn storm koma yfir sj\u00f3inn svo a\u00f0 f\u00e1rvi\u00f0ri skall \u00e1 hafinu og vi\u00f0 l\u00e1 a\u00f0 skipi\u00f0 <a href=\"https:\/\/biblian.is\/biblian\/jonas-1-kafli\/\"> [&#8230;]<\/a><\/p>\n","protected":false},"author":1,"featured_media":0,"parent":0,"menu_order":0,"comment_status":"open","ping_status":"open","template":"bibliukaflar_NT.php","meta":{"footnotes":""},"class_list":["post-2508","page","type-page","status-publish","hentry"],"_links":{"self":[{"href":"https:\/\/biblian.is\/biblian\/wp-json\/wp\/v2\/pages\/2508","targetHints":{"allow":["GET"]}}],"collection":[{"href":"https:\/\/biblian.is\/biblian\/wp-json\/wp\/v2\/pages"}],"about":[{"href":"https:\/\/biblian.is\/biblian\/wp-json\/wp\/v2\/types\/page"}],"author":[{"embeddable":true,"href":"https:\/\/biblian.is\/biblian\/wp-json\/wp\/v2\/users\/1"}],"replies":[{"embeddable":true,"href":"https:\/\/biblian.is\/biblian\/wp-json\/wp\/v2\/comments?post=2508"}],"version-history":[{"count":0,"href":"https:\/\/biblian.is\/biblian\/wp-json\/wp\/v2\/pages\/2508\/revisions"}],"wp:attachment":[{"href":"https:\/\/biblian.is\/biblian\/wp-json\/wp\/v2\/media?parent=2508"}],"curies":[{"name":"wp","href":"https:\/\/api.w.org\/{rel}","templated":true}]}}