{"id":2506,"date":"2017-12-30T21:03:28","date_gmt":"2017-12-30T21:03:28","guid":{"rendered":"http:\/\/biblian.is\/biblian\/amos-9-kafli\/"},"modified":"2024-03-19T16:11:03","modified_gmt":"2024-03-19T16:11:03","slug":"amos-9-kafli","status":"publish","type":"page","link":"https:\/\/biblian.is\/biblian\/amos-9-kafli\/","title":{"rendered":"Amos 9. kafli"},"content":{"rendered":"<h3 class=\"millifyrirsogn_2007\"> Fimmta s\u00fdn: Drottinn \u00ed musterinu<\/h3>\n<p><span class=\"ljodatexti\"> <a name=\"1\"><span class=\"versanumer_ljod\">1<\/span><\/a>\u00c9g s\u00e1 Drottin standa vi\u00f0 altari\u00f0 og hann sag\u00f0i: <br \/>Sl\u00e1 \u00fe\u00fa \u00e1 s\u00falnah\u00f6fu\u00f0i\u00f0 svo a\u00f0 \u00fer\u00f6skuldarnir skj\u00e1lfi <br \/>og byggingin hrynji yfir h\u00f6fu\u00f0 \u00feeirra allra. <br \/>\u00de\u00e1 sem eftir ver\u00f0a mun \u00e9g fella me\u00f0 sver\u00f0i. <br \/> <\/span> <span class=\"ljodatexti\"> Enginn \u00feeirra sem fl\u00fdr skal komast undan <br \/>og s\u00e1 sem sleppur skal ekki bjargast. <br \/> <\/span> <span class=\"ljodatexti\"> <a name=\"2\"><span class=\"versanumer_ljod\">2<\/span><\/a>\u00de\u00f3tt \u00feeir brj\u00f3tist ni\u00f0ur \u00ed undirheima <br \/>mun h\u00f6nd m\u00edn s\u00e6kja \u00fe\u00e1 <br \/>og \u00fe\u00f3tt \u00feeir st\u00edgi upp \u00ed himininn <br \/>mun \u00e9g steypa \u00feeim \u00fea\u00f0an ofan, <br \/> <\/span> <span class=\"ljodatexti\"> <a name=\"3\"><span class=\"versanumer_ljod\">3<\/span><\/a>\u00fe\u00f3tt \u00feeir dyljist \u00e1 tindi Karmelfjalls <br \/>mun \u00e9g leita \u00fe\u00e1 uppi og gr\u00edpa \u00fe\u00e1, <br \/>\u00fe\u00f3tt \u00feeir feli sig fyrir m\u00e9r \u00e1 hafsbotni <br \/>mun \u00e9g skipa orminum \u00fear a\u00f0 b\u00edta \u00fe\u00e1. <br \/> <\/span> <span class=\"ljodatexti\"> <a name=\"4\"><span class=\"versanumer_ljod\">4<\/span><\/a>\u00de\u00f3tt \u00feeir fari \u00ed \u00fatleg\u00f0, <br \/>reknir \u00e1fram af fjandm\u00f6nnum s\u00ednum, <br \/>mun \u00e9g skipa sver\u00f0inu a\u00f0 drepa \u00fe\u00e1 \u00fear. <br \/>\u00c9g beini sj\u00f3num m\u00ednum a\u00f0 \u00feeim, <br \/>ekki til heilla, heldur til \u00f3heilla. <br \/> <\/span> <span class=\"ljodatexti\"> <a name=\"5\"><span class=\"versanumer_ljod\">5<\/span><\/a>Drottinn, Gu\u00f0 hersveitanna, <br \/>snertir j\u00f6r\u00f0ina svo a\u00f0 h\u00fan gengur \u00ed bylgjum <br \/>og allir syrgja sem \u00e1 henni b\u00faa. <br \/>H\u00fan h\u00e6kkar \u00f6ll eins og flj\u00f3t <br \/>og l\u00e6kkar s\u00ed\u00f0an aftur eins og flj\u00f3t Egyptalands. <br \/> <\/span> <span class=\"ljodatexti\"> <a name=\"6\"><span class=\"versanumer_ljod\">6<\/span><\/a>Hann reisir h\u00e1sal sinn \u00e1 himni, <br \/>hefur j\u00f6r\u00f0ina sem grunn hvelfingar sinnar. <br \/>Hann hr\u00f3par \u00e1 hafi\u00f0 og eys \u00fev\u00ed \u00e1 yfirbor\u00f0 jar\u00f0ar. <br \/>Drottinn er nafn hans. <\/span> <\/p>\n<h3 class=\"millifyrirsogn_2007\">\u00datvalning og d\u00f3mur<\/h3>\n<p><span class=\"ljodatexti\"> <a name=\"7\"><span class=\"versanumer_ljod\">7<\/span><\/a>Eru\u00f0 \u00fe\u00e9r \u00cdsraelsmenn m\u00e9r m\u00e6tari en K\u00fass\u00edtar? <br \/>spyr Drottinn. <br \/>Leiddi \u00e9g ekki \u00cdsrael fr\u00e1 Egyptalandi,<br \/>Filistea fr\u00e1 Kaft\u00f3r, Aramea fr\u00e1 K\u00edr? <br \/> <\/span> <span class=\"ljodatexti\"> <a name=\"8\"><span class=\"versanumer_ljod\">8<\/span><\/a>Augu Drottins Gu\u00f0s hv\u00edla \u00e1 \u00feessu synduga konungsr\u00edki: <br \/>\u00c9g mun afm\u00e1 \u00fea\u00f0 af yfirbor\u00f0i jar\u00f0ar <br \/>en samt mun \u00e9g ekki afm\u00e1 ni\u00f0ja Jakobs a\u00f0 fullu, <br \/>segir Drottinn. <br \/> <\/span> <span class=\"ljodatexti\"> <a name=\"9\"><span class=\"versanumer_ljod\">9<\/span><\/a>N\u00fa gef \u00e9g sj\u00e1lfur skipun um a\u00f0 <br \/>hrista kyn \u00cdsraels saman vi\u00f0 allar a\u00f0rar \u00fej\u00f3\u00f0ir <br \/>eins og \u00feegar sigti er hrist, <br \/>\u00e1n \u00feess a\u00f0 nokkur steinvala falli til jar\u00f0ar. <br \/> <\/span> <span class=\"ljodatexti\"> <a name=\"10\"><span class=\"versanumer_ljod\">10<\/span><\/a>Allir syndarar \u00fej\u00f3\u00f0ar minnar munu falla fyrir sver\u00f0i, <br \/>allir sem segja: <br \/>\u201e\u00de\u00fa munt ekki senda oss \u00f3g\u00e6funa, <br \/>\u00fe\u00fa munt ekki steypa henni yfir oss.\u201c <\/span> <\/p>\n<h3 class=\"millifyrirsogn_2007\">Fyrirheit um endurreisn<\/h3>\n<p><span class=\"ljodatexti\"> <a name=\"11\"><span class=\"versanumer_ljod\">11<\/span><\/a>\u00c1 \u00feeim degi mun \u00e9g endurreisa hina f\u00f6llnu tjaldb\u00fa\u00f0 Dav\u00ed\u00f0s. <br \/>\u00c9g mun m\u00fara upp \u00ed sprungurnar <br \/>og reisa \u00fea\u00f0 sem hruni\u00f0 hefur. <br \/>\u00c9g mun byggja \u00fea\u00f0 aftur eins og \u00fea\u00f0 var \u00e1\u00f0ur <br \/> <\/span> <span class=\"ljodatexti\"> <a name=\"12\"><span class=\"versanumer_ljod\">12<\/span><\/a>svo a\u00f0 \u00feeir geti endurheimt \u00fea\u00f0 sem eftir er af Ed\u00f3m <br \/>og allar \u00fej\u00f3\u00f0ir a\u00f0rar sem nafn mitt hefur veri\u00f0 nefnt yfir. <br \/> <\/span> <span class=\"ljodatexti\"> <a name=\"13\"><span class=\"versanumer_ljod\">13<\/span><\/a>J\u00e1, \u00feeir dagar koma, segir Drottinn, <br \/>a\u00f0 pl\u00f3gma\u00f0urinn fylgir fast \u00e1 h\u00e6la sl\u00e1ttumannsins<br \/>og v\u00edntro\u00f0sluma\u00f0urinn \u00e1 eftir s\u00e1\u00f0manninum. <br \/>\u00de\u00e1 mun v\u00ednberjasafinn fl\u00e6\u00f0a um fj\u00f6llin <br \/>og h\u00e6\u00f0irnar ver\u00f0a gegnv\u00e6ttar.<br \/> <\/span> <span class=\"ljodatexti\"> <a name=\"14\"><span class=\"versanumer_ljod\">14<\/span><\/a>\u00de\u00e1 mun \u00e9g sn\u00faa vi\u00f0 h\u00f6gum \u00fej\u00f3\u00f0ar minnar, \u00cdsraels. <br \/>\u00deeir munu endurreisa hinar eyddu borgir og b\u00faa \u00ed \u00feeim, <br \/>\u00feeir munu planta v\u00edngar\u00f0a og drekka v\u00edn \u00far \u00feeim, <br \/>gera aldingar\u00f0a og neyta \u00e1vaxta \u00feeirra. <br \/> <\/span> <span class=\"ljodatexti\"> <a name=\"15\"><span class=\"versanumer_ljod\">15<\/span><\/a>\u00c9g mun gr\u00f3\u00f0ursetja \u00fe\u00e1 \u00ed eigin jar\u00f0vegi <br \/>og \u00feeir skulu aldrei framar ver\u00f0a uppr\u00e6ttir<br \/>\u00far gr\u00f3\u00f0urmoldinni sem \u00e9g gaf \u00feeim, <br \/>segir Drottinn, Gu\u00f0 \u00feinn. <\/span> <\/p>\n","protected":false},"excerpt":{"rendered":"<p>Fimmta s\u00fdn: Drottinn \u00ed musterinu 1\u00c9g s\u00e1 Drottin standa vi\u00f0 altari\u00f0 og hann sag\u00f0i: Sl\u00e1 \u00fe\u00fa \u00e1 s\u00falnah\u00f6fu\u00f0i\u00f0 svo a\u00f0 \u00fer\u00f6skuldarnir skj\u00e1lfi og byggingin hrynji yfir h\u00f6fu\u00f0 \u00feeirra allra. \u00de\u00e1 sem eftir ver\u00f0a mun \u00e9g fella me\u00f0 sver\u00f0i. Enginn \u00feeirra sem fl\u00fdr skal komast undan og s\u00e1 sem sleppur skal ekki bjargast. 2\u00de\u00f3tt \u00feeir brj\u00f3tist ni\u00f0ur \u00ed undirheima mun h\u00f6nd m\u00edn s\u00e6kja \u00fe\u00e1 og \u00fe\u00f3tt \u00feeir st\u00edgi upp \u00ed himininn mun \u00e9g steypa \u00feeim \u00fea\u00f0an ofan, 3\u00fe\u00f3tt \u00feeir dyljist \u00e1 tindi Karmelfjalls mun \u00e9g leita \u00fe\u00e1 uppi og gr\u00edpa \u00fe\u00e1, \u00fe\u00f3tt \u00feeir feli sig fyrir m\u00e9r \u00e1 hafsbotni mun \u00e9g <a href=\"https:\/\/biblian.is\/biblian\/amos-9-kafli\/\"> [&#8230;]<\/a><\/p>\n","protected":false},"author":1,"featured_media":0,"parent":0,"menu_order":0,"comment_status":"closed","ping_status":"closed","template":"bibliukaflar_NT.php","meta":{"footnotes":""},"class_list":["post-2506","page","type-page","status-publish","hentry"],"_links":{"self":[{"href":"https:\/\/biblian.is\/biblian\/wp-json\/wp\/v2\/pages\/2506","targetHints":{"allow":["GET"]}}],"collection":[{"href":"https:\/\/biblian.is\/biblian\/wp-json\/wp\/v2\/pages"}],"about":[{"href":"https:\/\/biblian.is\/biblian\/wp-json\/wp\/v2\/types\/page"}],"author":[{"embeddable":true,"href":"https:\/\/biblian.is\/biblian\/wp-json\/wp\/v2\/users\/1"}],"replies":[{"embeddable":true,"href":"https:\/\/biblian.is\/biblian\/wp-json\/wp\/v2\/comments?post=2506"}],"version-history":[{"count":0,"href":"https:\/\/biblian.is\/biblian\/wp-json\/wp\/v2\/pages\/2506\/revisions"}],"wp:attachment":[{"href":"https:\/\/biblian.is\/biblian\/wp-json\/wp\/v2\/media?parent=2506"}],"curies":[{"name":"wp","href":"https:\/\/api.w.org\/{rel}","templated":true}]}}