{"id":2504,"date":"2017-12-30T21:03:28","date_gmt":"2017-12-30T21:03:28","guid":{"rendered":"http:\/\/biblian.is\/biblian\/amos-7-kafli\/"},"modified":"2024-03-19T16:11:02","modified_gmt":"2024-03-19T16:11:02","slug":"amos-7-kafli","status":"publish","type":"page","link":"https:\/\/biblian.is\/biblian\/amos-7-kafli\/","title":{"rendered":"Amos 7. kafli"},"content":{"rendered":"<h2 class=\"millifyrirsogn_2007\"> S\u00fdnir sp\u00e1mannsins <\/h2>\n<h3 class=\"millifyrirsogn_2007\">Fyrsta s\u00fdn: Engisprettur<\/h3>\n<p><span class=\"ljodatexti\"> <a name=\"1\"><span class=\"versanumer_ljod\">1<\/span><\/a>Drottinn Gu\u00f0 birti m\u00e9r \u00ed s\u00fdn: <br \/>Sj\u00e1\u00f0u, hann ger\u00f0i engisprettur <br \/>\u00feegar h\u00e1in t\u00f3k a\u00f0 spretta eftir konungssl\u00e1tt. <br \/> <\/span> <span class=\"ljodatexti\"> <a name=\"2\"><span class=\"versanumer_ljod\">2<\/span><\/a>\u00deegar \u00fe\u00e6r voru a\u00f0 lj\u00faka vi\u00f0 allt gr\u00e6ngresi\u00f0 \u00ed landinu <br \/>hr\u00f3pa\u00f0i \u00e9g: \u201eDrottinn Gu\u00f0, fyrirgef. <br \/>Hvernig getur Jakob afbori\u00f0 \u00feetta, \u00fear sem hann er svo l\u00edtill?\u201c <br \/> <\/span> <span class=\"ljodatexti\"> <a name=\"3\"><span class=\"versanumer_ljod\">3<\/span><\/a>\u00de\u00e1 i\u00f0ra\u00f0ist Drottinn og sag\u00f0i: <br \/>\u201e\u00dea\u00f0 skal ekki ver\u00f0a.\u201c <\/span> <\/p>\n<h3 class=\"millifyrirsogn_2007\">\u00d6nnur s\u00fdn: Eldur<\/h3>\n<p><span class=\"ljodatexti\"> <a name=\"4\"><span class=\"versanumer_ljod\">4<\/span><\/a>Drottinn Gu\u00f0 birti m\u00e9r \u00ed s\u00fdn: <br \/>Drottinn Gu\u00f0 hr\u00f3pa\u00f0i \u00e1 refsandi eld<br \/>og hann gleypti hi\u00f0 mikla dj\u00fap. <br \/>En \u00feegar hann t\u00f3k a\u00f0 gleypa \u00feurrlendi\u00f0 <br \/> <\/span> <span class=\"ljodatexti\"> <a name=\"5\"><span class=\"versanumer_ljod\">5<\/span><\/a>sag\u00f0i \u00e9g: \u201eDrottinn Gu\u00f0, h\u00e6ttu. <br \/>Hvernig getur Jakob afbori\u00f0 \u00feetta, hann er svo l\u00edtill?\u201c<br \/> <\/span> <span class=\"ljodatexti\"> <a name=\"6\"><span class=\"versanumer_ljod\">6<\/span><\/a>\u00de\u00e1 i\u00f0ra\u00f0ist Drottinn og sag\u00f0i: <br \/>\u201e\u00dea\u00f0 skal ekki heldur ver\u00f0a.\u201c <\/span> <\/p>\n<h3 class=\"millifyrirsogn_2007\">\u00deri\u00f0ja s\u00fdn: L\u00f3\u00f0l\u00edna<\/h3>\n<p><span class=\"ljodatexti\"> <a name=\"7\"><span class=\"versanumer_ljod\">7<\/span><\/a>Drottinn Gu\u00f0 birti m\u00e9r \u00ed s\u00fdn: <br \/>Sj\u00e1\u00f0u, ma\u00f0ur nokkur st\u00f3\u00f0 uppi \u00e1 m\u00farvegg <br \/>me\u00f0 l\u00f3\u00f0l\u00ednu \u00ed hendi. <br \/> <\/span> <span class=\"ljodatexti\"> <a name=\"8\"><span class=\"versanumer_ljod\">8<\/span><\/a>Drottinn spur\u00f0i mig: \u201eHva\u00f0 s\u00e9r\u00f0u, Amos?\u201c <br \/>\u00c9g svara\u00f0i: \u201eL\u00f3\u00f0l\u00ednu.\u201c <br \/>\u00de\u00e1 sag\u00f0i Drottinn: <br \/>\u201eSj\u00e1, \u00e9g mun leggja l\u00f3\u00f0l\u00ednu vi\u00f0 l\u00fd\u00f0 minn, \u00cdsrael. <br \/>\u00c9g mun ekki framar l\u00e1ta hann afskiptalausan. <br \/> <\/span> <span class=\"ljodatexti\"> <a name=\"9\"><span class=\"versanumer_ljod\">9<\/span><\/a>F\u00f3rnarh\u00e6\u00f0ir \u00cdsaks ver\u00f0a lag\u00f0ar \u00ed ey\u00f0i<br \/>og helgista\u00f0ir \u00cdsraels brotnir til grunna, <br \/>og \u00e9g mun r\u00edsa upp gegn \u00e6tt Jer\u00f3b\u00f3ams me\u00f0 sver\u00f0 \u00ed hendi.\u201c <\/span> <\/p>\n<h3 class=\"millifyrirsogn_2007\">Amos og Amas\u00eda<\/h3>\n<p><a name=\"10\"><span class=\"versanumer_2007\">10<\/span><\/a> Amas\u00eda, prestur \u00ed Betel, sendi Jer\u00f3b\u00f3am \u00cdsraelskonungi \u00feessi bo\u00f0: \u201eAmos gerir uppreisn gegn \u00fe\u00e9r mitt \u00ed \u00cdsraelsr\u00edki. Bo\u00f0skapur hans er \u00f3\u00feolandi fyrir landi\u00f0                                                                                                                                                                                                                                                                                                                                                                                                                                                                                                                     <a name=\"11\"><span class=\"versanumer_2007\">11<\/span><\/a> \u00fev\u00ed a\u00f0 Amos bo\u00f0ar \u00feetta: Jer\u00f3b\u00f3am mun falla fyrir sver\u00f0i og \u00cdsraelsmenn ver\u00f0a fluttir \u00far landi s\u00ednu \u00ed \u00fatleg\u00f0.\u201c<br \/> <a name=\"12\"><span class=\"versanumer_2007\">12<\/span><\/a> En vi\u00f0 Amos sag\u00f0i Amas\u00eda: \u201eSj\u00e1andi, far\u00f0u h\u00e9\u00f0an og fl\u00fd\u00f0u til J\u00fada. \u00dear getur\u00f0u unni\u00f0 fyrir mat \u00fe\u00ednum sem sp\u00e1ma\u00f0ur. <a name=\"13\"><span class=\"versanumer_2007\">13<\/span><\/a> En \u00fe\u00fa getur ekki haldi\u00f0 \u00e1fram a\u00f0 koma fram sem sp\u00e1ma\u00f0ur \u00ed Betel \u00fev\u00ed a\u00f0 \u00fea\u00f0 er konunglegur helgista\u00f0ur og r\u00edkismusteri.\u201c<br \/> <a name=\"14\"><span class=\"versanumer_2007\">14<\/span><\/a> Amos svara\u00f0i Amas\u00eda og sag\u00f0i: \u201e\u00c9g er ekki sp\u00e1ma\u00f0ur og ekki l\u00e6risveinn sp\u00e1manns, heldur fj\u00e1rhir\u00f0ir og r\u00e6kta m\u00f3rber. <a name=\"15\"><span class=\"versanumer_2007\">15<\/span><\/a> En Drottinn s\u00f3tti mig til hjar\u00f0arinnar og Drottinn sag\u00f0i vi\u00f0 mig: Far\u00f0u og starfa\u00f0u sem sp\u00e1ma\u00f0ur fyrir \u00fej\u00f3\u00f0 m\u00edna, \u00cdsrael. <a name=\"16\"><span class=\"versanumer_2007\">16<\/span><\/a> En hlusta\u00f0u n\u00fa \u00e1 or\u00f0 Drottins: \u00de\u00fa hefur sagt: \u00de\u00fa m\u00e1tt ekki starfa sem sp\u00e1ma\u00f0ur gegn \u00cdsrael og ekki flytja sp\u00e1mannleg or\u00f0 gegn \u00e6tt \u00cdsaks. <br \/> <a name=\"17\"><span class=\"versanumer_2007\">17<\/span><\/a> \u00deess vegna segir Drottinn:<br \/><span class=\"ljodatexti\">Eiginkona \u00fe\u00edn ver\u00f0ur sk\u00e6kja \u00ed borginni, <br \/>synir \u00fe\u00ednir og d\u00e6tur munu falla fyrir sver\u00f0i, <br \/>landareign \u00feinni ver\u00f0ur skipt me\u00f0 m\u00e6lisn\u00faru <br \/>og sj\u00e1lfur munt \u00fe\u00fa deyja \u00ed \u00f3hreinu landi. <br \/><a name=\"18\"><span class=\"versanumer_ljod\">18<\/span><\/a>\u00cdsraelsmenn ver\u00f0a fluttir \u00far landi s\u00ednu \u00ed \u00fatleg\u00f0.\u201c <\/span> <\/p>\n","protected":false},"excerpt":{"rendered":"<p>S\u00fdnir sp\u00e1mannsins Fyrsta s\u00fdn: Engisprettur 1Drottinn Gu\u00f0 birti m\u00e9r \u00ed s\u00fdn: Sj\u00e1\u00f0u, hann ger\u00f0i engisprettur \u00feegar h\u00e1in t\u00f3k a\u00f0 spretta eftir konungssl\u00e1tt. 2\u00deegar \u00fe\u00e6r voru a\u00f0 lj\u00faka vi\u00f0 allt gr\u00e6ngresi\u00f0 \u00ed landinu hr\u00f3pa\u00f0i \u00e9g: \u201eDrottinn Gu\u00f0, fyrirgef. Hvernig getur Jakob afbori\u00f0 \u00feetta, \u00fear sem hann er svo l\u00edtill?\u201c 3\u00de\u00e1 i\u00f0ra\u00f0ist Drottinn og sag\u00f0i: \u201e\u00dea\u00f0 skal ekki ver\u00f0a.\u201c \u00d6nnur s\u00fdn: Eldur 4Drottinn Gu\u00f0 birti m\u00e9r \u00ed s\u00fdn: Drottinn Gu\u00f0 hr\u00f3pa\u00f0i \u00e1 refsandi eldog hann gleypti hi\u00f0 mikla dj\u00fap. En \u00feegar hann t\u00f3k a\u00f0 gleypa \u00feurrlendi\u00f0 5sag\u00f0i \u00e9g: \u201eDrottinn Gu\u00f0, h\u00e6ttu. Hvernig getur Jakob afbori\u00f0 \u00feetta, hann er svo l\u00edtill?\u201c 6\u00de\u00e1 i\u00f0ra\u00f0ist <a href=\"https:\/\/biblian.is\/biblian\/amos-7-kafli\/\"> [&#8230;]<\/a><\/p>\n","protected":false},"author":1,"featured_media":0,"parent":0,"menu_order":0,"comment_status":"open","ping_status":"open","template":"bibliukaflar_NT.php","meta":{"footnotes":""},"class_list":["post-2504","page","type-page","status-publish","hentry"],"_links":{"self":[{"href":"https:\/\/biblian.is\/biblian\/wp-json\/wp\/v2\/pages\/2504","targetHints":{"allow":["GET"]}}],"collection":[{"href":"https:\/\/biblian.is\/biblian\/wp-json\/wp\/v2\/pages"}],"about":[{"href":"https:\/\/biblian.is\/biblian\/wp-json\/wp\/v2\/types\/page"}],"author":[{"embeddable":true,"href":"https:\/\/biblian.is\/biblian\/wp-json\/wp\/v2\/users\/1"}],"replies":[{"embeddable":true,"href":"https:\/\/biblian.is\/biblian\/wp-json\/wp\/v2\/comments?post=2504"}],"version-history":[{"count":0,"href":"https:\/\/biblian.is\/biblian\/wp-json\/wp\/v2\/pages\/2504\/revisions"}],"wp:attachment":[{"href":"https:\/\/biblian.is\/biblian\/wp-json\/wp\/v2\/media?parent=2504"}],"curies":[{"name":"wp","href":"https:\/\/api.w.org\/{rel}","templated":true}]}}