{"id":2503,"date":"2017-12-30T21:03:28","date_gmt":"2017-12-30T21:03:28","guid":{"rendered":"http:\/\/biblian.is\/biblian\/amos-6-kafli\/"},"modified":"2024-03-19T16:11:02","modified_gmt":"2024-03-19T16:11:02","slug":"amos-6-kafli","status":"publish","type":"page","link":"https:\/\/biblian.is\/biblian\/amos-6-kafli\/","title":{"rendered":"Amos 6. kafli"},"content":{"rendered":"<h3 class=\"millifyrirsogn_2007\"> D\u00f3mur yfir andvaralausum<\/h3>\n<p><span class=\"ljodatexti\"> <a name=\"1\"><span class=\"versanumer_ljod\">1<\/span><\/a>Vei hinum \u00e1hyggjulausu \u00e1 S\u00edon, <br \/>hinum sj\u00e1lfs\u00f6ruggu \u00e1 Samar\u00edufjalli, <br \/>h\u00f6f\u00f0ingjum hinnar fremstu me\u00f0al \u00fej\u00f3\u00f0anna <br \/>sem \u00cdsraelsmenn leita til. <br \/> <\/span> <span class=\"ljodatexti\"> <a name=\"2\"><span class=\"versanumer_ljod\">2<\/span><\/a>Fari\u00f0 yfir til Kalne <span class=\"nedan_mal\" title=\" Kalne (Kalno) var h\u00f6fu\u00f0borg \u00ed r\u00edki \u00fear sem n\u00fa er nor\u00f0anvert S\u00fdrland (sbr. Jes 10.9).\">[<\/span> og litist um. <br \/>Haldi\u00f0 \u00fea\u00f0an til st\u00f3rborgarinnar Hamat <span class=\"nedan_mal\" title=\" Hamat var borgr\u00edki vi\u00f0 flj\u00f3ti\u00f0 Orontes og var um skei\u00f0 eitt voldugasta r\u00edki Aramea \u00e1 \u00feessum sl\u00f3\u00f0um.\">[<\/span> <br \/>og s\u00ed\u00f0an ni\u00f0ur til Gat \u00ed landi Filistea. <br \/>Eru\u00f0 \u00fe\u00e9r \u00feessum konungsr\u00edkjum fremri? <br \/>Er land y\u00f0ar st\u00e6rra en \u00feeirra? <br \/> <\/span> <span class=\"ljodatexti\"> <a name=\"3\"><span class=\"versanumer_ljod\">3<\/span><\/a>\u00de\u00e9r vilji\u00f0 tefja fyrir \u00f3heilladeginum <br \/>en lei\u00f0i\u00f0 ofbeldi\u00f0 til h\u00e1s\u00e6tis. <br \/> <\/span> <span class=\"ljodatexti\"> <a name=\"4\"><span class=\"versanumer_ljod\">4<\/span><\/a>\u00deeir hv\u00edla \u00e1 legubekkjum \u00far f\u00edlabeini, <br \/>teygja \u00far s\u00e9r \u00e1 h\u00e6gindum s\u00ednum. <br \/>\u00deeir g\u00e6\u00f0a s\u00e9r \u00e1 l\u00f6mbum \u00far hj\u00f6r\u00f0inni <br \/>og k\u00e1lfum \u00far alist\u00edunni. <br \/> <\/span> <span class=\"ljodatexti\"> <a name=\"5\"><span class=\"versanumer_ljod\">5<\/span><\/a>\u00deeir raula undir me\u00f0 h\u00f6rpunni <br \/>og finna upp hlj\u00f3\u00f0f\u00e6ri eins og sj\u00e1lfur Dav\u00ed\u00f0. <br \/> <\/span> <span class=\"ljodatexti\"> <a name=\"6\"><span class=\"versanumer_ljod\">6<\/span><\/a>\u00deeir drekka v\u00edn \u00far bikurum <br \/>og smyrja sig me\u00f0 \u00farvalsol\u00edu <br \/>en hryggjast ekki \u00fe\u00f3tt J\u00f3sef l\u00ed\u00f0i undir lok. <br \/> <\/span> <span class=\"ljodatexti\"> <a name=\"7\"><span class=\"versanumer_ljod\">7<\/span><\/a>\u00deess vegna ver\u00f0a \u00feeir reknir \u00ed \u00fatleg\u00f0 \u00ed fararbroddi \u00fatlaganna. <br \/>Veislu sl\u00e6pingjanna mun lj\u00faka. <\/span> <\/p>\n<h3 class=\"millifyrirsogn_2007\">Refsing Samar\u00edu<\/h3>\n<p><span class=\"ljodatexti\"> <a name=\"8\"><span class=\"versanumer_ljod\">8<\/span><\/a>Drottinn Gu\u00f0 hefur svari\u00f0 vi\u00f0 sj\u00e1lfan sig,<br \/>segir Drottinn, Gu\u00f0 hersveitanna: <br \/>\u00c9g hef andstygg\u00f0 \u00e1 hroka Jakobs <br \/>og hata hallir hans. <br \/>\u00c9g l\u00e6t borgina af hendi og allt sem \u00ed henni er. <br \/> <\/span> <span class=\"ljodatexti\"> <a name=\"9\"><span class=\"versanumer_ljod\">9<\/span><\/a>Ef t\u00edu menn ver\u00f0a eftir \u00ed einu og sama h\u00fasi skulu \u00feeir deyja,<br \/> <\/span> <span class=\"ljodatexti\"> <a name=\"10\"><span class=\"versanumer_ljod\">10<\/span><\/a>\u00fe\u00e1 s\u00e6kir einhver n\u00e1fr\u00e6nda \u00feeirra <br \/>og \u00fevingar hann til a\u00f0 bera l\u00edkin \u00fat \u00far h\u00fasinu, <br \/>og ef hann spyr \u00feann sem er \u00ed innsta afkima h\u00fassins: <br \/> \u201eEr nokkur eftir hj\u00e1 \u00fe\u00e9r?\u201c<br \/>\u00fe\u00e1 svarar hann: \u201eNei,\u201c og b\u00e6tir vi\u00f0 \u201e\u00feei, \u00feei,\u201c <br \/>\u00fev\u00ed a\u00f0 ekki m\u00e1 nefna nafn Drottins. <br \/> <\/span> <span class=\"ljodatexti\"> <a name=\"11\"><span class=\"versanumer_ljod\">11<\/span><\/a>\u00dev\u00ed sj\u00e1, Drottinn hefur gefi\u00f0 skipun, <br \/>st\u00f3ra h\u00fasi\u00f0 ver\u00f0ur r\u00fast <br \/>og litla h\u00fasi\u00f0 mola\u00f0 ni\u00f0ur. <\/span> <\/p>\n<h3 class=\"millifyrirsogn_2007\">Andsta\u00f0a vi\u00f0 vilja Gu\u00f0s<\/h3>\n<p><span class=\"ljodatexti\"> <a name=\"12\"><span class=\"versanumer_ljod\">12<\/span><\/a>Skei\u00f0a hross yfir kletta <br \/>e\u00f0a pl\u00e6gja menn hafi\u00f0 me\u00f0 uxum? <br \/>En \u00fe\u00e9r breyti\u00f0 r\u00e9ttinum \u00ed eitur <br \/>og \u00e1vexti r\u00e9ttl\u00e6tisins \u00ed malurt. <\/span> <\/p>\n<h3 class=\"millifyrirsogn_2007\">\u00c1st\u00e6\u00f0ulaus sigurv\u00edma<\/h3>\n<p><span class=\"ljodatexti\"> <a name=\"13\"><span class=\"versanumer_ljod\">13<\/span><\/a>\u00de\u00e9r fagni\u00f0 vegna Lo Dabar <span class=\"nedan_mal\" title=\" Lo Dabar merkir \u201e\u00fea\u00f0 sem ekkert er\u201c.\">[<\/span> og segi\u00f0: <br \/>Unnum v\u00e9r ekki Karna\u00edm af eigin rammleik? <br \/> <\/span> <span class=\"ljodatexti\"> <a name=\"14\"><span class=\"versanumer_ljod\">14<\/span><\/a>En g\u00e6ti\u00f0 a\u00f0, \u00e9g sendi \u00fej\u00f3\u00f0 gegn y\u00f0ur, \u00cdsraelsmenn, <br \/>segir Drottinn, Gu\u00f0 hersveitanna, <br \/>sem mun k\u00faga y\u00f0ur fr\u00e1 Lebo Hamat<br \/>allt a\u00f0 l\u00e6knum \u00e1 Arabasl\u00e9ttunni. <\/span> <\/p>\n","protected":false},"excerpt":{"rendered":"<p>D\u00f3mur yfir andvaralausum 1Vei hinum \u00e1hyggjulausu \u00e1 S\u00edon, hinum sj\u00e1lfs\u00f6ruggu \u00e1 Samar\u00edufjalli, h\u00f6f\u00f0ingjum hinnar fremstu me\u00f0al \u00fej\u00f3\u00f0anna sem \u00cdsraelsmenn leita til. 2Fari\u00f0 yfir til Kalne [ og litist um. Haldi\u00f0 \u00fea\u00f0an til st\u00f3rborgarinnar Hamat [ og s\u00ed\u00f0an ni\u00f0ur til Gat \u00ed landi Filistea. Eru\u00f0 \u00fe\u00e9r \u00feessum konungsr\u00edkjum fremri? Er land y\u00f0ar st\u00e6rra en \u00feeirra? 3\u00de\u00e9r vilji\u00f0 tefja fyrir \u00f3heilladeginum en lei\u00f0i\u00f0 ofbeldi\u00f0 til h\u00e1s\u00e6tis. 4\u00deeir hv\u00edla \u00e1 legubekkjum \u00far f\u00edlabeini, teygja \u00far s\u00e9r \u00e1 h\u00e6gindum s\u00ednum. \u00deeir g\u00e6\u00f0a s\u00e9r \u00e1 l\u00f6mbum \u00far hj\u00f6r\u00f0inni og k\u00e1lfum \u00far alist\u00edunni. 5\u00deeir raula undir me\u00f0 h\u00f6rpunni og finna upp hlj\u00f3\u00f0f\u00e6ri eins og sj\u00e1lfur Dav\u00ed\u00f0. <a href=\"https:\/\/biblian.is\/biblian\/amos-6-kafli\/\"> [&#8230;]<\/a><\/p>\n","protected":false},"author":1,"featured_media":0,"parent":0,"menu_order":0,"comment_status":"open","ping_status":"open","template":"bibliukaflar_NT.php","meta":{"footnotes":""},"class_list":["post-2503","page","type-page","status-publish","hentry"],"_links":{"self":[{"href":"https:\/\/biblian.is\/biblian\/wp-json\/wp\/v2\/pages\/2503","targetHints":{"allow":["GET"]}}],"collection":[{"href":"https:\/\/biblian.is\/biblian\/wp-json\/wp\/v2\/pages"}],"about":[{"href":"https:\/\/biblian.is\/biblian\/wp-json\/wp\/v2\/types\/page"}],"author":[{"embeddable":true,"href":"https:\/\/biblian.is\/biblian\/wp-json\/wp\/v2\/users\/1"}],"replies":[{"embeddable":true,"href":"https:\/\/biblian.is\/biblian\/wp-json\/wp\/v2\/comments?post=2503"}],"version-history":[{"count":0,"href":"https:\/\/biblian.is\/biblian\/wp-json\/wp\/v2\/pages\/2503\/revisions"}],"wp:attachment":[{"href":"https:\/\/biblian.is\/biblian\/wp-json\/wp\/v2\/media?parent=2503"}],"curies":[{"name":"wp","href":"https:\/\/api.w.org\/{rel}","templated":true}]}}