{"id":2502,"date":"2017-12-30T21:03:28","date_gmt":"2017-12-30T21:03:28","guid":{"rendered":"http:\/\/biblian.is\/biblian\/amos-5-kafli\/"},"modified":"2024-03-19T16:11:02","modified_gmt":"2024-03-19T16:11:02","slug":"amos-5-kafli","status":"publish","type":"page","link":"https:\/\/biblian.is\/biblian\/amos-5-kafli\/","title":{"rendered":"Amos 5. kafli"},"content":{"rendered":"<h3 class=\"millifyrirsogn_2007\"> Harmlj\u00f3\u00f0 yfir \u00cdsrael<\/h3>\n<p><span class=\"ljodatexti\"> <a name=\"1\"><span class=\"versanumer_ljod\">1<\/span><\/a> Heyri\u00f0 \u00feetta or\u00f0, \u00feetta harmlj\u00f3\u00f0, sem \u00e9g flyt um y\u00f0ur, \u00cdsraelsmenn! <br \/> <\/span> <span class=\"ljodatexti\"> <a name=\"2\"><span class=\"versanumer_ljod\">2<\/span><\/a> Fallin er m\u00e6rin \u00cdsrael, <br \/>r\u00eds aldrei aftur, <br \/>fl\u00f6t liggur h\u00fan \u00e1 eigin landi, <br \/>enginn reisir hana upp. <br \/> <\/span> <span class=\"ljodatexti\"> <a name=\"3\"><span class=\"versanumer_ljod\">3<\/span><\/a> \u00dev\u00ed a\u00f0 svo segir Drottinn: <br \/>S\u00fa borg, sem sendir \u00fat \u00fe\u00fasund manna li\u00f0, <br \/>f\u00e6r hundra\u00f0 manna li\u00f0 heim aftur, <br \/>s\u00fa, sem sendir \u00fat hundra\u00f0 manna li\u00f0, <br \/>f\u00e6r a\u00f0eins t\u00edu menn heim aftur. <br \/> <\/span> <span class=\"ljodatexti\"> <a name=\"4\"><span class=\"versanumer_ljod\">4<\/span><\/a> \u00dev\u00ed a\u00f0 svo segir Drottinn vi\u00f0 \u00cdsraelsmenn: <br \/>Leiti\u00f0 m\u00edn og \u00fe\u00e9r munu\u00f0 lifa. <br \/> <\/span> <span class=\"ljodatexti\"> <a name=\"5\"><span class=\"versanumer_ljod\">5<\/span><\/a> Leiti\u00f0 ekki til Betel, <br \/>fari\u00f0 ekki til Gilgal, <br \/>haldi\u00f0 ekki yfir til Beerseba. <br \/>\u00dev\u00ed a\u00f0 Gilgal fer \u00ed \u00fatleg\u00f0 <br \/>og Betel ver\u00f0ur a\u00f0 engu. <br \/> <\/span> <span class=\"ljodatexti\"> <a name=\"6\"><span class=\"versanumer_ljod\">6<\/span><\/a> Leiti\u00f0 Drottins og \u00fe\u00e9r munu\u00f0 lifa. <br \/>Annars mun hann \u00ferengja s\u00e9r inn \u00ed \u00e6tt Jakobs <br \/>eins og ey\u00f0andi eldur <br \/>og enginn slekkur hann \u00ed Betel.<span class=\"nedan_mal\" title=\" Sj\u00f6unda versi\u00f0 hefur auglj\u00f3slega f\u00e6rst til fr\u00e1 s\u00ednum upphaflega sta\u00f0. \u00dea\u00f0 \u00e1 a\u00f0 vera \u00e1 undan 10. versi.\">[<\/span> <\/span>                                                                                                                                                                                                                                                                                                                                                                                                                                                                                                                     <span class=\"ljodatexti\"> <a name=\"8\"><span class=\"versanumer_ljod\">8<\/span><\/a> Hann ger\u00f0i sj\u00f6stj\u00f6rnuna og \u00d3r\u00edon <br \/>og breytir ni\u00f0amyrkri \u00ed hei\u00f0an morgun <br \/>og degi \u00ed dimma n\u00f3tt. <br \/>Hann kallar \u00e1 hafi\u00f0 <br \/>og eys \u00fev\u00ed \u00e1 yfirbor\u00f0 jar\u00f0ar,<br \/>Drottinn er nafn hans. <br \/> <\/span> <span class=\"ljodatexti\"> <a name=\"9\"><span class=\"versanumer_ljod\">9<\/span><\/a> Hann sendir ey\u00f0ingu gegn hinum sterka <br \/>og tort\u00edming kemur yfir v\u00edggirta borg. <\/span> <\/p>\n<h3 class=\"millifyrirsogn_2007\">R\u00e9ttinum halla\u00f0<\/h3>\n<p><span class=\"ljodatexti\"> <a name=\"7\"><span class=\"versanumer_ljod\">7<\/span><\/a> Vei \u00feeim sem breyta r\u00e9ttinum \u00ed malurt <br \/>og steypa r\u00e9ttl\u00e6tinu til jar\u00f0ar. <br \/> <\/span> <span class=\"ljodatexti\"> <a name=\"10\"><span class=\"versanumer_ljod\">10<\/span><\/a>\u00deeir hata \u00feann sem fellir r\u00e9ttl\u00e1tan d\u00f3m \u00ed borgarhli\u00f0inu<br \/>og for\u00f0ast \u00feann sem segir satt. <br \/> <\/span> <span class=\"ljodatexti\"> <a name=\"11\"><span class=\"versanumer_ljod\">11<\/span><\/a>Af \u00fev\u00ed a\u00f0 \u00fe\u00e9r taki\u00f0 vexti af landleigu l\u00edtilmagnans <br \/>og leggi\u00f0 skatt \u00e1 kornuppskeru hans <br \/>munu\u00f0 \u00fe\u00e9r reisa h\u00fas \u00far h\u00f6ggnu grj\u00f3ti <br \/>en ekki b\u00faa \u00ed \u00feeim sj\u00e1lfir, <br \/>gr\u00f3\u00f0ursetja afbrag\u00f0s v\u00edngar\u00f0a <br \/>en ekki drekka v\u00edni\u00f0 sj\u00e1lfir. <br \/> <\/span> <span class=\"ljodatexti\"> <a name=\"12\"><span class=\"versanumer_ljod\">12<\/span><\/a>J\u00e1, \u00e9g veit a\u00f0 gl\u00e6pir y\u00f0ar eru margir <br \/>og syndir y\u00f0ar miklar. <br \/>\u00de\u00e9r \u00fer\u00f6ngvi\u00f0 \u00feeim sem hefur \u00e1 r\u00e9ttu a\u00f0 standa, <br \/>\u00feiggi\u00f0 m\u00fatur og v\u00edsi\u00f0 hinum snau\u00f0a fr\u00e1 r\u00e9ttinum. <br \/> <\/span> <span class=\"ljodatexti\"> <a name=\"13\"><span class=\"versanumer_ljod\">13<\/span><\/a>\u00deess vegna \u00feegir hygginn ma\u00f0ur \u00e1 sl\u00edkri t\u00ed\u00f0 <br \/>\u00fev\u00ed a\u00f0 \u00fea\u00f0 er vond t\u00ed\u00f0. <br \/> <\/span> <span class=\"ljodatexti\"> <a name=\"14\"><span class=\"versanumer_ljod\">14<\/span><\/a>Leiti\u00f0 hins g\u00f3\u00f0a en ekki hins illa, <br \/>\u00fe\u00e1 munu\u00f0 \u00fe\u00e9r lifa <br \/>og \u00fe\u00e1 ver\u00f0ur Drottinn, Gu\u00f0 hersveitanna, me\u00f0 y\u00f0ur <br \/>eins og \u00fe\u00e9r hafi\u00f0 sagt. <br \/> <\/span> <span class=\"ljodatexti\"> <a name=\"15\"><span class=\"versanumer_ljod\">15<\/span><\/a>Hati\u00f0 hi\u00f0 illa og elski\u00f0 hi\u00f0 g\u00f3\u00f0a, <br \/>efli\u00f0 r\u00e9ttinn \u00ed borgarhli\u00f0inu. <br \/>\u00de\u00e1 m\u00e1 vera a\u00f0 Drottinn, Gu\u00f0 hersveitanna, miskunni sig yfir \u00fe\u00e1 <br \/>sem eftir eru af \u00e6tt J\u00f3sefs. <\/span> <\/p>\n<h3 class=\"millifyrirsogn_2007\">Dagur Drottins<\/h3>\n<p><span class=\"ljodatexti\"> <a name=\"16\"><span class=\"versanumer_ljod\">16<\/span><\/a>\u00deess vegna segir Drottinn, Gu\u00f0 hersveitanna: <br \/>Harma\u00f0 er \u00e1 hverju torgi <br \/>og kveina\u00f0 \u00e1 hverju str\u00e6ti: \u201eVei, vei!\u201c <br \/>Akuryrkjuma\u00f0urinn er kvaddur til sorgarathafnar <br \/>og s\u00e1 sem kann harmlj\u00f3\u00f0 er s\u00f3ttur til a\u00f0 flytja \u00feau. <br \/> <\/span> <span class=\"ljodatexti\"> <a name=\"17\"><span class=\"versanumer_ljod\">17<\/span><\/a>\u00cd hverjum v\u00edngar\u00f0i er kveina\u00f0 <br \/>\u00fev\u00ed a\u00f0 \u00e9g mun ganga um \u00e1 me\u00f0al y\u00f0ar,<br \/>segir Drottinn. <br \/> <\/span> <span class=\"ljodatexti\"> <a name=\"18\"><span class=\"versanumer_ljod\">18<\/span><\/a>Vei \u00feeim sem hlakkar til dags Drottins.<br \/>Hva\u00f0 f\u00e6rir dagur Drottins y\u00f0ur? <br \/>Hann f\u00e6rir myrkur, ekki lj\u00f3s, <br \/> <\/span> <span class=\"ljodatexti\"> <a name=\"19\"><span class=\"versanumer_ljod\">19<\/span><\/a>l\u00edkt og ma\u00f0ur fl\u00fdi undan lj\u00f3ni <br \/>en ver\u00f0i \u00e1 vegi bjarnd\u00fdrs, <br \/>komist heim og sty\u00f0ji hendi \u00e1 vegg <br \/>og \u00fe\u00e1 b\u00edti hann eiturslanga. <br \/> <\/span> <span class=\"ljodatexti\"> <a name=\"20\"><span class=\"versanumer_ljod\">20<\/span><\/a>F\u00e6rir dagur Drottins ekki myrkur \u00ed sta\u00f0 lj\u00f3ss? <br \/>Hann er dimmur, ekki bjartur. <\/span> <\/p>\n<h3 class=\"millifyrirsogn_2007\">R\u00e9tt og r\u00f6ng gu\u00f0sd\u00fdrkun<\/h3>\n<p><span class=\"ljodatexti\"> <a name=\"21\"><span class=\"versanumer_ljod\">21<\/span><\/a>\u00c9g hata, \u00e9g fyrirl\u00edt h\u00e1t\u00ed\u00f0ir y\u00f0ar.<br \/>\u00c9g hef enga \u00e1n\u00e6gju af samkomum y\u00f0ar. <br \/> <\/span> <span class=\"ljodatexti\"> <a name=\"22\"><span class=\"versanumer_ljod\">22<\/span><\/a> Jafnvel \u00fe\u00f3tt \u00fe\u00e9r f\u00e6ri\u00f0 m\u00e9r brennif\u00f3rnir og kornf\u00f3rnir <br \/>l\u00edt \u00e9g ekki vi\u00f0 \u00feeim, <br \/>n\u00e9 heldur matf\u00f3rnum y\u00f0ar af alik\u00e1lfum. <br \/> <\/span> <span class=\"ljodatexti\"> <a name=\"23\"><span class=\"versanumer_ljod\">23<\/span><\/a> Burt me\u00f0 glamur s\u00e1lma \u00feinna sem a\u00f0eins er h\u00e1va\u00f0i. <br \/>\u00c9g vil ekki heyra h\u00f6rpuleik \u00feinn. <br \/> <\/span> <span class=\"ljodatexti\"> <a name=\"24\"><span class=\"versanumer_ljod\">24<\/span><\/a> R\u00e9ttv\u00edsi skal streyma fram sem vatn <br \/>og r\u00e9ttl\u00e6ti sem s\u00edrennandi l\u00e6kur. <br \/> <\/span> <span class=\"ljodatexti\"> <a name=\"25\"><span class=\"versanumer_ljod\">25<\/span><\/a> F\u00e6r\u00f0u\u00f0 \u00fe\u00e9r m\u00e9r sl\u00e1turf\u00f3rnir og kornf\u00f3rnir <br \/>\u00feessi fj\u00f6rut\u00edu \u00e1r \u00ed ey\u00f0im\u00f6rkinni, \u00cdsraelsmenn? <br \/> <\/span> <span class=\"ljodatexti\"> <a name=\"26\"><span class=\"versanumer_ljod\">26<\/span><\/a> B\u00e1ru\u00f0 \u00fe\u00e9r \u00fe\u00e1 Sikk\u00fat, konung y\u00f0ar, <br \/>og Kevan, stj\u00f6rnugu\u00f0 y\u00f0ar, <span class=\"nedan_mal\" title=\" Sikk\u00fat og Kevan (Sat\u00farnus) voru stj\u00f6rnugu\u00f0ir me\u00f0al Ass\u00fdr\u00edumanna.\">[<\/span> <br \/>gu\u00f0i, sem \u00fe\u00e9r hafi\u00f0 sj\u00e1lfir b\u00fai\u00f0 til? <br \/> <\/span> <span class=\"ljodatexti\"> <a name=\"27\"><span class=\"versanumer_ljod\">27<\/span><\/a> \u00c9g mun reka y\u00f0ur \u00ed \u00fatleg\u00f0 austur fyrir Damaskus, <span class=\"nedan_mal\" title=\" H\u00e9r er kve\u00f0inn upp d\u00f3mur. \u00cdsraelsmenn ver\u00f0a fluttir \u00ed \u00fatleg\u00f0 austur fyrir Damaskus, \u00fe.e. til Ass\u00fdr\u00edu.\">[<\/span> <br \/>segir Drottinn, nafn hans er Gu\u00f0 hersveitanna. <\/span> <\/p>\n","protected":false},"excerpt":{"rendered":"<p>Harmlj\u00f3\u00f0 yfir \u00cdsrael 1 Heyri\u00f0 \u00feetta or\u00f0, \u00feetta harmlj\u00f3\u00f0, sem \u00e9g flyt um y\u00f0ur, \u00cdsraelsmenn! 2 Fallin er m\u00e6rin \u00cdsrael, r\u00eds aldrei aftur, fl\u00f6t liggur h\u00fan \u00e1 eigin landi, enginn reisir hana upp. 3 \u00dev\u00ed a\u00f0 svo segir Drottinn: S\u00fa borg, sem sendir \u00fat \u00fe\u00fasund manna li\u00f0, f\u00e6r hundra\u00f0 manna li\u00f0 heim aftur, s\u00fa, sem sendir \u00fat hundra\u00f0 manna li\u00f0, f\u00e6r a\u00f0eins t\u00edu menn heim aftur. 4 \u00dev\u00ed a\u00f0 svo segir Drottinn vi\u00f0 \u00cdsraelsmenn: Leiti\u00f0 m\u00edn og \u00fe\u00e9r munu\u00f0 lifa. 5 Leiti\u00f0 ekki til Betel, fari\u00f0 ekki til Gilgal, haldi\u00f0 ekki yfir til Beerseba. \u00dev\u00ed a\u00f0 Gilgal fer \u00ed \u00fatleg\u00f0 <a href=\"https:\/\/biblian.is\/biblian\/amos-5-kafli\/\"> [&#8230;]<\/a><\/p>\n","protected":false},"author":1,"featured_media":0,"parent":0,"menu_order":0,"comment_status":"open","ping_status":"open","template":"bibliukaflar_NT.php","meta":{"footnotes":""},"class_list":["post-2502","page","type-page","status-publish","hentry"],"_links":{"self":[{"href":"https:\/\/biblian.is\/biblian\/wp-json\/wp\/v2\/pages\/2502","targetHints":{"allow":["GET"]}}],"collection":[{"href":"https:\/\/biblian.is\/biblian\/wp-json\/wp\/v2\/pages"}],"about":[{"href":"https:\/\/biblian.is\/biblian\/wp-json\/wp\/v2\/types\/page"}],"author":[{"embeddable":true,"href":"https:\/\/biblian.is\/biblian\/wp-json\/wp\/v2\/users\/1"}],"replies":[{"embeddable":true,"href":"https:\/\/biblian.is\/biblian\/wp-json\/wp\/v2\/comments?post=2502"}],"version-history":[{"count":0,"href":"https:\/\/biblian.is\/biblian\/wp-json\/wp\/v2\/pages\/2502\/revisions"}],"wp:attachment":[{"href":"https:\/\/biblian.is\/biblian\/wp-json\/wp\/v2\/media?parent=2502"}],"curies":[{"name":"wp","href":"https:\/\/api.w.org\/{rel}","templated":true}]}}