{"id":2500,"date":"2017-12-30T21:03:28","date_gmt":"2017-12-30T21:03:28","guid":{"rendered":"http:\/\/biblian.is\/biblian\/amos-3-kafli\/"},"modified":"2024-03-19T16:11:01","modified_gmt":"2024-03-19T16:11:01","slug":"amos-3-kafli","status":"publish","type":"page","link":"https:\/\/biblian.is\/biblian\/amos-3-kafli\/","title":{"rendered":"Amos 3. kafli"},"content":{"rendered":"<h3 class=\"millifyrirsogn_2007\"> \u00datvalning og \u00e1byrg\u00f0<\/h3>\n<p><a name=\"1\"><span class=\"versanumer_2007\">1<\/span><\/a> Heyri\u00f0 \u00feetta or\u00f0 sem Drottinn tala\u00f0i gegn y\u00f0ur, \u00cdsraelsmenn, og gegn \u00f6llum \u00feeim kynstofni sem \u00e9g leiddi \u00fat af Egyptalandi:<br \/> <a name=\"2\"><span class=\"versanumer_2007\">2<\/span><\/a> Af \u00f6llum kynstofnum jar\u00f0ar hef \u00e9g a\u00f0eins vali\u00f0 y\u00f0ur. \u00deess vegna kalla \u00e9g y\u00f0ur til \u00e1byrg\u00f0ar fyrir \u00f6ll afbrot y\u00f0ar.<br \/> <span class=\"ljodatexti\"> <a name=\"3\"><span class=\"versanumer_ljod\">3<\/span><\/a>Ver\u00f0a tveir menn samfer\u00f0a <br \/>nema \u00feeir hafi \u00e1\u00f0ur m\u00e6lt s\u00e9r m\u00f3t? <br \/> <\/span> <span class=\"ljodatexti\"> <a name=\"4\"><span class=\"versanumer_ljod\">4<\/span><\/a>\u00d6skrar lj\u00f3n \u00ed sk\u00f3ginum <br \/>hafi \u00fea\u00f0 enga br\u00e1\u00f0? <br \/>Grenjar lj\u00f3nshvolpur \u00ed b\u00e6li s\u00ednu <br \/>nema hann hafi engu n\u00e1\u00f0? <br \/> <\/span> <span class=\"ljodatexti\"> <a name=\"5\"><span class=\"versanumer_ljod\">5<\/span><\/a>Fellur fugl til jar\u00f0ar <br \/>hafi enginn h\u00e6ft hann? <br \/>Hrekkur gildra \u00ed l\u00e1s \u00e1 j\u00f6r\u00f0inni <br \/>nema eitthva\u00f0 hafi \u00ed hana komi\u00f0? <br \/> <\/span> <span class=\"ljodatexti\"> <a name=\"6\"><span class=\"versanumer_ljod\">6<\/span><\/a>Ver\u00f0ur hafurshorni\u00f0 \u00feeytt \u00ed einhverri borg <br \/>\u00e1n \u00feess a\u00f0 \u00edb\u00faarnir \u00f3ttist? <br \/>Kemur b\u00f6l yfir borg <br \/>hafi Drottinn ekki komi\u00f0 \u00fev\u00ed til lei\u00f0ar? <br \/> <\/span> <span class=\"ljodatexti\"> <a name=\"7\"><span class=\"versanumer_ljod\">7<\/span><\/a>\u00dev\u00ed a\u00f0 Drottinn Gu\u00f0 gerir ekkert <br \/>\u00e1n \u00feess a\u00f0 opinbera fyrir\u00e6tlun s\u00edna fyrir \u00fej\u00f3num s\u00ednum, sp\u00e1m\u00f6nnunum. <br \/> <\/span> <span class=\"ljodatexti\"> <a name=\"8\"><span class=\"versanumer_ljod\">8<\/span><\/a>Lj\u00f3ni\u00f0 \u00f6skrar &#8211; hver \u00f3ttast ekki? <br \/>Drottinn Gu\u00f0 talar &#8211; hver sp\u00e1ir ekki? <\/span> <\/p>\n<h3 class=\"millifyrirsogn_2007\">D\u00f3mur yfir Samar\u00edu<\/h3>\n<p><span class=\"ljodatexti\"> <a name=\"9\"><span class=\"versanumer_ljod\">9<\/span><\/a>Kalli\u00f0 \u00fat yfir hallirnar \u00ed Asd\u00f3d <br \/>og hallirnar \u00ed Egyptalandi <br \/>og segi\u00f0: Safnist saman \u00e1 fj\u00f6llunum vi\u00f0 Samar\u00edu <br \/>og sj\u00e1i\u00f0 sundrungina \u00ed borginni <br \/>og ofbeldi\u00f0 sem \u00fear er frami\u00f0. <br \/> <\/span> <span class=\"ljodatexti\"> <a name=\"10\"><span class=\"versanumer_ljod\">10<\/span><\/a>\u00cdb\u00faarnir kunna ekki a\u00f0 gera \u00fea\u00f0 sem r\u00e9tt er, <br \/>hefur Drottinn sagt.<br \/>\u00deeir safna au\u00f0i \u00ed hallir s\u00ednar me\u00f0 ofbeldi og yfirgangi. <br \/> <\/span> <span class=\"ljodatexti\"> <a name=\"11\"><span class=\"versanumer_ljod\">11<\/span><\/a>\u00deess vegna segir Drottinn Gu\u00f0: <br \/>Fjandmenn munu umkringja landi\u00f0, <br \/>\u00feeir munu brj\u00f3ta ni\u00f0ur varnir \u00fe\u00ednar <br \/>og hallir \u00fe\u00ednar ver\u00f0a r\u00e6ndar.<br \/> <\/span> <span class=\"ljodatexti\"> <a name=\"12\"><span class=\"versanumer_ljod\">12<\/span><\/a>Svo segir Drottinn: <br \/>L\u00edkt og \u00feegar hir\u00f0ir bjargar tveimur leggjum <br \/>e\u00f0a snepli af eyra \u00far gini lj\u00f3nsins <br \/>munu \u00cdsraelsmenn sem b\u00faa \u00ed Samar\u00edu bjargast, <br \/>a\u00f0eins me\u00f0 f\u00f3tagafl af r\u00fami og h\u00f6f\u00f0agafl af bekk.<br \/> <\/span> <span class=\"ljodatexti\"> <a name=\"13\"><span class=\"versanumer_ljod\">13<\/span><\/a>Hlusti\u00f0 og vitni\u00f0 um \u00feetta gegn \u00e6tt Jakobs, <br \/>segir Drottinn Gu\u00f0 hersveitanna: <br \/> <\/span> <span class=\"ljodatexti\"> <a name=\"14\"><span class=\"versanumer_ljod\">14<\/span><\/a>J\u00e1, daginn sem \u00e9g kalla \u00cdsraelsmenn til \u00e1byrg\u00f0ar fyrir gl\u00e6pi s\u00edna <br \/>mun \u00e9g senda hegninguna yfir \u00f6lturu \u00ed Betel. <br \/>Altarishornin ver\u00f0a h\u00f6ggvin af, <br \/>\u00feau munu falla til jar\u00f0ar. <br \/> <\/span> <span class=\"ljodatexti\"> <a name=\"15\"><span class=\"versanumer_ljod\">15<\/span><\/a>\u00de\u00e1 br\u00fdt \u00e9g ni\u00f0ur vetrarh\u00fasi\u00f0 og sumarh\u00fasi\u00f0, <br \/>f\u00edlabeinsh\u00fasin ver\u00f0a j\u00f6fnu\u00f0 vi\u00f0 j\u00f6r\u00f0u <br \/>og hin st\u00f3ru h\u00fas munu hverfa, <br \/>segir Drottinn. <\/span> <\/p>\n","protected":false},"excerpt":{"rendered":"<p>\u00datvalning og \u00e1byrg\u00f0 1 Heyri\u00f0 \u00feetta or\u00f0 sem Drottinn tala\u00f0i gegn y\u00f0ur, \u00cdsraelsmenn, og gegn \u00f6llum \u00feeim kynstofni sem \u00e9g leiddi \u00fat af Egyptalandi: 2 Af \u00f6llum kynstofnum jar\u00f0ar hef \u00e9g a\u00f0eins vali\u00f0 y\u00f0ur. \u00deess vegna kalla \u00e9g y\u00f0ur til \u00e1byrg\u00f0ar fyrir \u00f6ll afbrot y\u00f0ar. 3Ver\u00f0a tveir menn samfer\u00f0a nema \u00feeir hafi \u00e1\u00f0ur m\u00e6lt s\u00e9r m\u00f3t? 4\u00d6skrar lj\u00f3n \u00ed sk\u00f3ginum hafi \u00fea\u00f0 enga br\u00e1\u00f0? Grenjar lj\u00f3nshvolpur \u00ed b\u00e6li s\u00ednu nema hann hafi engu n\u00e1\u00f0? 5Fellur fugl til jar\u00f0ar hafi enginn h\u00e6ft hann? Hrekkur gildra \u00ed l\u00e1s \u00e1 j\u00f6r\u00f0inni nema eitthva\u00f0 hafi \u00ed hana komi\u00f0? 6Ver\u00f0ur hafurshorni\u00f0 \u00feeytt \u00ed einhverri borg <a href=\"https:\/\/biblian.is\/biblian\/amos-3-kafli\/\"> [&#8230;]<\/a><\/p>\n","protected":false},"author":1,"featured_media":0,"parent":0,"menu_order":0,"comment_status":"open","ping_status":"open","template":"bibliukaflar_NT.php","meta":{"footnotes":""},"class_list":["post-2500","page","type-page","status-publish","hentry"],"_links":{"self":[{"href":"https:\/\/biblian.is\/biblian\/wp-json\/wp\/v2\/pages\/2500","targetHints":{"allow":["GET"]}}],"collection":[{"href":"https:\/\/biblian.is\/biblian\/wp-json\/wp\/v2\/pages"}],"about":[{"href":"https:\/\/biblian.is\/biblian\/wp-json\/wp\/v2\/types\/page"}],"author":[{"embeddable":true,"href":"https:\/\/biblian.is\/biblian\/wp-json\/wp\/v2\/users\/1"}],"replies":[{"embeddable":true,"href":"https:\/\/biblian.is\/biblian\/wp-json\/wp\/v2\/comments?post=2500"}],"version-history":[{"count":0,"href":"https:\/\/biblian.is\/biblian\/wp-json\/wp\/v2\/pages\/2500\/revisions"}],"wp:attachment":[{"href":"https:\/\/biblian.is\/biblian\/wp-json\/wp\/v2\/media?parent=2500"}],"curies":[{"name":"wp","href":"https:\/\/api.w.org\/{rel}","templated":true}]}}