{"id":2498,"date":"2017-12-30T21:03:28","date_gmt":"2017-12-30T21:03:28","guid":{"rendered":"http:\/\/biblian.is\/biblian\/amos-1-kafli\/"},"modified":"2024-03-19T16:11:00","modified_gmt":"2024-03-19T16:11:00","slug":"amos-1-kafli","status":"publish","type":"page","link":"https:\/\/biblian.is\/biblian\/amos-1-kafli\/","title":{"rendered":"Amos 1. kafli"},"content":{"rendered":"<h3 class=\"millifyrirsogn_2007\"> D\u00f3mur yfir \u00fdmsum \u00fej\u00f3\u00f0um<\/h3>\n<p><a name=\"1\"><span class=\"versanumer_2007\">1<\/span><\/a> Or\u00f0 Amosar, eins af fj\u00e1rhir\u00f0unum \u00ed Tek\u00f3a, sem honum vitra\u00f0ist um \u00cdsrael \u00e1 d\u00f6gum \u00dass\u00eda J\u00fadakonungs og \u00e1 d\u00f6gum Jer\u00f3b\u00f3ams J\u00f3assonar, \u00cdsraelskonungs, tveimur \u00e1rum fyrir jar\u00f0skj\u00e1lftann.<br \/> <a name=\"2\"><span class=\"versanumer_2007\">2<\/span><\/a> Hann sag\u00f0i: <br \/> <span class=\"ljodatexti\"> Drottinn \u00ferumar fr\u00e1 S\u00edon, <span class=\"nedan_mal\" title=\" R\u00f6dd Drottins er l\u00edkt vi\u00f0 lj\u00f3ns\u00f6skur, sbr. 3.8.\">[<\/span> <br \/>l\u00e6tur r\u00f6dd s\u00edna gjalla fr\u00e1 Jer\u00fasalem <br \/>svo a\u00f0 hagar hjar\u00f0mannanna visna <br \/>og Karmeltindur skr\u00e6lnar.<br \/> <\/span> <span class=\"ljodatexti\"> <a name=\"3\"><span class=\"versanumer_ljod\">3<\/span><\/a>Svo segir Drottinn: <br \/>Vegna \u00feriggja, j\u00e1, vegna fj\u00f6gurra gl\u00e6pa Damaskus <br \/>hverf \u00e9g ekki fr\u00e1 \u00feessu: <br \/>Af \u00fev\u00ed a\u00f0 \u00feeir molu\u00f0u G\u00edlea\u00f0 me\u00f0 \u00fereskisle\u00f0um \u00far j\u00e1rni <br \/> <\/span> <span class=\"ljodatexti\"> <a name=\"4\"><span class=\"versanumer_ljod\">4<\/span><\/a>mun \u00e9g senda eld gegn h\u00fasi Hasaels <br \/>og hann mun gleypa hallir Benhadads. <br \/> <\/span> <span class=\"ljodatexti\"> <a name=\"5\"><span class=\"versanumer_ljod\">5<\/span><\/a>\u00c9g mun brj\u00f3ta slagbrand Damaskus <br \/>og tort\u00edma \u00feeim sem situr \u00ed h\u00e1s\u00e6ti \u00ed B\u00edkat Aven, <span class=\"nedan_mal\" title=\" B\u00edkat Aven merkir Gl\u00e6padalur.\">[<\/span> <br \/>\u00feeim sem ber veldissprotann \u00ed Bet Eden. <span class=\"nedan_mal\" title=\" Bet Eden merkir Yndish\u00fas.\">[<\/span> <br \/>Aramear <span class=\"nedan_mal\" title=\" S\u00fdrlendingar.\">[<\/span> ver\u00f0a fluttir \u00ed \u00fatleg\u00f0 til K\u00edr, hefur Drottinn sagt.<br \/> <\/span> <span class=\"ljodatexti\"> <a name=\"6\"><span class=\"versanumer_ljod\">6<\/span><\/a>Svo segir Drottinn: <br \/>Vegna \u00feriggja, j\u00e1, fj\u00f6gurra gl\u00e6pa Gasa <br \/>hverf \u00e9g ekki fr\u00e1 \u00feessu: <br \/>Af \u00fev\u00ed a\u00f0 \u00feeir hafa flutt heil bygg\u00f0arl\u00f6g \u00ed \u00fatleg\u00f0 <br \/>til a\u00f0 selja \u00feau \u00ed hendur Ed\u00f3m <br \/> <\/span> <span class=\"ljodatexti\"> <a name=\"7\"><span class=\"versanumer_ljod\">7<\/span><\/a>mun \u00e9g senda eld gegn m\u00farum Gasa <br \/>og hann mun gleypa hallir hennar. <br \/> <\/span> <span class=\"ljodatexti\"> <a name=\"8\"><span class=\"versanumer_ljod\">8<\/span><\/a>\u00c9g mun tort\u00edma \u00feeim sem situr \u00ed h\u00e1s\u00e6ti \u00ed Asd\u00f3d, <br \/>\u00feeim sem ber veldissprotann \u00ed Askalon. <br \/>\u00dev\u00ed n\u00e6st beini \u00e9g hendi minni gegn Ekron <br \/>svo a\u00f0 \u00feeim sem eftir eru af Filisteum ver\u00f0i eytt, <br \/>hefur Drottinn Gu\u00f0 sagt. <br \/> <\/span> <span class=\"ljodatexti\"> <a name=\"9\"><span class=\"versanumer_ljod\">9<\/span><\/a>Svo segir Drottinn: <br \/>Vegna \u00feriggja, j\u00e1, vegna fj\u00f6gurra gl\u00e6pa T\u00fdrusar <br \/>hverf \u00e9g ekki fr\u00e1 \u00feessu: <br \/>Af \u00fev\u00ed a\u00f0 \u00feeir sendu heil bygg\u00f0arl\u00f6g \u00ed \u00fatleg\u00f0 til Ed\u00f3ms <br \/>og virtu ekki br\u00e6\u00f0ras\u00e1ttm\u00e1lann <br \/> <\/span> <span class=\"ljodatexti\"> <a name=\"10\"><span class=\"versanumer_ljod\">10<\/span><\/a>mun \u00e9g senda eld gegn m\u00farum T\u00fdrusar <br \/>og hann mun gleypa hallir hennar.<br \/> <\/span> <span class=\"ljodatexti\"> <a name=\"11\"><span class=\"versanumer_ljod\">11<\/span><\/a>Svo segir Drottinn: <br \/>Vegna \u00feriggja, j\u00e1, vegna fj\u00f6gurra gl\u00e6pa Ed\u00f3ms <br \/>hverf \u00e9g ekki fr\u00e1 \u00feessu: <br \/> Af \u00fev\u00ed a\u00f0 \u00feeir ofs\u00f3ttu br\u00e6\u00f0ur s\u00edna me\u00f0 sver\u00f0i <br \/>og k\u00e6f\u00f0u alla sam\u00fa\u00f0 me\u00f0 \u00feeim, <br \/>af \u00fev\u00ed a\u00f0 \u00feeir r\u00e6ndu \u00ed \u00f3sl\u00f6kkvandi rei\u00f0i sinni <br \/>og h\u00e9ldu heift sinni s\u00edfellt vakandi <br \/> <\/span> <span class=\"ljodatexti\"> <a name=\"12\"><span class=\"versanumer_ljod\">12<\/span><\/a>\u00fe\u00e1 mun \u00e9g senda eld til Teman<br \/>og hann mun gleypa hallirnar \u00ed Bosra.<br \/> <\/span> <span class=\"ljodatexti\"> <a name=\"13\"><span class=\"versanumer_ljod\">13<\/span><\/a>Svo segir Drottinn: <br \/>Vegna \u00feriggja, j\u00e1, vegna fj\u00f6gurra gl\u00e6pa Amm\u00f3n\u00edta <br \/>hverf \u00e9g ekki fr\u00e1 \u00feessu: <br \/>Af \u00fev\u00ed a\u00f0 \u00feeir ristu \u00feunga\u00f0ar konur \u00ed G\u00edlea\u00f0 \u00e1 kvi\u00f0, <br \/>\u00feegar \u00feeir \u00e6tlu\u00f0u a\u00f0 st\u00e6kka land sitt, <br \/> <\/span> <span class=\"ljodatexti\"> <a name=\"14\"><span class=\"versanumer_ljod\">14<\/span><\/a>mun \u00e9g kveikja eld \u00ed m\u00farum Rabba<br \/>og hann mun gleypa hallirnar \u00fear <br \/>\u00feegar her\u00f3p kve\u00f0ur vi\u00f0 orrustudaginn, <br \/>\u00feegar f\u00e1rvi\u00f0ri geisar \u00f3ve\u00f0ursdaginn. <br \/> <\/span> <span class=\"ljodatexti\"> <a name=\"15\"><span class=\"versanumer_ljod\">15<\/span><\/a>Konungur \u00feeirra ver\u00f0ur a\u00f0 fara \u00ed \u00fatleg\u00f0, <br \/>hann og allir hir\u00f0menn hans, segir Drottinn. <\/span> <\/p>\n","protected":false},"excerpt":{"rendered":"<p>D\u00f3mur yfir \u00fdmsum \u00fej\u00f3\u00f0um 1 Or\u00f0 Amosar, eins af fj\u00e1rhir\u00f0unum \u00ed Tek\u00f3a, sem honum vitra\u00f0ist um \u00cdsrael \u00e1 d\u00f6gum \u00dass\u00eda J\u00fadakonungs og \u00e1 d\u00f6gum Jer\u00f3b\u00f3ams J\u00f3assonar, \u00cdsraelskonungs, tveimur \u00e1rum fyrir jar\u00f0skj\u00e1lftann. 2 Hann sag\u00f0i: Drottinn \u00ferumar fr\u00e1 S\u00edon, [ l\u00e6tur r\u00f6dd s\u00edna gjalla fr\u00e1 Jer\u00fasalem svo a\u00f0 hagar hjar\u00f0mannanna visna og Karmeltindur skr\u00e6lnar. 3Svo segir Drottinn: Vegna \u00feriggja, j\u00e1, vegna fj\u00f6gurra gl\u00e6pa Damaskus hverf \u00e9g ekki fr\u00e1 \u00feessu: Af \u00fev\u00ed a\u00f0 \u00feeir molu\u00f0u G\u00edlea\u00f0 me\u00f0 \u00fereskisle\u00f0um \u00far j\u00e1rni 4mun \u00e9g senda eld gegn h\u00fasi Hasaels og hann mun gleypa hallir Benhadads. 5\u00c9g mun brj\u00f3ta slagbrand Damaskus og tort\u00edma \u00feeim sem <a href=\"https:\/\/biblian.is\/biblian\/amos-1-kafli\/\"> [&#8230;]<\/a><\/p>\n","protected":false},"author":1,"featured_media":0,"parent":0,"menu_order":0,"comment_status":"open","ping_status":"open","template":"bibliukaflar_NT.php","meta":{"footnotes":""},"class_list":["post-2498","page","type-page","status-publish","hentry"],"_links":{"self":[{"href":"https:\/\/biblian.is\/biblian\/wp-json\/wp\/v2\/pages\/2498","targetHints":{"allow":["GET"]}}],"collection":[{"href":"https:\/\/biblian.is\/biblian\/wp-json\/wp\/v2\/pages"}],"about":[{"href":"https:\/\/biblian.is\/biblian\/wp-json\/wp\/v2\/types\/page"}],"author":[{"embeddable":true,"href":"https:\/\/biblian.is\/biblian\/wp-json\/wp\/v2\/users\/1"}],"replies":[{"embeddable":true,"href":"https:\/\/biblian.is\/biblian\/wp-json\/wp\/v2\/comments?post=2498"}],"version-history":[{"count":0,"href":"https:\/\/biblian.is\/biblian\/wp-json\/wp\/v2\/pages\/2498\/revisions"}],"wp:attachment":[{"href":"https:\/\/biblian.is\/biblian\/wp-json\/wp\/v2\/media?parent=2498"}],"curies":[{"name":"wp","href":"https:\/\/api.w.org\/{rel}","templated":true}]}}