{"id":2496,"date":"2017-12-30T21:03:23","date_gmt":"2017-12-30T21:03:23","guid":{"rendered":"http:\/\/biblian.is\/biblian\/j%c2%97el-3-kafli\/"},"modified":"2024-03-19T16:13:51","modified_gmt":"2024-03-19T16:13:51","slug":"joel-3-kafli","status":"publish","type":"page","link":"https:\/\/biblian.is\/biblian\/joel-3-kafli\/","title":{"rendered":"J\u00f3el 3. kafli"},"content":{"rendered":"<h3 class=\"millifyrirsogn_2007\"> Dagur Drottins<\/h3>\n<p><span class=\"ljodatexti\"> <a name=\"1\"><span class=\"versanumer_ljod\">1<\/span><\/a>S\u00ed\u00f0ar mun \u00e9g \u00fathella anda m\u00ednum yfir alla menn. <br \/>Synir y\u00f0ar og d\u00e6tur munu sp\u00e1, <br \/>gamalmenni y\u00f0ar mun dreyma drauma <br \/>og ungmenni y\u00f0ar munu f\u00e1 vitranir, <br \/> <\/span> <span class=\"ljodatexti\"> <a name=\"2\"><span class=\"versanumer_ljod\">2<\/span><\/a>jafnvel yfir \u00fer\u00e6la og amb\u00e1ttir <br \/>mun \u00e9g \u00fathella anda m\u00ednum \u00e1 \u00feeim d\u00f6gum. <br \/> <\/span> <span class=\"ljodatexti\"> <a name=\"3\"><span class=\"versanumer_ljod\">3<\/span><\/a>Og t\u00e1kn mun \u00e9g l\u00e1ta ver\u00f0a \u00e1 himni og j\u00f6r\u00f0: <br \/>bl\u00f3\u00f0, eld og reykjarstr\u00f3ka. <br \/> <\/span> <span class=\"ljodatexti\"> <a name=\"4\"><span class=\"versanumer_ljod\">4<\/span><\/a>S\u00f3lin ver\u00f0ur myrk <br \/>og tungli\u00f0 sem bl\u00f3\u00f0 <br \/>\u00e1\u00f0ur en dagur Drottins kemur, hinn mikli og \u00f3gurlegi. <br \/> <\/span> <span class=\"ljodatexti\"> <a name=\"5\"><span class=\"versanumer_ljod\">5<\/span><\/a>En hver sem \u00e1kallar nafn Drottins<br \/>ver\u00f0ur h\u00f3lpinn. <br \/>\u00c1 S\u00edonarfjalli og \u00ed Jer\u00fasalem <br \/>munu nokkrir lifa af <br \/>eins og Drottinn hefur heiti\u00f0. <br \/>Hver sem \u00e1kallar nafn Drottins <br \/>mun frelsast. <span class=\"nedan_mal\" title=\" \u00d6nnur hugsanleg \u00fe\u00fd\u00f0ing: Me\u00f0al \u00feeirra sem frelsast eru \u00feeir sem Drottinn kallar.\">[<\/span> <\/p>\n","protected":false},"excerpt":{"rendered":"<p>Dagur Drottins 1S\u00ed\u00f0ar mun \u00e9g \u00fathella anda m\u00ednum yfir alla menn. Synir y\u00f0ar og d\u00e6tur munu sp\u00e1, gamalmenni y\u00f0ar mun dreyma drauma og ungmenni y\u00f0ar munu f\u00e1 vitranir, 2jafnvel yfir \u00fer\u00e6la og amb\u00e1ttir mun \u00e9g \u00fathella anda m\u00ednum \u00e1 \u00feeim d\u00f6gum. 3Og t\u00e1kn mun \u00e9g l\u00e1ta ver\u00f0a \u00e1 himni og j\u00f6r\u00f0: bl\u00f3\u00f0, eld og reykjarstr\u00f3ka. 4S\u00f3lin ver\u00f0ur myrk og tungli\u00f0 sem bl\u00f3\u00f0 \u00e1\u00f0ur en dagur Drottins kemur, hinn mikli og \u00f3gurlegi. 5En hver sem \u00e1kallar nafn Drottinsver\u00f0ur h\u00f3lpinn. \u00c1 S\u00edonarfjalli og \u00ed Jer\u00fasalem munu nokkrir lifa af eins og Drottinn hefur heiti\u00f0. Hver sem \u00e1kallar nafn Drottins mun frelsast. [<\/p>\n","protected":false},"author":1,"featured_media":0,"parent":0,"menu_order":0,"comment_status":"open","ping_status":"open","template":"bibliukaflar_NT.php","meta":{"footnotes":""},"class_list":["post-2496","page","type-page","status-publish","hentry"],"_links":{"self":[{"href":"https:\/\/biblian.is\/biblian\/wp-json\/wp\/v2\/pages\/2496","targetHints":{"allow":["GET"]}}],"collection":[{"href":"https:\/\/biblian.is\/biblian\/wp-json\/wp\/v2\/pages"}],"about":[{"href":"https:\/\/biblian.is\/biblian\/wp-json\/wp\/v2\/types\/page"}],"author":[{"embeddable":true,"href":"https:\/\/biblian.is\/biblian\/wp-json\/wp\/v2\/users\/1"}],"replies":[{"embeddable":true,"href":"https:\/\/biblian.is\/biblian\/wp-json\/wp\/v2\/comments?post=2496"}],"version-history":[{"count":0,"href":"https:\/\/biblian.is\/biblian\/wp-json\/wp\/v2\/pages\/2496\/revisions"}],"wp:attachment":[{"href":"https:\/\/biblian.is\/biblian\/wp-json\/wp\/v2\/media?parent=2496"}],"curies":[{"name":"wp","href":"https:\/\/api.w.org\/{rel}","templated":true}]}}