{"id":2495,"date":"2017-12-30T21:03:23","date_gmt":"2017-12-30T21:03:23","guid":{"rendered":"http:\/\/biblian.is\/biblian\/j%c2%97el-2-kafli\/"},"modified":"2024-03-19T16:13:51","modified_gmt":"2024-03-19T16:13:51","slug":"joel-2-kafli","status":"publish","type":"page","link":"https:\/\/biblian.is\/biblian\/joel-2-kafli\/","title":{"rendered":"J\u00f3el 2. kafli"},"content":{"rendered":"<h3 class=\"millifyrirsogn_2007\"> Dagur Drottins<\/h3>\n<p><span class=\"ljodatexti\"> <a name=\"1\"><span class=\"versanumer_ljod\">1<\/span><\/a>\u00deeyti\u00f0 horni\u00f0 \u00e1 S\u00edon <br \/>og l\u00e1ti\u00f0 varna\u00f0ar\u00f3p gjalla fr\u00e1 hinu heilaga fjalli m\u00ednu. <br \/>Skj\u00e1lfi n\u00fa \u00f6ll heimsbygg\u00f0 <br \/>\u00fev\u00ed a\u00f0 kominn er dagur Drottins,<br \/>n\u00e1l\u00e6gur er hann, <\/span> <span class=\"ljodatexti\"> <a name=\"2\"><span class=\"versanumer_ljod\">2<\/span><\/a>dagur myrkurs og drunga, <br \/>dagur ni\u00f0dimmu og d\u00f6kkra sk\u00fdja. <br \/>\u00deau s\u00edga sem sorti yfir fj\u00f6llin, <br \/>\u00fear fer risavaxin og m\u00e1ttug \u00fej\u00f3\u00f0. <br \/>Engan l\u00edka hefur \u00feetta \u00e1tt s\u00e9r <br \/>fr\u00e1 upphafi vega <br \/>og ekkert \u00feessu l\u00edkt <br \/>mun aftur ver\u00f0a um aldir alda. <\/span> <\/p>\n<h3 class=\"millifyrirsogn_2007\">Framr\u00e1s engisprettuhersins<\/h3>\n<p><span class=\"ljodatexti\"> <a name=\"3\"><span class=\"versanumer_ljod\">3<\/span><\/a>Fyrir \u00feeim fer ey\u00f0andi eldur <br \/>og sl\u00f3\u00f0 \u00feeirra er logandi b\u00e1l, <br \/>fyrir \u00feeim er landi\u00f0 sem Edensgar\u00f0ur, <br \/>\u00ed sl\u00f3\u00f0 \u00feeirra \u00f6r\u00e6fi og au\u00f0n <br \/>sem enginn f\u00e6r fl\u00fai\u00f0. <br \/> <\/span> <span class=\"ljodatexti\"> <a name=\"4\"><span class=\"versanumer_ljod\">4<\/span><\/a>\u00c1\u00feekkir hestum eru \u00feeir, <br \/>fr\u00e1ir sem g\u00e6\u00f0ingar, <br \/> <\/span> <span class=\"ljodatexti\"> <a name=\"5\"><span class=\"versanumer_ljod\">5<\/span><\/a>\u00fea\u00f0 glymur sem \u00ed str\u00ed\u00f0sv\u00f6gnum <br \/>er \u00feeir \u00fej\u00f3ta um fjallatindana, <br \/>snarkar sem \u00ed loga af h\u00e1lmi, <br \/>kli\u00f0ar sem m\u00e1ttugur her <br \/>b\u00faist til bardaga. <br \/> <\/span> <span class=\"ljodatexti\"> <a name=\"6\"><span class=\"versanumer_ljod\">6<\/span><\/a>Fyrir \u00feeim skj\u00e1lfa \u00fej\u00f3\u00f0irnar,<br \/>allar \u00e1sj\u00f3nur skipta litum. <br \/> <\/span> <span class=\"ljodatexti\"> <a name=\"7\"><span class=\"versanumer_ljod\">7<\/span><\/a>\u00deeir \u00fej\u00f3ta fram sem str\u00ed\u00f0sgarpar, <br \/>kl\u00edfa borgarm\u00fara sem hermenn. <br \/>Hver heldur eigin stefnu, <br \/>enginn villist \u00ed annars braut. <br \/> <\/span> <span class=\"ljodatexti\"> <a name=\"8\"><span class=\"versanumer_ljod\">8<\/span><\/a>Enginn hamlar \u00f6\u00f0rum, <br \/>hver stefnir eigin lei\u00f0. <br \/>\u00de\u00f3tt kastvopnum s\u00e9 beitt gegn \u00feeim <br \/>b\u00ed\u00f0a \u00feeir ekkert tj\u00f3n. <br \/> <\/span> <span class=\"ljodatexti\"> <a name=\"9\"><span class=\"versanumer_ljod\">9<\/span><\/a>\u00deeir r\u00e1\u00f0ast \u00e1 borgina, <br \/>\u00fej\u00f3ta um borgarm\u00farinn, <br \/>klifra upp h\u00fasin, <br \/>fara inn um gluggana <br \/>eins og \u00fej\u00f3far. <br \/> <\/span> <span class=\"ljodatexti\"> <a name=\"10\"><span class=\"versanumer_ljod\">10<\/span><\/a>Fyrir \u00feeim skelfur j\u00f6r\u00f0in <br \/>og himinninn n\u00f6trar, <br \/>s\u00f3l og tungl myrkvast <br \/>og stj\u00f6rnurnar synja um birtu s\u00edna. <br \/> <\/span> <span class=\"ljodatexti\"> <a name=\"11\"><span class=\"versanumer_ljod\">11<\/span><\/a>Drottinn hefur upp raustina frammi fyrir her s\u00ednum. <br \/>Afar fj\u00f6lmennt er li\u00f0 hans <br \/>og \u00f3teljandi \u00feeir sem hl\u00edta skipun hans<br \/>\u00fev\u00ed a\u00f0 vissulega er dagur Drottins mikill og \u00f3gurlegur.<br \/>Hver f\u00e6r \u00fe\u00e1 sta\u00f0ist? <\/span> <\/p>\n<h3 class=\"millifyrirsogn_2007\">Hvatt til i\u00f0runar<\/h3>\n<p><span class=\"ljodatexti\"> <a name=\"12\"><span class=\"versanumer_ljod\">12<\/span><\/a>En jafnvel n\u00fa,<br \/>segir Drottinn, <br \/>skulu\u00f0 \u00fe\u00e9r sn\u00faa y\u00f0ur til m\u00edn af \u00f6llu hjarta y\u00f0ar, <br \/>me\u00f0 f\u00f6stu, me\u00f0 gr\u00e1ti, me\u00f0 harmakveini.<br \/> <\/span> <span class=\"ljodatexti\"> <a name=\"13\"><span class=\"versanumer_ljod\">13<\/span><\/a>R\u00edfi\u00f0 hj\u00f6rtu y\u00f0ar <br \/>fremur en kl\u00e6\u00f0i y\u00f0ar <br \/>og sn\u00fai\u00f0 aftur til Drottins, Gu\u00f0s y\u00f0ar. <br \/>Miskunnsamur er hann og l\u00edknsamur, <br \/>seinn til rei\u00f0i og g\u00e6skur\u00edkur <br \/>og i\u00f0rast hins illa. <br \/> <\/span> <span class=\"ljodatexti\"> <a name=\"14\"><span class=\"versanumer_ljod\">14<\/span><\/a>Hver veit nema hugur hans sn\u00faist enn og mildist <br \/>svo a\u00f0 hann l\u00e1ti blessun hlj\u00f3tast af, <br \/>svo a\u00f0 \u00fe\u00e9r geti\u00f0 <br \/>aftur f\u00e6rt Drottni, <br \/>Gu\u00f0i y\u00f0ar, <br \/>matf\u00f3rn og dreypif\u00f3rn. <br \/> <\/span> <span class=\"ljodatexti\"> <a name=\"15\"><span class=\"versanumer_ljod\">15<\/span><\/a>\u00deeyti\u00f0 horni\u00f0 \u00e1 S\u00edon, <br \/>bo\u00f0i\u00f0 helga f\u00f6stu, <br \/>efni\u00f0 til helgrar samkundu. <br \/> <\/span> <span class=\"ljodatexti\"> <a name=\"16\"><span class=\"versanumer_ljod\">16<\/span><\/a>Kalli\u00f0 f\u00f3lki\u00f0 saman, <br \/>helgi\u00f0 s\u00f6fnu\u00f0inn, <br \/>safni\u00f0 saman \u00f6ldungunum, <br \/>safni\u00f0 saman b\u00f6rnunum, <br \/>jafnvel \u00feeim sem enn eru \u00e1 brj\u00f3sti. <br \/>Br\u00fa\u00f0guminn komi \u00fat \u00far herbergi s\u00ednu <br \/>og br\u00fa\u00f0urin undan tjaldhimni s\u00ednum. <br \/> <\/span> <span class=\"ljodatexti\"> <a name=\"17\"><span class=\"versanumer_ljod\">17<\/span><\/a>Milli fordyris og altaris <br \/>skulu prestarnir, \u00fej\u00f3nar Drottins, <br \/>gr\u00e1ta og segja: <br \/>\u201e\u00deyrmdu \u00fej\u00f3\u00f0 \u00feinni, Drottinn, <br \/>ofurseldu arfleif\u00f0 \u00fe\u00edna ekki sm\u00e1ninni <br \/>svo a\u00f0 \u00fej\u00f3\u00f0irnar h\u00e6\u00f0i hana. <br \/>Hv\u00ed skyldu \u00fej\u00f3\u00f0irnar spyrja: <br \/>Hvar er Gu\u00f0 \u00feeirra? <br \/> <\/span> <span class=\"ljodatexti\"> <a name=\"18\"><span class=\"versanumer_ljod\">18<\/span><\/a>Megi vandl\u00e6ting Drottins kvikna vegna lands hans <br \/>og megi hann s\u00fdna \u00fej\u00f3\u00f0 sinni umhyggju.\u201c <\/span> <\/p>\n<h3 class=\"millifyrirsogn_2007\">Endurreisn heiti\u00f0<\/h3>\n<p><span class=\"ljodatexti\"> <a name=\"19\"><span class=\"versanumer_ljod\">19<\/span><\/a>Og Drottinn svara\u00f0i og sag\u00f0i vi\u00f0 \u00fej\u00f3\u00f0 s\u00edna:<br \/>Sj\u00e1, n\u00fa sendi \u00e9g y\u00f0ur <br \/>korn, v\u00ednl\u00f6g og ol\u00edu, <br \/>\u00fear munu\u00f0 \u00fe\u00e9r hlj\u00f3ta fylli y\u00f0ar. <br \/>Og \u00e9g mun aldrei framar <br \/>gera y\u00f0ur a\u00f0 a\u00f0hl\u00e1tursefni \u00fej\u00f3\u00f0anna. <br \/> <\/span> <span class=\"ljodatexti\"> <a name=\"20\"><span class=\"versanumer_ljod\">20<\/span><\/a>Andst\u00e6\u00f0inginn \u00ed nor\u00f0ri <br \/>rek \u00e9g langt fr\u00e1 y\u00f0ur,<br \/>hann hrek \u00e9g \u00e1 \u00f6r\u00e6fi og \u00f3bygg\u00f0ir, <br \/>framvar\u00f0arsveit hans a\u00f0 hafinu \u00ed austri <br \/>og baksveitir hans a\u00f0 hafinu \u00ed vestri. <br \/> <\/span> <span class=\"ljodatexti\">Af honum ver\u00f0ur mikill \u00f3\u00feefur,<br \/>st\u00e6kur \u00f3daunn st\u00edgur upp af honum <br \/>enda hefur hann afreka\u00f0 miki\u00f0.<br \/> <\/span> <span class=\"ljodatexti\"><a name=\"21\"><span class=\"versanumer_ljod\">21<\/span><\/a>\u00d3ttast ekki, land, <br \/>heldur fagna og gle\u00f0st <br \/>\u00fev\u00ed a\u00f0 Drottinn hefur unni\u00f0 mikil st\u00f3rvirki. <br \/> <\/span> <span class=\"ljodatexti\"> <a name=\"22\"><span class=\"versanumer_ljod\">22<\/span><\/a> \u00d3ttist ekki, d\u00fdr merkurinnar. <br \/>Beitil\u00f6nd \u00f6r\u00e6fanna gr\u00f3a, <br \/>tr\u00e9n bera \u00e1v\u00f6xt, <br \/>f\u00edkjutr\u00e9n og v\u00ednvi\u00f0urinn veita \u00fer\u00f3tt sinn. <br \/> <\/span> <span class=\"ljodatexti\"> <a name=\"23\"><span class=\"versanumer_ljod\">23<\/span><\/a> Gle\u00f0jist, S\u00edonarb\u00faar, <br \/>og fagni\u00f0 \u00ed Drottni, Gu\u00f0i y\u00f0ar. <br \/>Af r\u00e9ttl\u00e6ti s\u00ednu hefur hann sent y\u00f0ur vorregni\u00f0 <br \/>og eins og fyrrum mun hann gefa y\u00f0ur vorregn og haustregn. <br \/> <\/span> <span class=\"ljodatexti\"> <a name=\"24\"><span class=\"versanumer_ljod\">24<\/span><\/a> \u00dereskivellir munu fyllast af korni <br \/>og kerin fl\u00f3a yfir af v\u00ednlegi og ol\u00edu. <br \/> <\/span> <span class=\"ljodatexti\"> <a name=\"25\"><span class=\"versanumer_ljod\">25<\/span><\/a> \u00c9g b\u00e6ti y\u00f0ur \u00e1rin <br \/>sem engisprettan \u00e1t upp, <br \/>\u00feau sem sm\u00e1vargurinn, grasvargurinn og jar\u00f0vargurinn \u00e1tu, <br \/>s\u00e1 mikli her sem \u00e9g sendi gegn y\u00f0ur. <br \/> <\/span> <span class=\"ljodatexti\"> <a name=\"26\"><span class=\"versanumer_ljod\">26<\/span><\/a> \u00de\u00e9r munu\u00f0 bor\u00f0a fylli y\u00f0ar <br \/>og lofa nafn Drottins, Gu\u00f0s y\u00f0ar, <br \/>sem svo undursamlega hefur vi\u00f0 y\u00f0ur breytt. <br \/>Og aldrei framar mun \u00fej\u00f3\u00f0 m\u00edn \u00feola sm\u00e1n.<br \/> <\/span> <span class=\"ljodatexti\"> <a name=\"27\"><span class=\"versanumer_ljod\">27<\/span><\/a> Og \u00fe\u00e9r munu\u00f0 vita a\u00f0 \u00e9g dvelst me\u00f0 \u00cdsrael <br \/>og er Drottinn, Gu\u00f0 y\u00f0ar, <br \/>\u00e9g, enginn annar. <br \/>Og aldrei framar mun \u00fej\u00f3\u00f0 m\u00edn \u00feola sm\u00e1n.<br \/> <\/span><\/p>\n","protected":false},"excerpt":{"rendered":"<p>Dagur Drottins 1\u00deeyti\u00f0 horni\u00f0 \u00e1 S\u00edon og l\u00e1ti\u00f0 varna\u00f0ar\u00f3p gjalla fr\u00e1 hinu heilaga fjalli m\u00ednu. Skj\u00e1lfi n\u00fa \u00f6ll heimsbygg\u00f0 \u00fev\u00ed a\u00f0 kominn er dagur Drottins,n\u00e1l\u00e6gur er hann, 2dagur myrkurs og drunga, dagur ni\u00f0dimmu og d\u00f6kkra sk\u00fdja. \u00deau s\u00edga sem sorti yfir fj\u00f6llin, \u00fear fer risavaxin og m\u00e1ttug \u00fej\u00f3\u00f0. Engan l\u00edka hefur \u00feetta \u00e1tt s\u00e9r fr\u00e1 upphafi vega og ekkert \u00feessu l\u00edkt mun aftur ver\u00f0a um aldir alda. Framr\u00e1s engisprettuhersins 3Fyrir \u00feeim fer ey\u00f0andi eldur og sl\u00f3\u00f0 \u00feeirra er logandi b\u00e1l, fyrir \u00feeim er landi\u00f0 sem Edensgar\u00f0ur, \u00ed sl\u00f3\u00f0 \u00feeirra \u00f6r\u00e6fi og au\u00f0n sem enginn f\u00e6r fl\u00fai\u00f0. 4\u00c1\u00feekkir hestum eru \u00feeir, <a href=\"https:\/\/biblian.is\/biblian\/joel-2-kafli\/\"> [&#8230;]<\/a><\/p>\n","protected":false},"author":1,"featured_media":0,"parent":0,"menu_order":0,"comment_status":"open","ping_status":"open","template":"bibliukaflar_NT.php","meta":{"footnotes":""},"class_list":["post-2495","page","type-page","status-publish","hentry"],"_links":{"self":[{"href":"https:\/\/biblian.is\/biblian\/wp-json\/wp\/v2\/pages\/2495","targetHints":{"allow":["GET"]}}],"collection":[{"href":"https:\/\/biblian.is\/biblian\/wp-json\/wp\/v2\/pages"}],"about":[{"href":"https:\/\/biblian.is\/biblian\/wp-json\/wp\/v2\/types\/page"}],"author":[{"embeddable":true,"href":"https:\/\/biblian.is\/biblian\/wp-json\/wp\/v2\/users\/1"}],"replies":[{"embeddable":true,"href":"https:\/\/biblian.is\/biblian\/wp-json\/wp\/v2\/comments?post=2495"}],"version-history":[{"count":0,"href":"https:\/\/biblian.is\/biblian\/wp-json\/wp\/v2\/pages\/2495\/revisions"}],"wp:attachment":[{"href":"https:\/\/biblian.is\/biblian\/wp-json\/wp\/v2\/media?parent=2495"}],"curies":[{"name":"wp","href":"https:\/\/api.w.org\/{rel}","templated":true}]}}