{"id":2494,"date":"2017-12-30T21:03:23","date_gmt":"2017-12-30T21:03:23","guid":{"rendered":"http:\/\/biblian.is\/biblian\/j%c2%97el-1-kafli\/"},"modified":"2024-03-19T16:13:51","modified_gmt":"2024-03-19T16:13:51","slug":"joel-1-kafli","status":"publish","type":"page","link":"https:\/\/biblian.is\/biblian\/joel-1-kafli\/","title":{"rendered":"J\u00f3el 1. kafli"},"content":{"rendered":"<p><a name=\"1\"><span class=\"versanumer_2007\">1<\/span><\/a> Or\u00f0 Drottins sem barst J\u00f3el Pet\u00faelssyni:<\/p>\n<h3 class=\"millifyrirsogn_2007\">Engisprettupl\u00e1ga<\/h3>\n<p>                                                                                                                                                                                                                                                                                                                                                                                                                                                                                                                     <span class=\"ljodatexti\"> <a name=\"2\"><span class=\"versanumer_ljod\">2<\/span><\/a>Hlusti\u00f0, \u00f6ldungar, <br \/>og hl\u00fd\u00f0i\u00f0 \u00e1 \u00feetta, allir sem landi\u00f0 byggi\u00f0. <br \/>Hefur nokku\u00f0 \u00feessu l\u00edkt gerst \u00e1 \u00e6vi y\u00f0ar <br \/>e\u00f0a \u00e1 d\u00f6gum forfe\u00f0ra y\u00f0ar? <br \/> <\/span> <span class=\"ljodatexti\"> <a name=\"3\"><span class=\"versanumer_ljod\">3<\/span><\/a>Segi\u00f0 b\u00f6rnum y\u00f0ar fr\u00e1 \u00feessu <br \/>og segi \u00feau \u00fea\u00f0 s\u00ednum b\u00f6rnum <br \/>og b\u00f6rn \u00feeirra komandi kynsl\u00f3\u00f0. <br \/> <\/span> <span class=\"ljodatexti\"> <a name=\"4\"><span class=\"versanumer_ljod\">4<\/span><\/a>\u00dea\u00f0 sem sm\u00e1vargurinn leif\u00f0i \u00e1t engisprettan, <br \/>leifar engisprettunnar \u00e1t grasvargurinn <br \/>og leifar grasvargsins \u00e1t jar\u00f0vargurinn.<br \/> <\/span> <span class=\"ljodatexti\"> <a name=\"5\"><span class=\"versanumer_ljod\">5<\/span><\/a>Vakni\u00f0, drykkjusvolar, og gr\u00e1ti\u00f0, <br \/>hefji\u00f0 harmakvein, \u00fe\u00e9r v\u00edndrykkjumenn. <br \/>N\u00fa er n\u00fdja v\u00edninu svipt fr\u00e1 v\u00f6rum y\u00f0ar. <br \/> <\/span> <span class=\"ljodatexti\"> <a name=\"6\"><span class=\"versanumer_ljod\">6<\/span><\/a>Voldug \u00fej\u00f3\u00f0 hefur r\u00e1\u00f0ist inn \u00ed land mitt, <br \/>meiri en svo a\u00f0 nokkurri t\u00f6lu ver\u00f0i \u00e1 komi\u00f0, <br \/>tennur hennar lj\u00f3nstennur <br \/>og skoltar hennar sem \u00e1 lj\u00f3nynju. <br \/> <\/span> <span class=\"ljodatexti\"> <a name=\"7\"><span class=\"versanumer_ljod\">7<\/span><\/a>V\u00ednvi\u00f0i m\u00ednum hefur h\u00fan eytt <br \/>og t\u00e6tt sundur f\u00edkjutr\u00e9 m\u00edn.<br \/>H\u00fan hefur flett berkinum af \u00feeim <br \/>og varpa\u00f0 burt, hv\u00edtar greinar \u00feeirra blasa vi\u00f0. <br \/> <\/span> <span class=\"ljodatexti\"> <a name=\"8\"><span class=\"versanumer_ljod\">8<\/span><\/a>Kveina \u00fe\u00fa eins og yngism\u00e6r, kl\u00e6dd h\u00e6rusekk, <span class=\"nedan_mal\" title=\" \u00c1tt er vi\u00f0 sorgarb\u00faning og landi\u00f0 e\u00f0a \u00fej\u00f3\u00f0in \u00e1v\u00f6rpu\u00f0, sbr. einnig 1.13.\">[<\/span> <br \/>sem harmar unnusta \u00e6sku sinnar. <br \/> <\/span> <span class=\"ljodatexti\"> <a name=\"9\"><span class=\"versanumer_ljod\">9<\/span><\/a>Matf\u00f3rn og dreypif\u00f3rn <br \/>eru horfnar \u00far h\u00fasi Drottins <br \/>og prestarnir,<br \/>\u00fej\u00f3nar Drottins, <br \/>eru harmi slegnir. <br \/> <\/span> <span class=\"ljodatexti\"> <a name=\"10\"><span class=\"versanumer_ljod\">10<\/span><\/a>Engin eru eydd <br \/>og sorg n\u00edstir sv\u00f6r\u00f0inn <br \/>\u00fev\u00ed a\u00f0 korni\u00f0 er krami\u00f0, v\u00ednl\u00f6gurinn \u00feorna\u00f0ur <br \/>og ol\u00edan \u00fer\u00e1nu\u00f0. <br \/> <\/span> <span class=\"ljodatexti\"> <a name=\"11\"><span class=\"versanumer_ljod\">11<\/span><\/a>R\u00e1\u00f0\u00ferota eru b\u00e6ndurnir <br \/>og v\u00ednyrkjarnir harma hlut sinn. <br \/>Hveiti\u00f0, byggi\u00f0, <br \/>\u00f6ll uppskeran er \u00feeim gl\u00f6tu\u00f0. <br \/> <\/span> <span class=\"ljodatexti\"> <a name=\"12\"><span class=\"versanumer_ljod\">12<\/span><\/a>Skr\u00e6lna\u00f0ur er v\u00ednvi\u00f0urinn <br \/>og visnu\u00f0 f\u00edkjutr\u00e9n, <br \/>granateplatr\u00e9n, p\u00e1lmarnir og eplatr\u00e9n. <br \/>Visin \u00f6ll tr\u00e9 merkurinnar <br \/>og \u00f6ll gle\u00f0i horfin mannanna b\u00f6rnum. <\/span> <\/p>\n<h3 class=\"millifyrirsogn_2007\">Hvatt til sinnaskipta og b\u00e6na<\/h3>\n<p><span class=\"ljodatexti\"> <a name=\"13\"><span class=\"versanumer_ljod\">13<\/span><\/a>Gyr\u00f0ist h\u00e6rusekk og harmi\u00f0, prestar,<br \/>hefji\u00f0 harmakvein, \u00fe\u00e9r \u00fej\u00f3nar altarisins.<br \/>Hv\u00edli\u00f0 n\u00e1ttlangt \u00ed h\u00e6rusekk, \u00fej\u00f3nar Gu\u00f0s m\u00edns. <br \/>H\u00fasi Gu\u00f0s y\u00f0ar er n\u00fa synja\u00f0 <br \/>um matf\u00f3rn jafnt sem dreypif\u00f3rn. <br \/> <\/span> <span class=\"ljodatexti\"> <a name=\"14\"><span class=\"versanumer_ljod\">14<\/span><\/a>Bo\u00f0i\u00f0 helga f\u00f6stu, <br \/>efni\u00f0 til helgrar samkundu. <br \/>Stefni\u00f0 saman \u00f6ldungunum, <br \/>j\u00e1, \u00f6llum landsb\u00faum, <br \/>\u00ed h\u00fasi Drottins, Gu\u00f0s y\u00f0ar, <br \/>og hr\u00f3pi\u00f0 til Drottins.<br \/> <\/span> <span class=\"ljodatexti\"> <a name=\"15\"><span class=\"versanumer_ljod\">15<\/span><\/a>\u00d3, s\u00e1 dagur! <br \/>Dagur Drottins n\u00e1lgast, <br \/>algj\u00f6ra ey\u00f0ingu f\u00e6rir hann fr\u00e1 Hinum alm\u00e1ttka. <br \/> <\/span> <span class=\"ljodatexti\"> <a name=\"16\"><span class=\"versanumer_ljod\">16<\/span><\/a>Er f\u00e6\u00f0unni ekki svipt burt <br \/>fyrir augum vorum <br \/>og f\u00f6gnu\u00f0i og gle\u00f0i <br \/>\u00far h\u00fasi Gu\u00f0s vors?<br \/> <\/span> <span class=\"ljodatexti\"> <a name=\"17\"><span class=\"versanumer_ljod\">17<\/span><\/a>Fr\u00e6i\u00f0 er skr\u00e6lna\u00f0 <br \/>undir leirk\u00f6kkum, <br \/>for\u00f0ab\u00far standa au\u00f0 <br \/>og hl\u00f6\u00f0ur ni\u00f0urn\u00edddar <br \/>\u00fev\u00ed a\u00f0 korni\u00f0 er skr\u00e6lna\u00f0. <br \/> <\/span> <span class=\"ljodatexti\"> <a name=\"18\"><span class=\"versanumer_ljod\">18<\/span><\/a>\u00d3, hve d\u00fdrin barma s\u00e9r. <br \/>Nautgripirnir r\u00e1sa stefnulaust <br \/>og finna s\u00e9r hvergi haga, <br \/>s\u00f6mu nau\u00f0 \u00feolir sau\u00f0f\u00e9\u00f0.<br \/> <\/span> <span class=\"ljodatexti\"> <a name=\"19\"><span class=\"versanumer_ljod\">19<\/span><\/a>Til \u00fe\u00edn, Drottinn, kalla \u00e9g. <br \/>Eldur hefur svi\u00f0i\u00f0 <br \/>hagaspildur \u00f6r\u00e6fanna <br \/>og b\u00e1li\u00f0 eytt <br \/>sk\u00f3gum merkurinnar. <br \/> <\/span> <span class=\"ljodatexti\"> <a name=\"20\"><span class=\"versanumer_ljod\">20<\/span><\/a>Jafnvel d\u00fdr merkurinnar <br \/>beina til \u00fe\u00edn kveinst\u00f6fum s\u00ednum. <br \/>Farvegir l\u00e6kjanna eru \u00feorna\u00f0ir <br \/>og eldurinn hefur svi\u00f0i\u00f0 burt <br \/>hagaspildur \u00f6r\u00e6fanna. <\/span> <\/p>\n","protected":false},"excerpt":{"rendered":"<p>1 Or\u00f0 Drottins sem barst J\u00f3el Pet\u00faelssyni: Engisprettupl\u00e1ga 2Hlusti\u00f0, \u00f6ldungar, og hl\u00fd\u00f0i\u00f0 \u00e1 \u00feetta, allir sem landi\u00f0 byggi\u00f0. Hefur nokku\u00f0 \u00feessu l\u00edkt gerst \u00e1 \u00e6vi y\u00f0ar e\u00f0a \u00e1 d\u00f6gum forfe\u00f0ra y\u00f0ar? 3Segi\u00f0 b\u00f6rnum y\u00f0ar fr\u00e1 \u00feessu og segi \u00feau \u00fea\u00f0 s\u00ednum b\u00f6rnum og b\u00f6rn \u00feeirra komandi kynsl\u00f3\u00f0. 4\u00dea\u00f0 sem sm\u00e1vargurinn leif\u00f0i \u00e1t engisprettan, leifar engisprettunnar \u00e1t grasvargurinn og leifar grasvargsins \u00e1t jar\u00f0vargurinn. 5Vakni\u00f0, drykkjusvolar, og gr\u00e1ti\u00f0, hefji\u00f0 harmakvein, \u00fe\u00e9r v\u00edndrykkjumenn. N\u00fa er n\u00fdja v\u00edninu svipt fr\u00e1 v\u00f6rum y\u00f0ar. 6Voldug \u00fej\u00f3\u00f0 hefur r\u00e1\u00f0ist inn \u00ed land mitt, meiri en svo a\u00f0 nokkurri t\u00f6lu ver\u00f0i \u00e1 komi\u00f0, tennur hennar lj\u00f3nstennur og skoltar <a href=\"https:\/\/biblian.is\/biblian\/joel-1-kafli\/\"> [&#8230;]<\/a><\/p>\n","protected":false},"author":1,"featured_media":0,"parent":0,"menu_order":0,"comment_status":"open","ping_status":"open","template":"bibliukaflar_NT.php","meta":{"footnotes":""},"class_list":["post-2494","page","type-page","status-publish","hentry"],"_links":{"self":[{"href":"https:\/\/biblian.is\/biblian\/wp-json\/wp\/v2\/pages\/2494","targetHints":{"allow":["GET"]}}],"collection":[{"href":"https:\/\/biblian.is\/biblian\/wp-json\/wp\/v2\/pages"}],"about":[{"href":"https:\/\/biblian.is\/biblian\/wp-json\/wp\/v2\/types\/page"}],"author":[{"embeddable":true,"href":"https:\/\/biblian.is\/biblian\/wp-json\/wp\/v2\/users\/1"}],"replies":[{"embeddable":true,"href":"https:\/\/biblian.is\/biblian\/wp-json\/wp\/v2\/comments?post=2494"}],"version-history":[{"count":0,"href":"https:\/\/biblian.is\/biblian\/wp-json\/wp\/v2\/pages\/2494\/revisions"}],"wp:attachment":[{"href":"https:\/\/biblian.is\/biblian\/wp-json\/wp\/v2\/media?parent=2494"}],"curies":[{"name":"wp","href":"https:\/\/api.w.org\/{rel}","templated":true}]}}