{"id":2492,"date":"2017-12-30T21:03:23","date_gmt":"2017-12-30T21:03:23","guid":{"rendered":"http:\/\/biblian.is\/biblian\/h%c2%97sea-13-kafli\/"},"modified":"2024-03-19T16:12:49","modified_gmt":"2024-03-19T16:12:49","slug":"hosea-13-kafli","status":"publish","type":"page","link":"https:\/\/biblian.is\/biblian\/hosea-13-kafli\/","title":{"rendered":"H\u00f3sea 13. kafli"},"content":{"rendered":"<h3 class=\"millifyrirsogn_2007\"> Endanlegt uppgj\u00f6r<\/h3>\n<p><span class=\"ljodatexti\"> <a name=\"1\"><span class=\"versanumer_ljod\">1<\/span><\/a>\u00deegar Efra\u00edm t\u00f3k til m\u00e1ls <br \/>skelfdust menn,<br \/>hann var virtur \u00ed \u00cdsrael<br \/>en var\u00f0 sekur vegna Baals og d\u00f3.<br \/> <\/span> <span class=\"ljodatexti\"> <a name=\"2\"><span class=\"versanumer_ljod\">2<\/span><\/a>Og n\u00fa syndga \u00feeir \u00e1fram<br \/>og steypa s\u00e9r l\u00edkneski \u00far silfri s\u00ednu,<br \/>skur\u00f0go\u00f0 af eigin hugviti<br \/>sem \u00f6ll eru verk handverksmanna.<br \/>\u00deeir segja: <br \/>\u201eMenn f\u00e6ra f\u00f3rnir og kyssa k\u00e1lfa.\u201c<br \/> <\/span> <span class=\"ljodatexti\"> <a name=\"3\"><span class=\"versanumer_ljod\">3<\/span><\/a>\u00deess vegna munu \u00feeir l\u00edkjast morgun\u00feoku<br \/>og d\u00f6gg sem hverfur flj\u00f3tt<br \/>e\u00f0a hismi sem feykt er af \u00fereskivelli<br \/>og reyk sem hverfur \u00fat um lj\u00f3ra.<br \/> <\/span> <span class=\"ljodatexti\"> <a name=\"4\"><span class=\"versanumer_ljod\">4<\/span><\/a>En \u00e9g, Drottinn, er Gu\u00f0 \u00feinn<br \/>s\u00ed\u00f0an \u00ed Egyptalandi<br \/>og \u00fe\u00fa skalt engan Gu\u00f0 j\u00e1ta annan en mig<br \/>og enginn er frelsari nema \u00e9g.<br \/> <\/span> <span class=\"ljodatexti\"> <a name=\"5\"><span class=\"versanumer_ljod\">5<\/span><\/a>\u00c9g anna\u00f0ist \u00feig \u00ed ey\u00f0im\u00f6rkinni, <br \/>\u00ed skrauf\u00feurru landi.<br \/> <\/span> <span class=\"ljodatexti\"> <a name=\"6\"><span class=\"versanumer_ljod\">6<\/span><\/a>\u00deegar \u00feeir h\u00f6f\u00f0u haglendi ur\u00f0u \u00feeir saddir,<br \/>ur\u00f0u saddir og fylltust hroka<br \/>og \u00fev\u00ed gleymdu \u00feeir m\u00e9r.<br \/> <\/span> <span class=\"ljodatexti\"> <a name=\"7\"><span class=\"versanumer_ljod\">7<\/span><\/a>\u00c9g mun reynast \u00feeim sem lj\u00f3n,<br \/>ligg \u00ed leyni vi\u00f0 veginn eins og pardus,<br \/> <\/span> <span class=\"ljodatexti\"> <a name=\"8\"><span class=\"versanumer_ljod\">8<\/span><\/a>r\u00e6\u00f0st \u00e1 \u00fe\u00e1 eins og birna<br \/>svipt h\u00fanum s\u00ednum<br \/>og r\u00edf \u00fe\u00e1 \u00e1 hol,<br \/>\u00e9g gleypi \u00fe\u00e1 eins og lj\u00f3n,<br \/>villid\u00fdr munu sl\u00edta \u00fe\u00e1 \u00ed sundur.<br \/> <\/span> <span class=\"ljodatexti\"> <a name=\"9\"><span class=\"versanumer_ljod\">9<\/span><\/a>Ey\u00f0ing kemur yfir \u00feig, \u00cdsrael,<br \/>en hj\u00e1lp \u00fe\u00edn er \u00ed m\u00e9r.<br \/> <\/span> <span class=\"ljodatexti\"> <a name=\"10\"><span class=\"versanumer_ljod\">10<\/span><\/a>Hvar er n\u00fa konungur \u00feinn<br \/>sem g\u00e6ti bjarga\u00f0 \u00fe\u00e9r<br \/>og \u00f6llum borgum \u00fe\u00ednum,<br \/>hvar stj\u00f3rnendur \u00fe\u00ednir?<br \/>\u00de\u00fa ba\u00f0st um \u00fe\u00e1 og sag\u00f0ir:<br \/>\u201eF\u00e1\u00f0u m\u00e9r konung og h\u00f6f\u00f0ingja.\u201c <br \/> <\/span> <span class=\"ljodatexti\"> <a name=\"11\"><span class=\"versanumer_ljod\">11<\/span><\/a>\u00c9g gaf \u00fe\u00e9r konung \u00ed rei\u00f0i minni<br \/>og t\u00f3k hann aftur \u00ed heift minni.<br \/> <\/span> <span class=\"ljodatexti\"> <a name=\"12\"><span class=\"versanumer_ljod\">12<\/span><\/a>Sekt Efra\u00edms er innsiglu\u00f0,<br \/>synd hans geymd.<br \/> <\/span> <span class=\"ljodatexti\"> <a name=\"13\"><span class=\"versanumer_ljod\">13<\/span><\/a>\u00derautir l\u00edkar f\u00e6\u00f0ingarhr\u00ed\u00f0um koma yfir hann.<br \/>Hann er heimskur sonur.<br \/>\u00deegar stundin er komin<br \/>kemur hann ekki \u00ed bur\u00f0arli\u00f0inn.<br \/> <\/span> <span class=\"ljodatexti\"> <a name=\"14\"><span class=\"versanumer_ljod\">14<\/span><\/a>\u00c1 \u00e9g a\u00f0 leysa \u00fe\u00e1 \u00far<br \/>greipum heljar, <br \/>frelsa \u00fe\u00e1 fr\u00e1 dau\u00f0a?<br \/>Hvar eru s\u00f3ttir \u00fe\u00ednar, dau\u00f0i,<br \/>hvar broddur \u00feinn, hel? <br \/>Augu m\u00edn \u00feekkja enga miskunn.<br \/> <\/span> <span class=\"ljodatexti\"> <a name=\"15\"><span class=\"versanumer_ljod\">15<\/span><\/a>\u00de\u00f3 a\u00f0 Efra\u00edm bl\u00f3mgist innan um sefgresi <br \/>kemur austanvindurinn,<br \/>stormur fr\u00e1 Drottni.<br \/>Hann hefur sig upp fr\u00e1 ey\u00f0im\u00f6rkinni,<br \/>vatnsb\u00f3l \u00feorna<br \/>og uppsprettur \u00ferj\u00f3ta.<br \/>Hann <span class=\"nedan_mal\" title=\" Hann, \u00fe.e. vindurinn. \u00c1tt er vi\u00f0 Ass\u00fdr\u00edukonung sem t\u00f3k Samar\u00edu.\">[<\/span> r\u00e6nir fj\u00e1rhirsluna<br \/>\u00f6llum d\u00fdrgripum s\u00ednum. <\/span> <\/p>\n","protected":false},"excerpt":{"rendered":"<p>Endanlegt uppgj\u00f6r 1\u00deegar Efra\u00edm t\u00f3k til m\u00e1ls skelfdust menn,hann var virtur \u00ed \u00cdsraelen var\u00f0 sekur vegna Baals og d\u00f3. 2Og n\u00fa syndga \u00feeir \u00e1framog steypa s\u00e9r l\u00edkneski \u00far silfri s\u00ednu,skur\u00f0go\u00f0 af eigin hugvitisem \u00f6ll eru verk handverksmanna.\u00deeir segja: \u201eMenn f\u00e6ra f\u00f3rnir og kyssa k\u00e1lfa.\u201c 3\u00deess vegna munu \u00feeir l\u00edkjast morgun\u00feokuog d\u00f6gg sem hverfur flj\u00f3tte\u00f0a hismi sem feykt er af \u00fereskivelliog reyk sem hverfur \u00fat um lj\u00f3ra. 4En \u00e9g, Drottinn, er Gu\u00f0 \u00feinns\u00ed\u00f0an \u00ed Egyptalandiog \u00fe\u00fa skalt engan Gu\u00f0 j\u00e1ta annan en migog enginn er frelsari nema \u00e9g. 5\u00c9g anna\u00f0ist \u00feig \u00ed ey\u00f0im\u00f6rkinni, \u00ed skrauf\u00feurru landi. 6\u00deegar \u00feeir h\u00f6f\u00f0u haglendi ur\u00f0u <a href=\"https:\/\/biblian.is\/biblian\/hosea-13-kafli\/\"> [&#8230;]<\/a><\/p>\n","protected":false},"author":1,"featured_media":0,"parent":0,"menu_order":0,"comment_status":"open","ping_status":"open","template":"bibliukaflar_NT.php","meta":{"footnotes":""},"class_list":["post-2492","page","type-page","status-publish","hentry"],"_links":{"self":[{"href":"https:\/\/biblian.is\/biblian\/wp-json\/wp\/v2\/pages\/2492","targetHints":{"allow":["GET"]}}],"collection":[{"href":"https:\/\/biblian.is\/biblian\/wp-json\/wp\/v2\/pages"}],"about":[{"href":"https:\/\/biblian.is\/biblian\/wp-json\/wp\/v2\/types\/page"}],"author":[{"embeddable":true,"href":"https:\/\/biblian.is\/biblian\/wp-json\/wp\/v2\/users\/1"}],"replies":[{"embeddable":true,"href":"https:\/\/biblian.is\/biblian\/wp-json\/wp\/v2\/comments?post=2492"}],"version-history":[{"count":0,"href":"https:\/\/biblian.is\/biblian\/wp-json\/wp\/v2\/pages\/2492\/revisions"}],"wp:attachment":[{"href":"https:\/\/biblian.is\/biblian\/wp-json\/wp\/v2\/media?parent=2492"}],"curies":[{"name":"wp","href":"https:\/\/api.w.org\/{rel}","templated":true}]}}