{"id":2490,"date":"2017-12-30T21:03:23","date_gmt":"2017-12-30T21:03:23","guid":{"rendered":"http:\/\/biblian.is\/biblian\/h%c2%97sea-11-kafli\/"},"modified":"2024-03-19T16:12:49","modified_gmt":"2024-03-19T16:12:49","slug":"hosea-11-kafli","status":"publish","type":"page","link":"https:\/\/biblian.is\/biblian\/hosea-11-kafli\/","title":{"rendered":"H\u00f3sea 11. kafli"},"content":{"rendered":"<h3 class=\"millifyrirsogn_2007\"> K\u00e6rleikur Gu\u00f0s til \u00cdsraels<\/h3>\n<p><span class=\"ljodatexti\"> <a name=\"1\"><span class=\"versanumer_ljod\">1<\/span><\/a>\u00deegar \u00cdsrael var ungur<br \/>f\u00e9kk \u00e9g \u00e1st \u00e1 honum<br \/>og kalla\u00f0i son minn fr\u00e1 Egyptalandi.<br \/> <\/span> <span class=\"ljodatexti\"> <a name=\"2\"><span class=\"versanumer_ljod\">2<\/span><\/a>\u00deegar \u00e9g kalla\u00f0i \u00e1 \u00fe\u00e1<br \/>hlupu \u00feeir fr\u00e1 augliti m\u00ednu,<br \/>f\u00e6r\u00f0u Ba\u00f6lum sl\u00e1turf\u00f3rnir og skur\u00f0go\u00f0um reykelsi.<br \/> <\/span> <span class=\"ljodatexti\"> <a name=\"3\"><span class=\"versanumer_ljod\">3<\/span><\/a>\u00c9g kenndi Efra\u00edm a\u00f0 ganga,<br \/>bar \u00fe\u00e1 \u00e1 \u00f6rmum m\u00e9r<br \/>en \u00feeir skildu ekki a\u00f0 \u00fea\u00f0 var \u00e9g sem anna\u00f0ist \u00fe\u00e1.<br \/> <\/span> <span class=\"ljodatexti\"> <a name=\"4\"><span class=\"versanumer_ljod\">4<\/span><\/a>\u00c9g dr\u00f3 \u00fe\u00e1 a\u00f0 m\u00e9r me\u00f0 b\u00f6ndum eins og menn nota,<br \/>me\u00f0 taugum k\u00e6rleikans.<br \/>\u00c9g reyndist \u00feeim eins og s\u00e1<br \/>sem lyftir brj\u00f3stmylkingi a\u00f0 vanga s\u00e9r.<br \/>\u00c9g beyg\u00f0i mig ni\u00f0ur a\u00f0 honum, <br \/>gaf honum a\u00f0 eta.<br \/> <\/span> <span class=\"ljodatexti\"> <a name=\"5\"><span class=\"versanumer_ljod\">5<\/span><\/a>Hann vill hverfa aftur til Egyptalands,<br \/>Ass\u00far ver\u00f0ur konungur hans.<br \/>\u00dear sem hann neita\u00f0i a\u00f0 hverfa aftur<br \/> <\/span> <span class=\"ljodatexti\"> <a name=\"6\"><span class=\"versanumer_ljod\">6<\/span><\/a>mun sver\u00f0i\u00f0 geisa \u00ed borgum \u00feeirra<br \/>og tort\u00edma sp\u00e1prestum <span class=\"nedan_mal\" title=\" Annar lesh\u00e1ttur: slagbr\u00f6ndum.\">[<\/span> \u00feeirra,<br \/>ey\u00f0a \u00feeim vegna r\u00e1\u00f0abruggs \u00feeirra.<br \/> <\/span> <span class=\"ljodatexti\"> <a name=\"7\"><span class=\"versanumer_ljod\">7<\/span><\/a>En \u00fej\u00f3\u00f0 m\u00edn er r\u00e1\u00f0in \u00ed a\u00f0 yfirgefa mig<br \/>og \u00feeir hr\u00f3pa til Baals<br \/>en hann reisir \u00fe\u00e1 ekki upp.<br \/> <\/span> <span class=\"ljodatexti\"> <a name=\"8\"><span class=\"versanumer_ljod\">8<\/span><\/a>Hvernig g\u00e6ti \u00e9g framselt \u00feig, Efra\u00edm,<br \/>ofurselt \u00feig, \u00cdsrael,<br \/>hvernig g\u00e6ti \u00e9g framselt \u00feig eins og Adma,<br \/>fari\u00f0 me\u00f0 \u00feig eins og Seb\u00f3\u00edm? <br \/>Hjarta\u00f0 umhverfist \u00ed brj\u00f3sti m\u00e9r,<br \/>\u00e9g finn fyrir brennheitri sam\u00fa\u00f0. <br \/> <\/span> <span class=\"ljodatexti\"> <a name=\"9\"><span class=\"versanumer_ljod\">9<\/span><\/a>\u00c9g \u00e6tla ekki a\u00f0 l\u00e1ta gl\u00f3andi rei\u00f0i m\u00edna r\u00e1\u00f0a,<br \/>ekki ey\u00f0a Efra\u00edm aftur.<br \/>\u00dear sem \u00e9g er Gu\u00f0 og ekki ma\u00f0ur,<br \/>heilagur mitt \u00e1 me\u00f0al y\u00f0ar,<br \/>kem \u00e9g ekki til y\u00f0ar \u00ed br\u00e6\u00f0i.<br \/> <\/span> <span class=\"ljodatexti\"> <a name=\"10\"><span class=\"versanumer_ljod\">10<\/span><\/a>\u00deeir munu fylgja Drottni,<br \/>hann mun \u00f6skra sem lj\u00f3n,<br \/>j\u00e1, hann mun \u00f6skra<br \/>svo a\u00f0 synirnir komi skj\u00e1lfandi \u00far vestri.<br \/> <\/span> <span class=\"ljodatexti\"> <a name=\"11\"><span class=\"versanumer_ljod\">11<\/span><\/a>\u00deeir koma skj\u00e1lfandi eins og fuglar fr\u00e1 Egyptalandi,<br \/>eins og d\u00fafur fr\u00e1 Ass\u00fdr\u00edu.<br \/>\u00de\u00e1 mun \u00e9g l\u00e1ta \u00fe\u00e1 b\u00faa \u00ed eigin h\u00fasum,<br \/>segir Drottinn. <\/span> <\/p>\n","protected":false},"excerpt":{"rendered":"<p>K\u00e6rleikur Gu\u00f0s til \u00cdsraels 1\u00deegar \u00cdsrael var ungurf\u00e9kk \u00e9g \u00e1st \u00e1 honumog kalla\u00f0i son minn fr\u00e1 Egyptalandi. 2\u00deegar \u00e9g kalla\u00f0i \u00e1 \u00fe\u00e1hlupu \u00feeir fr\u00e1 augliti m\u00ednu,f\u00e6r\u00f0u Ba\u00f6lum sl\u00e1turf\u00f3rnir og skur\u00f0go\u00f0um reykelsi. 3\u00c9g kenndi Efra\u00edm a\u00f0 ganga,bar \u00fe\u00e1 \u00e1 \u00f6rmum m\u00e9ren \u00feeir skildu ekki a\u00f0 \u00fea\u00f0 var \u00e9g sem anna\u00f0ist \u00fe\u00e1. 4\u00c9g dr\u00f3 \u00fe\u00e1 a\u00f0 m\u00e9r me\u00f0 b\u00f6ndum eins og menn nota,me\u00f0 taugum k\u00e6rleikans.\u00c9g reyndist \u00feeim eins og s\u00e1sem lyftir brj\u00f3stmylkingi a\u00f0 vanga s\u00e9r.\u00c9g beyg\u00f0i mig ni\u00f0ur a\u00f0 honum, gaf honum a\u00f0 eta. 5Hann vill hverfa aftur til Egyptalands,Ass\u00far ver\u00f0ur konungur hans.\u00dear sem hann neita\u00f0i a\u00f0 hverfa aftur 6mun sver\u00f0i\u00f0 geisa <a href=\"https:\/\/biblian.is\/biblian\/hosea-11-kafli\/\"> [&#8230;]<\/a><\/p>\n","protected":false},"author":1,"featured_media":0,"parent":0,"menu_order":0,"comment_status":"open","ping_status":"open","template":"bibliukaflar_NT.php","meta":{"footnotes":""},"class_list":["post-2490","page","type-page","status-publish","hentry"],"_links":{"self":[{"href":"https:\/\/biblian.is\/biblian\/wp-json\/wp\/v2\/pages\/2490","targetHints":{"allow":["GET"]}}],"collection":[{"href":"https:\/\/biblian.is\/biblian\/wp-json\/wp\/v2\/pages"}],"about":[{"href":"https:\/\/biblian.is\/biblian\/wp-json\/wp\/v2\/types\/page"}],"author":[{"embeddable":true,"href":"https:\/\/biblian.is\/biblian\/wp-json\/wp\/v2\/users\/1"}],"replies":[{"embeddable":true,"href":"https:\/\/biblian.is\/biblian\/wp-json\/wp\/v2\/comments?post=2490"}],"version-history":[{"count":0,"href":"https:\/\/biblian.is\/biblian\/wp-json\/wp\/v2\/pages\/2490\/revisions"}],"wp:attachment":[{"href":"https:\/\/biblian.is\/biblian\/wp-json\/wp\/v2\/media?parent=2490"}],"curies":[{"name":"wp","href":"https:\/\/api.w.org\/{rel}","templated":true}]}}