{"id":2489,"date":"2017-12-30T21:03:23","date_gmt":"2017-12-30T21:03:23","guid":{"rendered":"http:\/\/biblian.is\/biblian\/h%c2%97sea-10-kafli\/"},"modified":"2024-03-19T16:12:49","modified_gmt":"2024-03-19T16:12:49","slug":"hosea-10-kafli","status":"publish","type":"page","link":"https:\/\/biblian.is\/biblian\/hosea-10-kafli\/","title":{"rendered":"H\u00f3sea 10. kafli"},"content":{"rendered":"<h3 class=\"millifyrirsogn_2007\"> T\u00e1kni skur\u00f0go\u00f0ad\u00fdrkunarinnar eytt<\/h3>\n<p><span class=\"ljodatexti\"> <a name=\"1\"><span class=\"versanumer_ljod\">1<\/span><\/a>\u00cdsrael er bl\u00f3mlegur v\u00ednvi\u00f0ur<br \/>sem ber \u00e1v\u00f6xt.<br \/>\u00deegar \u00e1v\u00f6xtum hans fj\u00f6lga\u00f0i<br \/>fj\u00f6lga\u00f0i hann \u00f6lturum s\u00ednum.<br \/>\u00deegar velmegun j\u00f3kst \u00ed landinu<br \/>ger\u00f0i hann merkisteina s\u00edna fegurri.<br \/> <\/span> <span class=\"ljodatexti\"> <a name=\"2\"><span class=\"versanumer_ljod\">2<\/span><\/a>Hjarta \u00feeirra er svikult, <br \/>n\u00fa eru \u00feeir sekir.<br \/>Hann mun sj\u00e1lfur brj\u00f3ta \u00f6lturu \u00feeirra,<br \/>ey\u00f0a merkisteinum \u00feeirra. <br \/> <\/span> <span class=\"ljodatexti\"> <a name=\"3\"><span class=\"versanumer_ljod\">3<\/span><\/a>N\u00fa munu \u00feeir segja:<br \/>\u201eV\u00e9r h\u00f6fum engan konung<br \/>\u00fev\u00ed a\u00f0 v\u00e9r \u00f3ttumst ekki Drottin.<br \/>Hva\u00f0 getur konungurinn gert fyrir oss?<br \/> <\/span> <span class=\"ljodatexti\"> <a name=\"4\"><span class=\"versanumer_ljod\">4<\/span><\/a>Tala\u00f0 f\u00e1n\u00fdt or\u00f0, svari\u00f0 meins\u00e6ri,<br \/>gert s\u00e1ttm\u00e1la.\u201c <br \/>Og r\u00e9tturinn bl\u00f3mstrar eins og eitru\u00f0 jurt<br \/>\u00ed pl\u00f3gfari \u00e1 akri.<br \/> <\/span> <span class=\"ljodatexti\"> <a name=\"5\"><span class=\"versanumer_ljod\">5<\/span><\/a>\u00cdb\u00faar Samar\u00edu \u00f3ttast um k\u00e1lfinn \u00ed Betaven.<br \/>\u00dej\u00f3\u00f0 hans syrgir hann,<br \/>prestar hans gr\u00e1ta d\u00fdr\u00f0 hans<br \/>\u00fev\u00ed a\u00f0 hann ver\u00f0ur ger\u00f0ur \u00fatl\u00e6gur fr\u00e1 \u00feeim.<br \/> <\/span> <span class=\"ljodatexti\"> <a name=\"6\"><span class=\"versanumer_ljod\">6<\/span><\/a>Hann ver\u00f0ur fluttur til Ass\u00fdr\u00edu<br \/>sem gj\u00f6f til st\u00f3rkonungs.<br \/>Efra\u00edm uppsker sm\u00e1n,<br \/>\u00cdsrael ver\u00f0ur s\u00e9r til skammar <br \/>vegna r\u00e1\u00f0a sinna.<br \/> <\/span> <span class=\"ljodatexti\"> <a name=\"7\"><span class=\"versanumer_ljod\">7<\/span><\/a>Samar\u00eda ver\u00f0ur eydd,<br \/>konungur hennar ver\u00f0ur<br \/>sem afskorinn kvistur \u00ed vatni.<br \/> <\/span> <span class=\"ljodatexti\"> <a name=\"8\"><span class=\"versanumer_ljod\">8<\/span><\/a>F\u00f3rnarh\u00e6\u00f0ir illskunnar, synd \u00cdsraels,<br \/>ver\u00f0a eyddar,<br \/>\u00feyrnar og \u00feistlar<br \/>munu vaxa yfir \u00f6lturu \u00feeirra.<br \/>Menn munu segja vi\u00f0 fj\u00f6llin:<br \/>\u201eHylji\u00f0 oss,\u201c<br \/>og vi\u00f0 h\u00e6\u00f0irnar:<br \/>\u201eHrynji\u00f0 yfir oss.\u201c <\/span> <\/p>\n<h3 class=\"millifyrirsogn_2007\">Endalok \u00cdsraels<\/h3>\n<p><span class=\"ljodatexti\"> <a name=\"9\"><span class=\"versanumer_ljod\">9<\/span><\/a>Allt fr\u00e1 d\u00f6gum G\u00edbeu <br \/>hefur \u00fe\u00fa syndga\u00f0, \u00cdsrael,<br \/>\u00fear hafa \u00feeir sta\u00f0i\u00f0 \u00ed s\u00f6mu sporum.<br \/>Mun str\u00ed\u00f0 ekki n\u00e1 til \u00feeirra \u00ed G\u00edbeu<br \/>vegna illskuverkanna?<br \/> <\/span> <span class=\"ljodatexti\"> <a name=\"10\"><span class=\"versanumer_ljod\">10<\/span><\/a>\u00c9g er kominn til a\u00f0 aga \u00fe\u00e1. <br \/>\u00dej\u00f3\u00f0ir munu safnast saman gegn \u00feeim<br \/>\u00feegar \u00feeir s\u00e6ta aga<br \/>fyrir b\u00e1\u00f0ar syndir s\u00ednar.<br \/> <\/span> <span class=\"ljodatexti\"> <a name=\"11\"><span class=\"versanumer_ljod\">11<\/span><\/a>Efra\u00edm var tamin kv\u00edga,<br \/>viljug a\u00f0 \u00fereskja.<br \/>\u00deegar \u00e9g gekk hj\u00e1<br \/>og s\u00e1 sterklegan h\u00e1ls hennar<br \/>spennti \u00e9g Efra\u00edm fyrir <br \/>til a\u00f0 pl\u00e6gja,<br \/>Jakob \u00e1 a\u00f0 herfa.<br \/> <\/span> <span class=\"ljodatexti\"> <a name=\"12\"><span class=\"versanumer_ljod\">12<\/span><\/a>S\u00e1i\u00f0 r\u00e9ttl\u00e6ti<br \/>og uppskeri\u00f0 k\u00e6rleika,<br \/>brj\u00f3ti\u00f0 land til r\u00e6ktunar.<br \/>N\u00fa er t\u00edmi til a\u00f0 leita svara hj\u00e1 Drottni<br \/>\u00fear til hann kemur<br \/>og l\u00e6tur r\u00e9ttl\u00e6ti rigna yfir y\u00f0ur. <br \/> <\/span> <span class=\"ljodatexti\"> <a name=\"13\"><span class=\"versanumer_ljod\">13<\/span><\/a>En \u00fe\u00e9r hafi\u00f0 gr\u00f3\u00f0ursett rangl\u00e6ti,<br \/>uppskori\u00f0 gl\u00e6pi, <br \/>\u00fe\u00e9r hafi\u00f0 eti\u00f0 \u00e1v\u00f6xt lyginnar.<br \/>\u00de\u00fa treystir \u00fe\u00ednum eigin lei\u00f0um<br \/>og fj\u00f6lda hermanna \u00feinna.<br \/> <\/span> <span class=\"ljodatexti\"> <a name=\"14\"><span class=\"versanumer_ljod\">14<\/span><\/a>\u00deess vegna r\u00eds hergn\u00fdr gegn \u00fej\u00f3\u00f0 \u00feinni<br \/>og allar virkisborgir \u00fe\u00ednar ver\u00f0a eyddar<br \/>eins og Salman eyddi Betarbel<br \/>\u00e1 degi orrustunnar<br \/>\u00feegar m\u00f3\u00f0ir var kramin \u00e1samt b\u00f6rnum s\u00ednum.<br \/> <\/span> <span class=\"ljodatexti\"> <a name=\"15\"><span class=\"versanumer_ljod\">15<\/span><\/a>\u00deannig mun \u00e9g fara me\u00f0 y\u00f0ur, \u00cdsraelsmenn, <span class=\"nedan_mal\" title=\" Annar lesh\u00e1ttur: fara me\u00f0 \u00feig, Betel.\">[<\/span> <br \/>vegna mikillar vonsku y\u00f0ar.<br \/>\u00cd d\u00f6gun \u00feagnar konungur \u00cdsraels. <\/span> <\/p>\n","protected":false},"excerpt":{"rendered":"<p>T\u00e1kni skur\u00f0go\u00f0ad\u00fdrkunarinnar eytt 1\u00cdsrael er bl\u00f3mlegur v\u00ednvi\u00f0ursem ber \u00e1v\u00f6xt.\u00deegar \u00e1v\u00f6xtum hans fj\u00f6lga\u00f0ifj\u00f6lga\u00f0i hann \u00f6lturum s\u00ednum.\u00deegar velmegun j\u00f3kst \u00ed landinuger\u00f0i hann merkisteina s\u00edna fegurri. 2Hjarta \u00feeirra er svikult, n\u00fa eru \u00feeir sekir.Hann mun sj\u00e1lfur brj\u00f3ta \u00f6lturu \u00feeirra,ey\u00f0a merkisteinum \u00feeirra. 3N\u00fa munu \u00feeir segja:\u201eV\u00e9r h\u00f6fum engan konung\u00fev\u00ed a\u00f0 v\u00e9r \u00f3ttumst ekki Drottin.Hva\u00f0 getur konungurinn gert fyrir oss? 4Tala\u00f0 f\u00e1n\u00fdt or\u00f0, svari\u00f0 meins\u00e6ri,gert s\u00e1ttm\u00e1la.\u201c Og r\u00e9tturinn bl\u00f3mstrar eins og eitru\u00f0 jurt\u00ed pl\u00f3gfari \u00e1 akri. 5\u00cdb\u00faar Samar\u00edu \u00f3ttast um k\u00e1lfinn \u00ed Betaven.\u00dej\u00f3\u00f0 hans syrgir hann,prestar hans gr\u00e1ta d\u00fdr\u00f0 hans\u00fev\u00ed a\u00f0 hann ver\u00f0ur ger\u00f0ur \u00fatl\u00e6gur fr\u00e1 \u00feeim. 6Hann ver\u00f0ur fluttur til Ass\u00fdr\u00edusem gj\u00f6f til st\u00f3rkonungs.Efra\u00edm <a href=\"https:\/\/biblian.is\/biblian\/hosea-10-kafli\/\"> [&#8230;]<\/a><\/p>\n","protected":false},"author":1,"featured_media":0,"parent":0,"menu_order":0,"comment_status":"open","ping_status":"open","template":"bibliukaflar_NT.php","meta":{"footnotes":""},"class_list":["post-2489","page","type-page","status-publish","hentry"],"_links":{"self":[{"href":"https:\/\/biblian.is\/biblian\/wp-json\/wp\/v2\/pages\/2489","targetHints":{"allow":["GET"]}}],"collection":[{"href":"https:\/\/biblian.is\/biblian\/wp-json\/wp\/v2\/pages"}],"about":[{"href":"https:\/\/biblian.is\/biblian\/wp-json\/wp\/v2\/types\/page"}],"author":[{"embeddable":true,"href":"https:\/\/biblian.is\/biblian\/wp-json\/wp\/v2\/users\/1"}],"replies":[{"embeddable":true,"href":"https:\/\/biblian.is\/biblian\/wp-json\/wp\/v2\/comments?post=2489"}],"version-history":[{"count":0,"href":"https:\/\/biblian.is\/biblian\/wp-json\/wp\/v2\/pages\/2489\/revisions"}],"wp:attachment":[{"href":"https:\/\/biblian.is\/biblian\/wp-json\/wp\/v2\/media?parent=2489"}],"curies":[{"name":"wp","href":"https:\/\/api.w.org\/{rel}","templated":true}]}}