{"id":2488,"date":"2017-12-30T21:03:23","date_gmt":"2017-12-30T21:03:23","guid":{"rendered":"http:\/\/biblian.is\/biblian\/h%c2%97sea-9-kafli\/"},"modified":"2024-03-19T16:12:51","modified_gmt":"2024-03-19T16:12:51","slug":"hosea-9-kafli","status":"publish","type":"page","link":"https:\/\/biblian.is\/biblian\/hosea-9-kafli\/","title":{"rendered":"H\u00f3sea 9. kafli"},"content":{"rendered":"<h3 class=\"millifyrirsogn_2007\"> \u00cdsrael refsa\u00f0<\/h3>\n<p><span class=\"ljodatexti\"> <a name=\"1\"><span class=\"versanumer_ljod\">1<\/span><\/a>Gle\u00f0stu ekki, \u00cdsrael,<br \/>fagna\u00f0u ekki eins og a\u00f0rar \u00fej\u00f3\u00f0ir<br \/>\u00fev\u00ed a\u00f0 \u00fe\u00fa h\u00f3ra\u00f0ist, yfirgafst Gu\u00f0 \u00feinn.<br \/>\u00de\u00fa girntist sk\u00e6kjulaun<br \/>\u00e1 hverjum \u00fereskivelli.<br \/> <\/span> <span class=\"ljodatexti\"> <a name=\"2\"><span class=\"versanumer_ljod\">2<\/span><\/a>\u00dereskiv\u00f6llur og v\u00ednpressa skulu ekki f\u00e6\u00f0a \u00fe\u00e1<br \/>og v\u00ednuppskeran bregst \u00feeim.<br \/> <\/span> <span class=\"ljodatexti\"> <a name=\"3\"><span class=\"versanumer_ljod\">3<\/span><\/a>\u00deeir f\u00e1 ekki a\u00f0 b\u00faa \u00ed landi Drottins,<br \/>Efra\u00edm mun hverfa aftur til Egyptalands<br \/>og neyta \u00f3hreinnar f\u00e6\u00f0u \u00ed Ass\u00fdr\u00edu.<br \/> <\/span> <span class=\"ljodatexti\"> <a name=\"4\"><span class=\"versanumer_ljod\">4<\/span><\/a>Ekki f\u00e6ra \u00feeir Drottni v\u00edn a\u00f0 dreypif\u00f3rn<br \/>og sl\u00e1turf\u00f3rnir \u00feeirra gle\u00f0ja hann ekki.<br \/>Brau\u00f0i\u00f0 ver\u00f0ur \u00feeim sem sorgarbrau\u00f0,<br \/>hver sem \u00feess neytir ver\u00f0ur \u00f3hreinn.<br \/>Brau\u00f0i\u00f0 se\u00f0ur a\u00f0eins hungur \u00feeirra<br \/>en kemur ekki \u00ed h\u00fas Drottins.<br \/> <\/span> <span class=\"ljodatexti\"> <a name=\"5\"><span class=\"versanumer_ljod\">5<\/span><\/a>Hva\u00f0 \u00e6tli\u00f0 \u00fe\u00e9r a\u00f0 gera \u00e1 l\u00f6ghelgum,<br \/>\u00e1 h\u00e1t\u00ed\u00f0ard\u00f6gum Drottins?<br \/> <\/span> <span class=\"ljodatexti\"> <a name=\"6\"><span class=\"versanumer_ljod\">6<\/span><\/a>\u00de\u00f3tt \u00feeir sleppi fr\u00e1 ey\u00f0ingunni<br \/>safnar Egyptaland \u00feeim saman,<br \/>Memfis grefur \u00fe\u00e1,<br \/>hversu ver\u00f0m\u00e6tt sem silfur \u00feeirra er<br \/>vex illgresi yfir \u00fea\u00f0,<br \/>\u00ed tj\u00f6ldum \u00feeirra vaxa \u00feyrnar.<br \/> <\/span> <span class=\"ljodatexti\"> <a name=\"7\"><span class=\"versanumer_ljod\">7<\/span><\/a>Dagar uppgj\u00f6rsins eru komnir,<br \/>dagar endurgjaldsins eru komnir,<br \/>\u00cdsrael mun sj\u00e1 \u00fea\u00f0.<br \/>\u201eSp\u00e1ma\u00f0urinn er kj\u00e1ni,<br \/>andans ma\u00f0ur rugla\u00f0ur.\u201c<br \/>Af \u00fev\u00ed a\u00f0 misgj\u00f6r\u00f0 \u00fe\u00edn er mikil<br \/>ver\u00f0ur fjandskapurinn mikill.<br \/> <\/span> <span class=\"ljodatexti\"> <a name=\"8\"><span class=\"versanumer_ljod\">8<\/span><\/a>Sp\u00e1ma\u00f0urinn er v\u00f6r\u00f0ur Efra\u00edms me\u00f0 Gu\u00f0i m\u00ednum,<br \/>\u00feeir leggja fyrir hann gildrur hvert sem hann fer,<br \/>hann ver\u00f0ur fyrir fjandskap \u00ed h\u00fasi Gu\u00f0s s\u00edns. <span class=\"nedan_mal\" title=\" Hebreski textinn er \u00f3lj\u00f3s.\">[<\/span> <br \/> <\/span> <span class=\"ljodatexti\"> <a name=\"9\"><span class=\"versanumer_ljod\">9<\/span><\/a>\u00deeir hafa grafi\u00f0 honum dj\u00fapa gr\u00f6f<br \/>eins og \u00e1 d\u00f6gum G\u00edbeu.<br \/>Drottinn minnist sektar \u00feeirra,<br \/>vitjar synda \u00feeirra. <\/span> <\/p>\n<h3 class=\"millifyrirsogn_2007\">Efra\u00edm hafna\u00f0<\/h3>\n<p><span class=\"ljodatexti\"> <a name=\"10\"><span class=\"versanumer_ljod\">10<\/span><\/a>\u00c9g fann \u00cdsrael <br \/>eins og v\u00ednber \u00ed ey\u00f0im\u00f6rkinni,<br \/>sem snemmsprottinn \u00e1v\u00f6xt \u00e1 f\u00edkjutr\u00e9<br \/>s\u00e1 \u00e9g fe\u00f0ur y\u00f0ar.<br \/>\u00deeir komu til Baals Pe\u00f3rs,<br \/>helgu\u00f0u sig hinum sv\u00edvir\u00f0ilega<br \/>og ur\u00f0u vi\u00f0urstyggilegir<br \/>eins og s\u00e1 sem \u00feeir elsku\u00f0u.<br \/> <\/span> <span class=\"ljodatexti\"> <a name=\"11\"><span class=\"versanumer_ljod\">11<\/span><\/a>Efra\u00edm l\u00edkist fugli,<br \/>s\u00e6md hans fl\u00f6grar burt, <br \/>f\u00e6\u00f0ingar, \u00feungun og getna\u00f0ur ver\u00f0a \u00far s\u00f6gunni. <br \/> <\/span> <span class=\"ljodatexti\"> <a name=\"12\"><span class=\"versanumer_ljod\">12<\/span><\/a>\u00de\u00f3tt \u00feeir ali upp b\u00f6rn s\u00edn<br \/>geri \u00e9g \u00fe\u00e1 barnlausa<br \/>og enginn ma\u00f0ur ver\u00f0ur eftir.<br \/>Vei \u00feeim \u00feegar \u00e9g sn\u00fd fr\u00e1 \u00feeim.<br \/> <\/span> <span class=\"ljodatexti\"> <a name=\"13\"><span class=\"versanumer_ljod\">13<\/span><\/a>\u00c9g s\u00e1 Efra\u00edm<br \/>sem p\u00e1lmalund \u00e1 engi.<br \/>N\u00fa ver\u00f0ur Efra\u00edm a\u00f0 senda b\u00f6rn s\u00edn til sl\u00e1trara.<br \/> <\/span> <span class=\"ljodatexti\"> <a name=\"14\"><span class=\"versanumer_ljod\">14<\/span><\/a>Gef\u00f0u \u00feeim, Drottinn.<br \/>Hva\u00f0 \u00e1ttu a\u00f0 gefa \u00feeim?<br \/>Gef\u00f0u \u00feeim m\u00f3\u00f0url\u00edf \u00f3byrju <br \/>og upp\u00feornu\u00f0 brj\u00f3st.<br \/> <\/span> <span class=\"ljodatexti\"> <a name=\"15\"><span class=\"versanumer_ljod\">15<\/span><\/a>\u00d6ll illska \u00feeirra birtist \u00ed Gilgal,<br \/>\u00fear f\u00e9kk \u00e9g hatur \u00e1 \u00feeim.<br \/>Vegna illskuverka \u00feeirra<br \/>mun \u00e9g reka \u00fe\u00e1 \u00far h\u00fasi m\u00ednu.<br \/>\u00c9g mun ekki elska \u00fe\u00e1 framar,<br \/>allir h\u00f6f\u00f0ingjar \u00feeirra eru uppreisnarmenn.<br \/> <\/span> <span class=\"ljodatexti\"> <a name=\"16\"><span class=\"versanumer_ljod\">16<\/span><\/a>Efra\u00edm var felldur,<br \/>r\u00f3t hans er skr\u00e6lnu\u00f0,<br \/>hann ber engan \u00e1v\u00f6xt.<br \/>Ef \u00feeir eignast afkv\u00e6mi<br \/>mun \u00e9g dey\u00f0a elsku\u00f0 b\u00f6rn \u00feeirra.<br \/> <\/span> <span class=\"ljodatexti\"> <a name=\"17\"><span class=\"versanumer_ljod\">17<\/span><\/a>Gu\u00f0 minn mun hafna \u00feeim<br \/>\u00fev\u00ed a\u00f0 \u00feeir hafa ekki hl\u00fdtt \u00e1 hann<br \/>og \u00feeir munu r\u00e1fa um me\u00f0al framandi \u00fej\u00f3\u00f0a. <\/span> <\/p>\n","protected":false},"excerpt":{"rendered":"<p>\u00cdsrael refsa\u00f0 1Gle\u00f0stu ekki, \u00cdsrael,fagna\u00f0u ekki eins og a\u00f0rar \u00fej\u00f3\u00f0ir\u00fev\u00ed a\u00f0 \u00fe\u00fa h\u00f3ra\u00f0ist, yfirgafst Gu\u00f0 \u00feinn.\u00de\u00fa girntist sk\u00e6kjulaun\u00e1 hverjum \u00fereskivelli. 2\u00dereskiv\u00f6llur og v\u00ednpressa skulu ekki f\u00e6\u00f0a \u00fe\u00e1og v\u00ednuppskeran bregst \u00feeim. 3\u00deeir f\u00e1 ekki a\u00f0 b\u00faa \u00ed landi Drottins,Efra\u00edm mun hverfa aftur til Egyptalandsog neyta \u00f3hreinnar f\u00e6\u00f0u \u00ed Ass\u00fdr\u00edu. 4Ekki f\u00e6ra \u00feeir Drottni v\u00edn a\u00f0 dreypif\u00f3rnog sl\u00e1turf\u00f3rnir \u00feeirra gle\u00f0ja hann ekki.Brau\u00f0i\u00f0 ver\u00f0ur \u00feeim sem sorgarbrau\u00f0,hver sem \u00feess neytir ver\u00f0ur \u00f3hreinn.Brau\u00f0i\u00f0 se\u00f0ur a\u00f0eins hungur \u00feeirraen kemur ekki \u00ed h\u00fas Drottins. 5Hva\u00f0 \u00e6tli\u00f0 \u00fe\u00e9r a\u00f0 gera \u00e1 l\u00f6ghelgum,\u00e1 h\u00e1t\u00ed\u00f0ard\u00f6gum Drottins? 6\u00de\u00f3tt \u00feeir sleppi fr\u00e1 ey\u00f0ingunnisafnar Egyptaland \u00feeim saman,Memfis grefur \u00fe\u00e1,hversu ver\u00f0m\u00e6tt sem silfur <a href=\"https:\/\/biblian.is\/biblian\/hosea-9-kafli\/\"> [&#8230;]<\/a><\/p>\n","protected":false},"author":1,"featured_media":0,"parent":0,"menu_order":0,"comment_status":"open","ping_status":"open","template":"bibliukaflar_NT.php","meta":{"footnotes":""},"class_list":["post-2488","page","type-page","status-publish","hentry"],"_links":{"self":[{"href":"https:\/\/biblian.is\/biblian\/wp-json\/wp\/v2\/pages\/2488","targetHints":{"allow":["GET"]}}],"collection":[{"href":"https:\/\/biblian.is\/biblian\/wp-json\/wp\/v2\/pages"}],"about":[{"href":"https:\/\/biblian.is\/biblian\/wp-json\/wp\/v2\/types\/page"}],"author":[{"embeddable":true,"href":"https:\/\/biblian.is\/biblian\/wp-json\/wp\/v2\/users\/1"}],"replies":[{"embeddable":true,"href":"https:\/\/biblian.is\/biblian\/wp-json\/wp\/v2\/comments?post=2488"}],"version-history":[{"count":0,"href":"https:\/\/biblian.is\/biblian\/wp-json\/wp\/v2\/pages\/2488\/revisions"}],"wp:attachment":[{"href":"https:\/\/biblian.is\/biblian\/wp-json\/wp\/v2\/media?parent=2488"}],"curies":[{"name":"wp","href":"https:\/\/api.w.org\/{rel}","templated":true}]}}