{"id":2487,"date":"2017-12-30T21:03:23","date_gmt":"2017-12-30T21:03:23","guid":{"rendered":"http:\/\/biblian.is\/biblian\/h%c2%97sea-8-kafli\/"},"modified":"2024-03-19T16:12:50","modified_gmt":"2024-03-19T16:12:50","slug":"hosea-8-kafli","status":"publish","type":"page","link":"https:\/\/biblian.is\/biblian\/hosea-8-kafli\/","title":{"rendered":"H\u00f3sea 8. kafli"},"content":{"rendered":"<h3 class=\"millifyrirsogn_2007\"> D\u00f3mur yfir skur\u00f0go\u00f0ad\u00fdrkun<\/h3>\n<p><span class=\"ljodatexti\"> <a name=\"1\"><span class=\"versanumer_ljod\">1<\/span><\/a>Hef hafurshorn a\u00f0 v\u00f6rum. <br \/>\u00dea\u00f0 er sem \u00f6rn komi yfir h\u00fas Drottins<br \/> <\/span> <span class=\"ljodatexti\"> <a name=\"2\"><span class=\"versanumer_ljod\">2<\/span><\/a>af \u00fev\u00ed a\u00f0 menn hafa rofi\u00f0 s\u00e1ttm\u00e1la minn<br \/>og broti\u00f0 gegn l\u00f6gum m\u00ednum.<br \/> <\/span> <span class=\"ljodatexti\"> <a name=\"3\"><span class=\"versanumer_ljod\">3<\/span><\/a>\u00deeir hr\u00f3pa til m\u00edn:<br \/>\u201eGu\u00f0 minn. V\u00e9r \u00cdsraelsmenn \u00feekkjum \u00feig.\u201c<br \/>\u00cdsrael hefur hafna\u00f0 \u00fev\u00ed sem gott er,<br \/>fjandma\u00f0ur skal ofs\u00e6kja hann.<br \/> <\/span> <span class=\"ljodatexti\"> <a name=\"4\"><span class=\"versanumer_ljod\">4<\/span><\/a>\u00deeir t\u00f3ku s\u00e9r konunga<br \/>a\u00f0 m\u00e9r forspur\u00f0um, <br \/>v\u00f6ldu s\u00e9r h\u00f6f\u00f0ingja<br \/>sem \u00e9g vi\u00f0urkenni ekki,<br \/>\u00feeir ger\u00f0u s\u00e9r skur\u00f0go\u00f0 \u00far silfri og gulli,<br \/>a\u00f0eins til a\u00f0 \u00feeim yr\u00f0i eytt. <br \/> <\/span> <span class=\"ljodatexti\"> <a name=\"5\"><span class=\"versanumer_ljod\">5<\/span><\/a>Afneita k\u00e1lfi \u00fe\u00ednum, Samar\u00eda.<br \/>Rei\u00f0i m\u00edn b\u00e1lar gegn \u00feeim,<br \/>hversu lengi ver\u00f0a \u00feeir \u00f3hreinir?<br \/> <\/span> <span class=\"ljodatexti\"> <a name=\"6\"><span class=\"versanumer_ljod\">6<\/span><\/a>\u00deeir eru \u00fe\u00f3 \u00cdsraelsmenn.<br \/>En k\u00e1lfinn ger\u00f0i handverksma\u00f0ur<br \/>svo a\u00f0 hann er ekki gu\u00f0.<br \/>K\u00e1lfur Samar\u00edu ver\u00f0ur brotinn \u00ed sp\u00f3n.<br \/> <\/span> <span class=\"ljodatexti\"> <a name=\"7\"><span class=\"versanumer_ljod\">7<\/span><\/a>\u00dear sem \u00feeir s\u00e1\u00f0u vindi<br \/>skulu \u00feeir uppskera storm.<br \/>Ax \u00e1n korns gefur ekki af s\u00e9r mj\u00f6l<br \/>en beri \u00fea\u00f0 korn gleypir \u00fatlendingur \u00fea\u00f0.<br \/> <\/span> <span class=\"ljodatexti\"> <a name=\"8\"><span class=\"versanumer_ljod\">8<\/span><\/a>\u00cdsrael hefur veri\u00f0 gleyptur,<br \/>n\u00fa er hann innan um framandi \u00fej\u00f3\u00f0ir<br \/>eins og gagnslaust ker.<br \/> <\/span> <span class=\"ljodatexti\"> <a name=\"9\"><span class=\"versanumer_ljod\">9<\/span><\/a>\u00dev\u00ed a\u00f0 \u00feeir f\u00f3ru upp til Ass\u00fars. <br \/>Villiasni fer einf\u00f6rum.<br \/>Efra\u00edm kaupir s\u00e9r vin\u00e1ttu,<br \/> <\/span> <span class=\"ljodatexti\"> <a name=\"10\"><span class=\"versanumer_ljod\">10<\/span><\/a>en \u00fe\u00f3 a\u00f0 \u00feeir grei\u00f0i framandi \u00fej\u00f3\u00f0um sk\u00e6kjulaun<br \/>safna \u00e9g \u00feeim n\u00fa saman<br \/>og br\u00e1tt munu \u00feeir engjast <br \/>undir \u00e1\u00fej\u00e1n m\u00e1ttugs konungs.<br \/> <\/span> <span class=\"ljodatexti\"> <a name=\"11\"><span class=\"versanumer_ljod\">11<\/span><\/a>\u00deegar Efra\u00edm fj\u00f6lga\u00f0i \u00f6lturum <br \/>til syndaf\u00f3rna<br \/>ur\u00f0u \u00feau honum \u00f6lturu til a\u00f0 syndga.<br \/> <\/span> <span class=\"ljodatexti\"> <a name=\"12\"><span class=\"versanumer_ljod\">12<\/span><\/a>Skr\u00e1i \u00e9g fj\u00f6lm\u00f6rg bo\u00f0 m\u00edn fyrir hann<br \/>finnst honum \u00feau framandleg.<br \/> <\/span> <span class=\"ljodatexti\"> <a name=\"13\"><span class=\"versanumer_ljod\">13<\/span><\/a>\u00deeim ge\u00f0ju\u00f0ust sl\u00e1turf\u00f3rnir,<br \/>\u00feeir sl\u00e1tru\u00f0u og neyttu f\u00f3rnarkj\u00f6tsins<br \/>en Drottni \u00fe\u00f3knu\u00f0ust \u00fe\u00e6r ekki.<br \/>N\u00fa minnist hann misgj\u00f6r\u00f0a \u00feeirra,<br \/>dregur \u00fe\u00e1 til \u00e1byrg\u00f0ar fyrir syndir \u00feeirra. <br \/>\u00deeir skulu hverfa aftur til Egyptalands. <br \/> <\/span> <span class=\"ljodatexti\"> <a name=\"14\"><span class=\"versanumer_ljod\">14<\/span><\/a>\u00cdsrael gleymdi skapara s\u00ednum<br \/>og reisti s\u00e9r hallir <br \/>og J\u00fada fj\u00f6lga\u00f0i virkisborgum, <br \/>en \u00e9g mun senda eld \u00ed borgir hans<br \/>og eldurinn skal gleypa hallir hans. <\/span> <\/p>\n","protected":false},"excerpt":{"rendered":"<p>D\u00f3mur yfir skur\u00f0go\u00f0ad\u00fdrkun 1Hef hafurshorn a\u00f0 v\u00f6rum. \u00dea\u00f0 er sem \u00f6rn komi yfir h\u00fas Drottins 2af \u00fev\u00ed a\u00f0 menn hafa rofi\u00f0 s\u00e1ttm\u00e1la minnog broti\u00f0 gegn l\u00f6gum m\u00ednum. 3\u00deeir hr\u00f3pa til m\u00edn:\u201eGu\u00f0 minn. V\u00e9r \u00cdsraelsmenn \u00feekkjum \u00feig.\u201c\u00cdsrael hefur hafna\u00f0 \u00fev\u00ed sem gott er,fjandma\u00f0ur skal ofs\u00e6kja hann. 4\u00deeir t\u00f3ku s\u00e9r konungaa\u00f0 m\u00e9r forspur\u00f0um, v\u00f6ldu s\u00e9r h\u00f6f\u00f0ingjasem \u00e9g vi\u00f0urkenni ekki,\u00feeir ger\u00f0u s\u00e9r skur\u00f0go\u00f0 \u00far silfri og gulli,a\u00f0eins til a\u00f0 \u00feeim yr\u00f0i eytt. 5Afneita k\u00e1lfi \u00fe\u00ednum, Samar\u00eda.Rei\u00f0i m\u00edn b\u00e1lar gegn \u00feeim,hversu lengi ver\u00f0a \u00feeir \u00f3hreinir? 6\u00deeir eru \u00fe\u00f3 \u00cdsraelsmenn.En k\u00e1lfinn ger\u00f0i handverksma\u00f0ursvo a\u00f0 hann er ekki gu\u00f0.K\u00e1lfur Samar\u00edu ver\u00f0ur brotinn \u00ed sp\u00f3n. 7\u00dear sem <a href=\"https:\/\/biblian.is\/biblian\/hosea-8-kafli\/\"> [&#8230;]<\/a><\/p>\n","protected":false},"author":1,"featured_media":0,"parent":0,"menu_order":0,"comment_status":"open","ping_status":"open","template":"bibliukaflar_NT.php","meta":{"footnotes":""},"class_list":["post-2487","page","type-page","status-publish","hentry"],"_links":{"self":[{"href":"https:\/\/biblian.is\/biblian\/wp-json\/wp\/v2\/pages\/2487","targetHints":{"allow":["GET"]}}],"collection":[{"href":"https:\/\/biblian.is\/biblian\/wp-json\/wp\/v2\/pages"}],"about":[{"href":"https:\/\/biblian.is\/biblian\/wp-json\/wp\/v2\/types\/page"}],"author":[{"embeddable":true,"href":"https:\/\/biblian.is\/biblian\/wp-json\/wp\/v2\/users\/1"}],"replies":[{"embeddable":true,"href":"https:\/\/biblian.is\/biblian\/wp-json\/wp\/v2\/comments?post=2487"}],"version-history":[{"count":0,"href":"https:\/\/biblian.is\/biblian\/wp-json\/wp\/v2\/pages\/2487\/revisions"}],"wp:attachment":[{"href":"https:\/\/biblian.is\/biblian\/wp-json\/wp\/v2\/media?parent=2487"}],"curies":[{"name":"wp","href":"https:\/\/api.w.org\/{rel}","templated":true}]}}