{"id":2486,"date":"2017-12-30T21:03:23","date_gmt":"2017-12-30T21:03:23","guid":{"rendered":"http:\/\/biblian.is\/biblian\/h%c2%97sea-7-kafli\/"},"modified":"2024-03-19T16:12:50","modified_gmt":"2024-03-19T16:12:50","slug":"hosea-7-kafli","status":"publish","type":"page","link":"https:\/\/biblian.is\/biblian\/hosea-7-kafli\/","title":{"rendered":"H\u00f3sea 7. kafli"},"content":{"rendered":"<p><span class=\"ljodatexti\"> <a name=\"1\"><span class=\"versanumer_ljod\">1<\/span><\/a>\u00deegar \u00e9g l\u00e6kna \u00cdsrael<br \/>kemur misgj\u00f6r\u00f0 Efra\u00edms \u00ed lj\u00f3s<br \/>og illskuverk Samar\u00edu.<br \/>\u00deeir hafa sviki\u00f0:<br \/>\u00dej\u00f3fur br\u00fdst inn<br \/>og \u00fati \u00e1 str\u00e6tinu herja r\u00e1nsflokkar<br \/> <\/span> <span class=\"ljodatexti\"> <a name=\"2\"><span class=\"versanumer_ljod\">2<\/span><\/a>en \u00feeir lei\u00f0a ekki hugann a\u00f0 \u00fev\u00ed <br \/>a\u00f0 \u00e9g man eftir \u00f6llum illskuverkum \u00feeirra.<br \/>N\u00fa umkringja \u00fe\u00e1 eigin verk,<br \/>\u00feeir koma fyrir auglit mitt. <br \/> <\/span> <span class=\"ljodatexti\"> <a name=\"3\"><span class=\"versanumer_ljod\">3<\/span><\/a>\u00deeir gl\u00f6ddu konung me\u00f0 illsku sinni<br \/>og h\u00f6f\u00f0ingja me\u00f0 svikum s\u00ednum.<br \/> <\/span> <span class=\"ljodatexti\"> <a name=\"4\"><span class=\"versanumer_ljod\">4<\/span><\/a>Allir eru \u00feeir h\u00f3rkarlar, <br \/>\u00feeir eru sem gl\u00f3andi ofn<br \/>sem bakari \u00fearf ekki a\u00f0 kynda <br \/>\u00e1 me\u00f0an deig er hno\u00f0a\u00f0 \u00fear til \u00fea\u00f0 hefur s\u00farna\u00f0.<br \/> <\/span> <span class=\"ljodatexti\"> <a name=\"5\"><span class=\"versanumer_ljod\">5<\/span><\/a>\u00c1 degi konungs vors<br \/>ur\u00f0u hermenn sj\u00fakir af svalli,<br \/>v\u00edni\u00f0 sveif \u00e1 g\u00e1runga. <br \/> <\/span> <span class=\"ljodatexti\"> <a name=\"6\"><span class=\"versanumer_ljod\">6<\/span><\/a>En \u00feeir n\u00e1lgast \u00e1 laun,<br \/>hjarta \u00feeirra er sem gl\u00f3andi ofn.<br \/>Alla n\u00f3ttina blundar heift \u00feeirra,<br \/>a\u00f0 morgni blossar h\u00fan upp eins og eldslogi.<br \/> <\/span> <span class=\"ljodatexti\"> <a name=\"7\"><span class=\"versanumer_ljod\">7<\/span><\/a>Allir eru \u00feeir gl\u00f3andi sem ofn,<br \/>\u00feeir gleypa stj\u00f3rnendur s\u00edna,<br \/>allir konungar \u00feeirra f\u00e9llu,<br \/>enginn \u00feeirra \u00e1kallar mig. <br \/> <\/span> <span class=\"ljodatexti\"> <a name=\"8\"><span class=\"versanumer_ljod\">8<\/span><\/a>Efra\u00edm blanda\u00f0ist framandi \u00fej\u00f3\u00f0um. <br \/>Efra\u00edm er kaka,<br \/>b\u00f6ku\u00f0 \u00f6\u00f0rum megin,<br \/> <\/span> <span class=\"ljodatexti\"> <a name=\"9\"><span class=\"versanumer_ljod\">9<\/span><\/a>\u00fatlendingar gleyptu kraft hans<br \/>\u00e1n \u00feess a\u00f0 hann skildi \u00fea\u00f0,<br \/>h\u00e1r hans var\u00f0 gr\u00e1tt<br \/>\u00e1n \u00feess a\u00f0 hann skildi \u00fea\u00f0.<br \/> <\/span> <span class=\"ljodatexti\"> <a name=\"10\"><span class=\"versanumer_ljod\">10<\/span><\/a>Hroki \u00cdsraels vitnar gegn honum sj\u00e1lfum<br \/>og \u00cdsraelsmenn hverfa ekki aftur til Drottins, Gu\u00f0s s\u00edns,<br \/>leita hans ekki \u00fer\u00e1tt fyrir allt \u00feetta.<br \/> <\/span> <span class=\"ljodatexti\"> <a name=\"11\"><span class=\"versanumer_ljod\">11<\/span><\/a>Efra\u00edm l\u00edkist d\u00fafu,<br \/>einfaldri og skilningslausri.<br \/>\u00deeir hr\u00f3pa \u00e1 hj\u00e1lp fr\u00e1 Egyptalandi,<br \/>fara til Ass\u00fdr\u00edumanna. <br \/> <\/span> <span class=\"ljodatexti\"> <a name=\"12\"><span class=\"versanumer_ljod\">12<\/span><\/a>\u00deegar \u00feeir fara kasta \u00e9g yfir \u00fe\u00e1 neti,<br \/>dreg \u00fe\u00e1 ni\u00f0ur eins og fugla himins,<br \/>gr\u00edp \u00fe\u00e1 strax og \u00e9g heyri \u00ed flokki \u00feeirra.<br \/> <\/span> <span class=\"ljodatexti\"> <a name=\"13\"><span class=\"versanumer_ljod\">13<\/span><\/a>Vei \u00feeim, \u00feeir hafa fl\u00fai\u00f0 mig,<br \/>\u00feeir deyi, \u00feeir hafa brug\u00f0ist m\u00e9r.<br \/>\u00c9g \u00e6tla\u00f0i a\u00f0 leysa \u00fe\u00e1 en \u00feeir f\u00f3ru me\u00f0 lygar um mig<br \/> <\/span> <span class=\"ljodatexti\"> <a name=\"14\"><span class=\"versanumer_ljod\">14<\/span><\/a>og hr\u00f3pu\u00f0u ekki til m\u00edn \u00ed hjarta s\u00ednu<br \/>\u00feegar \u00feeir kveinu\u00f0u \u00ed hv\u00edlum s\u00ednum.<br \/>Vegna korns og v\u00edns ristu \u00feeir \u00e1 sig skinnsprettur, <br \/>\u00feeir hafa sn\u00faist gegn m\u00e9r.<br \/> <\/span> <span class=\"ljodatexti\"> <a name=\"15\"><span class=\"versanumer_ljod\">15<\/span><\/a>\u00c9g sj\u00e1lfur styrkti \u00fe\u00e1 og j\u00f3k m\u00e1tt \u00feeirra<br \/>en \u00feeir vildu m\u00e9r illt.<br \/> <\/span> <span class=\"ljodatexti\"> <a name=\"16\"><span class=\"versanumer_ljod\">16<\/span><\/a>\u00deeir sneru s\u00e9r a\u00f0 \u00fev\u00ed sem f\u00e1n\u00fdtt er, <br \/>ur\u00f0u sem svikull bogi.<br \/>H\u00f6f\u00f0ingjar \u00feeirra skulu falla fyrir sver\u00f0i<br \/>vegna form\u00e6linga tungu sinnar.<br \/>\u00dev\u00ed ver\u00f0a \u00feeir haf\u00f0ir a\u00f0 spotti \u00ed Egyptalandi. <\/span> <\/p>\n","protected":false},"excerpt":{"rendered":"<p>1\u00deegar \u00e9g l\u00e6kna \u00cdsraelkemur misgj\u00f6r\u00f0 Efra\u00edms \u00ed lj\u00f3sog illskuverk Samar\u00edu.\u00deeir hafa sviki\u00f0:\u00dej\u00f3fur br\u00fdst innog \u00fati \u00e1 str\u00e6tinu herja r\u00e1nsflokkar 2en \u00feeir lei\u00f0a ekki hugann a\u00f0 \u00fev\u00ed a\u00f0 \u00e9g man eftir \u00f6llum illskuverkum \u00feeirra.N\u00fa umkringja \u00fe\u00e1 eigin verk,\u00feeir koma fyrir auglit mitt. 3\u00deeir gl\u00f6ddu konung me\u00f0 illsku sinniog h\u00f6f\u00f0ingja me\u00f0 svikum s\u00ednum. 4Allir eru \u00feeir h\u00f3rkarlar, \u00feeir eru sem gl\u00f3andi ofnsem bakari \u00fearf ekki a\u00f0 kynda \u00e1 me\u00f0an deig er hno\u00f0a\u00f0 \u00fear til \u00fea\u00f0 hefur s\u00farna\u00f0. 5\u00c1 degi konungs vorsur\u00f0u hermenn sj\u00fakir af svalli,v\u00edni\u00f0 sveif \u00e1 g\u00e1runga. 6En \u00feeir n\u00e1lgast \u00e1 laun,hjarta \u00feeirra er sem gl\u00f3andi ofn.Alla n\u00f3ttina blundar heift \u00feeirra,a\u00f0 <a href=\"https:\/\/biblian.is\/biblian\/hosea-7-kafli\/\"> [&#8230;]<\/a><\/p>\n","protected":false},"author":1,"featured_media":0,"parent":0,"menu_order":0,"comment_status":"open","ping_status":"open","template":"bibliukaflar_NT.php","meta":{"footnotes":""},"class_list":["post-2486","page","type-page","status-publish","hentry"],"_links":{"self":[{"href":"https:\/\/biblian.is\/biblian\/wp-json\/wp\/v2\/pages\/2486","targetHints":{"allow":["GET"]}}],"collection":[{"href":"https:\/\/biblian.is\/biblian\/wp-json\/wp\/v2\/pages"}],"about":[{"href":"https:\/\/biblian.is\/biblian\/wp-json\/wp\/v2\/types\/page"}],"author":[{"embeddable":true,"href":"https:\/\/biblian.is\/biblian\/wp-json\/wp\/v2\/users\/1"}],"replies":[{"embeddable":true,"href":"https:\/\/biblian.is\/biblian\/wp-json\/wp\/v2\/comments?post=2486"}],"version-history":[{"count":0,"href":"https:\/\/biblian.is\/biblian\/wp-json\/wp\/v2\/pages\/2486\/revisions"}],"wp:attachment":[{"href":"https:\/\/biblian.is\/biblian\/wp-json\/wp\/v2\/media?parent=2486"}],"curies":[{"name":"wp","href":"https:\/\/api.w.org\/{rel}","templated":true}]}}