{"id":2485,"date":"2017-12-30T21:03:23","date_gmt":"2017-12-30T21:03:23","guid":{"rendered":"http:\/\/biblian.is\/biblian\/h%c2%97sea-6-kafli\/"},"modified":"2024-03-19T16:12:50","modified_gmt":"2024-03-19T16:12:50","slug":"hosea-6-kafli","status":"publish","type":"page","link":"https:\/\/biblian.is\/biblian\/hosea-6-kafli\/","title":{"rendered":"H\u00f3sea 6. kafli"},"content":{"rendered":"<h3 class=\"millifyrirsogn_2007\"> Hr\u00e6sni og vi\u00f0br\u00f6g\u00f0 Drottins vi\u00f0 henni<\/h3>\n<p><span class=\"ljodatexti\"> <a name=\"1\"><span class=\"versanumer_ljod\">1<\/span><\/a>Komi\u00f0, hverfum aftur til Drottins<br \/>\u00fev\u00ed a\u00f0 hann reif sundur en mun l\u00e6kna oss,<br \/>hann s\u00e6r\u00f0i en mun gera a\u00f0 s\u00e1runum.<br \/> <\/span> <span class=\"ljodatexti\"> <a name=\"2\"><span class=\"versanumer_ljod\">2<\/span><\/a>Hann l\u00edfgar oss eftir tvo daga,<br \/>\u00e1 \u00feri\u00f0ja degi reisir hann oss upp,<br \/>til \u00feess a\u00f0 v\u00e9r lifum fyrir augliti hans.<br \/> <\/span> <span class=\"ljodatexti\"> <a name=\"3\"><span class=\"versanumer_ljod\">3<\/span><\/a>V\u00e9r skulum leita \u00feekkingar,<br \/>s\u00e6kjast eftir a\u00f0 \u00feekkja Drottin.<br \/>Hann kemur jafn \u00e1rei\u00f0anlega og morgunro\u00f0i,<br \/>eins og vorsk\u00far sem v\u00f6kvar jar\u00f0veginn.<br \/> <\/span> <span class=\"ljodatexti\"> <a name=\"4\"><span class=\"versanumer_ljod\">4<\/span><\/a>Hva\u00f0 \u00e1 \u00e9g a\u00f0 gera vi\u00f0 \u00feig, Efra\u00edm,<br \/>hvernig a\u00f0 fara me\u00f0 \u00feig, J\u00fada?<br \/>Trygg\u00f0 \u00feeirra er eins og morgun\u00feoka,<br \/>eins og d\u00f6gg sem hverfur skj\u00f3tt.<br \/> <\/span> <span class=\"ljodatexti\"> <a name=\"5\"><span class=\"versanumer_ljod\">5<\/span><\/a>\u00deess vegna hegg \u00e9g \u00fe\u00e1 me\u00f0 sp\u00e1m\u00f6nnum,<br \/>veg \u00fe\u00e1 me\u00f0 or\u00f0um munns m\u00edns<br \/>og r\u00e9ttur minn mun lj\u00f3ma sem birta.<br \/> <\/span> <span class=\"ljodatexti\"> <a name=\"6\"><span class=\"versanumer_ljod\">6<\/span><\/a>Miskunnsemi \u00fe\u00f3knast m\u00e9r en ekki sl\u00e1turf\u00f3rn<br \/>og gu\u00f0s\u00feekking fremur en brennif\u00f3rn.<br \/> <\/span> <span class=\"ljodatexti\"> <a name=\"7\"><span class=\"versanumer_ljod\">7<\/span><\/a>\u00deeir rufu s\u00e1ttm\u00e1la \u00ed Adam, <span class=\"nedan_mal\" title=\" Annar lesh\u00e1ttur: a\u00f0 manna h\u00e6tti.\">[<\/span> <br \/>\u00fear brug\u00f0ust \u00feeir m\u00e9r.<br \/> <\/span> <span class=\"ljodatexti\"> <a name=\"8\"><span class=\"versanumer_ljod\">8<\/span><\/a>G\u00edlea\u00f0 er borg illvirkja,<br \/>flekku\u00f0 bl\u00f3\u00f0i.<br \/> <\/span> <span class=\"ljodatexti\"> <a name=\"9\"><span class=\"versanumer_ljod\">9<\/span><\/a>Eins og r\u00e6ningjah\u00f3pur \u00ed leynum<br \/>er flokkur presta.<br \/>\u00deeir myr\u00f0a \u00e1 veginum til S\u00edkem,<br \/>\u00feeir hafa frami\u00f0 sv\u00edvir\u00f0u.<br \/> <\/span> <span class=\"ljodatexti\"> <a name=\"10\"><span class=\"versanumer_ljod\">10<\/span><\/a>\u00c9g hef s\u00e9\u00f0 skelfingar \u00ed \u00cdsrael,<br \/>\u00fear h\u00f3rast Efra\u00edm,<br \/>\u00cdsrael hefur saurga\u00f0 sig <br \/> <\/span> <span class=\"ljodatexti\"> <a name=\"11\"><span class=\"versanumer_ljod\">11<\/span><\/a>og \u00fe\u00e9r, J\u00fada,<br \/>er einnig \u00e6tla\u00f0ur uppskerut\u00edmi<br \/>\u00feegar \u00e9g sn\u00fd vi\u00f0 h\u00f6gum \u00fej\u00f3\u00f0ar minnar. <\/span> <\/p>\n","protected":false},"excerpt":{"rendered":"<p>Hr\u00e6sni og vi\u00f0br\u00f6g\u00f0 Drottins vi\u00f0 henni 1Komi\u00f0, hverfum aftur til Drottins\u00fev\u00ed a\u00f0 hann reif sundur en mun l\u00e6kna oss,hann s\u00e6r\u00f0i en mun gera a\u00f0 s\u00e1runum. 2Hann l\u00edfgar oss eftir tvo daga,\u00e1 \u00feri\u00f0ja degi reisir hann oss upp,til \u00feess a\u00f0 v\u00e9r lifum fyrir augliti hans. 3V\u00e9r skulum leita \u00feekkingar,s\u00e6kjast eftir a\u00f0 \u00feekkja Drottin.Hann kemur jafn \u00e1rei\u00f0anlega og morgunro\u00f0i,eins og vorsk\u00far sem v\u00f6kvar jar\u00f0veginn. 4Hva\u00f0 \u00e1 \u00e9g a\u00f0 gera vi\u00f0 \u00feig, Efra\u00edm,hvernig a\u00f0 fara me\u00f0 \u00feig, J\u00fada?Trygg\u00f0 \u00feeirra er eins og morgun\u00feoka,eins og d\u00f6gg sem hverfur skj\u00f3tt. 5\u00deess vegna hegg \u00e9g \u00fe\u00e1 me\u00f0 sp\u00e1m\u00f6nnum,veg \u00fe\u00e1 me\u00f0 or\u00f0um munns m\u00ednsog r\u00e9ttur minn mun <a href=\"https:\/\/biblian.is\/biblian\/hosea-6-kafli\/\"> [&#8230;]<\/a><\/p>\n","protected":false},"author":1,"featured_media":0,"parent":0,"menu_order":0,"comment_status":"open","ping_status":"open","template":"bibliukaflar_NT.php","meta":{"footnotes":""},"class_list":["post-2485","page","type-page","status-publish","hentry"],"_links":{"self":[{"href":"https:\/\/biblian.is\/biblian\/wp-json\/wp\/v2\/pages\/2485","targetHints":{"allow":["GET"]}}],"collection":[{"href":"https:\/\/biblian.is\/biblian\/wp-json\/wp\/v2\/pages"}],"about":[{"href":"https:\/\/biblian.is\/biblian\/wp-json\/wp\/v2\/types\/page"}],"author":[{"embeddable":true,"href":"https:\/\/biblian.is\/biblian\/wp-json\/wp\/v2\/users\/1"}],"replies":[{"embeddable":true,"href":"https:\/\/biblian.is\/biblian\/wp-json\/wp\/v2\/comments?post=2485"}],"version-history":[{"count":0,"href":"https:\/\/biblian.is\/biblian\/wp-json\/wp\/v2\/pages\/2485\/revisions"}],"wp:attachment":[{"href":"https:\/\/biblian.is\/biblian\/wp-json\/wp\/v2\/media?parent=2485"}],"curies":[{"name":"wp","href":"https:\/\/api.w.org\/{rel}","templated":true}]}}