{"id":2483,"date":"2017-12-30T21:03:23","date_gmt":"2017-12-30T21:03:23","guid":{"rendered":"http:\/\/biblian.is\/biblian\/h%c2%97sea-4-kafli\/"},"modified":"2024-03-19T16:12:50","modified_gmt":"2024-03-19T16:12:50","slug":"hosea-4-kafli","status":"publish","type":"page","link":"https:\/\/biblian.is\/biblian\/hosea-4-kafli\/","title":{"rendered":"H\u00f3sea 4. kafli"},"content":{"rendered":"<h2 class=\"millifyrirsogn_2007\">\u00c1k\u00e6rur og afturhvarf <\/h2>\n<h3 class=\"millifyrirsogn_2007\">\u00c1k\u00e6ra \u00e1 hendur \u00cdsrael<\/h3>\n<p><span class=\"ljodatexti\"> <a name=\"1\"><span class=\"versanumer_ljod\">1<\/span><\/a>Hl\u00fd\u00f0i\u00f0 \u00e1 or\u00f0 Drottins, \u00cdsraelsmenn,<br \/>\u00fev\u00ed a\u00f0 Drottinn \u00e1k\u00e6rir \u00edb\u00faa landsins<br \/>\u00fear sem \u00ed landinu er engin tr\u00fafesti, k\u00e6rleikur n\u00e9 \u00feekking \u00e1 Gu\u00f0i.<br \/> <\/span> <span class=\"ljodatexti\"> <a name=\"2\"><span class=\"versanumer_ljod\">2<\/span><\/a>Meins\u00e6ri, svik, mor\u00f0, \u00fej\u00f3fna\u00f0ur og h\u00f3rd\u00f3mur brei\u00f0ist \u00fat<br \/>og bl\u00f3\u00f0ba\u00f0 fylgir bl\u00f3\u00f0ba\u00f0i.<br \/> <\/span> <span class=\"ljodatexti\"> <a name=\"3\"><span class=\"versanumer_ljod\">3<\/span><\/a>\u00deess vegna skr\u00e6lnar landi\u00f0<br \/>og allir \u00edb\u00faar \u00feess visna<br \/>\u00e1samt d\u00fdrum merkurinnar og fuglum himinsins,<br \/>meira a\u00f0 segja fiskum hafsins ver\u00f0ur svipt burt. <\/span> <\/p>\n<h3 class=\"millifyrirsogn_2007\">\u00c1k\u00e6ra gegn prestum<\/h3>\n<p><span class=\"ljodatexti\"> <a name=\"4\"><span class=\"versanumer_ljod\">4<\/span><\/a>Nei, enginn skal \u00e1k\u00e6ra<br \/>og enginn \u00e1minna,<br \/>heldur mun \u00e9g sj\u00e1lfur \u00e1k\u00e6ra \u00feig, prestur,<br \/> <\/span> <span class=\"ljodatexti\"> <a name=\"5\"><span class=\"versanumer_ljod\">5<\/span><\/a>og \u00fe\u00fa munt hrasa um h\u00e1bjartan dag<br \/>og sp\u00e1ma\u00f0ur me\u00f0 \u00fe\u00e9r um n\u00e6tur<br \/>og m\u00f3\u00f0ir \u00fe\u00edn mun deyja, <br \/> <\/span> <span class=\"ljodatexti\"> <a name=\"6\"><span class=\"versanumer_ljod\">6<\/span><\/a>\u00fej\u00f3\u00f0 m\u00edn mun farast<br \/>\u00fev\u00ed a\u00f0 h\u00fan hefur enga \u00feekkingu.<br \/>\u00dear sem \u00fe\u00fa hefur hafna\u00f0 \u00feekkingunni<br \/>hafna \u00e9g \u00fe\u00e9r sem presti fyrir mig.<br \/>\u00de\u00fa hefur gleymt kenningu Gu\u00f0s \u00fe\u00edns<br \/>og \u00feess vegna gleymi \u00e9g sonum \u00fe\u00ednum.<br \/> <\/span> <span class=\"ljodatexti\"> <a name=\"7\"><span class=\"versanumer_ljod\">7<\/span><\/a>\u00dev\u00ed fleiri sem \u00feeir ur\u00f0u, \u00fev\u00ed meira syndgu\u00f0u \u00feeir gegn m\u00e9r.<br \/>\u00deeir skiptu \u00e1 s\u00e6md sinni og sm\u00e1n.<br \/> <\/span> <span class=\"ljodatexti\"> <a name=\"8\"><span class=\"versanumer_ljod\">8<\/span><\/a>\u00deeir lifa \u00e1 synd \u00fej\u00f3\u00f0ar minnar<br \/>og eru s\u00f3lgnir \u00ed afbrot hennar.<br \/> <\/span> <span class=\"ljodatexti\"> <a name=\"9\"><span class=\"versanumer_ljod\">9<\/span><\/a>En prestinum skal farnast eins og \u00fej\u00f3\u00f0inni<br \/>og \u00e9g mun draga hann til \u00e1byrg\u00f0ar fyrir breytni s\u00edna<br \/>og endurgjalda honum verk hans.<br \/> <\/span> <span class=\"ljodatexti\"> <a name=\"10\"><span class=\"versanumer_ljod\">10<\/span><\/a>\u00deeir munu n\u00e6rast en ekki ver\u00f0a saddir,<br \/>\u00feeir munu h\u00f3rast en \u00feeim mun ekki fj\u00f6lga<br \/>\u00fev\u00ed a\u00f0 \u00feeir h\u00e6ttu a\u00f0 gefa Drottni gaum<br \/>til a\u00f0 dr\u00fdgja h\u00f3r. <\/span> <\/p>\n<h3 class=\"millifyrirsogn_2007\">Drottinn ford\u00e6mir hei\u00f0na gu\u00f0sd\u00fdrkun<\/h3>\n<p><span class=\"ljodatexti\"> <a name=\"11\"><span class=\"versanumer_ljod\">11<\/span><\/a>H\u00f3rd\u00f3mur og v\u00edndrykkja sviptir \u00fej\u00f3\u00f0 m\u00edna viti,<br \/> <\/span> <span class=\"ljodatexti\"> <a name=\"12\"><span class=\"versanumer_ljod\">12<\/span><\/a>h\u00fan leitar r\u00e1\u00f0a hj\u00e1 trj\u00e1drumbum s\u00ednum <br \/>og stafur hennar \u00e1 a\u00f0 gefa henni fyrirm\u00e6li.<br \/>J\u00e1, h\u00f3rd\u00f3msandinn hefur leitt \u00fe\u00e1 afvega,<br \/>h\u00f3rd\u00f3mur \u00feeirra fjarl\u00e6gir \u00fe\u00e1 Gu\u00f0i s\u00ednum.<br \/> <\/span> <span class=\"ljodatexti\"> <a name=\"13\"><span class=\"versanumer_ljod\">13<\/span><\/a>\u00deeir f\u00e6ra sl\u00e1turf\u00f3rnir \u00e1 fjallatindum<br \/>og brenna reykelsi \u00e1 h\u00e6\u00f0um, undir eikum, \u00f6spum og terebintum<br \/>\u00fev\u00ed a\u00f0 skuggi \u00feeirra er notalegur.<br \/>\u00deess vegna h\u00f3rast d\u00e6tur y\u00f0ar<br \/>og tengdad\u00e6tur y\u00f0ar halda fram hj\u00e1.<br \/> <\/span> <span class=\"ljodatexti\"> <a name=\"14\"><span class=\"versanumer_ljod\">14<\/span><\/a>\u00c9g mun hvorki gera d\u00e6tur y\u00f0ar \u00e1byrgar vegna \u00feess a\u00f0 \u00fe\u00e6r h\u00f3rast<br \/>n\u00e9 tengdad\u00e6tur y\u00f0ar fyrir a\u00f0 halda fram hj\u00e1<br \/>\u00fev\u00ed a\u00f0 \u00feeir ganga sj\u00e1lfir afs\u00ed\u00f0is me\u00f0 h\u00f3rum <br \/>og halda f\u00f3rnarveislur me\u00f0 musterissk\u00e6kjum.<br \/>\u00dej\u00f3\u00f0, sem ekkert skilur, mun l\u00ed\u00f0a undir lok. <br \/> <\/span> <span class=\"ljodatexti\"> <a name=\"15\"><span class=\"versanumer_ljod\">15<\/span><\/a>Ef \u00fe\u00fa h\u00f3rast, \u00cdsrael,<br \/>skal J\u00fada ekki ver\u00f0a sek. <span class=\"nedan_mal\" title=\" \u00d6nnur hugsanleg \u00fe\u00fd\u00f0ing: skal J\u00fada ekki gera yfirb\u00f3t. \">[<\/span> <br \/>Fari\u00f0 \u00fev\u00ed ekki til Gilgal<br \/>og fari\u00f0 ekki til Betaven<br \/>og sverji\u00f0 ekki: \u201eSvo sannarlega, sem Drottinn lifir.\u201c<br \/> <\/span> <span class=\"ljodatexti\"> <a name=\"16\"><span class=\"versanumer_ljod\">16<\/span><\/a>J\u00e1, \u00cdsrael er \u00ferj\u00f3skur eins og \u00ferj\u00f3sk k\u00fdr.<br \/>\u00c1 Drottinn \u00fe\u00e1 a\u00f0 halda \u00cdsraelsm\u00f6nnum \u00e1 beit eins og l\u00f6mbum \u00ed haga?<br \/> <\/span> <span class=\"ljodatexti\"> <a name=\"17\"><span class=\"versanumer_ljod\">17<\/span><\/a>Efra\u00edm er bundinn \u00e1 klafa skur\u00f0go\u00f0a.<br \/>L\u00e1ti\u00f0 hann afskiptalausan.<br \/> <\/span> <span class=\"ljodatexti\"> <a name=\"18\"><span class=\"versanumer_ljod\">18<\/span><\/a>\u00deegar drykkjusvalli \u00feeirra l\u00fdkur h\u00f3rast \u00feeir,<br \/>meta sk\u00f6mm meira en s\u00e6md s\u00edna.<br \/> <\/span> <span class=\"ljodatexti\"> <a name=\"19\"><span class=\"versanumer_ljod\">19<\/span><\/a>Stormur sviptir \u00feeim burt me\u00f0 v\u00e6ngjum s\u00ednum<br \/>og \u00feeir hlj\u00f3ta sm\u00e1n fyrir \u00f6lturu s\u00edn. <\/span> <\/p>\n","protected":false},"excerpt":{"rendered":"<p>\u00c1k\u00e6rur og afturhvarf \u00c1k\u00e6ra \u00e1 hendur \u00cdsrael 1Hl\u00fd\u00f0i\u00f0 \u00e1 or\u00f0 Drottins, \u00cdsraelsmenn,\u00fev\u00ed a\u00f0 Drottinn \u00e1k\u00e6rir \u00edb\u00faa landsins\u00fear sem \u00ed landinu er engin tr\u00fafesti, k\u00e6rleikur n\u00e9 \u00feekking \u00e1 Gu\u00f0i. 2Meins\u00e6ri, svik, mor\u00f0, \u00fej\u00f3fna\u00f0ur og h\u00f3rd\u00f3mur brei\u00f0ist \u00fatog bl\u00f3\u00f0ba\u00f0 fylgir bl\u00f3\u00f0ba\u00f0i. 3\u00deess vegna skr\u00e6lnar landi\u00f0og allir \u00edb\u00faar \u00feess visna\u00e1samt d\u00fdrum merkurinnar og fuglum himinsins,meira a\u00f0 segja fiskum hafsins ver\u00f0ur svipt burt. \u00c1k\u00e6ra gegn prestum 4Nei, enginn skal \u00e1k\u00e6raog enginn \u00e1minna,heldur mun \u00e9g sj\u00e1lfur \u00e1k\u00e6ra \u00feig, prestur, 5og \u00fe\u00fa munt hrasa um h\u00e1bjartan dagog sp\u00e1ma\u00f0ur me\u00f0 \u00fe\u00e9r um n\u00e6turog m\u00f3\u00f0ir \u00fe\u00edn mun deyja, 6\u00fej\u00f3\u00f0 m\u00edn mun farast\u00fev\u00ed a\u00f0 h\u00fan hefur enga \u00feekkingu.\u00dear sem <a href=\"https:\/\/biblian.is\/biblian\/hosea-4-kafli\/\"> [&#8230;]<\/a><\/p>\n","protected":false},"author":1,"featured_media":0,"parent":0,"menu_order":0,"comment_status":"open","ping_status":"open","template":"bibliukaflar_NT.php","meta":{"footnotes":""},"class_list":["post-2483","page","type-page","status-publish","hentry"],"_links":{"self":[{"href":"https:\/\/biblian.is\/biblian\/wp-json\/wp\/v2\/pages\/2483","targetHints":{"allow":["GET"]}}],"collection":[{"href":"https:\/\/biblian.is\/biblian\/wp-json\/wp\/v2\/pages"}],"about":[{"href":"https:\/\/biblian.is\/biblian\/wp-json\/wp\/v2\/types\/page"}],"author":[{"embeddable":true,"href":"https:\/\/biblian.is\/biblian\/wp-json\/wp\/v2\/users\/1"}],"replies":[{"embeddable":true,"href":"https:\/\/biblian.is\/biblian\/wp-json\/wp\/v2\/comments?post=2483"}],"version-history":[{"count":0,"href":"https:\/\/biblian.is\/biblian\/wp-json\/wp\/v2\/pages\/2483\/revisions"}],"wp:attachment":[{"href":"https:\/\/biblian.is\/biblian\/wp-json\/wp\/v2\/media?parent=2483"}],"curies":[{"name":"wp","href":"https:\/\/api.w.org\/{rel}","templated":true}]}}