{"id":2480,"date":"2017-12-30T21:03:23","date_gmt":"2017-12-30T21:03:23","guid":{"rendered":"http:\/\/biblian.is\/biblian\/h%c2%97sea-1-kafli\/"},"modified":"2024-03-19T16:12:49","modified_gmt":"2024-03-19T16:12:49","slug":"hosea-1-kafli","status":"publish","type":"page","link":"https:\/\/biblian.is\/biblian\/hosea-1-kafli\/","title":{"rendered":"H\u00f3sea 1. kafli"},"content":{"rendered":"<h3 class=\"millifyrirsogn_2007\"> H\u00f3rkonan og b\u00f6rn hennar<\/h3>\n<p><a name=\"1\"><span class=\"versanumer_2007\">1<\/span><\/a> Or\u00f0 Drottins sem barst H\u00f3sea Beer\u00edsyni \u00feegar \u00dass\u00eda, J\u00f3tam, Akas og Hisk\u00eda voru konungar \u00ed J\u00fada og Jer\u00f3b\u00f3am J\u00f3asson var konungur \u00ed \u00cdsrael. <br \/> <a name=\"2\"><span class=\"versanumer_2007\">2<\/span><\/a> Drottinn t\u00f3k n\u00fa a\u00f0 tala til H\u00f3sea. Drottinn sag\u00f0i vi\u00f0 H\u00f3sea:<br \/> <span class=\"ljodatexti\"> \u201eFar\u00f0u og gakktu a\u00f0 eiga h\u00f3rkonu <br \/>og eignastu h\u00f3rb\u00f6rn<br \/>\u00fev\u00ed a\u00f0 landi\u00f0 dr\u00fdgir h\u00f3r<br \/>og hverfur fr\u00e1 Drottni.\u201c<br \/> <\/span> <span class=\"ljodatexti\"> <a name=\"3\"><span class=\"versanumer_ljod\">3<\/span><\/a>\u00de\u00e1 f\u00f3r hann og gekk a\u00f0 eiga G\u00f3mer Dibla\u00edmsd\u00f3ttur,<br \/>h\u00fan var\u00f0 \u00feungu\u00f0 og \u00f3l honum son.<br \/> <\/span> <span class=\"ljodatexti\"> <a name=\"4\"><span class=\"versanumer_ljod\">4<\/span><\/a>Drottinn sag\u00f0i vi\u00f0 hann:<br \/>\u201eL\u00e1ttu hann heita Jesreel<br \/>\u00fev\u00ed a\u00f0 eftir skamma hr\u00ed\u00f0<br \/>dreg \u00e9g \u00e6tt Jeh\u00fa til \u00e1byrg\u00f0ar<br \/>fyrir bl\u00f3\u00f0ba\u00f0i\u00f0 \u00ed Jesreel<br \/>og bind enda \u00e1 konungd\u00e6mi \u00cdsraelsmanna.<br \/> <\/span> <span class=\"ljodatexti\"> <a name=\"5\"><span class=\"versanumer_ljod\">5<\/span><\/a>\u00c1 \u00feeim degi br\u00fdt \u00e9g boga \u00cdsraels \u00e1 Jesreelsl\u00e9ttu.\u201c<br \/> <\/span> <span class=\"ljodatexti\"> <a name=\"6\"><span class=\"versanumer_ljod\">6<\/span><\/a>H\u00fan var\u00f0 aftur \u00feungu\u00f0 og \u00f3l d\u00f3ttur.<br \/>Drottinn sag\u00f0i vi\u00f0 H\u00f3sea:<br \/>\u201eGef\u00f0u henni nafni\u00f0 Miskunnarvana<br \/>\u00fev\u00ed a\u00f0 \u00e9g mun hvorki<br \/>miskunna \u00cdsraelsh\u00fasi framar n\u00e9 fyrirgefa \u00fev\u00ed.<br \/> <\/span> <span class=\"ljodatexti\"> <a name=\"7\"><span class=\"versanumer_ljod\">7<\/span><\/a>En \u00e9g mun miskunna J\u00fadah\u00fasi<br \/>vegna Drottins, Gu\u00f0s \u00feess,<br \/>en \u00e9g mun ekki hj\u00e1lpa \u00fev\u00ed<br \/>me\u00f0 boga, sver\u00f0i e\u00f0a bardaga,<br \/>hestum e\u00f0a riddurum,<br \/>heldur vegna Drottins, Gu\u00f0s \u00feess.\u201c<br \/> <\/span> <span class=\"ljodatexti\"> <a name=\"8\"><span class=\"versanumer_ljod\">8<\/span><\/a>\u00deegar G\u00f3mer haf\u00f0i h\u00e6tt a\u00f0 gefa Miskunnarvana brj\u00f3st <br \/>var\u00f0 h\u00fan aftur \u00feungu\u00f0 og \u00f3l son.<br \/> <\/span> <span class=\"ljodatexti\"> <a name=\"9\"><span class=\"versanumer_ljod\">9<\/span><\/a>Drottinn sag\u00f0i:<br \/>\u201eL\u00e1ttu hann heita Ekki-l\u00fd\u00f0ur-minn<br \/>\u00fev\u00ed a\u00f0 \u00fe\u00e9r eru\u00f0 ekki l\u00fd\u00f0ur minn<br \/>og \u00e9g ver\u00f0 ekki me\u00f0 y\u00f0ur.\u201c <\/span> <\/p>\n","protected":false},"excerpt":{"rendered":"<p>H\u00f3rkonan og b\u00f6rn hennar 1 Or\u00f0 Drottins sem barst H\u00f3sea Beer\u00edsyni \u00feegar \u00dass\u00eda, J\u00f3tam, Akas og Hisk\u00eda voru konungar \u00ed J\u00fada og Jer\u00f3b\u00f3am J\u00f3asson var konungur \u00ed \u00cdsrael. 2 Drottinn t\u00f3k n\u00fa a\u00f0 tala til H\u00f3sea. Drottinn sag\u00f0i vi\u00f0 H\u00f3sea: \u201eFar\u00f0u og gakktu a\u00f0 eiga h\u00f3rkonu og eignastu h\u00f3rb\u00f6rn\u00fev\u00ed a\u00f0 landi\u00f0 dr\u00fdgir h\u00f3rog hverfur fr\u00e1 Drottni.\u201c 3\u00de\u00e1 f\u00f3r hann og gekk a\u00f0 eiga G\u00f3mer Dibla\u00edmsd\u00f3ttur,h\u00fan var\u00f0 \u00feungu\u00f0 og \u00f3l honum son. 4Drottinn sag\u00f0i vi\u00f0 hann:\u201eL\u00e1ttu hann heita Jesreel\u00fev\u00ed a\u00f0 eftir skamma hr\u00ed\u00f0dreg \u00e9g \u00e6tt Jeh\u00fa til \u00e1byrg\u00f0arfyrir bl\u00f3\u00f0ba\u00f0i\u00f0 \u00ed Jesreelog bind enda \u00e1 konungd\u00e6mi \u00cdsraelsmanna. 5\u00c1 \u00feeim degi br\u00fdt \u00e9g <a href=\"https:\/\/biblian.is\/biblian\/hosea-1-kafli\/\"> [&#8230;]<\/a><\/p>\n","protected":false},"author":1,"featured_media":0,"parent":0,"menu_order":0,"comment_status":"open","ping_status":"open","template":"bibliukaflar_NT.php","meta":{"footnotes":""},"class_list":["post-2480","page","type-page","status-publish","hentry"],"_links":{"self":[{"href":"https:\/\/biblian.is\/biblian\/wp-json\/wp\/v2\/pages\/2480","targetHints":{"allow":["GET"]}}],"collection":[{"href":"https:\/\/biblian.is\/biblian\/wp-json\/wp\/v2\/pages"}],"about":[{"href":"https:\/\/biblian.is\/biblian\/wp-json\/wp\/v2\/types\/page"}],"author":[{"embeddable":true,"href":"https:\/\/biblian.is\/biblian\/wp-json\/wp\/v2\/users\/1"}],"replies":[{"embeddable":true,"href":"https:\/\/biblian.is\/biblian\/wp-json\/wp\/v2\/comments?post=2480"}],"version-history":[{"count":0,"href":"https:\/\/biblian.is\/biblian\/wp-json\/wp\/v2\/pages\/2480\/revisions"}],"wp:attachment":[{"href":"https:\/\/biblian.is\/biblian\/wp-json\/wp\/v2\/media?parent=2480"}],"curies":[{"name":"wp","href":"https:\/\/api.w.org\/{rel}","templated":true}]}}